{"id":3844,"date":"2019-02-24T14:21:29","date_gmt":"2019-02-24T13:21:29","guid":{"rendered":"http:\/\/blogs.univ-jfc.fr\/vphn\/?page_id=3844"},"modified":"2019-05-07T11:57:49","modified_gmt":"2019-05-07T09:57:49","slug":"gaston-febus-larchetype-du-prince-ideal-2019","status":"publish","type":"page","link":"https:\/\/blogs.univ-jfc.fr\/vphn\/histoire-locale\/gaston-febus-larchetype-du-prince-ideal-2019\/","title":{"rendered":"Gaston F\u00e9bus, l&rsquo;arch\u00e9type du Prince id\u00e9al? [2018]"},"content":{"rendered":"<p align=\"justify\">\u00ab\u00a0Touches-y si tu oses\u00a0\u00bb, telle \u00e9tait la devise de Gaston III de Foix B\u00e9arn, plus commun\u00e9ment appel\u00e9 Gaston F\u00e9bus, vicomte du B\u00e9arn, comte de Foix, coprince d&rsquo;Andorre mais aussi seigneur f\u00e9odal de la Gascogne et du Languedoc. Nous avons, en effet, fait le choix de travailler cette ann\u00e9e sur le personnage de Gaston F\u00e9bus en nous demandant en quoi ce dernier repr\u00e9sente l&rsquo;arch\u00e9type du \u00ab\u00a0prince id\u00e9al\u00a0\u00bb dans l&rsquo;Occident m\u00e9di\u00e9val de la fin du XIVe si\u00e8cle ? Pour ce faire, nous avons d\u00e9cid\u00e9 d&rsquo;axer nos recherches sur trois points qui nous ont permis de r\u00e9pondre \u00e0 cette question. Tout d&rsquo;abord, nous avons \u00e9tudi\u00e9 le personnage \u00e0 ses origines, c&rsquo;est-\u00e0-dire son \u00e9mergence et la mani\u00e8re dont il s&rsquo;est forg\u00e9 un destin, pour ensuite nous questionner sur les qualit\u00e9s qu&rsquo;il a d\u00e9velopp\u00e9es durant sa vie, permettant de s&rsquo;interroger sur la figure du \u00ab prince id\u00e9al\u00a0\u00bb, avant de voir concr\u00e8tement sa mani\u00e8re de gouverner et d&rsquo;administrer ses nombreux territoires.<\/p>\n<figure id=\"attachment_3845\" aria-describedby=\"caption-attachment-3845\" style=\"width: 239px\" class=\"wp-caption aligncenter\"><img loading=\"lazy\" class=\"wp-image-3845 size-medium\" src=\"http:\/\/blogs.univ-jfc.fr\/vphn\/wp-content\/uploads\/sites\/65\/2019\/02\/51739610_985715521611536_497744399883567104_n-239x300.jpg\" alt=\"\" width=\"239\" height=\"300\" srcset=\"https:\/\/blogs.univ-jfc.fr\/vphn\/wp-content\/uploads\/sites\/65\/2019\/02\/51739610_985715521611536_497744399883567104_n-239x300.jpg 239w, https:\/\/blogs.univ-jfc.fr\/vphn\/wp-content\/uploads\/sites\/65\/2019\/02\/51739610_985715521611536_497744399883567104_n-768x965.jpg 768w, https:\/\/blogs.univ-jfc.fr\/vphn\/wp-content\/uploads\/sites\/65\/2019\/02\/51739610_985715521611536_497744399883567104_n.jpg 800w\" sizes=\"(max-width: 239px) 100vw, 239px\" \/><figcaption id=\"caption-attachment-3845\" class=\"wp-caption-text\">Enluminure: Gaston F\u00e9bus<\/figcaption><\/figure>\n<figure id=\"attachment_3846\" aria-describedby=\"caption-attachment-3846\" style=\"width: 300px\" class=\"wp-caption aligncenter\"><img loading=\"lazy\" class=\"size-medium wp-image-3846\" src=\"http:\/\/blogs.univ-jfc.fr\/vphn\/wp-content\/uploads\/sites\/65\/2019\/02\/52094028_560337517790867_1900365901396443136_n-300x169.jpg\" alt=\"\" width=\"300\" height=\"169\" srcset=\"https:\/\/blogs.univ-jfc.fr\/vphn\/wp-content\/uploads\/sites\/65\/2019\/02\/52094028_560337517790867_1900365901396443136_n-300x169.jpg 300w, https:\/\/blogs.univ-jfc.fr\/vphn\/wp-content\/uploads\/sites\/65\/2019\/02\/52094028_560337517790867_1900365901396443136_n-768x432.jpg 768w, https:\/\/blogs.univ-jfc.fr\/vphn\/wp-content\/uploads\/sites\/65\/2019\/02\/52094028_560337517790867_1900365901396443136_n-1024x576.jpg 1024w, https:\/\/blogs.univ-jfc.fr\/vphn\/wp-content\/uploads\/sites\/65\/2019\/02\/52094028_560337517790867_1900365901396443136_n.jpg 1280w\" sizes=\"(max-width: 300px) 100vw, 300px\" \/><figcaption id=\"caption-attachment-3846\" class=\"wp-caption-text\">Enluminure tir\u00e9e du livre de Chasse : sc\u00e8ne de chasse<\/figcaption><\/figure>\n<p align=\"justify\">Pour comprendre les bases de la puissance de Gaston F\u00e9bus, il est n\u00e9cessaire d\u2019\u00e9tudier l\u2019h\u00e9ritage que sa famille lui a transmis.<br \/>\nEn outre, c&rsquo;est un h\u00e9ritage complexe puisque F\u00e9bus administre les terres de la vicomt\u00e9 de B\u00e9arn et du comt\u00e9 de Foix, qui ne sont pas des territoires limitrophes. Il nous a donc fallu remonter au XIIIe si\u00e8cle pour comprendre les origines des liens entre les deux seigneuries et \u00e9tudier l&rsquo;unification de la dynasties des Moncades, les vicomtes de B\u00e9arn avec la maison de Foix en 1257.<br \/>\nC&rsquo;est dans ces territoires unifi\u00e9s par ses a\u00efeux que Gaston F\u00e9bus grandit et fut confront\u00e9, tr\u00e8s jeune, \u00e0 l&rsquo;exercice du pouvoir. En effet, Gaston II, le p\u00e8re de F\u00e9bus, meurt en 1343 alors que ce dernier n&rsquo;est \u00e2g\u00e9 que de 12 ans. Il est donc proclam\u00e9 comte de B\u00e9arn et sa m\u00e8re Ali\u00e9nor reste sa tutrice jusqu&rsquo;\u00e0 l&rsquo;\u00e2ge l\u00e9gal de 14 ans. Le jeune Gaston F\u00e9bus re\u00e7oit, en l\u2019absence d\u2019une figure paternelle et d\u00e8s son plus jeune \u00e2ge, la formation et l&rsquo;\u00e9ducation du chevalier et du futur seigneur mod\u00e8le.<br \/>\nLe d\u00e9but des ann\u00e9es 1350 t\u00e9moigne r\u00e9ellement de l\u2019ascension de Gaston F\u00e9bus comme seigneur incontournable du Royaume de France, et notamment dans la guerre contre les Anglais. Dans les deux premi\u00e8res ann\u00e9es du conflit, Gaston F\u00e9bus prend les armes au c\u00f4t\u00e9 de son beau fr\u00e8re et permet aux arm\u00e9es fran\u00e7aises de remporter des victoires. Cependant, ce dernier refusa de prendre les armes les ann\u00e9es suivantes, les troupes fran\u00e7aises \u00e9tant dirig\u00e9es par son ennemi le plus farouche, le Comte D&rsquo;Armagnac.<\/p>\n<p align=\"justify\">A l\u2019\u00e9t\u00e9 1357, profitant de la tr\u00eave franco-anglaise, Gaston F\u00e9bus d\u00e9cide de partir pour la Prusse dans une croisade contre les Lituaniens, au c\u00f4t\u00e9 des chevaliers Teutoniques. C\u2019est en Prusse que F\u00e9bus put mettre en pratique et d\u00e9velopper ses talents militaires et son apprentissage.<br \/>\nDe retour en France en juin 1358, l&rsquo;\u00e9pisode du \u00ab\u00a0March\u00e9 de Maux\u00a0\u00bb permit au jeune F\u00e9bus de montrer ses talents de chevalier, et sans doute son exp\u00e9rience acquise en Prusse en secourant la cour du Dauphin, menac\u00e9e par des jacques.<\/p>\n<p align=\"justify\">Gaston F\u00e9bus a toujours su tirer parti des situations complexes de l&rsquo;\u00e9poque, en sachant se rendre indispensable pour chacun des bellig\u00e9rants de la guerre. En outre, cet habile diplomate su en toutes circonstances, et m\u00eame d\u00e9favorables, garder une certaine autonomie voire ind\u00e9pendance, que ce soit vis-\u00e0-vis des Valois, ou vis-\u00e0-vis des Plantagen\u00eats suite au trait\u00e9 de Bretigny de 1360, afin de rester seul ma\u00eetre des Pyr\u00e9n\u00e9es.<br \/>\nParler de Gaston F\u00e9bus sans aborder l&rsquo;homme de lettres, qui fa\u00e7onna la culture occitane et la fit rayonner, serait une erreur. En outre, le comte de Foix-B\u00e9arn est connu principalement pour son <em>Livre de Chasse<\/em> qu&rsquo;il \u00e9crivit lui-m\u00eame. En effet, si Gaston F\u00e9bus \u00e9tait un m\u00e9c\u00e8ne et poss\u00e9dait de nombreux livres, il est le seul prince de son \u00e9poque \u00e0 tenir la plume.<\/p>\n<p align=\"justify\">Si Gaston F\u00e9bus para\u00eet, d&rsquo;un point de vue ext\u00e9rieur, \u00eatre un seigneur id\u00e9al, il ne peut l&rsquo;\u00eatre enti\u00e8rement que s&rsquo;il administre bien ses territoires.<br \/>\nLe comte h\u00e9rite pour ses terres de B\u00e9arn d&rsquo;une l\u00e9gislation tr\u00e8s importante nomm\u00e9es \u00ab\u00a0Fors de B\u00e9arn\u00a0\u00bb qui garantissent des libert\u00e9s individuelles et de nombreux privil\u00e8ges pour les B\u00e9arnais.<br \/>\nGaston F\u00e9bus n&rsquo;eut pas besoin de r\u00e9former l&rsquo;administration, mais la centralisa pour gouverner seul en redressant les finances du pays et en le dotant de d\u00e9fenses redoutables.<br \/>\nEn ce qui concerne le territoire de B\u00e9arn, ce dernier \u00e9tait administr\u00e9 de mani\u00e8re hi\u00e9rarchis\u00e9e avec des baillis, des consuls, ainsi que, au niveau sup\u00e9rieur, par les ch\u00e2telains, le s\u00e9n\u00e9chal et le tr\u00e9sorier. Ainsi, dans le Pays de Foix, F\u00e9bus pouvait s&rsquo;appuyer sur une administration et une structure qui \u00e9tait d\u00e9j\u00e0 fonctionnelle et performante, sans avoir \u00e0 la remanier. Le comte exer\u00e7a une pression fiscale et militaire bien moindre que dans ses autres territoires, consid\u00e9rant qu&rsquo;il pouvait faire confiance \u00e0 la noblesse et \u00e0 l&rsquo;administration pr\u00e9sente. En outre, selon les archives communales de la ville de Foix, le comte est consid\u00e9r\u00e9 par une majorit\u00e9 comme un bon prince.<\/p>\n<figure id=\"attachment_3417\" aria-describedby=\"caption-attachment-3417\" style=\"width: 300px\" class=\"wp-caption alignright\"><img loading=\"lazy\" class=\"size-medium wp-image-3417\" src=\"http:\/\/blogs.univ-jfc.fr\/vphn\/wp-content\/uploads\/sites\/65\/2019\/02\/51486678_334227543865409_2167087811474227200_n-300x266.jpg\" alt=\"\" width=\"300\" height=\"266\" srcset=\"https:\/\/blogs.univ-jfc.fr\/vphn\/wp-content\/uploads\/sites\/65\/2019\/02\/51486678_334227543865409_2167087811474227200_n-300x266.jpg 300w, https:\/\/blogs.univ-jfc.fr\/vphn\/wp-content\/uploads\/sites\/65\/2019\/02\/51486678_334227543865409_2167087811474227200_n.jpg 574w\" sizes=\"(max-width: 300px) 100vw, 300px\" \/><figcaption id=\"caption-attachment-3417\" class=\"wp-caption-text\">Sc\u00e8ne de chasse<\/figcaption><\/figure>\n<p align=\"justify\">En conclusion, nous pouvons dire que Gaston F\u00e9bus repr\u00e9sente r\u00e9ellement la figure du prince et du chevalier id\u00e9al. Notre recherche et notre probl\u00e9matique passent volontairement sous silence les aspects plus obscurs de la vie du prince, mettant de c\u00f4t\u00e9 sa vie familiale par exemple, qui pourrait contrebalancer avec la vision \u00ab\u00a0id\u00e9ale\u00a0\u00bb que nous pr\u00e9sentons de F\u00e9bus. En effet, le choix a \u00e9t\u00e9 fait de nous axer sur le figure du \u00ab prince id\u00e9al\u00a0\u00bb en nous basant sur les repr\u00e9sentations traditionnelles du chevalier et de la chevalerie. Gaston F\u00e9bus rassemble ici de nombreuses qualit\u00e9s primordiales pour \u00eatre un bon chevalier et un bon prince.<\/p>\n<figure id=\"attachment_3418\" aria-describedby=\"caption-attachment-3418\" style=\"width: 300px\" class=\"wp-caption alignleft\"><img loading=\"lazy\" class=\"size-medium wp-image-3418\" src=\"http:\/\/blogs.univ-jfc.fr\/vphn\/wp-content\/uploads\/sites\/65\/2019\/02\/51417464_838017026547508_486499419588395008_n-300x270.jpg\" alt=\"\" width=\"300\" height=\"270\" srcset=\"https:\/\/blogs.univ-jfc.fr\/vphn\/wp-content\/uploads\/sites\/65\/2019\/02\/51417464_838017026547508_486499419588395008_n-300x270.jpg 300w, https:\/\/blogs.univ-jfc.fr\/vphn\/wp-content\/uploads\/sites\/65\/2019\/02\/51417464_838017026547508_486499419588395008_n.jpg 575w\" sizes=\"(max-width: 300px) 100vw, 300px\" \/><figcaption id=\"caption-attachment-3418\" class=\"wp-caption-text\">Sc\u00e8ne de chasse<\/figcaption><\/figure>\n<p align=\"justify\">En effet, ce dernier est un homme de guerre redoutable, il sait se battre efficacement. C&rsquo;est aussi un homme cultiv\u00e9 et lettr\u00e9, qui r\u00e9dige des po\u00e8mes, ce qui ram\u00e8ne \u00e0 l&rsquo;id\u00e9al de l&rsquo;amour courtois de la chevalerie. F\u00e9bus est aussi un faiseur d&rsquo;or, un bon administrateur, et, de mani\u00e8re g\u00e9n\u00e9rale, c&rsquo;est un seigneur per\u00e7u comme juste et protecteur aux yeux du peuple. Toutes ses qualit\u00e9s nous permettent d&rsquo;avancer que F\u00e9bus \u00e9tait assur\u00e9ment un des hommes de son temps qui s\u2019approchait le plus de l&rsquo;id\u00e9al chevaleresque.<\/p>\n<p align=\"justify\">Bibliographie:<br \/>\nOuvrages g\u00e9n\u00e9raux\u00a0:<\/p>\n<p>-AUTRAND Fran\u00e7oise, Charles V, Paris, Fayard, 1994<br \/>\n-AUTRAND Fran\u00e7oise, Charles VI, Paris, Fayard, 1986<br \/>\n-AUTRAND Fran\u00e7oise, Jean de Berry, Paris, Fayard, 2000<br \/>\n-BEFFEYTE Renaud, L&rsquo;art de la Guerre au Moyen Age, Rennes, Ouest-France, 2005<br \/>\n-BERTHE Maurcie, le Comt\u00e9 de Bigorre. Un milieu rural au bas Moyen age, Paris, SEVEN, 1976<br \/>\n-BOURRET Christian, Un royaume \u00ab\u00a0transpyr\u00e9n\u00e9en\u00a0\u00bb\u00a0? La tentative de la maison de FOIX-BEARN-ALBRET \u00e0 la fin du Moyen-\u00e2ge, Paris, Pyr\u00e9graph, 1998<br \/>\n-BOVE Boris, Le temps de la guerre de Cent ans (1328-1453),Paris, Belin, 2009<br \/>\n-BLOCH Marc, La Soci\u00e9t\u00e9 f\u00e9odale, Paris, r\u00e9\u00e9dition Albin Michel, pr\u00e9face de Robert Fossier, 05\/04\/1994<br \/>\n-CONTAMINE Philippe, La guerre au Moyen Age, Paris, PUF, 1950<br \/>\n-CONTAMINE Philippe, Guerre, \u00e9tat et soci\u00e9t\u00e9 \u00e0 la fin du Moyen Age. Etude sur les arm\u00e9es des rois de France, 1337-1494, Paris, EHESS, 2004<br \/>\n-DESTEMBERG Antoine, Atlas de la France m\u00e9di\u00e9vale-Hommes, pouvoirs et espaces, du Ve au XVe si\u00e8cle,Paris, Autrement, 2017<br \/>\n-MINOIS Georges, La guerre de cent ans, Paris, Perrin, 2016<br \/>\n-SANTAMARIA Jean-Baptiste, Le secret du prince\u00a0: gouverner par le secret,Paris, Champ vallon, 2018<\/p>\n<p>Ouvrages\u00a0sp\u00e9cialis\u00e9s\u00a0:<br \/>\n-TUCOO-CHALA Pierre, Gaston F\u00e9bus, Prince des Pyr\u00e9n\u00e9es\u00a0: 1331-1391, Biarritz, Atlantica Eds, 1991<br \/>\n-PAILH\u00c8S Claudine, Gaston F\u00e9bus\u00a0: Le prince et le diable,Paris, Perrin, 2010<br \/>\n-LAMAZOU DUPLAN V\u00e9ronique, Sign\u00e9 F\u00e9bus, comte de Foix, prince de B\u00e9arn\u00a0: Marques personnelles, \u00e9crits et pouvoir autour de Gaston F\u00e9bus, Pau , Co\u00e9dition Universit\u00e9 de Pau et des Pays de l&rsquo;Adour \/ Somogy \u00e9ditions d&rsquo;Art, 2014<\/p>\n","protected":false},"excerpt":{"rendered":"<p>\u00ab\u00a0Touches-y si tu oses\u00a0\u00bb, telle \u00e9tait la devise de Gaston III de Foix B\u00e9arn, plus commun\u00e9ment appel\u00e9 Gaston F\u00e9bus, vicomte du B\u00e9arn, comte de Foix, coprince d&rsquo;Andorre mais aussi seigneur f\u00e9odal de la Gascogne et du Languedoc. Nous avons, en effet, fait le choix de travailler cette ann\u00e9e sur le personnage de Gaston F\u00e9bus en &hellip; <\/p>\n<p class=\"link-more\"><a href=\"https:\/\/blogs.univ-jfc.fr\/vphn\/histoire-locale\/gaston-febus-larchetype-du-prince-ideal-2019\/\" class=\"more-link\">Continuer la lecture<span class=\"screen-reader-text\"> de &laquo;&nbsp;Gaston F\u00e9bus, l&rsquo;arch\u00e9type du Prince id\u00e9al? [2018]&nbsp;&raquo;<\/span><\/a><\/p>\n","protected":false},"author":603,"featured_media":0,"parent":1173,"menu_order":0,"comment_status":"closed","ping_status":"closed","template":"","meta":[],"_links":{"self":[{"href":"https:\/\/blogs.univ-jfc.fr\/vphn\/wp-json\/wp\/v2\/pages\/3844"}],"collection":[{"href":"https:\/\/blogs.univ-jfc.fr\/vphn\/wp-json\/wp\/v2\/pages"}],"about":[{"href":"https:\/\/blogs.univ-jfc.fr\/vphn\/wp-json\/wp\/v2\/types\/page"}],"author":[{"embeddable":true,"href":"https:\/\/blogs.univ-jfc.fr\/vphn\/wp-json\/wp\/v2\/users\/603"}],"replies":[{"embeddable":true,"href":"https:\/\/blogs.univ-jfc.fr\/vphn\/wp-json\/wp\/v2\/comments?post=3844"}],"version-history":[{"count":11,"href":"https:\/\/blogs.univ-jfc.fr\/vphn\/wp-json\/wp\/v2\/pages\/3844\/revisions"}],"predecessor-version":[{"id":5142,"href":"https:\/\/blogs.univ-jfc.fr\/vphn\/wp-json\/wp\/v2\/pages\/3844\/revisions\/5142"}],"up":[{"embeddable":true,"href":"https:\/\/blogs.univ-jfc.fr\/vphn\/wp-json\/wp\/v2\/pages\/1173"}],"wp:attachment":[{"href":"https:\/\/blogs.univ-jfc.fr\/vphn\/wp-json\/wp\/v2\/media?parent=3844"}],"curies":[{"name":"wp","href":"https:\/\/api.w.org\/{rel}","templated":true}]}}