{"id":3861,"date":"2019-02-27T14:08:12","date_gmt":"2019-02-27T13:08:12","guid":{"rendered":"http:\/\/blogs.univ-jfc.fr\/vphn\/?page_id=3861"},"modified":"2019-02-27T14:08:12","modified_gmt":"2019-02-27T13:08:12","slug":"lamour-courtois-bibliographie","status":"publish","type":"page","link":"https:\/\/blogs.univ-jfc.fr\/vphn\/art-de-vivre-et-societe\/lamour-courtois-bibliographie\/","title":{"rendered":"L&rsquo;amour courtois : bibliographie"},"content":{"rendered":"<p align=\"justify\"><u>Manuels g\u00e9n\u00e9raux d&rsquo;histoire m\u00e9di\u00e9vale\u00a0:<\/u><\/p>\n<ul>\n<li>BASCHET, <em>La civilisation f\u00e9odale, De l&rsquo;an mil \u00e0 la colonisation de l\u2019Am\u00e9rique, <\/em>\u00c9ditions Champs histoire, 2006, Paris<\/li>\n<li>BARTLETT, <em>Le monde m\u00e9di\u00e9val<\/em>, \u00c9ditions du Rocher, 2002, Monaco<\/li>\n<li>BOVO, P. GOLINELLI, G. ZUANAZZI, <em>L\u2019Homme et son histoire\u00a0: Le Moyen-\u00c2ge<\/em>, \u00c9ditionsGr\u00fcnd, 1997<\/li>\n<li>GAUVARD, <em>La France au Moyen-\u00c2ge du V<sup>e <\/sup>au XV<sup>e<\/sup>si\u00e8cle<\/em>, \u00c9ditions Presses Universitaires de France, 1996, Paris<\/li>\n<li>GOBRY, <em>La civilisation m\u00e9di\u00e9vale<\/em>, \u00c9ditions Tallandier, 1999, Paris<\/li>\n<li>GOUGUENHEIM, <em>Regards sur le Moyen-\u00c2ge, <\/em>\u00c9ditions Tallendiers, 2009, Paris<\/li>\n<li>LE GOFF, <em>civilisation de l&rsquo;occident m\u00e9di\u00e9val, <\/em>\u00c9ditions Champs Histoire, 2008, Paris<\/li>\n<li>L-R NOUGIER, H. GALLET DE SANTERRE, P. WOLFF, E. LE ROY LADURIE, L. DERMIGNY, J. SENTOU, R. BRUNET, <em>Histoire du Languedoc<\/em>, \u00c9ditions Privat, 1967, Paris<\/li>\n<li>M-A POLO DE BEAULIEU, <em>La France au Moyen-\u00c2ge de l&rsquo;An mil \u00e0 la Peste noire (1348)<\/em>, \u00c9ditions Les Belles Lettres, 2002, Paris<\/li>\n<\/ul>\n<p><u>Les troubadours\u00a0:<\/u><\/p>\n<ul>\n<li>BEC, <em>\u00c9<\/em><em>crits sur les troubadours et la lyrique m\u00e9di\u00e9vale<\/em>, \u00c9ditions Paradigme, Caen, 1992<\/li>\n<li>BRUNEL, LC. DUHAMEL, AMADO, <em>Au temps des troubadours XII<sup>e<\/sup>-XIII<sup>e<\/sup>si\u00e8cles, <\/em>\u00c9ditionsHachette, 1997, Paris<\/li>\n<li>LUQUET-JUILLET, <em>Occitanie Terre De Fatalit\u00e9, Tome III\u00a0: Troubadours et Spiritualit\u00e9s, <\/em>\u00c9ditions Dervy, 2000, Paris<\/li>\n<li>LOMENEC\u2019H, <em>Ali\u00e9nor d\u2019Aquitaine et les troubadours<\/em>, \u00c9ditions Sud-Ouest, Bordeaux, 1997<\/li>\n<li>LOMENEC\u2019H, <em>Ali\u00e9nor d\u2019Aquitaine et les troubadours<\/em>, \u00c9ditions Sud-Ouest, Bordeaux, 1997<\/li>\n<li>NELLI, <em>Les Troubadours<\/em>, \u00c9ditions Descl\u00e9e de Brouwer, 2000, Paris<\/li>\n<li>L-M. PATERSON, <em>Le monde des troubadours, la soci\u00e9t\u00e9 m\u00e9di\u00e9vale occitane 1100-1300,<\/em>\u00c9ditions Nouvelles Presses du Languedoc, 1998, Montpellier<\/li>\n<\/ul>\n<p><u>Culture et soci\u00e9t\u00e9 au Moyen-\u00c2ge\u00a0:<\/u><\/p>\n<ul>\n<li>BOQUET, P. NAGY, <em>Sensible Moyen-\u00e2ge, une histoire des \u00e9motions dans l&rsquo;Occident m\u00e9di\u00e9val<\/em>, \u00c9ditions du Seuil, 2015, Paris<\/li>\n<li>CASSAGNES-BROUQUET, <em>Culture artistes et soci\u00e9t\u00e9 dans la France m\u00e9di\u00e9vale<\/em>, \u00c9ditions Ophrys, 2000, Paris<\/li>\n<li>CASSAGNES-BROUQUET, <em>La vie des femmes au Moyen-\u00c2ge<\/em>, \u00c9ditions Ouest-France, 2009, Rennes<\/li>\n<li>DERVILLE, <em>La soci\u00e9t\u00e9 fran\u00e7aise au Moyen-\u00c2ge, <\/em>\u00c9ditions Presses Universitaires du Septentrion, 2000, Paris<\/li>\n<li>DOUDET, <em>L\u2019amour courtois et la chevalerie\u00a0: des troubadours \u00e0 Chr\u00e9tien de Troyes,<\/em>\u00c9ditions Librio, 2004, Paris<\/li>\n<li>DUBY, <em>Le chevalier, la femme et le pr\u00eatre<\/em>, \u00c9ditions Robert Laffont, 1997, Paris<\/li>\n<li>LE GOFF, <em>H\u00e9ros &amp; Merveille du Moyen \u00c2ge<\/em>, \u00c9ditions du Seuil, 2005, Paris<\/li>\n<li>HILLION, <em>Ali\u00e9nor d\u2019Aquitaine<\/em>, \u00c9ditions Ellipses, 2015, Paris<\/li>\n<li>LAFONT, <em>Le chevalier et son d\u00e9sir<\/em>, \u00c9ditions Kim\u00e9, 1992, Paris<\/li>\n<li>LAUCHET, <em>L\u2019amour courtois\u00a0: une anthologie<\/em>, \u00c9ditions Flammarion, 2017, Paris<\/li>\n<li>PAUL, <em>Culture et vie intellectuelle dans l&rsquo;Occident m\u00e9di\u00e9val<\/em>, \u00c9ditions Armand Colin, 1999, Paris<\/li>\n<li>RIBEMONT, <em>Sexe et Amour au Moyen Age<\/em>, \u00c9ditions Klincksieck, 2007, Paris<\/li>\n<li>RICHARD DUPERRAY, <em>L\u2019<\/em><em>amour courtois\u00a0: une notion \u00e0 red\u00e9finir<\/em>, \u00c9ditions Presses Universitaires de Provence, Aix en Provence, 2017<\/li>\n<li>S-N. ROSENBERG, <em>Chansons des Trouv\u00e8res<\/em>, \u00c9ditions Livre de Poche, 1995, Paris<\/li>\n<li>SOT, J-P BOUDET, A. GUERREAU-JALABERT, <em>histoire culturelle de la France. Le Moyen \u00c2ge<\/em>, \u00c9ditions du Seuil, 1997, Paris<\/li>\n<li>VERDON, <em>L&rsquo;Amour au Moyen-\u00c2ge<\/em>, \u00c9ditions Perrin, 2006, Paris<\/li>\n<li>VIENNOT, <em>La France, les femmes et le pouvoir<\/em>, \u00c9ditions Perrin, 2006, Paris<\/li>\n<\/ul>\n","protected":false},"excerpt":{"rendered":"<p>Manuels g\u00e9n\u00e9raux d&rsquo;histoire m\u00e9di\u00e9vale\u00a0: BASCHET, La civilisation f\u00e9odale, De l&rsquo;an mil \u00e0 la colonisation de l\u2019Am\u00e9rique, \u00c9ditions Champs histoire, 2006, Paris BARTLETT, Le monde m\u00e9di\u00e9val, \u00c9ditions du Rocher, 2002, Monaco BOVO, P. GOLINELLI, G. ZUANAZZI, L\u2019Homme et son histoire\u00a0: Le Moyen-\u00c2ge, \u00c9ditionsGr\u00fcnd, 1997 GAUVARD, La France au Moyen-\u00c2ge du Ve au XVesi\u00e8cle, \u00c9ditions Presses Universitaires &hellip; <\/p>\n<p class=\"link-more\"><a href=\"https:\/\/blogs.univ-jfc.fr\/vphn\/art-de-vivre-et-societe\/lamour-courtois-bibliographie\/\" class=\"more-link\">Continuer la lecture<span class=\"screen-reader-text\"> de &laquo;&nbsp;L&rsquo;amour courtois : bibliographie&nbsp;&raquo;<\/span><\/a><\/p>\n","protected":false},"author":589,"featured_media":0,"parent":39,"menu_order":0,"comment_status":"closed","ping_status":"closed","template":"","meta":[],"_links":{"self":[{"href":"https:\/\/blogs.univ-jfc.fr\/vphn\/wp-json\/wp\/v2\/pages\/3861"}],"collection":[{"href":"https:\/\/blogs.univ-jfc.fr\/vphn\/wp-json\/wp\/v2\/pages"}],"about":[{"href":"https:\/\/blogs.univ-jfc.fr\/vphn\/wp-json\/wp\/v2\/types\/page"}],"author":[{"embeddable":true,"href":"https:\/\/blogs.univ-jfc.fr\/vphn\/wp-json\/wp\/v2\/users\/589"}],"replies":[{"embeddable":true,"href":"https:\/\/blogs.univ-jfc.fr\/vphn\/wp-json\/wp\/v2\/comments?post=3861"}],"version-history":[{"count":3,"href":"https:\/\/blogs.univ-jfc.fr\/vphn\/wp-json\/wp\/v2\/pages\/3861\/revisions"}],"predecessor-version":[{"id":3866,"href":"https:\/\/blogs.univ-jfc.fr\/vphn\/wp-json\/wp\/v2\/pages\/3861\/revisions\/3866"}],"up":[{"embeddable":true,"href":"https:\/\/blogs.univ-jfc.fr\/vphn\/wp-json\/wp\/v2\/pages\/39"}],"wp:attachment":[{"href":"https:\/\/blogs.univ-jfc.fr\/vphn\/wp-json\/wp\/v2\/media?parent=3861"}],"curies":[{"name":"wp","href":"https:\/\/api.w.org\/{rel}","templated":true}]}}