{"id":3886,"date":"2019-02-25T11:21:58","date_gmt":"2019-02-25T10:21:58","guid":{"rendered":"http:\/\/blogs.univ-jfc.fr\/vphn\/?page_id=3886"},"modified":"2019-02-25T12:33:01","modified_gmt":"2019-02-25T11:33:01","slug":"confrerie-sainte-ruffine","status":"publish","type":"page","link":"https:\/\/blogs.univ-jfc.fr\/vphn\/art-de-vivre-et-societe\/lindustrie-de-la-ceramique-a-giroussens-xvie-xixe-siecles-2018-2019\/confrerie-sainte-ruffine\/","title":{"rendered":"Confr\u00e9rie Sainte-Ruffine"},"content":{"rendered":"<figure id=\"attachment_3919\" aria-describedby=\"caption-attachment-3919\" style=\"width: 225px\" class=\"wp-caption aligncenter\"><img loading=\"lazy\" class=\"size-medium wp-image-3919\" src=\"http:\/\/blogs.univ-jfc.fr\/vphn\/wp-content\/uploads\/sites\/65\/2019\/02\/52743999_242826876664379_5751324035296264192_n-225x300.jpg\" alt=\"\" width=\"225\" height=\"300\" srcset=\"https:\/\/blogs.univ-jfc.fr\/vphn\/wp-content\/uploads\/sites\/65\/2019\/02\/52743999_242826876664379_5751324035296264192_n-225x300.jpg 225w, https:\/\/blogs.univ-jfc.fr\/vphn\/wp-content\/uploads\/sites\/65\/2019\/02\/52743999_242826876664379_5751324035296264192_n.jpg 372w\" sizes=\"(max-width: 225px) 100vw, 225px\" \/><figcaption id=\"caption-attachment-3919\" class=\"wp-caption-text\">Statuette en terre cuite de Giroussens repr\u00e9sentant Sainte-Ruffine, patronne des potiers expos\u00e9e au Centre de la C\u00e9ramique de Giroussens<\/figcaption><\/figure>\n<p align=\"justify\">Apr\u00e8s le commencement de la production de c\u00e9ramique en 1538, le nombre de potiers augmente progressivement \u00e0 Giroussens. Il existe alors une trentaine de petits artisans au XVIe si\u00e8cle, puis 72 au XVIIe si\u00e8cle. C\u2019est durant le XVIIe si\u00e8cle que ces membres du corps potiers souhaitent s\u2019unir afin de disposer de remboursements mat\u00e9riels et d\u2019un soutien religieux. En 1618 est alors cr\u00e9\u00e9e la Confr\u00e9rie de Sainte Ruffine, r\u00e9unissant tous les ma\u00eetre-potiers du village, accompagn\u00e9s de leurs apprentis et de leurs compagnons. La religion est donc tr\u00e8s pr\u00e9sente dans l\u2019industrie poti\u00e8re.<\/p>\n<p align=\"justify\">Les ma\u00eetres disposaient g\u00e9n\u00e9ralement de leur propre atelier, pour devenir potier il fallait acqu\u00e9rir une formation professionnelle, ainsi les apprentis devaient se trouver des ma\u00eetres pour leur apprentissage, le compagnonnage \u00e9tait donc obligatoire avant l&rsquo;acc\u00e8s \u00e0 la ma\u00eetrise et serait \u00e0 palier la main d\u2019\u0153uvre.<\/p>\n","protected":false},"excerpt":{"rendered":"<p>Apr\u00e8s le commencement de la production de c\u00e9ramique en 1538, le nombre de potiers augmente progressivement \u00e0 Giroussens. Il existe alors une trentaine de petits artisans au XVIe si\u00e8cle, puis 72 au XVIIe si\u00e8cle. C\u2019est durant le XVIIe si\u00e8cle que ces membres du corps potiers souhaitent s\u2019unir afin de disposer de remboursements mat\u00e9riels et d\u2019un &hellip; <\/p>\n<p class=\"link-more\"><a href=\"https:\/\/blogs.univ-jfc.fr\/vphn\/art-de-vivre-et-societe\/lindustrie-de-la-ceramique-a-giroussens-xvie-xixe-siecles-2018-2019\/confrerie-sainte-ruffine\/\" class=\"more-link\">Continuer la lecture<span class=\"screen-reader-text\"> de &laquo;&nbsp;Confr\u00e9rie Sainte-Ruffine&nbsp;&raquo;<\/span><\/a><\/p>\n","protected":false},"author":436,"featured_media":0,"parent":3119,"menu_order":0,"comment_status":"closed","ping_status":"closed","template":"","meta":[],"_links":{"self":[{"href":"https:\/\/blogs.univ-jfc.fr\/vphn\/wp-json\/wp\/v2\/pages\/3886"}],"collection":[{"href":"https:\/\/blogs.univ-jfc.fr\/vphn\/wp-json\/wp\/v2\/pages"}],"about":[{"href":"https:\/\/blogs.univ-jfc.fr\/vphn\/wp-json\/wp\/v2\/types\/page"}],"author":[{"embeddable":true,"href":"https:\/\/blogs.univ-jfc.fr\/vphn\/wp-json\/wp\/v2\/users\/436"}],"replies":[{"embeddable":true,"href":"https:\/\/blogs.univ-jfc.fr\/vphn\/wp-json\/wp\/v2\/comments?post=3886"}],"version-history":[{"count":7,"href":"https:\/\/blogs.univ-jfc.fr\/vphn\/wp-json\/wp\/v2\/pages\/3886\/revisions"}],"predecessor-version":[{"id":3920,"href":"https:\/\/blogs.univ-jfc.fr\/vphn\/wp-json\/wp\/v2\/pages\/3886\/revisions\/3920"}],"up":[{"embeddable":true,"href":"https:\/\/blogs.univ-jfc.fr\/vphn\/wp-json\/wp\/v2\/pages\/3119"}],"wp:attachment":[{"href":"https:\/\/blogs.univ-jfc.fr\/vphn\/wp-json\/wp\/v2\/media?parent=3886"}],"curies":[{"name":"wp","href":"https:\/\/api.w.org\/{rel}","templated":true}]}}