{"id":4008,"date":"2019-02-28T16:04:49","date_gmt":"2019-02-28T15:04:49","guid":{"rendered":"http:\/\/blogs.univ-jfc.fr\/vphn\/?page_id=4008"},"modified":"2019-05-07T11:52:14","modified_gmt":"2019-05-07T09:52:14","slug":"le-chateau-de-brousse-et-le-rouergue-xe-xvie-siecles-2018-2019","status":"publish","type":"page","link":"https:\/\/blogs.univ-jfc.fr\/vphn\/patrimoine-et-sites-remarquables\/le-chateau-de-brousse-et-le-rouergue-xe-xvie-siecles-2018-2019\/","title":{"rendered":"Le ch\u00e2teau de Brousse et le Rouergue, Xe &#8211; XVIe si\u00e8cles. [2018]"},"content":{"rendered":"<p align=\"justify\">Le ch\u00e2teau de Brousse est un ancien ch\u00e2teau fort datant du IXe si\u00e8cle, situ\u00e9 \u00e0 Brousse-le-ch\u00e2teau. Il fait partie de la route des seigneurs du Rouergue, il domine la vall\u00e9e du Tarn, entre Albi et Millau dans le d\u00e9partement de l&rsquo;Aveyron en Occitanie. Le ch\u00e2teau est situ\u00e9 dans le sud-ouest du Rouergue, qui est d\u00e9limit\u00e9 approximativement par les m\u00eames fronti\u00e8res que celle de l&rsquo;Aveyron actuellement.<\/p>\n<figure id=\"attachment_4603\" aria-describedby=\"caption-attachment-4603\" style=\"width: 602px\" class=\"wp-caption aligncenter\"><img loading=\"lazy\" class=\"wp-image-4603 size-full\" src=\"http:\/\/blogs.univ-jfc.fr\/vphn\/wp-content\/uploads\/sites\/65\/2019\/02\/carte_de_france-bis.png\" alt=\"\" width=\"602\" height=\"570\" srcset=\"https:\/\/blogs.univ-jfc.fr\/vphn\/wp-content\/uploads\/sites\/65\/2019\/02\/carte_de_france-bis.png 602w, https:\/\/blogs.univ-jfc.fr\/vphn\/wp-content\/uploads\/sites\/65\/2019\/02\/carte_de_france-bis-300x284.png 300w\" sizes=\"(max-width: 602px) 100vw, 602px\" \/><figcaption id=\"caption-attachment-4603\" class=\"wp-caption-text\">Carte de la France, 1791 ; Source : Gallica \/ BNF<\/figcaption><\/figure>\n<p align=\"justify\">C&rsquo;est \u00e0 la fin du IXe si\u00e8cle que les seigneurs locaux ont compris que Brousse \u00e9tait un point de passage strat\u00e9gique et qu&rsquo;il \u00e9tait n\u00e9cessaire de le prot\u00e9ger. Et c&rsquo;est ainsi que naquirent les premi\u00e8res fortifications sous forme de palissades de bois qui seront renforc\u00e9es consid\u00e9rablement jusqu&rsquo;au XIIe si\u00e8cle. Le rocher sur lequel est assis le ch\u00e2teau est comparable \u00e0 la proue d&rsquo;un navire et c&rsquo;est en ce point que les eaux du Tarn et de l&rsquo;Alrance s&rsquo;unissent.<\/p>\n<figure id=\"attachment_4612\" aria-describedby=\"caption-attachment-4612\" style=\"width: 696px\" class=\"wp-caption aligncenter\"><img loading=\"lazy\" class=\"wp-image-4612 size-full\" src=\"http:\/\/blogs.univ-jfc.fr\/vphn\/wp-content\/uploads\/sites\/65\/2019\/02\/carte-rouergue.png\" alt=\"\" width=\"696\" height=\"480\" srcset=\"https:\/\/blogs.univ-jfc.fr\/vphn\/wp-content\/uploads\/sites\/65\/2019\/02\/carte-rouergue.png 696w, https:\/\/blogs.univ-jfc.fr\/vphn\/wp-content\/uploads\/sites\/65\/2019\/02\/carte-rouergue-300x207.png 300w\" sizes=\"(max-width: 696px) 100vw, 696px\" \/><figcaption id=\"caption-attachment-4612\" class=\"wp-caption-text\">Carte de l&rsquo;enti\u00e8re province du Rouergue ; Source: Gallica \/ BNF<\/figcaption><\/figure>\n<p align=\"justify\">La construction d\u00e9bute \u00e0 la fin du IXe si\u00e8cle par les seigneurs locaux qui ont compris que le point de travers\u00e9e du Tarn devait \u00eatre prot\u00e9g\u00e9. D&rsquo;abord fait de palissades de bois, il est renforc\u00e9 par de la pierre au XIe si\u00e8cle. D\u2019un c\u00f4t\u00e9 d\u00e9fendu par des rochers \u00e0 pic surplombant le Tarn et, de l\u2019autre, par une pente moins abrupte, il est prot\u00e9g\u00e9 par un rempart flanqu\u00e9 de six grosses tours. Un donjon carr\u00e9 situ\u00e9 entre l\u2019enceinte et le logis qui, lui aussi, compl\u00e9tait autrefois la d\u00e9fense. L\u2019entr\u00e9e, avec le pont-levis, \u00e9tait \u00e0 l\u2019ouest.<\/p>\n<figure id=\"attachment_4620\" aria-describedby=\"caption-attachment-4620\" style=\"width: 720px\" class=\"wp-caption aligncenter\"><img loading=\"lazy\" class=\"wp-image-4620 size-full\" src=\"http:\/\/blogs.univ-jfc.fr\/vphn\/wp-content\/uploads\/sites\/65\/2019\/02\/chateau-vue-aerienne.png\" alt=\"\" width=\"720\" height=\"478\" srcset=\"https:\/\/blogs.univ-jfc.fr\/vphn\/wp-content\/uploads\/sites\/65\/2019\/02\/chateau-vue-aerienne.png 720w, https:\/\/blogs.univ-jfc.fr\/vphn\/wp-content\/uploads\/sites\/65\/2019\/02\/chateau-vue-aerienne-300x199.png 300w\" sizes=\"(max-width: 720px) 100vw, 720px\" \/><figcaption id=\"caption-attachment-4620\" class=\"wp-caption-text\">Source: site touristique de l&rsquo;Aveyron<\/figcaption><\/figure>\n<h1 align=\"justify\">Les architectures du ch\u00e2teau<\/h1>\n<p align=\"justify\">Apr\u00e8s avoir d\u00fb r\u00e9sister aux invasions et aux seigneurs locaux jamais avares d\u2019un pr\u00e9texte pour entrer en conflit, la Guerre de 100 ans contre les Anglais va favoriser l\u2019am\u00e9lioration des d\u00e9fenses. C\u2019est pendant cette p\u00e9riode que le ch\u00e2teau prend sa forme actuelle de polygone irr\u00e9gulier, long de 150 m\u00e8tres sur 50 m\u00e8tres de large. Il est affubl\u00e9 de nouvelles tours, dites \u00e0 \u00ab\u00a0gorges ouvertes\u00a0\u00bb, inspir\u00e9es de l\u2019architecture espagnole et utilis\u00e9es en terre sainte d\u00e8s le XIIe si\u00e8cle\u00a0; ses arch\u00e8res sont adapt\u00e9es aux premi\u00e8res armes \u00e0 feu devenant arch\u00e8res canonni\u00e8res et des m\u00e2chicoulis sont ajout\u00e9s au-dessus de la porte d\u2019entr\u00e9e pour en d\u00e9fendre l\u2019acc\u00e8s.<\/p>\n<p align=\"justify\">Au XVe si\u00e8cle, des tours rondes sont construites en flanquement du rempart qui lui-m\u00eame se verra rehauss\u00e9 d\u2019un cr\u00e9nelage.<\/p>\n<figure id=\"attachment_4616\" aria-describedby=\"caption-attachment-4616\" style=\"width: 1489px\" class=\"wp-caption aligncenter\"><a href=\"https:\/\/i.pinimg.com\/originals\/15\/92\/b9\/1592b94084f136d254f3fd2114797117.png\"><img loading=\"lazy\" class=\"wp-image-4616 size-full\" src=\"http:\/\/blogs.univ-jfc.fr\/vphn\/wp-content\/uploads\/sites\/65\/2019\/02\/architecture.png\" alt=\"\" width=\"1489\" height=\"941\" srcset=\"https:\/\/blogs.univ-jfc.fr\/vphn\/wp-content\/uploads\/sites\/65\/2019\/02\/architecture.png 1489w, https:\/\/blogs.univ-jfc.fr\/vphn\/wp-content\/uploads\/sites\/65\/2019\/02\/architecture-300x190.png 300w, https:\/\/blogs.univ-jfc.fr\/vphn\/wp-content\/uploads\/sites\/65\/2019\/02\/architecture-768x485.png 768w, https:\/\/blogs.univ-jfc.fr\/vphn\/wp-content\/uploads\/sites\/65\/2019\/02\/architecture-1024x647.png 1024w\" sizes=\"(max-width: 706px) 89vw, (max-width: 767px) 82vw, 740px\" \/><\/a><figcaption id=\"caption-attachment-4616\" class=\"wp-caption-text\">Les architectures du ch\u00e2teau ; Source: mairie de Brousse-le-ch\u00e2teau<\/figcaption><\/figure>\n<p align=\"justify\">\u00c0 partir du XVIe si\u00e8cle, les Arpajon vont am\u00e9nager le ch\u00e2teau en r\u00e9sidence secondaire. Ici encore l\u2019architecture t\u00e9moigne de cette \u00e9volution\u00a0: la Renaissance verra la construction d\u2019un b\u00e2timent seigneurial vaste et confortable qui subira des remaniements jusqu\u2019au XVIIIe si\u00e8cle.<\/p>\n<h1 align=\"justify\">Les d\u00e9tenteurs du ch\u00e2teau de Brousse<\/h1>\n<p align=\"justify\">\u00c0 sa construction le ch\u00e2teau de Brousse appartenait aux comtes du Rouergue. Le premier dont nous ayons connaissance est Ermengaud \u00e0 partir de 918. En 975, la comtesse Garsinde le donna \u00e0 son neveu Amelius, \u00e9v\u00eaque d\u2019Albi. En 1135, le ch\u00e2teau passe aux mains des comtes de Rodez jusqu&rsquo;\u00e0 la fin du XIIe si\u00e8cle. Ensuite, le ch\u00e2teau de Brousse parvint aux seigneurs d\u2019Arpajon. Nombreux sont les seigneurs donc on conna\u00eet seulement le nom et leur lien de famille, mais gr\u00e2ce aux travaux d&rsquo;Hyppolyte de Barrau au XIVe si\u00e8cle, on conna\u00eet la quasi-totalit\u00e9 des seigneurs du Rouergue. Le plus c\u00e9l\u00e8bre de cette maison au cours des cinq si\u00e8cles de gouvernance du ch\u00e2teau fut Louis d&rsquo;Arpajon qui s&rsquo;illustre dans l&rsquo;histoire de France par sa carri\u00e8re militaire brillante, il sera nomm\u00e9 Lieutenant g\u00e9n\u00e9ral du Bas-Languedoc et il meurt, Duc et Pair de France en 1670. Peu apr\u00e8s Catherine d\u2019Arpajon, comtesse de Roussy, vendit le ch\u00e2teau en 1700, \u00e0 Monsieur de Grandsaignes pour 70.000 livres. Jean-Fran\u00e7ois Peyrot de Valhauzy devint acqu\u00e9reur avant la R\u00e9volution ; le ch\u00e2teau passa ensuite par h\u00e9ritage \u00e0 Monsieur Delauro ; il le vendit en 1839 \u00e0 la commune qui le convertit en presbyt\u00e8re. Actuellement, il est pris en charge par le mouvement de la \u00ab\u00a0Vall\u00e9e de l\u2019Amiti\u00e9\u00a0\u00bb qui l\u2019a, en partie, restaur\u00e9.<\/p>\n<div id='gallery-1' class='gallery galleryid-4008 gallery-columns-2 gallery-size-large'><figure class='gallery-item'>\n\t\t\t<div class='gallery-icon portrait'>\n\t\t\t\t<a href='https:\/\/blogs.univ-jfc.fr\/vphn\/patrimoine-et-sites-remarquables\/le-chateau-de-brousse-et-le-rouergue-xe-xvie-siecles-2018-2019\/de-gueules-a-la-harpe-dor\/'><img width=\"112\" height=\"124\" src=\"https:\/\/blogs.univ-jfc.fr\/vphn\/wp-content\/uploads\/sites\/65\/2019\/02\/de-gueules-\u00e0-la-harpe-dor.png\" class=\"attachment-large size-large\" alt=\"\" loading=\"lazy\" aria-describedby=\"gallery-1-4622\" sizes=\"100vw\" \/><\/a>\n\t\t\t<\/div>\n\t\t\t\t<figcaption class='wp-caption-text gallery-caption' id='gallery-1-4622'>\n\t\t\t\tDe gueules \u00e0 la harpe d&rsquo;or ; Source: Armorial de J.B. RIETSTAP &#8211; et ses compl\u00e9ment \n\t\t\t\t<\/figcaption><\/figure><figure class='gallery-item'>\n\t\t\t<div class='gallery-icon portrait'>\n\t\t\t\t<a href='https:\/\/blogs.univ-jfc.fr\/vphn\/patrimoine-et-sites-remarquables\/le-chateau-de-brousse-et-le-rouergue-xe-xvie-siecles-2018-2019\/louis-darpajon-duc-darpajon-duche-pairie-erige-en-1650\/'><img width=\"525\" height=\"588\" src=\"https:\/\/blogs.univ-jfc.fr\/vphn\/wp-content\/uploads\/sites\/65\/2019\/02\/Louis-d\u2019Arpajon-duc-dArpajon-duch\u00e9-pairie-\u00e9rig\u00e9-en-1650.png\" class=\"attachment-large size-large\" alt=\"\" loading=\"lazy\" aria-describedby=\"gallery-1-4623\" srcset=\"https:\/\/blogs.univ-jfc.fr\/vphn\/wp-content\/uploads\/sites\/65\/2019\/02\/Louis-d\u2019Arpajon-duc-dArpajon-duch\u00e9-pairie-\u00e9rig\u00e9-en-1650.png 562w, https:\/\/blogs.univ-jfc.fr\/vphn\/wp-content\/uploads\/sites\/65\/2019\/02\/Louis-d\u2019Arpajon-duc-dArpajon-duch\u00e9-pairie-\u00e9rig\u00e9-en-1650-268x300.png 268w\" sizes=\"100vw\" \/><\/a>\n\t\t\t<\/div>\n\t\t\t\t<figcaption class='wp-caption-text gallery-caption' id='gallery-1-4623'>\n\t\t\t\tLouis d\u2019Arpajon, duc d&rsquo;Arpajon (duch\u00e9-pairie \u00e9rig\u00e9 en 1650) ; Source: Armorial de J.B. RIETSTAP &#8211; et ses compl\u00e9ment \n\n\t\t\t\t<\/figcaption><\/figure>\n\t\t<\/div>\n\n<h1>Le point fort \u00e9conomique du ch\u00e2teau de Brousse<\/h1>\n<p>&nbsp;<\/p>\n<p align=\"justify\">Le territoire entourant le ch\u00e2teau est divis\u00e9 entre champs et for\u00eats. On y voit un \u00e9levage ovin relativement cons\u00e9quent et une proximit\u00e9 avec les mati\u00e8res premi\u00e8res comme le bois ou la pierre, avantageux pour le d\u00e9veloppement de l&rsquo;\u00e9conomie locale. Mais la caract\u00e9ristique principale qui fait de Brousse un ch\u00e2teau puissant \u00e9conomiquement parlant lui vient de ses vignes et sa ch\u00e2taigneraie. Cela permettait une exportation de vins et de ch\u00e2taignes en quantit\u00e9 en plus des diff\u00e9rentes c\u00e9r\u00e9ales, fruits, l\u00e9gumes et autres productions paysannes qui sont pr\u00e9sentes quasiment partout dans le Rouergue.<\/p>\n<p align=\"justify\">Apr\u00e8s le v\u00e9cu qu&rsquo;a eu ce ch\u00e2teau, il est bien \u00e9videmment la fiert\u00e9 du village de Brousse-le-Ch\u00e2teau qui, gr\u00e2ce \u00e0 lui, a d\u00e9j\u00e0 obtenu le label du plus beau village de France depuis 1997. Apr\u00e8s que Madame de Lauro de Rodez ait achet\u00e9 de ch\u00e2teau lui \u00e9vitant ainsi d\u2019\u00eatre vendu comme bien national, elle le vend en 1839 \u00e0 quatre repr\u00e9sentants de la commune qui le transforment alors en presbyt\u00e8re, ce qu\u2019il restera pendant plus d\u2019un si\u00e8cle.<\/p>\n<h1>Le ch\u00e2teau de Brousse de nos jours<\/h1>\n<p align=\"justify\">Sauv\u00e9 de la ruine gr\u00e2ce \u00e0 des chantiers de jeunes b\u00e9n\u00e9voles, administr\u00e9, restaur\u00e9 et am\u00e9nag\u00e9 par les membres du \u00ab\u00a0Foyer Rural\u00a0\u00bb jusqu\u2019en 2007, il est d\u00e9sormais g\u00e9r\u00e9 par la commune. Il est possible de visiter le ch\u00e2teau de f\u00e9vrier \u00e0 novembre pour un prix tr\u00e8s abordable accompagn\u00e9 d&rsquo;un guide qui permet donc d&rsquo;en apprendre un peu plus sur l&rsquo;histoire du ch\u00e2teau et des diff\u00e9rentes parties telle que la tour du prisonnier, la tour de la Princesse, le logis seigneurial et des officiers. Il y a aussi de nombreuses expositions temporaires de peinture et de photos qui ont lieu chaque ann\u00e9e. Certaines \u0153uvres sont l\u00e0 toute l&rsquo;ann\u00e9e comme<a href=\"https:\/\/www.flickr.com\/photos\/148075109@N08\/33685175510\"> la statue menhir de Crays<\/a> dont les origines remontent \u00e0 la pr\u00e9histoire. De plus, le ch\u00e2teau est class\u00e9 monument historique depuis le 2 mars 1943.<\/p>\n<h4 align=\"justify\">Pour aller plus loin:<\/h4>\n<ul>\n<li><a href=\"http:\/\/blogs.univ-jfc.fr\/vphn\/?page_id=4653&amp;preview=true\">Bibliographie<\/a><\/li>\n<li><a href=\"https:\/\/www.brousselechateau.net\/\">Site touristique de Brousse-le-Ch\u00e2teau<\/a><\/li>\n<\/ul>\n<p>&nbsp;<\/p>\n<p>R\u00e9alis\u00e9 par Thibault Gavalda (L2) et L\u00e9na Blandini\u00e8res (L1)<\/p>\n","protected":false},"excerpt":{"rendered":"<p>Le ch\u00e2teau de Brousse est un ancien ch\u00e2teau fort datant du IXe si\u00e8cle, situ\u00e9 \u00e0 Brousse-le-ch\u00e2teau. Il fait partie de la route des seigneurs du Rouergue, il domine la vall\u00e9e du Tarn, entre Albi et Millau dans le d\u00e9partement de l&rsquo;Aveyron en Occitanie. Le ch\u00e2teau est situ\u00e9 dans le sud-ouest du Rouergue, qui est d\u00e9limit\u00e9 &hellip; <\/p>\n<p class=\"link-more\"><a href=\"https:\/\/blogs.univ-jfc.fr\/vphn\/patrimoine-et-sites-remarquables\/le-chateau-de-brousse-et-le-rouergue-xe-xvie-siecles-2018-2019\/\" class=\"more-link\">Continuer la lecture<span class=\"screen-reader-text\"> de &laquo;&nbsp;Le ch\u00e2teau de Brousse et le Rouergue, Xe &#8211; XVIe si\u00e8cles. [2018]&nbsp;&raquo;<\/span><\/a><\/p>\n","protected":false},"author":429,"featured_media":0,"parent":30,"menu_order":0,"comment_status":"closed","ping_status":"closed","template":"","meta":[],"_links":{"self":[{"href":"https:\/\/blogs.univ-jfc.fr\/vphn\/wp-json\/wp\/v2\/pages\/4008"}],"collection":[{"href":"https:\/\/blogs.univ-jfc.fr\/vphn\/wp-json\/wp\/v2\/pages"}],"about":[{"href":"https:\/\/blogs.univ-jfc.fr\/vphn\/wp-json\/wp\/v2\/types\/page"}],"author":[{"embeddable":true,"href":"https:\/\/blogs.univ-jfc.fr\/vphn\/wp-json\/wp\/v2\/users\/429"}],"replies":[{"embeddable":true,"href":"https:\/\/blogs.univ-jfc.fr\/vphn\/wp-json\/wp\/v2\/comments?post=4008"}],"version-history":[{"count":24,"href":"https:\/\/blogs.univ-jfc.fr\/vphn\/wp-json\/wp\/v2\/pages\/4008\/revisions"}],"predecessor-version":[{"id":5125,"href":"https:\/\/blogs.univ-jfc.fr\/vphn\/wp-json\/wp\/v2\/pages\/4008\/revisions\/5125"}],"up":[{"embeddable":true,"href":"https:\/\/blogs.univ-jfc.fr\/vphn\/wp-json\/wp\/v2\/pages\/30"}],"wp:attachment":[{"href":"https:\/\/blogs.univ-jfc.fr\/vphn\/wp-json\/wp\/v2\/media?parent=4008"}],"curies":[{"name":"wp","href":"https:\/\/api.w.org\/{rel}","templated":true}]}}