{"id":4061,"date":"2019-02-27T15:08:31","date_gmt":"2019-02-27T14:08:31","guid":{"rendered":"http:\/\/blogs.univ-jfc.fr\/vphn\/?page_id=4061"},"modified":"2019-02-27T15:08:31","modified_gmt":"2019-02-27T14:08:31","slug":"bibliographie-laveyron-dans-la-seconde-guerre-mondiale-2018","status":"publish","type":"page","link":"https:\/\/blogs.univ-jfc.fr\/vphn\/histoire-locale\/laveyron-dans-la-seconde-guerre-mondiale-2018\/bibliographie-laveyron-dans-la-seconde-guerre-mondiale-2018\/","title":{"rendered":"Bibliographie L&rsquo;Aveyron dans la Seconde Guerre Mondiale [2018]"},"content":{"rendered":"<h3>Listes non-exhaustive pour aller plus loin :<\/h3>\n<p>&nbsp;<\/p>\n<ul>\n<li>BETEILLE, Roger (dir.),<em> L&rsquo;Aveyron au XXe si\u00e8cle<\/em>, Editions du Rouergue, Paris, 1999, 344p<\/li>\n<\/ul>\n<p>&nbsp;<\/p>\n<ul>\n<li>CAMPELS, Henri,<em> Le Rouergue un c\u00f2p \u00e8ra (autrefois) Tome 2<\/em>, Editions H\u00e9rail Imprimerie, Aveyron, 2014, 564p<\/li>\n<\/ul>\n<p>&nbsp;<\/p>\n<ul>\n<li>COSSON, Jean-Michel, MONNET, St\u00e9phane,<em> L&rsquo;Aveyron dans la Guerre 1939-1945<\/em>, Editions De Bor\u00e9e, Romagnat, 2006, 192p<\/li>\n<\/ul>\n<p>&nbsp;<\/p>\n<ul>\n<li>FONT, Christian MOIZET, Henri, <em>Construire l&rsquo;histoire de la R\u00e9sistance: Aveyron 1944<\/em>, CDDP Rodez, Paris, 344p<\/li>\n<\/ul>\n","protected":false},"excerpt":{"rendered":"<p>Listes non-exhaustive pour aller plus loin : &nbsp; BETEILLE, Roger (dir.), L&rsquo;Aveyron au XXe si\u00e8cle, Editions du Rouergue, Paris, 1999, 344p &nbsp; CAMPELS, Henri, Le Rouergue un c\u00f2p \u00e8ra (autrefois) Tome 2, Editions H\u00e9rail Imprimerie, Aveyron, 2014, 564p &nbsp; COSSON, Jean-Michel, MONNET, St\u00e9phane, L&rsquo;Aveyron dans la Guerre 1939-1945, Editions De Bor\u00e9e, Romagnat, 2006, 192p &nbsp; &hellip; <\/p>\n<p class=\"link-more\"><a href=\"https:\/\/blogs.univ-jfc.fr\/vphn\/histoire-locale\/laveyron-dans-la-seconde-guerre-mondiale-2018\/bibliographie-laveyron-dans-la-seconde-guerre-mondiale-2018\/\" class=\"more-link\">Continuer la lecture<span class=\"screen-reader-text\"> de &laquo;&nbsp;Bibliographie L&rsquo;Aveyron dans la Seconde Guerre Mondiale [2018]&nbsp;&raquo;<\/span><\/a><\/p>\n","protected":false},"author":474,"featured_media":0,"parent":3111,"menu_order":0,"comment_status":"closed","ping_status":"closed","template":"","meta":[],"_links":{"self":[{"href":"https:\/\/blogs.univ-jfc.fr\/vphn\/wp-json\/wp\/v2\/pages\/4061"}],"collection":[{"href":"https:\/\/blogs.univ-jfc.fr\/vphn\/wp-json\/wp\/v2\/pages"}],"about":[{"href":"https:\/\/blogs.univ-jfc.fr\/vphn\/wp-json\/wp\/v2\/types\/page"}],"author":[{"embeddable":true,"href":"https:\/\/blogs.univ-jfc.fr\/vphn\/wp-json\/wp\/v2\/users\/474"}],"replies":[{"embeddable":true,"href":"https:\/\/blogs.univ-jfc.fr\/vphn\/wp-json\/wp\/v2\/comments?post=4061"}],"version-history":[{"count":4,"href":"https:\/\/blogs.univ-jfc.fr\/vphn\/wp-json\/wp\/v2\/pages\/4061\/revisions"}],"predecessor-version":[{"id":4066,"href":"https:\/\/blogs.univ-jfc.fr\/vphn\/wp-json\/wp\/v2\/pages\/4061\/revisions\/4066"}],"up":[{"embeddable":true,"href":"https:\/\/blogs.univ-jfc.fr\/vphn\/wp-json\/wp\/v2\/pages\/3111"}],"wp:attachment":[{"href":"https:\/\/blogs.univ-jfc.fr\/vphn\/wp-json\/wp\/v2\/media?parent=4061"}],"curies":[{"name":"wp","href":"https:\/\/api.w.org\/{rel}","templated":true}]}}