{"id":4082,"date":"2019-02-28T18:08:26","date_gmt":"2019-02-28T17:08:26","guid":{"rendered":"http:\/\/blogs.univ-jfc.fr\/vphn\/?page_id=4082"},"modified":"2019-05-07T15:13:05","modified_gmt":"2019-05-07T13:13:05","slug":"le-pont-valentre-et-sa-legende-a-cahors-2018-2019","status":"publish","type":"page","link":"https:\/\/blogs.univ-jfc.fr\/vphn\/patrimoine-et-sites-remarquables\/le-pont-valentre-et-sa-legende-a-cahors-2018-2019\/","title":{"rendered":"Le Pont Valentr\u00e9 et sa l\u00e9gende \u00e0 Cahors [2018]"},"content":{"rendered":"<p style=\"text-align: center\">L&rsquo;id\u00e9e de construction du Pont Valentr\u00e9 fut prise d\u00e8s 1308, elle permit de prot\u00e9ger les combattants pendant la guerre de Cent ans notamment.<img loading=\"lazy\" class=\"wp-image-4713 aligncenter\" src=\"http:\/\/blogs.univ-jfc.fr\/vphn\/wp-content\/uploads\/sites\/65\/2019\/02\/images.jpeg\" alt=\"\" width=\"223\" height=\"321\" \/><span style=\"font-size: small\">Croquis aquarell\u00e9 de Cahors, r\u00e9alis\u00e9 par Guymoll.<\/span><\/p>\n<p align=\"justify\">Les acc\u00e8s \u00e0 la ville \u00e9taient bien d\u00e9fendus\u00a0: au Sud, on trouvait le Pont Vieux et ses cinq tours fortifi\u00e9es, \u00e0 l&rsquo;est le pont neuf achev\u00e9 \u00e0 la fin du XIIIe si\u00e8cle et \u00e0 l&rsquo;ouest, le Pont Valentr\u00e9. Ce dernier n&rsquo;aurait jamais d\u00fb voir le jour pour des raisons financi\u00e8res, cependant les menaces anglaises \u00e9tant de plus en plus fortes, la construction est accept\u00e9e et les consuls d\u00e9cident en 1306, peu avant les guerres franco-anglaises d&rsquo;en commencer la construction. La premi\u00e8re pierre est finalement pos\u00e9e en 1308.<\/p>\n<p align=\"justify\">Ce pont permit la cr\u00e9ation d&rsquo;un second axe commercial, est-ouest et qui compl\u00e8te l&rsquo;axe nord-sud que donnait le pont vieux. Ceci est une \u00e9tape tr\u00e8s importante, pour le d\u00e9veloppement de la ville qui conna\u00eet de lourdes modifications durant cette p\u00e9riode. La construction de ce pont est tr\u00e8s importante et s&rsquo;ach\u00e8vera enti\u00e8rement soixante-dix ans apr\u00e8s la pose de la premi\u00e8re pierre.<\/p>\n<p align=\"justify\">La construction du Pont Valentr\u00e9, ne fut pas seulement longue parce que les financements et mat\u00e9riaux furent difficiles \u00e0 obtenir. G. de Salagnac qui a pos\u00e9 la premi\u00e8re pierre, rencontra de grands soucis de construction et la lenteur de ces mouvements fit r\u00e9fl\u00e9chir les consuls de la ville.<\/p>\n<p align=\"justify\">Un matin d&rsquo;hiver, un homme se pr\u00e9senta, pr\u00e9tendant avoir toutes les qualit\u00e9s n\u00e9cessaires \u00e0 la r\u00e9alisation de ce projet. Son caract\u00e8re assur\u00e9 permit aux consuls de le croire, les convaincre, et ils l&#8217;embauch\u00e8rent.<\/p>\n<p align=\"justify\">Cet homme redonna espoir \u00e0 la ville et promit de tout faire pour l&rsquo;achever vis-\u00e0-vis de ce qui \u00e9tait demand\u00e9 dans un temps limit\u00e9. Les catastrophes m\u00e9t\u00e9orologiques s&rsquo;encha\u00een\u00e8rent et firent perdre tout espoir, aux habitants. Bient\u00f4t, tout le monde crut \u00e0 une mal\u00e9diction sur le pont. Le ma\u00e7on, s&rsquo;en alla un soir de l&rsquo;autre c\u00f4t\u00e9 du fleuve o\u00f9 il trouva une ensorceleuse dont sa r\u00e9putation n&rsquo;avait rien \u00e0 changer. Elle s&rsquo;exclama\u00a0: \u00ab\u00a0il ne m&rsquo;est pas donn\u00e9 de te tirer de l\u00e0, seul le diable en est capable. C&rsquo;est pourquoi, s&rsquo;il te donne un coup de main, tu devras te plier \u00e0 ses volont\u00e9s. Notre ma\u00e7on la remerciant, comprit son \u00ab\u00a0message\u00a0\u00bb et s&rsquo;en alla. Le lendemain, une \u00e9trange cr\u00e9ature apparut face au constructeur. Le Malin proposa de l&rsquo;aider en \u00e9change de l&rsquo;\u00e2me du constructeur. Apr\u00e8s avoir termin\u00e9 la construction du pont, tu devras accomplir une toute petite chose que je te demanderai. Une fois que tu auras satisfait mon ultime demande, mon \u00e2me t&rsquo;appartiendra\u00a0\u00bb.<img loading=\"lazy\" class=\" wp-image-4716 aligncenter\" src=\"http:\/\/blogs.univ-jfc.fr\/vphn\/wp-content\/uploads\/sites\/65\/2019\/02\/Cahors_-_Pont_Valentr\u00e9_-_Diablotin_-_2012-12-28.jpg\" alt=\"\" width=\"331\" height=\"249\" \/><\/p>\n<p align=\"justify\">Le ma\u00e7on commen\u00e7a son id\u00e9e pour pi\u00e9ger le diable\u00a0: il lui demanda d&rsquo;aller chercher de l&rsquo;eau pour lui qui, positionn\u00e9 en haut de la tour, g\u00e2chait du mortier dans un <a href=\"https:\/\/www.universalis.fr\/dictionnaire\/baquet\/\">baquet<\/a>. Pour ce faire, il lui tendit un <a href=\"https:\/\/www.larousse.fr\/dictionnaires\/francais\/crible\/20480\">crible<\/a>. Le diable surpris et furieux, ne voulu montrer aucune faiblesse, plongea l&rsquo;engin dans la rivi\u00e8re et courut tr\u00e8s vite jusqu&rsquo;au sommet pour que rien ne s&rsquo;\u00e9chappe \u00e0 cet effet. \u00c9videmment, lorsqu&rsquo;il arriva au sommet tout \u00e9tait \u00e9chapp\u00e9 du bac. Le diable s&rsquo;enfon\u00e7a alors, dans une cacophonie de blasph\u00e8mes, au plus profond des ondes.<\/p>\n<p align=\"justify\">Le Pont Valentr\u00e9 est un monument embl\u00e9matique qui demeure le plus bel ouvrage d&rsquo;art l\u00e9gu\u00e9 par le Moyen-Age en France. Il est class\u00e9 parmi les plus beaux et importants ponts de la p\u00e9riode m\u00e9di\u00e9vale. <a href=\"https:\/\/www.persee.fr\/doc\/ephe_0000-0001_2005_num_21_1_11662\">L&rsquo;architecture gothique <\/a>caract\u00e9rise le Pont Valentr\u00e9. Cet art utilise des caract\u00e9ristiques bien particuli\u00e8res, <a href=\"https:\/\/www.larousse.fr\/encyclopedie\/divers\/vo%c3%bbte_sur_crois%c3%a9e_dogives\/74608\">la vo\u00fbte sur crois\u00e9e d&rsquo;ogive <\/a>et l&rsquo;arc bris\u00e9. Ces innovations ont permis des \u00e9difices beaucoup plus hauts et fins. Les murs \u00e9pais peuvent donc \u00eatre remplac\u00e9s par d&rsquo;\u00e9normes piliers et \u00eatre ouverts vers l&rsquo;ext\u00e9rieur.<\/p>\n<p align=\"justify\">L&rsquo;art gothique conna\u00eet diff\u00e9rents \u00e2ges et celle de l&rsquo;\u00e9poque du pont Valentr\u00e9 est appel\u00e9 celui du gothique \u00ab\u00a0rayonnant\u00a0\u00bb\u00a0: entre 1230 et 1350.<\/p>\n<p align=\"justify\">En 1879, la r\u00e9novation du Pont Valentr\u00e9 est r\u00e9ellement envisag\u00e9e, car douze ans auparavant, la demande avait \u00e9chou\u00e9e.<\/p>\n<p align=\"justify\">Paul Gout qui \u00e9tablit donc cela, publie un livre deux ans plus tard\u00a0: <i>Histoire et description du Pont Valentr\u00e9 \u00e0 Cahors <\/i>pour expliquer que tout ce qu&rsquo;il faisait \u00e9tait dans le seul but de redonner au pont son esth\u00e9tique et forme d&rsquo;art d&rsquo;autrefois. Sa phrase est rest\u00e9e dans les m\u00e9moires lorsqu&rsquo;il dit\u00a0: \u00ab\u00a0restaurer n&rsquo;est pas seulement r\u00e9parer, ni toujours restituer. C&rsquo;est rendre ou apporter \u00e0 l&rsquo;\u00e9difice un \u00e9tat complet conforme aux donn\u00e9es particuli\u00e8res et locales suivant lesquelles l\u2019\u0153uvre a \u00e9t\u00e9 primitivement con\u00e7ue\u00a0\u00bb.<\/p>\n","protected":false},"excerpt":{"rendered":"<p>L&rsquo;id\u00e9e de construction du Pont Valentr\u00e9 fut prise d\u00e8s 1308, elle permit de prot\u00e9ger les combattants pendant la guerre de Cent ans notamment.Croquis aquarell\u00e9 de Cahors, r\u00e9alis\u00e9 par Guymoll. Les acc\u00e8s \u00e0 la ville \u00e9taient bien d\u00e9fendus\u00a0: au Sud, on trouvait le Pont Vieux et ses cinq tours fortifi\u00e9es, \u00e0 l&rsquo;est le pont neuf achev\u00e9 &hellip; <\/p>\n<p class=\"link-more\"><a href=\"https:\/\/blogs.univ-jfc.fr\/vphn\/patrimoine-et-sites-remarquables\/le-pont-valentre-et-sa-legende-a-cahors-2018-2019\/\" class=\"more-link\">Continuer la lecture<span class=\"screen-reader-text\"> de &laquo;&nbsp;Le Pont Valentr\u00e9 et sa l\u00e9gende \u00e0 Cahors [2018]&nbsp;&raquo;<\/span><\/a><\/p>\n","protected":false},"author":450,"featured_media":0,"parent":30,"menu_order":1,"comment_status":"closed","ping_status":"closed","template":"","meta":[],"_links":{"self":[{"href":"https:\/\/blogs.univ-jfc.fr\/vphn\/wp-json\/wp\/v2\/pages\/4082"}],"collection":[{"href":"https:\/\/blogs.univ-jfc.fr\/vphn\/wp-json\/wp\/v2\/pages"}],"about":[{"href":"https:\/\/blogs.univ-jfc.fr\/vphn\/wp-json\/wp\/v2\/types\/page"}],"author":[{"embeddable":true,"href":"https:\/\/blogs.univ-jfc.fr\/vphn\/wp-json\/wp\/v2\/users\/450"}],"replies":[{"embeddable":true,"href":"https:\/\/blogs.univ-jfc.fr\/vphn\/wp-json\/wp\/v2\/comments?post=4082"}],"version-history":[{"count":7,"href":"https:\/\/blogs.univ-jfc.fr\/vphn\/wp-json\/wp\/v2\/pages\/4082\/revisions"}],"predecessor-version":[{"id":5177,"href":"https:\/\/blogs.univ-jfc.fr\/vphn\/wp-json\/wp\/v2\/pages\/4082\/revisions\/5177"}],"up":[{"embeddable":true,"href":"https:\/\/blogs.univ-jfc.fr\/vphn\/wp-json\/wp\/v2\/pages\/30"}],"wp:attachment":[{"href":"https:\/\/blogs.univ-jfc.fr\/vphn\/wp-json\/wp\/v2\/media?parent=4082"}],"curies":[{"name":"wp","href":"https:\/\/api.w.org\/{rel}","templated":true}]}}