{"id":4153,"date":"2019-02-27T13:40:25","date_gmt":"2019-02-27T12:40:25","guid":{"rendered":"http:\/\/blogs.univ-jfc.fr\/vphn\/?page_id=4153"},"modified":"2019-02-27T13:40:59","modified_gmt":"2019-02-27T12:40:59","slug":"bibliographie-le-pastel-dans-le-pays-de-cocagne","status":"publish","type":"page","link":"https:\/\/blogs.univ-jfc.fr\/vphn\/histoire-locale\/le-pastel-dans-le-pays-de-cocagne-2018-2019\/bibliographie-le-pastel-dans-le-pays-de-cocagne\/","title":{"rendered":"Bibliographie &#8211; Le Pastel dans le Pays de Cocagne"},"content":{"rendered":"<h1>Ouvrages g\u00e9n\u00e9raux\u00a0:<\/h1>\n<p>ARMAGNAC Chantal. <em>Le pastel en pays de Cocagne<\/em>, Albi, Editions Bleu Pastel, 2016.<\/p>\n<p>CASTER Gilles. <em>Les routes de Cocagne, le si\u00e8cle d\u2019or du pastel<\/em>, Toulouse, Editions Privat, 1998.<\/p>\n<p>CASTER Gilles. <em>Le commerce du pastel et de l\u2019\u00e9picerie \u00e0 Toulouse (1450-1561)<\/em>, Toulouse, Editions Privat, 1962.<\/p>\n<p>RUFINO Patrice. <em>Le pastel, or bleu du pays de Cocagne, l\u2019\u00e9pop\u00e9e de la couleur de l\u2019Antiquit\u00e9 \u00e0 nos jours<\/em>, Panayrac, Editions Daniel Briand, 1990.<\/p>\n<h1>Articles\u00a0:<\/h1>\n<p>P. BOISSONADE, Note sur la culture du pastel ou gu\u00e8de en France au moyen \u00e2ge, <em>Revue des \u00e9tudes anciennes<\/em>, 1912, pp. 194-196.<\/p>\n<p>BRUMONT Francis. La commercialisation du pastel toulousain (1350-1600). In :\u00a0<em>Annales du Midi : revue arch\u00e9ologique, historique et philologique de la France m\u00e9ridionale<\/em>, Tome 106, N\u00b0205, 1994. Du commerce : l&rsquo;urbanisme : Toulouse, XIIe-XIXe si\u00e8cles. pp. 25-40.<\/p>\n<p>CASADO ALONSO Hilario. La gestion d&rsquo;une entreprise de commercialisation du pastel toulousain au d\u00e9but du XVIe si\u00e8cle. In :\u00a0<em>Annales du Midi : revue arch\u00e9ologique, historique et philologique de la France m\u00e9ridionale<\/em>, Tome 113, N\u00b0236, 2001. Le commerce du pastel, de la laine et des draps, XIVe-XVIe si\u00e8cles. pp. 457-479.<\/p>\n<p>CASTER Gilles. La technique commerciale du pastel \u00e0 Toulouse au XVIe si\u00e8cle. In :\u00a0<em>Annales du Midi : revue arch\u00e9ologique, historique et philologique de la France m\u00e9ridionale<\/em>, Tome 2, N\u00b01, 1989. Histoire moderne et contemporaine. pp. 449-471.<\/p>\n<p>LARGUIER Gilbert. Narbonne et la voie m\u00e9diterran\u00e9enne du pastel (XVe-XVIIe si\u00e8cles).<br \/>\nIn :\u00a0<em>Annales du Midi : revue arch\u00e9ologique, historique et philologique de la France m\u00e9ridionale<\/em>, Tome 110, N\u00b0222, 1998. Le commerce du pastel du XVe au XVIIe si\u00e8cle. pp. 149-167<\/p>\n<p>LARGUIER Gilbert. L&rsquo;or blanc au pays de cocagne. Laine et pastel en Lauragais dans la premi\u00e8re moiti\u00e9 du XVIe si\u00e8cle. In :\u00a0<em>Annales du Midi : revue arch\u00e9ologique, historique et philologique de la France m\u00e9ridionale<\/em>, Tome 113, N\u00b0236, 2001. Le commerce du pastel, de la laine et des draps, XIVe-XVIe si\u00e8cles. pp. 481-496.<\/p>\n<p>PRIOTTI Jean-Philippe. Gouverner et\u00a0s\u2019enrichir outre-mer. Entrepreneurs publics et\u00a0priv\u00e9s dans\u00a0la\u00a0culture du\u00a0pastel (Europe-Am\u00e9rique, d\u00e9but du\u00a0xvie\u00a0si\u00e8cle),\u00a0<em>Revue historique<\/em>, vol. 686, no. 2, 2018, pp. 347-376.<\/p>\n","protected":false},"excerpt":{"rendered":"<p>Ouvrages g\u00e9n\u00e9raux\u00a0: ARMAGNAC Chantal. Le pastel en pays de Cocagne, Albi, Editions Bleu Pastel, 2016. CASTER Gilles. Les routes de Cocagne, le si\u00e8cle d\u2019or du pastel, Toulouse, Editions Privat, 1998. CASTER Gilles. Le commerce du pastel et de l\u2019\u00e9picerie \u00e0 Toulouse (1450-1561), Toulouse, Editions Privat, 1962. RUFINO Patrice. Le pastel, or bleu du pays de &hellip; <\/p>\n<p class=\"link-more\"><a href=\"https:\/\/blogs.univ-jfc.fr\/vphn\/histoire-locale\/le-pastel-dans-le-pays-de-cocagne-2018-2019\/bibliographie-le-pastel-dans-le-pays-de-cocagne\/\" class=\"more-link\">Continuer la lecture<span class=\"screen-reader-text\"> de &laquo;&nbsp;Bibliographie &#8211; Le Pastel dans le Pays de Cocagne&nbsp;&raquo;<\/span><\/a><\/p>\n","protected":false},"author":601,"featured_media":0,"parent":4081,"menu_order":0,"comment_status":"closed","ping_status":"closed","template":"","meta":[],"_links":{"self":[{"href":"https:\/\/blogs.univ-jfc.fr\/vphn\/wp-json\/wp\/v2\/pages\/4153"}],"collection":[{"href":"https:\/\/blogs.univ-jfc.fr\/vphn\/wp-json\/wp\/v2\/pages"}],"about":[{"href":"https:\/\/blogs.univ-jfc.fr\/vphn\/wp-json\/wp\/v2\/types\/page"}],"author":[{"embeddable":true,"href":"https:\/\/blogs.univ-jfc.fr\/vphn\/wp-json\/wp\/v2\/users\/601"}],"replies":[{"embeddable":true,"href":"https:\/\/blogs.univ-jfc.fr\/vphn\/wp-json\/wp\/v2\/comments?post=4153"}],"version-history":[{"count":2,"href":"https:\/\/blogs.univ-jfc.fr\/vphn\/wp-json\/wp\/v2\/pages\/4153\/revisions"}],"predecessor-version":[{"id":4158,"href":"https:\/\/blogs.univ-jfc.fr\/vphn\/wp-json\/wp\/v2\/pages\/4153\/revisions\/4158"}],"up":[{"embeddable":true,"href":"https:\/\/blogs.univ-jfc.fr\/vphn\/wp-json\/wp\/v2\/pages\/4081"}],"wp:attachment":[{"href":"https:\/\/blogs.univ-jfc.fr\/vphn\/wp-json\/wp\/v2\/media?parent=4153"}],"curies":[{"name":"wp","href":"https:\/\/api.w.org\/{rel}","templated":true}]}}