{"id":4241,"date":"2019-02-27T15:24:16","date_gmt":"2019-02-27T14:24:16","guid":{"rendered":"http:\/\/blogs.univ-jfc.fr\/vphn\/?page_id=4241"},"modified":"2019-02-27T15:24:16","modified_gmt":"2019-02-27T14:24:16","slug":"bibliographie-chateau-destaing","status":"publish","type":"page","link":"https:\/\/blogs.univ-jfc.fr\/vphn\/bibliographie-chateau-destaing\/","title":{"rendered":"Bibliographie ch\u00e2teau d&rsquo;Estaing"},"content":{"rendered":"<h2 style=\"text-align: justify\">Ouvrages g\u00e9n\u00e9raux\u00a0:<\/h2>\n<p style=\"text-align: justify\">&#8211; NOEL Raymond, Dictionnaire des ch\u00e2teaux de l&rsquo;Aveyron, Subervie, Rodez, 1971.<\/p>\n<p style=\"text-align: justify\">&#8211; MIQUEL Jacques, L&rsquo;architecture militaire dans le Rouergue au Moyen-\u00c2ge et l&rsquo;organisation de la d\u00e9fense, Editions Fran\u00e7aises d&rsquo;Arts Graphiques, 1981.<\/p>\n<p style=\"text-align: justify\">&#8211; ARMENGAUD Andr\u00e9, LAFONT Robert, Histoire d&rsquo;Occitanie, Hachette, 1979.<\/p>\n<p style=\"text-align: justify\">&#8211; DUPUY Andr\u00e9, Histoire chronologique de la civilisation occitane, tome 1 et 2, Champion\/Slatkine, 1998.<\/p>\n<p style=\"text-align: justify\">&#8211; LABOUYSSE Georges, L\u2019espace occitan dans l\u2019Histoire. Ses visages divers de la Protohistoire \u00e0 nos jours, IEO Diffusion, Puylaurens, 2016.<\/p>\n<p style=\"text-align: justify\">&#8211; BLUCHE Fran\u00e7ois, L&rsquo;Ancien R\u00e9gime\u00a0: Institutions et soci\u00e9t\u00e9s, Le Livre de Poche, 1993.<\/p>\n<p style=\"text-align: justify\">&#8211; LEMARIGNIER Jean-Fran\u00e7ois, La France m\u00e9di\u00e9vale\u00a0: institutions et soci\u00e9t\u00e9s, Armand Colin, 2016.<\/p>\n<p style=\"text-align: justify\">&#8211; MONTGOLFIER Bernard, Dictionnaire des ch\u00e2teaux de France, Librairie Larousse, Paris, 1969.<\/p>\n<p style=\"text-align: justify\">&#8211; BOUSQUET Jacques, Le Rouergue au premier moyen-\u00e2ge (vers 800- vers 1250). Les pouvoirs, leurs rapports et leurs domaines, Tome 1 et 2, Soci\u00e9t\u00e9 des lettres sciences et arts de l&rsquo;Aveyron, 1994.<\/p>\n<p style=\"text-align: justify\">&#8211; TAUSSAT Robert, Hommes et femmes c\u00e9l\u00e8bres de l&rsquo;Aveyron, Bonneton, 1996.<\/p>\n<h2 style=\"text-align: justify\">Articles\u00a0:<\/h2>\n<p style=\"text-align: justify\">&#8211; MOLLAT Guillaume, Fin de la carri\u00e8re du cardinal Pierre d&rsquo;Estaing (1376-1377), Comptes rendus des s\u00e9ances de l&rsquo;Acad\u00e9mie des Inscriptions et Belles-Lettres, 1956, pp 422-425.<\/p>\n<p style=\"text-align: justify\">&#8211; TILLIER Jean Claude, La pr\u00e9-r\u00e9forme catholique \u00e0 Angoul\u00eame et les statuts synodaux d&rsquo;Antoine d&rsquo;Estaing (1506-1523), Soci\u00e9t\u00e9 arch\u00e9ologique et historique de la Charente, 1972.<\/p>\n<p style=\"text-align: justify\">&#8211; CHABBERT Rolland, MULLIER Christian, Estaing, l\u00e9gendaire et m\u00e9connu, Le Patrimoine, n\u00b050, 2017.<\/p>\n<h2 style=\"text-align: justify\">Ouvrages sp\u00e9cialis\u00e9s\u00a0:<\/h2>\n<p style=\"text-align: justify\">&#8211; COSSON Jean Michel, De Sainte Marie&#8230; \u00e0 Fran\u00e7ois d&rsquo;Estaing, Canitrot, 2003.<\/p>\n<p style=\"text-align: justify\">&#8211; BLANCPAIN Fran\u00e7ois, L&rsquo;Amiral d&rsquo;Estaing, serviteur et victime de l\u2019\u00c9tat (1729-1794), coll.\u00ab Le Monde Atlantique \u00bb, Les Pers\u00e9ides, 2012.<\/p>\n<p style=\"text-align: justify\">&#8211; VAN HILLE Jean-Marc, Charles-Henri d&rsquo;Estaing, amiral de France et franc-ma\u00e7on, Challenges d&rsquo;Aujourd&rsquo;hui, 1994.<\/p>\n<p style=\"text-align: justify\">&#8211; MICHEL Jacques, La vie aventureuse et mouvement\u00e9 de Charles-Henri comte d&rsquo;Estaing, Paris, 1976.<\/p>\n<p style=\"text-align: justify\">&#8211; DESACHY M, Cit\u00e9 des hommes, le chapitre cath\u00e9dral de Rodez (1215-1562), Editions du Rouergue, Rodez, 2005.<\/p>\n<p style=\"text-align: justify\">&#8211; MULLIER Christian, PALOBART Yves, BOUDARTCHOUK Jean Luc, DELMAS Jean, Estaing\u00a0: ruralit\u00e9 rouergate et histoire de France, Occitanie, Toulouse, 2017.<\/p>\n<p style=\"text-align: justify\">&#8211; PETIT Claude, L&rsquo;h\u00f4pital monast\u00e8re Notre Dame des Pauvres d&rsquo;Aubrac, Rodez, 2005.<\/p>\n","protected":false},"excerpt":{"rendered":"<p>Ouvrages g\u00e9n\u00e9raux\u00a0: &#8211; NOEL Raymond, Dictionnaire des ch\u00e2teaux de l&rsquo;Aveyron, Subervie, Rodez, 1971. &#8211; MIQUEL Jacques, L&rsquo;architecture militaire dans le Rouergue au Moyen-\u00c2ge et l&rsquo;organisation de la d\u00e9fense, Editions Fran\u00e7aises d&rsquo;Arts Graphiques, 1981. &#8211; ARMENGAUD Andr\u00e9, LAFONT Robert, Histoire d&rsquo;Occitanie, Hachette, 1979. &#8211; DUPUY Andr\u00e9, Histoire chronologique de la civilisation occitane, tome 1 et 2, &hellip; <\/p>\n<p class=\"link-more\"><a href=\"https:\/\/blogs.univ-jfc.fr\/vphn\/bibliographie-chateau-destaing\/\" class=\"more-link\">Continuer la lecture<span class=\"screen-reader-text\"> de &laquo;&nbsp;Bibliographie ch\u00e2teau d&rsquo;Estaing&nbsp;&raquo;<\/span><\/a><\/p>\n","protected":false},"author":585,"featured_media":0,"parent":0,"menu_order":0,"comment_status":"closed","ping_status":"closed","template":"","meta":[],"_links":{"self":[{"href":"https:\/\/blogs.univ-jfc.fr\/vphn\/wp-json\/wp\/v2\/pages\/4241"}],"collection":[{"href":"https:\/\/blogs.univ-jfc.fr\/vphn\/wp-json\/wp\/v2\/pages"}],"about":[{"href":"https:\/\/blogs.univ-jfc.fr\/vphn\/wp-json\/wp\/v2\/types\/page"}],"author":[{"embeddable":true,"href":"https:\/\/blogs.univ-jfc.fr\/vphn\/wp-json\/wp\/v2\/users\/585"}],"replies":[{"embeddable":true,"href":"https:\/\/blogs.univ-jfc.fr\/vphn\/wp-json\/wp\/v2\/comments?post=4241"}],"version-history":[{"count":1,"href":"https:\/\/blogs.univ-jfc.fr\/vphn\/wp-json\/wp\/v2\/pages\/4241\/revisions"}],"predecessor-version":[{"id":4253,"href":"https:\/\/blogs.univ-jfc.fr\/vphn\/wp-json\/wp\/v2\/pages\/4241\/revisions\/4253"}],"wp:attachment":[{"href":"https:\/\/blogs.univ-jfc.fr\/vphn\/wp-json\/wp\/v2\/media?parent=4241"}],"curies":[{"name":"wp","href":"https:\/\/api.w.org\/{rel}","templated":true}]}}