{"id":4284,"date":"2019-02-27T16:19:17","date_gmt":"2019-02-27T15:19:17","guid":{"rendered":"http:\/\/blogs.univ-jfc.fr\/vphn\/?page_id=4284"},"modified":"2019-02-27T16:32:17","modified_gmt":"2019-02-27T15:32:17","slug":"niceto-alcala-zamora","status":"publish","type":"page","link":"https:\/\/blogs.univ-jfc.fr\/vphn\/projets-specifiques\/projet-septfonds-2018-2019\/une-descendante-despagnol-interne-alejandra\/niceto-alcala-zamora\/","title":{"rendered":"Niceto Alcal\u00e1-Zamora"},"content":{"rendered":"<p align=\"justify\">Niceto Alcal\u00e1-Zamora y Torres est n\u00e9 le 6 juillet 1877 \u00e0 Priego de C\u00f3rdoba (Espagne) et mort le 18 f\u00e9vrier 1949 \u00e0 Buenos Aires en Argentine. Lors de sa vie active, cet homme a exerc\u00e9 la profession d&rsquo;avocat avant de devenir Pr\u00e9sident de la Seconde R\u00e9publique espagnole. Son mandat a dur\u00e9 5 ans allant du 10 f\u00e9vrier 1931 au 7 avril 1936. En 1936, Alcal\u00e1-Zamora est destitu\u00e9 par le Congr\u00e8s et voit Manuel Aza\u00f1a le succ\u00e9der.<\/p>\n","protected":false},"excerpt":{"rendered":"<p>Niceto Alcal\u00e1-Zamora y Torres est n\u00e9 le 6 juillet 1877 \u00e0 Priego de C\u00f3rdoba (Espagne) et mort le 18 f\u00e9vrier 1949 \u00e0 Buenos Aires en Argentine. Lors de sa vie active, cet homme a exerc\u00e9 la profession d&rsquo;avocat avant de devenir Pr\u00e9sident de la Seconde R\u00e9publique espagnole. Son mandat a dur\u00e9 5 ans allant du &hellip; <\/p>\n<p class=\"link-more\"><a href=\"https:\/\/blogs.univ-jfc.fr\/vphn\/projets-specifiques\/projet-septfonds-2018-2019\/une-descendante-despagnol-interne-alejandra\/niceto-alcala-zamora\/\" class=\"more-link\">Continuer la lecture<span class=\"screen-reader-text\"> de &laquo;&nbsp;Niceto Alcal\u00e1-Zamora&nbsp;&raquo;<\/span><\/a><\/p>\n","protected":false},"author":580,"featured_media":0,"parent":2205,"menu_order":0,"comment_status":"closed","ping_status":"closed","template":"","meta":[],"_links":{"self":[{"href":"https:\/\/blogs.univ-jfc.fr\/vphn\/wp-json\/wp\/v2\/pages\/4284"}],"collection":[{"href":"https:\/\/blogs.univ-jfc.fr\/vphn\/wp-json\/wp\/v2\/pages"}],"about":[{"href":"https:\/\/blogs.univ-jfc.fr\/vphn\/wp-json\/wp\/v2\/types\/page"}],"author":[{"embeddable":true,"href":"https:\/\/blogs.univ-jfc.fr\/vphn\/wp-json\/wp\/v2\/users\/580"}],"replies":[{"embeddable":true,"href":"https:\/\/blogs.univ-jfc.fr\/vphn\/wp-json\/wp\/v2\/comments?post=4284"}],"version-history":[{"count":1,"href":"https:\/\/blogs.univ-jfc.fr\/vphn\/wp-json\/wp\/v2\/pages\/4284\/revisions"}],"predecessor-version":[{"id":4288,"href":"https:\/\/blogs.univ-jfc.fr\/vphn\/wp-json\/wp\/v2\/pages\/4284\/revisions\/4288"}],"up":[{"embeddable":true,"href":"https:\/\/blogs.univ-jfc.fr\/vphn\/wp-json\/wp\/v2\/pages\/2205"}],"wp:attachment":[{"href":"https:\/\/blogs.univ-jfc.fr\/vphn\/wp-json\/wp\/v2\/media?parent=4284"}],"curies":[{"name":"wp","href":"https:\/\/api.w.org\/{rel}","templated":true}]}}