{"id":4291,"date":"2019-02-27T16:27:41","date_gmt":"2019-02-27T15:27:41","guid":{"rendered":"http:\/\/blogs.univ-jfc.fr\/vphn\/?page_id=4291"},"modified":"2019-02-27T16:33:34","modified_gmt":"2019-02-27T15:33:34","slug":"la-bataille-de-lebre","status":"publish","type":"page","link":"https:\/\/blogs.univ-jfc.fr\/vphn\/projets-specifiques\/projet-septfonds-2018-2019\/une-descendante-despagnol-interne-alejandra\/la-bataille-de-lebre\/","title":{"rendered":"La Bataille de l&rsquo;Ebre"},"content":{"rendered":"<p align=\"justify\">La Bataille de l&rsquo;Ebre s&rsquo;est d\u00e9roul\u00e9e le 25 juillet jusqu&rsquo;au 16 novembre 1938, dans la basse vall\u00e9e de l&rsquo;Ebre en Espagne. Cette bataille a \u00e9t\u00e9 men\u00e9e par cinq bellig\u00e9rants divis\u00e9s en deux camps. D&rsquo;un c\u00f4t\u00e9, il y a les R\u00e9publicains compos\u00e9s de la R\u00e9publique espagnole et des Brigades internationales, et de l&rsquo;autre, les insurg\u00e9s nationalistes compos\u00e9s des sympathisants franquistes, des troupes nazis et celles du royaume d&rsquo;Italie. Ce combat a \u00e9t\u00e9 engag\u00e9 par les R\u00e9publicains. Cependant, ce fut leur derni\u00e8re grande offensive, car elle s&rsquo;est sold\u00e9e d&rsquo;une d\u00e9route tactique et strat\u00e9gique qui pr\u00e9cipita l&rsquo;issue de la guerre civile espagnole.<\/p>\n","protected":false},"excerpt":{"rendered":"<p>La Bataille de l&rsquo;Ebre s&rsquo;est d\u00e9roul\u00e9e le 25 juillet jusqu&rsquo;au 16 novembre 1938, dans la basse vall\u00e9e de l&rsquo;Ebre en Espagne. Cette bataille a \u00e9t\u00e9 men\u00e9e par cinq bellig\u00e9rants divis\u00e9s en deux camps. D&rsquo;un c\u00f4t\u00e9, il y a les R\u00e9publicains compos\u00e9s de la R\u00e9publique espagnole et des Brigades internationales, et de l&rsquo;autre, les insurg\u00e9s nationalistes &hellip; <\/p>\n<p class=\"link-more\"><a href=\"https:\/\/blogs.univ-jfc.fr\/vphn\/projets-specifiques\/projet-septfonds-2018-2019\/une-descendante-despagnol-interne-alejandra\/la-bataille-de-lebre\/\" class=\"more-link\">Continuer la lecture<span class=\"screen-reader-text\"> de &laquo;&nbsp;La Bataille de l&rsquo;Ebre&nbsp;&raquo;<\/span><\/a><\/p>\n","protected":false},"author":580,"featured_media":0,"parent":2205,"menu_order":0,"comment_status":"closed","ping_status":"closed","template":"","meta":[],"_links":{"self":[{"href":"https:\/\/blogs.univ-jfc.fr\/vphn\/wp-json\/wp\/v2\/pages\/4291"}],"collection":[{"href":"https:\/\/blogs.univ-jfc.fr\/vphn\/wp-json\/wp\/v2\/pages"}],"about":[{"href":"https:\/\/blogs.univ-jfc.fr\/vphn\/wp-json\/wp\/v2\/types\/page"}],"author":[{"embeddable":true,"href":"https:\/\/blogs.univ-jfc.fr\/vphn\/wp-json\/wp\/v2\/users\/580"}],"replies":[{"embeddable":true,"href":"https:\/\/blogs.univ-jfc.fr\/vphn\/wp-json\/wp\/v2\/comments?post=4291"}],"version-history":[{"count":1,"href":"https:\/\/blogs.univ-jfc.fr\/vphn\/wp-json\/wp\/v2\/pages\/4291\/revisions"}],"predecessor-version":[{"id":4298,"href":"https:\/\/blogs.univ-jfc.fr\/vphn\/wp-json\/wp\/v2\/pages\/4291\/revisions\/4298"}],"up":[{"embeddable":true,"href":"https:\/\/blogs.univ-jfc.fr\/vphn\/wp-json\/wp\/v2\/pages\/2205"}],"wp:attachment":[{"href":"https:\/\/blogs.univ-jfc.fr\/vphn\/wp-json\/wp\/v2\/media?parent=4291"}],"curies":[{"name":"wp","href":"https:\/\/api.w.org\/{rel}","templated":true}]}}