{"id":4403,"date":"2019-02-28T11:58:47","date_gmt":"2019-02-28T10:58:47","guid":{"rendered":"http:\/\/blogs.univ-jfc.fr\/vphn\/?page_id=4403"},"modified":"2019-02-28T11:59:58","modified_gmt":"2019-02-28T10:59:58","slug":"les-mousquetaires-gascons","status":"publish","type":"page","link":"https:\/\/blogs.univ-jfc.fr\/vphn\/dartagnan-ou-lideal-du-mousquetaire-gascon-2018\/les-mousquetaires-gascons\/","title":{"rendered":"Les mousquetaires gascons"},"content":{"rendered":"<h3>Athos<\/h3>\n<p>N\u00e9 Armand\u00a0 de Sill\u00e8gue d&rsquo;Autevielle, celui qui inspire le personnage d&rsquo;Athos est n\u00e9 dans le B\u00e9arn en 1615. Cadet de sa famille, il a le choix entre l\u2019arm\u00e9e et les ordres. Cousin au deuxi\u00e8me degr\u00e9 de Monsieur le comte de Tr\u00e9ville, il choisit l\u2019arm\u00e9e et rentre en 1640 chez les mousquetaires sous la protection et gr\u00e2ce \u00e0 l&rsquo;appui de son cousin. Beaucoup d&rsquo;historiens s&rsquo;accordent pour dire qu&rsquo;il serait mort d&rsquo;un duel \u00e0 Paris le 21 d\u00e9cembre 1645.<\/p>\n<h3>Porthos<\/h3>\n<p>N\u00e9 Isaac de Portau, le v\u00e9ritable mousquetaire est n\u00e9 \u00e0 Pau le 2 f\u00e9vrier 1617 et aucune date de mort n&rsquo;est connue. Porthos est issu d&rsquo;une famille protestante et est seigneur de Camport et de Castetbon. Cadet lui aussi, il rentre dans les Gardes Fran\u00e7aises, Compagnie des Essarts o\u00f9 celui-ci a s\u00fbrement crois\u00e9 d&rsquo;Artagnan.\u00a0 C&rsquo;est en 1643 qu&rsquo;il entre dans le corps des mousquetaires.\u00a0 Recommand\u00e9 par Fran\u00e7ois de Guillon, beau-fr\u00e8re de Monsieur de Tr\u00e9ville.<\/p>\n<h3>Aramis<\/h3>\n<p>N\u00e9 Henri d&rsquo;Aramitz, soit Aramis vers 1621 dans le B\u00e9arn.\u00a0 Henri rentre dans le corps des mousquetaires en 1641 avec l\u2019appui de son cousin germain Monsieur le Comte de Tr\u00e9ville. Apr\u00e8s ses ann\u00e9es de service comme mousquetaire, il devient abb\u00e9 la\u00efc. Aucune date de mort n&rsquo;est connue.<\/p>\n<h3>Le Comte de Tr\u00e9ville<\/h3>\n<p>N\u00e9 Jean-Armand du Peyrer \u00e0 Oloron-Sainte-Marie en 1598, il d\u00e9laisse le commerce pour les armes et s&rsquo;engage comme cadet dans les Gardes Fran\u00e7aises en 1616. En 1643 il est nomm\u00e9 capitaine de la compagnie des mousquetaires. Ha\u00ef par Richelieu, rappel\u00e9 par Louis XIII, rivaux avec Mazarin, ce dernier fait dissoudre la compagnie des mousquetaires en 1646. Sa carri\u00e8re militaire est finie, Jean-Armand du Peyrer rejoint le Pays Basque et finit sa vie l\u00e0-bas o\u00f9 il meurt en 1672 \u00e0 Trois-Villes.<\/p>\n","protected":false},"excerpt":{"rendered":"<p>Athos N\u00e9 Armand\u00a0 de Sill\u00e8gue d&rsquo;Autevielle, celui qui inspire le personnage d&rsquo;Athos est n\u00e9 dans le B\u00e9arn en 1615. Cadet de sa famille, il a le choix entre l\u2019arm\u00e9e et les ordres. Cousin au deuxi\u00e8me degr\u00e9 de Monsieur le comte de Tr\u00e9ville, il choisit l\u2019arm\u00e9e et rentre en 1640 chez les mousquetaires sous la protection &hellip; <\/p>\n<p class=\"link-more\"><a href=\"https:\/\/blogs.univ-jfc.fr\/vphn\/dartagnan-ou-lideal-du-mousquetaire-gascon-2018\/les-mousquetaires-gascons\/\" class=\"more-link\">Continuer la lecture<span class=\"screen-reader-text\"> de &laquo;&nbsp;Les mousquetaires gascons&nbsp;&raquo;<\/span><\/a><\/p>\n","protected":false},"author":411,"featured_media":0,"parent":2949,"menu_order":0,"comment_status":"closed","ping_status":"closed","template":"","meta":[],"_links":{"self":[{"href":"https:\/\/blogs.univ-jfc.fr\/vphn\/wp-json\/wp\/v2\/pages\/4403"}],"collection":[{"href":"https:\/\/blogs.univ-jfc.fr\/vphn\/wp-json\/wp\/v2\/pages"}],"about":[{"href":"https:\/\/blogs.univ-jfc.fr\/vphn\/wp-json\/wp\/v2\/types\/page"}],"author":[{"embeddable":true,"href":"https:\/\/blogs.univ-jfc.fr\/vphn\/wp-json\/wp\/v2\/users\/411"}],"replies":[{"embeddable":true,"href":"https:\/\/blogs.univ-jfc.fr\/vphn\/wp-json\/wp\/v2\/comments?post=4403"}],"version-history":[{"count":3,"href":"https:\/\/blogs.univ-jfc.fr\/vphn\/wp-json\/wp\/v2\/pages\/4403\/revisions"}],"predecessor-version":[{"id":4448,"href":"https:\/\/blogs.univ-jfc.fr\/vphn\/wp-json\/wp\/v2\/pages\/4403\/revisions\/4448"}],"up":[{"embeddable":true,"href":"https:\/\/blogs.univ-jfc.fr\/vphn\/wp-json\/wp\/v2\/pages\/2949"}],"wp:attachment":[{"href":"https:\/\/blogs.univ-jfc.fr\/vphn\/wp-json\/wp\/v2\/media?parent=4403"}],"curies":[{"name":"wp","href":"https:\/\/api.w.org\/{rel}","templated":true}]}}