{"id":4463,"date":"2019-02-28T12:28:17","date_gmt":"2019-02-28T11:28:17","guid":{"rendered":"http:\/\/blogs.univ-jfc.fr\/vphn\/?page_id=4463"},"modified":"2019-02-28T12:31:12","modified_gmt":"2019-02-28T11:31:12","slug":"bibliographie-la-saint-barthelemy-dans-le-haut-languedoc","status":"publish","type":"page","link":"https:\/\/blogs.univ-jfc.fr\/vphn\/histoire-locale\/la-saint-barthelemy-au-haut-languedoc2018-2019\/bibliographie-la-saint-barthelemy-dans-le-haut-languedoc\/","title":{"rendered":"Bibliographie La Saint Barth\u00e9lemy dans le Haut Languedoc"},"content":{"rendered":"<div class=\"csl-bib-body\">\n<div class=\"csl-bib-body\">\n<p>Pour aller plus loin:<\/p>\n<p>PROTET Georges. M\u00e9<i>moires d\u2019Albi Une ville \u00e0 travers l\u2019Histoire Tarn Midi Pyr\u00e9n\u00e9es<\/i>, Albi, \u00c9ditions Grand Sud, 2008.<\/p>\n<p>SORIANO Alain. <i>La Saint-Barth\u00e9l\u00e9my et les Guerres de Religion \u00e0 Gaillac, <\/i>Gaillac, 1998<\/p>\n<p align=\"justify\"><span style=\"font-size: medium\">GARRISON, Janine. <i>Protestants du midi, 1559-1598<\/i>. Nouv. \u00e9d. mise \u00e0 jour. Toulouse\u00a0, Privat, 2000.<\/span><\/p>\n<p align=\"justify\"><span style=\"font-size: medium\">ROUX, Nicolas Le. <i>Les guerres de religion,<\/i> Presses universitaires de France, PUF, 2016.<\/span><\/p>\n<p align=\"justify\"><span style=\"font-size: medium\">ROUANET, Romain. <i>Catholiques et protestants dans la montagne castraise, 1570-1629: coexistence religieuse et construction des groupes religieux<\/i>. Castres, France, Soci\u00e9t\u00e9 culturelle du pays castrais, 2009.<\/span><\/p>\n<\/div>\n<\/div>\n","protected":false},"excerpt":{"rendered":"<p>Pour aller plus loin: PROTET Georges. M\u00e9moires d\u2019Albi Une ville \u00e0 travers l\u2019Histoire Tarn Midi Pyr\u00e9n\u00e9es, Albi, \u00c9ditions Grand Sud, 2008. SORIANO Alain. La Saint-Barth\u00e9l\u00e9my et les Guerres de Religion \u00e0 Gaillac, Gaillac, 1998 GARRISON, Janine. Protestants du midi, 1559-1598. Nouv. \u00e9d. mise \u00e0 jour. Toulouse\u00a0, Privat, 2000. ROUX, Nicolas Le. Les guerres de religion, &hellip; <\/p>\n<p class=\"link-more\"><a href=\"https:\/\/blogs.univ-jfc.fr\/vphn\/histoire-locale\/la-saint-barthelemy-au-haut-languedoc2018-2019\/bibliographie-la-saint-barthelemy-dans-le-haut-languedoc\/\" class=\"more-link\">Continuer la lecture<span class=\"screen-reader-text\"> de &laquo;&nbsp;Bibliographie La Saint Barth\u00e9lemy dans le Haut Languedoc&nbsp;&raquo;<\/span><\/a><\/p>\n","protected":false},"author":565,"featured_media":0,"parent":3836,"menu_order":0,"comment_status":"closed","ping_status":"closed","template":"","meta":[],"_links":{"self":[{"href":"https:\/\/blogs.univ-jfc.fr\/vphn\/wp-json\/wp\/v2\/pages\/4463"}],"collection":[{"href":"https:\/\/blogs.univ-jfc.fr\/vphn\/wp-json\/wp\/v2\/pages"}],"about":[{"href":"https:\/\/blogs.univ-jfc.fr\/vphn\/wp-json\/wp\/v2\/types\/page"}],"author":[{"embeddable":true,"href":"https:\/\/blogs.univ-jfc.fr\/vphn\/wp-json\/wp\/v2\/users\/565"}],"replies":[{"embeddable":true,"href":"https:\/\/blogs.univ-jfc.fr\/vphn\/wp-json\/wp\/v2\/comments?post=4463"}],"version-history":[{"count":2,"href":"https:\/\/blogs.univ-jfc.fr\/vphn\/wp-json\/wp\/v2\/pages\/4463\/revisions"}],"predecessor-version":[{"id":5707,"href":"https:\/\/blogs.univ-jfc.fr\/vphn\/wp-json\/wp\/v2\/pages\/4463\/revisions\/5707"}],"up":[{"embeddable":true,"href":"https:\/\/blogs.univ-jfc.fr\/vphn\/wp-json\/wp\/v2\/pages\/3836"}],"wp:attachment":[{"href":"https:\/\/blogs.univ-jfc.fr\/vphn\/wp-json\/wp\/v2\/media?parent=4463"}],"curies":[{"name":"wp","href":"https:\/\/api.w.org\/{rel}","templated":true}]}}