{"id":4500,"date":"2019-02-28T12:41:55","date_gmt":"2019-02-28T11:41:55","guid":{"rendered":"http:\/\/blogs.univ-jfc.fr\/vphn\/?page_id=4500"},"modified":"2019-03-01T11:16:08","modified_gmt":"2019-03-01T10:16:08","slug":"duc-de-guise-la-saint-barthelemy-dans-le-haut-languedoc","status":"publish","type":"page","link":"https:\/\/blogs.univ-jfc.fr\/vphn\/histoire-locale\/la-saint-barthelemy-au-haut-languedoc2018-2019\/duc-de-guise-la-saint-barthelemy-dans-le-haut-languedoc\/","title":{"rendered":"Duc de Guise &#8211; La Saint Barth\u00e9lemy dans le Haut Languedoc"},"content":{"rendered":"<p align=\"justify\">Le Duc de Guise, ou Fran\u00e7ois Ier de Lorraine (1519-1563), est le second duc de Guise. Il est l&rsquo;un des principaux commandants de Henri II et meneur du parti catholique, contre les protestants. \u00c0 la t\u00eate d&rsquo;une des plus puissantes familles de France, les Guise, il acquiert de nombreux titres et pouvoirs. Il d\u00e9clenche les guerres de Religion avec le massacre de Wassy en 1562. Il meurt en 1563 lors du si\u00e8ge d\u2019Orl\u00e9ans par les catholiques.<\/p>\n<figure id=\"attachment_4505\" aria-describedby=\"caption-attachment-4505\" style=\"width: 471px\" class=\"wp-caption aligncenter\"><img loading=\"lazy\" class=\"size-full wp-image-4505\" src=\"http:\/\/blogs.univ-jfc.fr\/vphn\/wp-content\/uploads\/sites\/65\/2019\/02\/Francois_de_Lorraine.jpg\" alt=\"\" width=\"471\" height=\"645\" srcset=\"https:\/\/blogs.univ-jfc.fr\/vphn\/wp-content\/uploads\/sites\/65\/2019\/02\/Francois_de_Lorraine.jpg 471w, https:\/\/blogs.univ-jfc.fr\/vphn\/wp-content\/uploads\/sites\/65\/2019\/02\/Francois_de_Lorraine-219x300.jpg 219w\" sizes=\"(max-width: 471px) 100vw, 471px\" \/><figcaption id=\"caption-attachment-4505\" class=\"wp-caption-text\">Fran\u00e7ois de Lorraine par Fran\u00e7ois Clouet, Mus\u00e9e du Louvre<\/figcaption><\/figure>\n","protected":false},"excerpt":{"rendered":"<p>Le Duc de Guise, ou Fran\u00e7ois Ier de Lorraine (1519-1563), est le second duc de Guise. Il est l&rsquo;un des principaux commandants de Henri II et meneur du parti catholique, contre les protestants. \u00c0 la t\u00eate d&rsquo;une des plus puissantes familles de France, les Guise, il acquiert de nombreux titres et pouvoirs. Il d\u00e9clenche les &hellip; <\/p>\n<p class=\"link-more\"><a href=\"https:\/\/blogs.univ-jfc.fr\/vphn\/histoire-locale\/la-saint-barthelemy-au-haut-languedoc2018-2019\/duc-de-guise-la-saint-barthelemy-dans-le-haut-languedoc\/\" class=\"more-link\">Continuer la lecture<span class=\"screen-reader-text\"> de &laquo;&nbsp;Duc de Guise &#8211; La Saint Barth\u00e9lemy dans le Haut Languedoc&nbsp;&raquo;<\/span><\/a><\/p>\n","protected":false},"author":565,"featured_media":0,"parent":3836,"menu_order":0,"comment_status":"closed","ping_status":"closed","template":"","meta":[],"_links":{"self":[{"href":"https:\/\/blogs.univ-jfc.fr\/vphn\/wp-json\/wp\/v2\/pages\/4500"}],"collection":[{"href":"https:\/\/blogs.univ-jfc.fr\/vphn\/wp-json\/wp\/v2\/pages"}],"about":[{"href":"https:\/\/blogs.univ-jfc.fr\/vphn\/wp-json\/wp\/v2\/types\/page"}],"author":[{"embeddable":true,"href":"https:\/\/blogs.univ-jfc.fr\/vphn\/wp-json\/wp\/v2\/users\/565"}],"replies":[{"embeddable":true,"href":"https:\/\/blogs.univ-jfc.fr\/vphn\/wp-json\/wp\/v2\/comments?post=4500"}],"version-history":[{"count":3,"href":"https:\/\/blogs.univ-jfc.fr\/vphn\/wp-json\/wp\/v2\/pages\/4500\/revisions"}],"predecessor-version":[{"id":4853,"href":"https:\/\/blogs.univ-jfc.fr\/vphn\/wp-json\/wp\/v2\/pages\/4500\/revisions\/4853"}],"up":[{"embeddable":true,"href":"https:\/\/blogs.univ-jfc.fr\/vphn\/wp-json\/wp\/v2\/pages\/3836"}],"wp:attachment":[{"href":"https:\/\/blogs.univ-jfc.fr\/vphn\/wp-json\/wp\/v2\/media?parent=4500"}],"curies":[{"name":"wp","href":"https:\/\/api.w.org\/{rel}","templated":true}]}}