{"id":4596,"date":"2019-02-28T13:54:33","date_gmt":"2019-02-28T12:54:33","guid":{"rendered":"http:\/\/blogs.univ-jfc.fr\/vphn\/?page_id=4596"},"modified":"2019-02-28T13:54:33","modified_gmt":"2019-02-28T12:54:33","slug":"bibliographie-nostradamus","status":"publish","type":"page","link":"https:\/\/blogs.univ-jfc.fr\/vphn\/bibliographie\/bibliographie-nostradamus\/","title":{"rendered":"Bibliographie Nostradamus"},"content":{"rendered":"<h4>Ouvrages g\u00e9n\u00e9raux\u00a0:<\/h4>\n<ul>\n<li>CAUZAURAN, N., <em>Proph\u00e8tes et proph\u00e9ties au XVIe si\u00e8cle, <\/em>Paris, Rue d&rsquo;Ulm, 1998<\/li>\n<li>KONIEC, C., <em> : M\u00e9decin, magicien, astrologue &amp; proph\u00e8te, <\/em>Paris, Credel, 2000<\/li>\n<\/ul>\n<h4>Vie de Nostradamus\u00a0:<\/h4>\n<ul>\n<li>DE FONTBRUNE, JC., <em>Nostradamus Historien et proph\u00e8te<\/em>, Paris, Pocket, 1999.<\/li>\n<li>DR\u00c9VILLON, H., et LAGRANGE, P., <em>Nostradamus, L\u2019\u00e9ternel Retour<\/em>, Paris, Gallimard, 2003.<\/li>\n<li>GALMOT, B., <em>La R\u00e9volution Nostradamus<\/em>, Paris, 7 \u00e9crits, 2016.<\/li>\n<li>GERSON, S., <em>Nostradamus, le proph\u00e8te de nos malheurs XVI-XXI,<\/em> Paris, Tallandier, 2012<\/li>\n<li>HALBRONN, J., <em>Une attaque r\u00e9form\u00e9e oubli\u00e9e contre Nostradamus<\/em> (1561). In: <em>Bulletin de l&rsquo;Association d&rsquo;\u00e9tude sur l&rsquo;humanisme, la r\u00e9forme et la renaissance<\/em>, n\u00b033, 1991. pp. 43-72.<\/li>\n<li>MAGUELONNE, J., <em>Michel de Nostredame, dit Nostradamus<\/em>, N\u00eemes, De Vecchi, 2004<\/li>\n<li>MICHEL, A., Nostradamus, <em>Lettres in\u00e9dites<\/em>, \u00e9d. par Jean Dup\u00e8be. In: <em>Bulletin de l&rsquo;Association Guillaume Bud\u00e9<\/em>, n\u00b02, juin 1987. pp. 203-204.<\/li>\n<li>PICHON, J., <em>Nostradamus La vie Vol.1 et Vol.2, E\/dit Histoire, 2001.<\/em><\/li>\n<li>SAMSON, C., <em>Le V\u00e9ritable Nostradamus<\/em>, Toulouse, Trajectoire, 2010.<\/li>\n<li>WILSON, I., <em>Nostradamus: The Man Behind the Prophecies, New York, St Martin Press, <\/em>2002<\/li>\n<\/ul>\n<h4>Proph\u00e9ties et Apocalypse\u00a0:<\/h4>\n<ul>\n<li>CAROZZI, C., et TAVIANI-CAROZZI, H., <em>La fin des temps, terreurs et proph\u00e9ties au Moyen Age<\/em>, Paris, Flammarion, 1999.<\/li>\n<li>CHAMORAT, M., <em>Nostradamus ou le savoir transmis<\/em>, Lyon, Chamorat, 1997.<\/li>\n<li>DURDEN SMITH, J., <em>Nostradamus and Other Prophets and Seers: Prophecies and Secret Knowledge from Ancient Times to the Present Day<\/em>, Londres, Arcturus, 2017<\/li>\n<li>GERSON, S., <em> How an obscure Renaissance Astrologer became the Modern Prophet of Doom<\/em>, New York, St Martin\u2019s Press, 2012<\/li>\n<li>IONESCU, V., et DE BROSSES, MT., <em>Les Derni\u00e8res Victoires de Nostradamus,<\/em> Paris, FeniXX, 1982<\/li>\n<li>NOSTRADAME, M., <em>Les Proph\u00e9ties de Nostradamus, Paris, <\/em>Archipcohe<em>, 2013.<\/em><\/li>\n<li>PALMER HALL, M., <em>Sages &amp; Seers<\/em>, philosophical research society, Californie, 1959<\/li>\n<li>ROTH-ROSE, ME., <em>Les \u00e9crits proph\u00e9tiques de Nostradamus.<\/em>. In: <em>Bulletin de l&rsquo;Association d&rsquo;\u00e9tude sur l&rsquo;humanisme, la r\u00e9forme et la renaissance<\/em>, n\u00b028, 1989. pp. 60-63.<\/li>\n<li>TURPIN, C., <em>Nostradamus D\u00e9cod\u00e9, Paris, Ch\u00e2telet, 2010.<\/em><\/li>\n<li>VYSTRECIL, H., <em>Nostradamus Les centuries dans le Sud, <\/em>Toulouse, Loubati\u00e8res, 2002<\/li>\n<\/ul>\n<h4>M\u00e9decine, Astrologie et l\u2019occultisme :<\/h4>\n<ul>\n<li>AMADOU, R., L\u2019astrologie de Nostradamus, Poissy, A.R.R.C, 1992<\/li>\n<li>CROUZET, D., <em>Nostradamus une m\u00e9decine des \u00e2mes \u00e0 la renaissance<\/em>, Gen\u00e8ve, Payot, 2011<\/li>\n<li>DEFRANCE, E., <em>Catherine de M\u00e9dicis, ses astrologues et ses magiciens-envo\u00fbteurs, Paris, Mercure de France<\/em>, 1911<\/li>\n<li>HERV\u00c9, D., et B\u00c9HAR, P., <em>Les langues occultes de la Renaissance<\/em>. In: <em>Revue d\u2019histoire moderne et contemporaine<\/em>, tome 47 N\u00b01, Janvier-mars 2000. Ordre et d\u00e9sordres, XVIIe-XXe si\u00e8cles. pp. 197-199.<\/li>\n<li>MICHAUD, J., M\u00e9decine et Astrologie, Paris, Pr\u00e9sence, 1990<\/li>\n<li>VERDET, JP., <em>Le ciel ordre et d\u00e9sordre<\/em>, Paris, Gallimard, 1987<\/li>\n<\/ul>\n","protected":false},"excerpt":{"rendered":"<p>Ouvrages g\u00e9n\u00e9raux\u00a0: CAUZAURAN, N., Proph\u00e8tes et proph\u00e9ties au XVIe si\u00e8cle, Paris, Rue d&rsquo;Ulm, 1998 KONIEC, C., : M\u00e9decin, magicien, astrologue &amp; proph\u00e8te, Paris, Credel, 2000 Vie de Nostradamus\u00a0: DE FONTBRUNE, JC., Nostradamus Historien et proph\u00e8te, Paris, Pocket, 1999. DR\u00c9VILLON, H., et LAGRANGE, P., Nostradamus, L\u2019\u00e9ternel Retour, Paris, Gallimard, 2003. GALMOT, B., La R\u00e9volution Nostradamus, Paris, &hellip; <\/p>\n<p class=\"link-more\"><a href=\"https:\/\/blogs.univ-jfc.fr\/vphn\/bibliographie\/bibliographie-nostradamus\/\" class=\"more-link\">Continuer la lecture<span class=\"screen-reader-text\"> de &laquo;&nbsp;Bibliographie Nostradamus&nbsp;&raquo;<\/span><\/a><\/p>\n","protected":false},"author":490,"featured_media":0,"parent":2998,"menu_order":0,"comment_status":"closed","ping_status":"closed","template":"","meta":[],"_links":{"self":[{"href":"https:\/\/blogs.univ-jfc.fr\/vphn\/wp-json\/wp\/v2\/pages\/4596"}],"collection":[{"href":"https:\/\/blogs.univ-jfc.fr\/vphn\/wp-json\/wp\/v2\/pages"}],"about":[{"href":"https:\/\/blogs.univ-jfc.fr\/vphn\/wp-json\/wp\/v2\/types\/page"}],"author":[{"embeddable":true,"href":"https:\/\/blogs.univ-jfc.fr\/vphn\/wp-json\/wp\/v2\/users\/490"}],"replies":[{"embeddable":true,"href":"https:\/\/blogs.univ-jfc.fr\/vphn\/wp-json\/wp\/v2\/comments?post=4596"}],"version-history":[{"count":4,"href":"https:\/\/blogs.univ-jfc.fr\/vphn\/wp-json\/wp\/v2\/pages\/4596\/revisions"}],"predecessor-version":[{"id":4602,"href":"https:\/\/blogs.univ-jfc.fr\/vphn\/wp-json\/wp\/v2\/pages\/4596\/revisions\/4602"}],"up":[{"embeddable":true,"href":"https:\/\/blogs.univ-jfc.fr\/vphn\/wp-json\/wp\/v2\/pages\/2998"}],"wp:attachment":[{"href":"https:\/\/blogs.univ-jfc.fr\/vphn\/wp-json\/wp\/v2\/media?parent=4596"}],"curies":[{"name":"wp","href":"https:\/\/api.w.org\/{rel}","templated":true}]}}