{"id":4653,"date":"2019-02-28T16:10:28","date_gmt":"2019-02-28T15:10:28","guid":{"rendered":"http:\/\/blogs.univ-jfc.fr\/vphn\/?page_id=4653"},"modified":"2019-02-28T16:10:28","modified_gmt":"2019-02-28T15:10:28","slug":"bibliographie-le-chateau-de-brousse-et-le-rouergue-xe-xvie-siecles","status":"publish","type":"page","link":"https:\/\/blogs.univ-jfc.fr\/vphn\/bibliographie-le-chateau-de-brousse-et-le-rouergue-xe-xvie-siecles\/","title":{"rendered":"Bibliographie le ch\u00e2teau de Brousse et le Rouergue, Xe &#8211; XVIe si\u00e8cles."},"content":{"rendered":"<h4>Ouvrages g\u00e9n\u00e9raux \u00e0 propos du Rouergue:<\/h4>\n<p>&nbsp;<\/p>\n<ul>\n<li>Bousquet, Enqu\u00eate sur les commodit\u00e9s du Rouergue en 1552, Proc\u00e8s avec l\u2019Agen\u00e7ais, le Quercy et le P\u00e9rigord. \u2014 Toulouse, Privat, Biblioth\u00e8que M\u00e9ridionale, 1969, 265 pp.<\/li>\n<li>Bousquet, Le Rouergue au XI\u00e8 et XIII\u00e8 si\u00e8cles. Les pouvoirs, leurs rapports. \u2014 Th\u00e8se du 3e cycle, Toulouse, 1971, 4 volumes<\/li>\n<li>Enjalbert, Rouergue, Quercy. \u2014 Paris, Arthaud, 1971, 238 pp.<\/li>\n<li>Hippolyte de Barrau,\u00a0Documents historiques et g\u00e9n\u00e9alogiques sur les familles et les hommes remarquables du Rouergue dans les temps anciens et modernes, tome\u00a01er, pages 361 \u00e0 421, Rodez, 1853-1860<\/li>\n<li>Miquel, Tours du Moyen-Age dans le Rouergue \u2014 Toulouse, Universit\u00e9 du Mirail, m\u00e9moire dactylographi\u00e9, 1976, T. I, 563 pp. ; T II. 164 pp.<\/li>\n<li>Molinier Auguste. La s\u00e9n\u00e9chauss\u00e9e de Rouergue en 1341. Biblioth\u00e8que de l&rsquo;\u00e9cole des chartes. 1883, tome 44. pp. 452-488.<\/li>\n<li>Neufbourg, Ch\u00e2teaux et maisons fortes, Bulletin de la Diane , T. XXXI, 1948, p.228-231<\/li>\n<li>Valady, Les ch\u00e2teaux de l\u2019ancien Rouergue. 3 tomes\u2014 Rodez, P. Carr\u00e8re, T. I, 1927, 608 pp. ; T. II, 1935, 575 pp. \u2014 Millau, Maury, T. III, 1961, 595 pp.<\/li>\n<\/ul>\n<h4>Revues et articles scientifiques:<\/h4>\n<p>&nbsp;<\/p>\n<ul>\n<li>Barrere Michel, Faravel Sylvie. Arch\u00e9ologie des r\u00e9sidences aristocratiques m\u00e9di\u00e9vales en Midi-Pyr\u00e9n\u00e9es (1987-2002). Arch\u00e9ologie du Midi m\u00e9di\u00e9val. Suppl\u00e9ment n\u00b04, 2006. R\u00e9sidences aristocratiques, r\u00e9sidences du pouvoir entre Loire et Pyr\u00e9n\u00e9es, Xe-XVe si\u00e8cles. Recherches arch\u00e9ologiques r\u00e9centes, 1987-2002. pp. 31-51.<\/li>\n<li>Brants Victor. Fragments d&rsquo;\u00c9conomie politique du Moyen \u00e2ge.Revue n\u00e9o-scolastique. 2\u1d49 ann\u00e9e, n\u00b05, 1895. pp. 27-48.<\/li>\n<li>Desachy-Delclos Sylvie. Les \u00e9lites militaires en Rouergue au XVIe si\u00e8cle.\u00a0Annales du Midi : revue arch\u00e9ologique, historique et philologique de la France m\u00e9ridionale, Tome 108, N\u00b0213, 1996. pp. 9-27.<\/li>\n<li>Chiffoleau Jacques. Pour une \u00e9conomie de l&rsquo;institution eccl\u00e9siale \u00e0 la fin du Moyen \u00c2ge.\u00a0M\u00e9langes de l&rsquo;Ecole fran\u00e7aise de Rome. Moyen-Age, Temps modernes, tome 96, n\u00b01. 1984. pp. 247-279.<\/li>\n<li>Deyres Marcel. Raymond No\u00ebl.\u00a0Dictionnaire des ch\u00e2teaux de l&rsquo;Aveyron. Pr\u00e9face de Jacques Bousquet.\u00a0Bulletin Monumental, tome 130, n\u00b04, ann\u00e9e 1972. pp. 376-377.<\/li>\n<li>Garnier Florent. I. Le consulat de Millau au bas Moyen \u00c2ge : finances, pouvoir et soci\u00e9t\u00e9. Annuaire des collectivit\u00e9s locales. Tome 24, 2004. R\u00e9forme de la d\u00e9centralisation, r\u00e9forme de l&rsquo;\u00c9tat. R\u00e9gions et villes en Europe. pp. 845-853.<\/li>\n<li>G\u00e9rard Pierre. Chronique des archives. Annales du Midi : revue arch\u00e9ologique, historique et philologique de la France m\u00e9ridionale, Tome 91, N\u00b0142, 1979. pp. 223-232.<\/li>\n<li>Marandet\u00a0 Marie-Claude, Bibliographie r\u00e9gionale.\u00a0 Arch\u00e9ologie du Midi m\u00e9di\u00e9val. Tome 18, 2000. pp. 197-209.<\/li>\n<li>Mesqui Jean. Jacques Miquel, Ch\u00e2teaux et lieux fortifi\u00e9es du Rouergue. Bulletin Monumental, tome 141, n\u00b02, ann\u00e9es 1983. p.221.<\/li>\n<li>Soutou Andr\u00e9. Trois chartes occitanes du XIIIe si\u00e8cle concernant les Hospitaliers de La Bastide-Pradines (Aveyron). Annales du Midi : revue arch\u00e9ologique, historique et philologique de la France m\u00e9ridionale, Tome 79, N\u00b082, 1967. pp. 121-172.<\/li>\n<li>Tissan\u00e9 Christiane. C. &#8211; Moyen \u00c2ge.\u00a0Annales du Midi : revue arch\u00e9ologique, historique et philologique de la France m\u00e9ridionale, Tome 83, N\u00b0105, 1971. Bibliographie de la France m\u00e9ridionale. pp. 592-595.<\/li>\n<\/ul>\n","protected":false},"excerpt":{"rendered":"<p>Ouvrages g\u00e9n\u00e9raux \u00e0 propos du Rouergue: &nbsp; Bousquet, Enqu\u00eate sur les commodit\u00e9s du Rouergue en 1552, Proc\u00e8s avec l\u2019Agen\u00e7ais, le Quercy et le P\u00e9rigord. \u2014 Toulouse, Privat, Biblioth\u00e8que M\u00e9ridionale, 1969, 265 pp. Bousquet, Le Rouergue au XI\u00e8 et XIII\u00e8 si\u00e8cles. Les pouvoirs, leurs rapports. \u2014 Th\u00e8se du 3e cycle, Toulouse, 1971, 4 volumes Enjalbert, Rouergue, &hellip; <\/p>\n<p class=\"link-more\"><a href=\"https:\/\/blogs.univ-jfc.fr\/vphn\/bibliographie-le-chateau-de-brousse-et-le-rouergue-xe-xvie-siecles\/\" class=\"more-link\">Continuer la lecture<span class=\"screen-reader-text\"> de &laquo;&nbsp;Bibliographie le ch\u00e2teau de Brousse et le Rouergue, Xe &#8211; XVIe si\u00e8cles.&nbsp;&raquo;<\/span><\/a><\/p>\n","protected":false},"author":429,"featured_media":0,"parent":0,"menu_order":0,"comment_status":"closed","ping_status":"closed","template":"","meta":[],"_links":{"self":[{"href":"https:\/\/blogs.univ-jfc.fr\/vphn\/wp-json\/wp\/v2\/pages\/4653"}],"collection":[{"href":"https:\/\/blogs.univ-jfc.fr\/vphn\/wp-json\/wp\/v2\/pages"}],"about":[{"href":"https:\/\/blogs.univ-jfc.fr\/vphn\/wp-json\/wp\/v2\/types\/page"}],"author":[{"embeddable":true,"href":"https:\/\/blogs.univ-jfc.fr\/vphn\/wp-json\/wp\/v2\/users\/429"}],"replies":[{"embeddable":true,"href":"https:\/\/blogs.univ-jfc.fr\/vphn\/wp-json\/wp\/v2\/comments?post=4653"}],"version-history":[{"count":5,"href":"https:\/\/blogs.univ-jfc.fr\/vphn\/wp-json\/wp\/v2\/pages\/4653\/revisions"}],"predecessor-version":[{"id":4667,"href":"https:\/\/blogs.univ-jfc.fr\/vphn\/wp-json\/wp\/v2\/pages\/4653\/revisions\/4667"}],"wp:attachment":[{"href":"https:\/\/blogs.univ-jfc.fr\/vphn\/wp-json\/wp\/v2\/media?parent=4653"}],"curies":[{"name":"wp","href":"https:\/\/api.w.org\/{rel}","templated":true}]}}