{"id":4698,"date":"2019-02-28T18:06:59","date_gmt":"2019-02-28T17:06:59","guid":{"rendered":"http:\/\/blogs.univ-jfc.fr\/vphn\/?page_id=4698"},"modified":"2019-05-07T11:53:15","modified_gmt":"2019-05-07T09:53:15","slug":"bibliographie-chateau-de-bournazel-2018-2019","status":"publish","type":"page","link":"https:\/\/blogs.univ-jfc.fr\/vphn\/bibliographie-chateau-de-bournazel-2018-2019\/","title":{"rendered":"Bibliographie ch\u00e2teau de Bournazel [2018]"},"content":{"rendered":"<p><b>Ouvrages g\u00e9n\u00e9raux:<\/b><\/p>\n<p>&nbsp;<\/p>\n<p>Bedel C-P., Rignac, (Al Canton), <i>Rodez<\/i>, Mission d\u00e9partementale de la culture, 1991<\/p>\n<p>Bernard G. et Cavagnac G.,<i> Villefranche de Rouergue histoire et g\u00e9nie du lieu<\/i>, Toulouse, Privat, 1991<\/p>\n<p>Bruant Y., <i>Les ch\u00e2teaux du Lauragais du XVIe jusqu\u2019au d\u00e9but du XIXe si\u00e8cle<\/i>, Lille, ANRT, 2000<\/p>\n<p>Coll\u00e8ge de France, <i>Cours et travaux du Coll\u00e8ge de France<\/i>, Annuaire 111e ann\u00e9e, Paris, 2012<\/p>\n<p>Congr\u00e8s arch\u00e9ologique de France, <i>Monuments de l\u2019Aveyron<\/i>, Paris, soci\u00e9t\u00e9 fran\u00e7aise d\u2019arch\u00e9ologie, 2011<\/p>\n<p>CDDP de l\u2019Aveyron-IUFM, <i>L\u2019Aveyron une histoire<\/i>, Millau, 2000<\/p>\n<p>Drignon A., <i>L\u2019Aveyron Rouergue d\u2019hier et d\u2019aujourd\u2019hui<\/i>, Rodez, Fil d\u2019Ariane Editeur, 2003<\/p>\n<p>Figeac M.,<i> Ch\u00e2teaux et vie quotidienne de la noblesse : De la Renaissance \u00e0 la douceur des Lumi\u00e8res<\/i>, Paris, Armand Colin, 2006<\/p>\n<p>Lamarche-Vadel G., <i>Jardins secrets de la Renaissance: des astres, des simples et prodiges<\/i>, Paris Montr\u00e9al Qu\u00e9bec, \u00c9ditions l\u2019Harmattan, 1997<\/p>\n<p>Le Fur D., <i>La France de la Renaissance<\/i>, Paris, Tallandier, 2011<\/p>\n<p>Marie A., <i>Jardins fran\u00e7ais cr\u00e9\u00e9s \u00e0 la Renaissance<\/i>, Paris, Fr\u00e9al, 1955<\/p>\n<p>Maurel J.,<i> Sur le chemin grand : au coeur du S\u00e9gala, chemins et voyages, au temps des rois<\/i>, La Primaube, Graphi Imprimeur, 1994<\/p>\n<p>P\u00e9quiniot S. et Savy P.(dir.),<i> Annexer ? Les d\u00e9placements de fronti\u00e8res \u00e0 la fin du Moyen \u00c2ge<\/i>, Rennes, Presses universitaires de Rennes, 2016<\/p>\n<p>Que M.,<i> Le Rouergue<\/i>, Vic-en-Bigorre, MSM, 1998<\/p>\n<p>Racine M., <i>Cr\u00e9ateurs de jardins et de paysages: en France de la Renaissance au XXIe<\/i>, Arles Versailles, Actes Sud \u00c9cole nationale sup\u00e9rieure du paysage, 2001<\/p>\n<p>Saupin G., <i>La France \u00e0 l\u2019\u00e9poque moderne<\/i>, Paris, Armand Colin, 2016<\/p>\n<p>Verdier T.,\u00a0<i>Regards sur le patrimoine<\/i>, Montpellier, Editions de l\u2019Esp\u00e9rou, 2008<\/p>\n<p>&nbsp;<\/p>\n<p><b>Ouvrages sp\u00e9cifiques: <\/b><\/p>\n<p>Miquel J., <i>Ch\u00e2teaux et lieux fortifi\u00e9s du Rouergue<\/i>, Rodez, \u00e9ditions fran\u00e7aises d\u2019arts graphiques, 1982<\/p>\n<p>Abb\u00e9 Ressouches R., <i>Son antique manoir. Ses curiosit\u00e9s artistiques. Ses cours d&rsquo;eau. Les gorges de l&rsquo;Aveyron<\/i>. Notes sur le ch\u00e2teau de Bournazel, Rodez, l\u2019Union catholique, 1939<\/p>\n<p>Verdier T.,<i> Un ch\u00e2teau de la Renaissance en Rouergue<\/i>, Bournazel, Ed. du Buisson, 2012<\/p>\n<p>Verdier T., La passion de l&rsquo;ornement \u00e0 la Renaissance : actes du colloque tenu au ch\u00e2teau de Bournazel les 28 et 29 septembre 2013 \/ Les rencontres de Bournazel, Bournazel Montpellier, Editions du buisson Presses Universitaires de la M\u00e9diterran\u00e9e, 2016<\/p>\n<p>&nbsp;<\/p>\n<p><b>Articles<\/b>:<\/p>\n<p>Arches P., \u00ab La garde nationale de Saint-Antonin et les F\u00e9d\u00e9rations du Rouergue et du Bas-Quercy \u00bb (juillet 1789-juillet 1790), Annales du Midi : revue arch\u00e9ologique, historique et philologique de la France m\u00e9ridionale, Tome 68, N\u00b036, 1956<\/p>\n<p>Boudon F., \u00ab Le regard du XIXe si\u00e8cle sur le XVIe si\u00e8cle fran\u00e7ais : ce qu&rsquo;ont vu les revues d&rsquo;architecture \u00bb, Revue de l&rsquo;Art, n\u00b089, 1990<\/p>\n<p>Conan M., \u00ab Du mat\u00e9rialisme au baroque. Les d\u00e9buts de l\u2019art du jardin classique en France\u00bb, Les annales de la recherche urbaine, 1993<\/p>\n<p>Delmas C et Bousquet J., \u00ab Enqu\u00eates sur les commodit\u00e9s du Rouergue en 1552; proc\u00e8s avec l&rsquo;Agenais, le Quercy et le P\u00e9rigord \u00bb, Biblioth\u00e8que de l&rsquo;\u00e9cole des chartes, 1970<\/p>\n<p>Desachy-Delclos S., \u00ab Les \u00e9lites militaires en Rouergue au XVIe si\u00e8cle \u00bb, Annales du Midi : revue arch\u00e9ologique, historique et philologique de la France m\u00e9ridionale, Tome 108, N\u00b0213, 1996<\/p>\n<p>Deyres M. et Raymond N., \u00ab Dictionnaire des ch\u00e2teaux de l&rsquo;Aveyron \u00bb, Bulletin Monumental, tome 130, n\u00b04, 1972<\/p>\n<p>Lemerle F., \u00ab L&rsquo;entablement dorique du th\u00e9\u00e2tre d&rsquo;Arles et la diffusion du mod\u00e8le dans l&rsquo;architecture de la Renaissance \u00bb, Bulletin Monumental, tome 154, n\u00b04, 1996<\/p>\n<p>Mesqui J., \u00ab Le ch\u00e2teau de Najac et les ch\u00e2teaux du Rouergue \u00bb, Bulletin Monumental, tome 139, n\u00b04, 1981<\/p>\n<p>Paya L., \u00ab G\u00e9om\u00e9trie des parterres du jardin de plaisir \u00e0 la renaissance : inscrire le cercle dans le carr\u00e9 d\u2019un compartiment \u00bb, Seizi\u00e8me Si\u00e8cle : Les textes scientifiques \u00e0 la Renaissance, N\u00b08, 2012<\/p>\n<p>&nbsp;<\/p>\n<p><b>R\u00e9f\u00e9rences \u00e9lectroniques: <\/b><\/p>\n<p>Recht R., \u00ab Histoire de l\u2019art europ\u00e9en m\u00e9di\u00e9val et moderne \u00bb, L\u2019annuaire du Coll\u00e8ge de France [En ligne], 111 | 2012, mis en ligne le 22 novembre 2013, consult\u00e9 le 23 octobre 2018. URL : http:\/\/journals.openedition.org\/annuaire-cdf\/1579<\/p>\n","protected":false},"excerpt":{"rendered":"<p>Ouvrages g\u00e9n\u00e9raux: &nbsp; Bedel C-P., Rignac, (Al Canton), Rodez, Mission d\u00e9partementale de la culture, 1991 Bernard G. et Cavagnac G., Villefranche de Rouergue histoire et g\u00e9nie du lieu, Toulouse, Privat, 1991 Bruant Y., Les ch\u00e2teaux du Lauragais du XVIe jusqu\u2019au d\u00e9but du XIXe si\u00e8cle, Lille, ANRT, 2000 Coll\u00e8ge de France, Cours et travaux du Coll\u00e8ge &hellip; <\/p>\n<p class=\"link-more\"><a href=\"https:\/\/blogs.univ-jfc.fr\/vphn\/bibliographie-chateau-de-bournazel-2018-2019\/\" class=\"more-link\">Continuer la lecture<span class=\"screen-reader-text\"> de &laquo;&nbsp;Bibliographie ch\u00e2teau de Bournazel [2018]&nbsp;&raquo;<\/span><\/a><\/p>\n","protected":false},"author":412,"featured_media":0,"parent":0,"menu_order":0,"comment_status":"closed","ping_status":"closed","template":"","meta":[],"_links":{"self":[{"href":"https:\/\/blogs.univ-jfc.fr\/vphn\/wp-json\/wp\/v2\/pages\/4698"}],"collection":[{"href":"https:\/\/blogs.univ-jfc.fr\/vphn\/wp-json\/wp\/v2\/pages"}],"about":[{"href":"https:\/\/blogs.univ-jfc.fr\/vphn\/wp-json\/wp\/v2\/types\/page"}],"author":[{"embeddable":true,"href":"https:\/\/blogs.univ-jfc.fr\/vphn\/wp-json\/wp\/v2\/users\/412"}],"replies":[{"embeddable":true,"href":"https:\/\/blogs.univ-jfc.fr\/vphn\/wp-json\/wp\/v2\/comments?post=4698"}],"version-history":[{"count":6,"href":"https:\/\/blogs.univ-jfc.fr\/vphn\/wp-json\/wp\/v2\/pages\/4698\/revisions"}],"predecessor-version":[{"id":5128,"href":"https:\/\/blogs.univ-jfc.fr\/vphn\/wp-json\/wp\/v2\/pages\/4698\/revisions\/5128"}],"wp:attachment":[{"href":"https:\/\/blogs.univ-jfc.fr\/vphn\/wp-json\/wp\/v2\/media?parent=4698"}],"curies":[{"name":"wp","href":"https:\/\/api.w.org\/{rel}","templated":true}]}}