{"id":4719,"date":"2019-02-28T18:59:19","date_gmt":"2019-02-28T17:59:19","guid":{"rendered":"http:\/\/blogs.univ-jfc.fr\/vphn\/?page_id=4719"},"modified":"2019-05-07T11:57:31","modified_gmt":"2019-05-07T09:57:31","slug":"le-chateau-de-bournazel-2018-2019","status":"publish","type":"page","link":"https:\/\/blogs.univ-jfc.fr\/vphn\/patrimoine-et-sites-remarquables\/le-chateau-de-bournazel-2018-2019\/","title":{"rendered":"Le ch\u00e2teau de Bournazel [2018]"},"content":{"rendered":"<h1 style=\"text-align: center\"><u><b>Le ch\u00e2teau de Bournazel:<\/b><\/u><\/h1>\n<h1 style=\"text-align: left\"><span style=\"font-size: medium\"><u>L\u2019histoire du ch\u00e2teau :<\/u><\/span><\/h1>\n<p align=\"justify\">Le ch\u00e2teau de Bournazel se situe au c\u0153ur du Rouergue entre les villes de Villefranche de Rouergue et Rodez. Il est b\u00e2ti sur les bases d\u2019une forteresse m\u00e9di\u00e9vale de la fin du XI<sup>\u00e8me<\/sup>\u00a0si\u00e8cle.<\/p>\n<figure id=\"attachment_4427\" aria-describedby=\"caption-attachment-4427\" style=\"width: 296px\" class=\"wp-caption aligncenter\"><img loading=\"lazy\" class=\"wp-image-4427 \" src=\"http:\/\/blogs.univ-jfc.fr\/vphn\/wp-content\/uploads\/sites\/65\/2019\/02\/entr\u00e9e-du-ch\u00e2teau-300x225.jpg\" alt=\"\" width=\"296\" height=\"222\" srcset=\"https:\/\/blogs.univ-jfc.fr\/vphn\/wp-content\/uploads\/sites\/65\/2019\/02\/entr\u00e9e-du-ch\u00e2teau-300x225.jpg 300w, https:\/\/blogs.univ-jfc.fr\/vphn\/wp-content\/uploads\/sites\/65\/2019\/02\/entr\u00e9e-du-ch\u00e2teau-768x576.jpg 768w, https:\/\/blogs.univ-jfc.fr\/vphn\/wp-content\/uploads\/sites\/65\/2019\/02\/entr\u00e9e-du-ch\u00e2teau-1024x768.jpg 1024w\" sizes=\"(max-width: 296px) 100vw, 296px\" \/><figcaption id=\"caption-attachment-4427\" class=\"wp-caption-text\">Entr\u00e9e du ch\u00e2teau de Renaissance, photographie prise par nos soins<\/figcaption><\/figure>\n<p align=\"justify\">Il fut construit par Jean de Buisson, un riche commer\u00e7ant toulousain\u00a0qui h\u00e9rite de la propri\u00e9t\u00e9 par sa femme, Charlotte de Mancip en 1530. La construction du ch\u00e2teau de style renaissance intervient au milieu du XVI<sup>\u00e8me<\/sup>\u00a0si\u00e8cle dans un contexte o\u00f9 ce mod\u00e8le se diffuse abondamment en Europe et notamment au c\u0153ur du royaume de France comme en t\u00e9moignent les nombreux ch\u00e2teaux de la Loire. Ce mouvement artistique, culturel et architectural s\u2019inspire et t\u00e9moigne de l\u2019admiration de l\u2019Antiquit\u00e9.<\/p>\n<p align=\"justify\">Au c\u0153ur du XVI<sup>\u00e8me\u00a0<\/sup>si\u00e8cle, le Rouergue comme la quasi-totalit\u00e9 du Royaume de France est tr\u00e8s rural, donnant de ce fait aux seigneurs un r\u00f4le majeur dans l\u2019articulation des terres et leur gestion.<\/p>\n<p align=\"justify\">Le ch\u00e2teau de Bournazel marque une rupture, de part son style Renaissance, par rapport aux ch\u00e2teaux m\u00e9di\u00e9vaux tr\u00e8s nombreux dans la r\u00e9gion.<\/p>\n<p align=\"justify\">Cependant, son r\u00f4le de fief\u00a0du seigneur ne diverge pas avec le r\u00f4le des ch\u00e2teaux m\u00e9di\u00e9vaux. En effet, situ\u00e9 entre les deux plus grandes villes du Rouergue, les seigneurs de Bournazel sont des acteurs incontournables de la r\u00e9gion avec une activit\u00e9 reposant sur une agriculture viable, un territoire de chasse vaste et des imp\u00f4ts importants. Le seigneur inscrit donc Bournazel dans un climat de prosp\u00e9rit\u00e9 \u00e9conomique.<\/p>\n<h3 align=\"justify\"><span style=\"font-size: medium\"><b>Un r\u00f4le strat\u00e9gique local :<\/b><\/span><\/h3>\n<p align=\"justify\">Le seigneur est omnipotent dans le bourg et l\u2019enceinte du ch\u00e2teau constitue \u00e9galement une place forte. En cas de danger majeur, les habitants du bourg et des alentours peuvent s\u2019y abriter. Le seigneur percevait beaucoup d\u2019imp\u00f4ts dans le village tout comme l\u2019\u00c9glise, jouissant d\u2019un r\u00f4le consid\u00e9rable.<\/p>\n<p align=\"justify\">Le ch\u00e2teau, par son r\u00f4le de fief seigneurial, est un lieu de\u00a0 jugement pour les habitants de la seigneurie, soumis \u00e0 la juridiction du seigneur local.<\/p>\n<p align=\"justify\">Construit sur une colline en hauteur du village le ch\u00e2teau domine le bourg et la vall\u00e9e. D\u00e9nu\u00e9 de dimension d\u00e9fensive, le ch\u00e2teau Renaissance s&rsquo;inscrit n\u00e9anmoins dans le syst\u00e8me d\u00e9fensif \u00e9tabli d\u00e8s le Moyen-Age de part les tours m\u00e9di\u00e9vales du XIe si\u00e8cle et bien-s\u00fbr l&rsquo;enclos seigneurial.<\/p>\n<figure id=\"attachment_4191\" aria-describedby=\"caption-attachment-4191\" style=\"width: 275px\" class=\"wp-caption aligncenter\"><img loading=\"lazy\" class=\"wp-image-4191\" src=\"http:\/\/blogs.univ-jfc.fr\/vphn\/wp-content\/uploads\/sites\/65\/2019\/02\/blog-4-207x300.png\" alt=\"\" width=\"275\" height=\"398\" srcset=\"https:\/\/blogs.univ-jfc.fr\/vphn\/wp-content\/uploads\/sites\/65\/2019\/02\/blog-4-207x300.png 207w, https:\/\/blogs.univ-jfc.fr\/vphn\/wp-content\/uploads\/sites\/65\/2019\/02\/blog-4-705x1024.png 705w, https:\/\/blogs.univ-jfc.fr\/vphn\/wp-content\/uploads\/sites\/65\/2019\/02\/blog-4.png 981w\" sizes=\"(max-width: 275px) 100vw, 275px\" \/><figcaption id=\"caption-attachment-4191\" class=\"wp-caption-text\">Plan du bourg en 1827, Archives d\u00e9partementales de l&rsquo;Aveyron<\/figcaption><\/figure>\n<h3 align=\"justify\"><b>La route des seigneurs du Rouergue :<\/b><\/h3>\n<p>Le ch\u00e2teau de Bournazel est int\u00e9gr\u00e9 \u00e0 la route des seigneurs du Rouergue, aujourd&rsquo;hui renomm\u00e9e, elle relie des ch\u00e2teaux aux influences bien in\u00e9galitaires mais Bournazel reste l\u2019un des plus influents au d\u00e9but de l&rsquo;\u00e9poque moderne.<\/p>\n<p align=\"justify\">La route des seigneurs du Rouergue traverse l\u2019Aveyron, le Lot et le Tarn. Cette route met en relation directe ou indirecte 13 ch\u00e2teaux. C\u2019est l&rsquo;un des principal vecteur d&rsquo;\u00e9changes du Rouergue m\u00e9di\u00e9val.<\/p>\n<p align=\"justify\">Chaque ch\u00e2teau est le fief d\u2019un territoire, d\u2019un village, il s\u2019agit donc des lieux les plus puissants du Rouergue. Ainsi, les \u00e9changes de natures diverses sont in\u00e9vitables entre ces derniers. Bournazel s\u2019impose au XVI<sup>\u00e8me\u00a0<\/sup>si\u00e8cle comme un lieu de pouvoir fort, comme en t\u00e9moigne les responsabilit\u00e9s grandissantes de ses seigneurs en Rouergue.<\/p>\n<p align=\"justify\">De plus, il b\u00e9n\u00e9ficie d\u2019une bonne situation g\u00e9ographique, id\u00e9alement situ\u00e9 entre Rodez et Villefranche de Rouergue, les deux villes les plus importantes du territoire \u00e0 l\u2019\u00e9poque. Ainsi, il assoie sa domination sur ses rivaux les plus proches comme le ch\u00e2teau de <a href=\"http:\/\/blogs.univ-jfc.fr\/vphn\/belcastel-2018-2019\/\">Belcastel.<\/a><\/p>\n<p>&nbsp;<\/p>\n<figure id=\"attachment_4391\" aria-describedby=\"caption-attachment-4391\" style=\"width: 355px\" class=\"wp-caption aligncenter\"><img loading=\"lazy\" class=\"wp-image-4391\" src=\"http:\/\/blogs.univ-jfc.fr\/vphn\/wp-content\/uploads\/sites\/65\/2019\/02\/carte-aveyron-2.0-300x241.jpg\" alt=\"\" width=\"355\" height=\"285\" srcset=\"https:\/\/blogs.univ-jfc.fr\/vphn\/wp-content\/uploads\/sites\/65\/2019\/02\/carte-aveyron-2.0-300x241.jpg 300w, https:\/\/blogs.univ-jfc.fr\/vphn\/wp-content\/uploads\/sites\/65\/2019\/02\/carte-aveyron-2.0-768x617.jpg 768w, https:\/\/blogs.univ-jfc.fr\/vphn\/wp-content\/uploads\/sites\/65\/2019\/02\/carte-aveyron-2.0-1024x823.jpg 1024w, https:\/\/blogs.univ-jfc.fr\/vphn\/wp-content\/uploads\/sites\/65\/2019\/02\/carte-aveyron-2.0.jpg 1200w\" sizes=\"(max-width: 355px) 100vw, 355px\" \/><figcaption id=\"caption-attachment-4391\" class=\"wp-caption-text\">Carte du Rouergue centr\u00e9e sur l&rsquo;Aveyron, http:\/\/www.chateau-bournazel.fr\/<\/figcaption><\/figure>\n<h3 align=\"justify\"><span style=\"font-size: medium\"><b>Les familles importantes du ch\u00e2teau :<\/b><\/span><\/h3>\n<p align=\"justify\">Le ch\u00e2teau a \u00e9t\u00e9 le fief de deux grandes familles, les\u00a0Mancip, famille rouergate, install\u00e9e \u00e0 Toulouse d\u00e8s le XV<sup>\u00e8me\u00a0<\/sup>si\u00e8cle et les De Buisson, ces derniers \u00e0 l&rsquo;origine du ch\u00e2teau Renaissance.<\/p>\n<p align=\"justify\">La famille Mancip poss\u00e8de le ch\u00e2teau depuis le d\u00e9but du XI<sup>\u00e8me\u00a0<\/sup>si\u00e8cle. Ils ach\u00e8tent une partie de la seigneurie en 1341 et font construire les 2 tours m\u00e9di\u00e9vales en hommage \u00e0 l\u2019abb\u00e9 de Conques. C\u2019est une famille importante dans la r\u00e9gion du Rouergue mais aussi du Lauragais au XII<sup>\u00e8me\u00a0<\/sup>si\u00e8cle.<\/p>\n<p align=\"justify\"><span style=\"font-family: Arial, sans-serif\"><span style=\"font-size: medium\">Int\u00e9ressons-nous \u00e9galement \u00e0 la famille De Buisson. En 1532, Jean de Buisson, fils de Hugues de Buisson, seigneur de Mirabel \u00e9tait un puissant marchand et contrairement \u00e0 la tradition de transmission, ses deux fils Jean II et Paul ne reprirent pas les activit\u00e9s de leur p\u00e8re mais choisirent le m\u00e9tier des armes. Jean de Buisson est toulousain et compagnon d\u2019armes de Fran\u00e7ois Ier. Sa famille connue une ascension sociale durant la guerre de Cent ans. Ainsi il fait partie de l\u2019aristocratie urbaine de l\u2019\u00e9poque, il est issu du n\u00e9goce\u00a0et acquiert le ch\u00e2teau par le biais du mariage avec Charlotte Mancip (petite fille d\u2019un s\u00e9n\u00e9chal de Toulouse) issue de la famille des pr\u00e9c\u00e9dents seigneurs de Bournazel.\u00a0<\/span><\/span>En effet, le ch\u00e2teau est l\u2019\u0153uvre de ce dernier, car ayant particip\u00e9 aux batailles d\u2019Italie et de Flandres, il sera \u00e0 son \u00e9chelle le repr\u00e9sentant de la Renaissance rouerguate.<\/p>\n<p align=\"justify\">On peut donc voir que les familles Mancip et De Buisson \u00e9taient proches de la cour de France de part leurs r\u00f4les importants au niveau de la r\u00e9gion du Rouergue (syndic, s\u00e9n\u00e9chal de Toulouse, \u2026).<\/p>\n<figure id=\"attachment_4264\" aria-describedby=\"caption-attachment-4264\" style=\"width: 382px\" class=\"wp-caption aligncenter\"><img loading=\"lazy\" class=\"wp-image-4264\" src=\"http:\/\/blogs.univ-jfc.fr\/vphn\/wp-content\/uploads\/sites\/65\/2019\/02\/Capture-1-300x180.png\" alt=\"\" width=\"382\" height=\"229\" srcset=\"https:\/\/blogs.univ-jfc.fr\/vphn\/wp-content\/uploads\/sites\/65\/2019\/02\/Capture-1-300x180.png 300w, https:\/\/blogs.univ-jfc.fr\/vphn\/wp-content\/uploads\/sites\/65\/2019\/02\/Capture-1-768x461.png 768w, https:\/\/blogs.univ-jfc.fr\/vphn\/wp-content\/uploads\/sites\/65\/2019\/02\/Capture-1-1024x615.png 1024w, https:\/\/blogs.univ-jfc.fr\/vphn\/wp-content\/uploads\/sites\/65\/2019\/02\/Capture-1.png 1125w\" sizes=\"(max-width: 382px) 100vw, 382px\" \/><figcaption id=\"caption-attachment-4264\" class=\"wp-caption-text\">Principaux propri\u00e9taires du ch\u00e2teau de Bournazel<\/figcaption><\/figure>\n<h3 align=\"justify\"><span style=\"font-size: medium\"><b>Les jardins :<\/b><\/span><\/h3>\n<p align=\"justify\">Int\u00e9ressons nous maintenant aux jardins du ch\u00e2teau de Bournazel.<\/p>\n<p align=\"justify\">Ils sont cr\u00e9\u00e9s \u00e0 la Renaissance par les constructeurs du ch\u00e2teau sous Charlotte de Mancip et son \u00e9poux Jean de Buisson. Leurs dessins sont r\u00e9alis\u00e9s par l&rsquo;architecte<span style=\"color: #ffffff\">\u00a0<\/span>qui est intervenu lors de la seconde campagne de travaux \u00e0 partir de 1545.<\/p>\n<p align=\"justify\">Ils se composent de 2 espaces, \u00e0 savoir le verger et les jardins clos. Ils sont inspir\u00e9s d\u2019un style g\u00e9om\u00e9trique et ont aussi une fonction \u00e9ducative pour le jeune prince, reprenant comme grands th\u00e8mes par exemple l\u2019astrologie ou le zodiaque. Aujourd&rsquo;hui, les propri\u00e9taires du ch\u00e2teau entrepris la restauration des jardins en s&rsquo;inspirant des jardins savants typiques de la Renaissance, dans l&rsquo;impossibilit\u00e9 de r\u00e9aliser les jardins de Bournazel tels qu&rsquo;ils \u00e9taient originellement.<\/p>\n<div id=\"sdfootnote1\">\n<figure id=\"attachment_4121\" aria-describedby=\"caption-attachment-4121\" style=\"width: 252px\" class=\"wp-caption alignleft\"><img loading=\"lazy\" class=\"wp-image-4121\" src=\"http:\/\/blogs.univ-jfc.fr\/vphn\/wp-content\/uploads\/sites\/65\/2019\/02\/blog-3.png\" alt=\"\" width=\"252\" height=\"182\" \/><figcaption id=\"caption-attachment-4121\" class=\"wp-caption-text\">plan g\u00e9n\u00e9ral des jardins, http:\/\/www.chateau-bournazel.fr\/<\/figcaption><\/figure>\n<\/div>\n<figure id=\"attachment_4408\" aria-describedby=\"caption-attachment-4408\" style=\"width: 252px\" class=\"wp-caption alignright\"><img loading=\"lazy\" class=\"wp-image-4408\" src=\"http:\/\/blogs.univ-jfc.fr\/vphn\/wp-content\/uploads\/sites\/65\/2019\/02\/blog-6-300x225.jpg\" alt=\"\" width=\"252\" height=\"189\" srcset=\"https:\/\/blogs.univ-jfc.fr\/vphn\/wp-content\/uploads\/sites\/65\/2019\/02\/blog-6-300x225.jpg 300w, https:\/\/blogs.univ-jfc.fr\/vphn\/wp-content\/uploads\/sites\/65\/2019\/02\/blog-6-768x576.jpg 768w, https:\/\/blogs.univ-jfc.fr\/vphn\/wp-content\/uploads\/sites\/65\/2019\/02\/blog-6-1024x768.jpg 1024w\" sizes=\"(max-width: 252px) 100vw, 252px\" \/><figcaption id=\"caption-attachment-4408\" class=\"wp-caption-text\">Carr\u00e9 des jardins destin\u00e9 \u00e0 repr\u00e9senter le syst\u00e8me solaire, photographie prise par nos soins<\/figcaption><\/figure>\n<figure id=\"attachment_4414\" aria-describedby=\"caption-attachment-4414\" style=\"width: 384px\" class=\"wp-caption aligncenter\"><img loading=\"lazy\" class=\"wp-image-4414 \" src=\"http:\/\/blogs.univ-jfc.fr\/vphn\/wp-content\/uploads\/sites\/65\/2019\/02\/ch\u00e2teau-depuis-les-jardins-300x225.jpg\" alt=\"\" width=\"384\" height=\"287\" srcset=\"https:\/\/blogs.univ-jfc.fr\/vphn\/wp-content\/uploads\/sites\/65\/2019\/02\/ch\u00e2teau-depuis-les-jardins-300x225.jpg 300w, https:\/\/blogs.univ-jfc.fr\/vphn\/wp-content\/uploads\/sites\/65\/2019\/02\/ch\u00e2teau-depuis-les-jardins-768x576.jpg 768w, https:\/\/blogs.univ-jfc.fr\/vphn\/wp-content\/uploads\/sites\/65\/2019\/02\/ch\u00e2teau-depuis-les-jardins-1024x768.jpg 1024w\" sizes=\"(max-width: 384px) 100vw, 384px\" \/><figcaption id=\"caption-attachment-4414\" class=\"wp-caption-text\">Vue des jardins et du ch\u00e2teau depuis le haut du bassin de Bournazel, photographie prise par nos soins<\/figcaption><\/figure>\n<p>&nbsp;<\/p>\n<p>&nbsp;<\/p>\n<p><strong>Pour aller plus loin:<\/strong><\/p>\n<p><a href=\"http:\/\/blogs.univ-jfc.fr\/vphn\/bibliographie-chateau-de-bournazel-2018-2019\/\">_bibliographie<\/a><\/p>\n<p><a href=\"https:\/\/www.youtube.com\/watch?v=YFPNOMWTUZc\">_vid\u00e9o<\/a><\/p>\n<p><a href=\"http:\/\/www.chateau-bournazel.fr\/\">_http:\/\/www.chateau-bournazel.fr\/<\/a><\/p>\n<p>&nbsp;<\/p>\n<p>Etudiants : Couderc Romain, Mouly Juliette, Schwing Chlo\u00e9.<\/p>\n<p>&nbsp;<\/p>\n","protected":false},"excerpt":{"rendered":"<p>Le ch\u00e2teau de Bournazel: L\u2019histoire du ch\u00e2teau : Le ch\u00e2teau de Bournazel se situe au c\u0153ur du Rouergue entre les villes de Villefranche de Rouergue et Rodez. Il est b\u00e2ti sur les bases d\u2019une forteresse m\u00e9di\u00e9vale de la fin du XI\u00e8me\u00a0si\u00e8cle. Il fut construit par Jean de Buisson, un riche commer\u00e7ant toulousain\u00a0qui h\u00e9rite de la &hellip; <\/p>\n<p class=\"link-more\"><a href=\"https:\/\/blogs.univ-jfc.fr\/vphn\/patrimoine-et-sites-remarquables\/le-chateau-de-bournazel-2018-2019\/\" class=\"more-link\">Continuer la lecture<span class=\"screen-reader-text\"> de &laquo;&nbsp;Le ch\u00e2teau de Bournazel [2018]&nbsp;&raquo;<\/span><\/a><\/p>\n","protected":false},"author":412,"featured_media":0,"parent":30,"menu_order":0,"comment_status":"closed","ping_status":"closed","template":"","meta":[],"_links":{"self":[{"href":"https:\/\/blogs.univ-jfc.fr\/vphn\/wp-json\/wp\/v2\/pages\/4719"}],"collection":[{"href":"https:\/\/blogs.univ-jfc.fr\/vphn\/wp-json\/wp\/v2\/pages"}],"about":[{"href":"https:\/\/blogs.univ-jfc.fr\/vphn\/wp-json\/wp\/v2\/types\/page"}],"author":[{"embeddable":true,"href":"https:\/\/blogs.univ-jfc.fr\/vphn\/wp-json\/wp\/v2\/users\/412"}],"replies":[{"embeddable":true,"href":"https:\/\/blogs.univ-jfc.fr\/vphn\/wp-json\/wp\/v2\/comments?post=4719"}],"version-history":[{"count":9,"href":"https:\/\/blogs.univ-jfc.fr\/vphn\/wp-json\/wp\/v2\/pages\/4719\/revisions"}],"predecessor-version":[{"id":5141,"href":"https:\/\/blogs.univ-jfc.fr\/vphn\/wp-json\/wp\/v2\/pages\/4719\/revisions\/5141"}],"up":[{"embeddable":true,"href":"https:\/\/blogs.univ-jfc.fr\/vphn\/wp-json\/wp\/v2\/pages\/30"}],"wp:attachment":[{"href":"https:\/\/blogs.univ-jfc.fr\/vphn\/wp-json\/wp\/v2\/media?parent=4719"}],"curies":[{"name":"wp","href":"https:\/\/api.w.org\/{rel}","templated":true}]}}