{"id":4729,"date":"2019-02-28T18:51:06","date_gmt":"2019-02-28T17:51:06","guid":{"rendered":"http:\/\/blogs.univ-jfc.fr\/vphn\/?page_id=4729"},"modified":"2019-05-07T11:52:52","modified_gmt":"2019-05-07T09:52:52","slug":"belcastel-2018-2019","status":"publish","type":"page","link":"https:\/\/blogs.univ-jfc.fr\/vphn\/belcastel-2018-2019\/","title":{"rendered":"Belcastel [2018]"},"content":{"rendered":"<p align=\"justify\">Le ch\u00e2teau de Belcastel est le plus proche de Bournazel puisqu&rsquo;il se situe \u00e0 une dizaine de kilom\u00e8tres de ce dernier, il s\u2019agit d\u2019une forteresse m\u00e9di\u00e9vale dont le d\u00e9but de construction est act\u00e9 du IX\u00e8 si\u00e8cle si\u00e8cle. Ces seigneurs le perde 3 si\u00e8cles apr\u00e8s sa fondation\u00a0; il est alors confisqu\u00e9 par la couronne et sert de bastion militaire et est m\u00eame aux mains des anglais en 1376. Il est par la suite offert au chevalier de Saunhac<\/p>\n<p>Apr\u00e8s plusieurs alliances il appartient au d\u00e9but du XVI\u00e8 si\u00e8cle au seigneur de Sanvensa et de Castelmary, s\u00e9n\u00e9chal de Quercy et de Rouergue,<\/p>\n<p>La famille Buisson de Bournazel est m\u00eame au commande du ch\u00e2teau \u00e0 partir du mariage le 5 f\u00e9vrier 1592 de\u00a0Florette de Morlhon\u00a0avec\u00a0Fran\u00e7ois\u00a0Ier\u00a0de Buisson, deuxi\u00e8me marquis de Bournazel, gouverneur et s\u00e9n\u00e9chal de Rouergue, qui n&rsquo;y r\u00e9side pas. Bournazel reste le fief des Buissons.<\/p>\n","protected":false},"excerpt":{"rendered":"<p>Le ch\u00e2teau de Belcastel est le plus proche de Bournazel puisqu&rsquo;il se situe \u00e0 une dizaine de kilom\u00e8tres de ce dernier, il s\u2019agit d\u2019une forteresse m\u00e9di\u00e9vale dont le d\u00e9but de construction est act\u00e9 du IX\u00e8 si\u00e8cle si\u00e8cle. Ces seigneurs le perde 3 si\u00e8cles apr\u00e8s sa fondation\u00a0; il est alors confisqu\u00e9 par la couronne et sert &hellip; <\/p>\n<p class=\"link-more\"><a href=\"https:\/\/blogs.univ-jfc.fr\/vphn\/belcastel-2018-2019\/\" class=\"more-link\">Continuer la lecture<span class=\"screen-reader-text\"> de &laquo;&nbsp;Belcastel [2018]&nbsp;&raquo;<\/span><\/a><\/p>\n","protected":false},"author":412,"featured_media":0,"parent":0,"menu_order":0,"comment_status":"closed","ping_status":"closed","template":"","meta":[],"_links":{"self":[{"href":"https:\/\/blogs.univ-jfc.fr\/vphn\/wp-json\/wp\/v2\/pages\/4729"}],"collection":[{"href":"https:\/\/blogs.univ-jfc.fr\/vphn\/wp-json\/wp\/v2\/pages"}],"about":[{"href":"https:\/\/blogs.univ-jfc.fr\/vphn\/wp-json\/wp\/v2\/types\/page"}],"author":[{"embeddable":true,"href":"https:\/\/blogs.univ-jfc.fr\/vphn\/wp-json\/wp\/v2\/users\/412"}],"replies":[{"embeddable":true,"href":"https:\/\/blogs.univ-jfc.fr\/vphn\/wp-json\/wp\/v2\/comments?post=4729"}],"version-history":[{"count":4,"href":"https:\/\/blogs.univ-jfc.fr\/vphn\/wp-json\/wp\/v2\/pages\/4729\/revisions"}],"predecessor-version":[{"id":5127,"href":"https:\/\/blogs.univ-jfc.fr\/vphn\/wp-json\/wp\/v2\/pages\/4729\/revisions\/5127"}],"wp:attachment":[{"href":"https:\/\/blogs.univ-jfc.fr\/vphn\/wp-json\/wp\/v2\/media?parent=4729"}],"curies":[{"name":"wp","href":"https:\/\/api.w.org\/{rel}","templated":true}]}}