{"id":4913,"date":"2019-03-01T14:27:09","date_gmt":"2019-03-01T13:27:09","guid":{"rendered":"http:\/\/blogs.univ-jfc.fr\/vphn\/?page_id=4913"},"modified":"2019-03-02T17:26:54","modified_gmt":"2019-03-02T16:26:54","slug":"la-carriere-de-philippe-pinel-a-bicetre-et-la-salpetriere","status":"publish","type":"page","link":"https:\/\/blogs.univ-jfc.fr\/vphn\/figures-et-evenements\/philippe-pinel-et-la-naissance-de-la-psychiatrie-2018\/la-carriere-de-philippe-pinel-a-bicetre-et-la-salpetriere\/","title":{"rendered":"La carri\u00e8re de Philippe Pinel \u00e0 Bic\u00eatre et la Salp\u00eatri\u00e8re"},"content":{"rendered":"<figure id=\"attachment_4916\" aria-describedby=\"caption-attachment-4916\" style=\"width: 373px\" class=\"wp-caption alignright\"><img loading=\"lazy\" class=\" wp-image-4916\" src=\"http:\/\/blogs.univ-jfc.fr\/vphn\/wp-content\/uploads\/sites\/65\/2019\/03\/JPO-2016-Vue-de-lh\u00f4pital-Royal-de-Bicestre-J.-Rigaud-XVIIIe.--300x169.jpg\" alt=\"\" width=\"373\" height=\"210\" srcset=\"https:\/\/blogs.univ-jfc.fr\/vphn\/wp-content\/uploads\/sites\/65\/2019\/03\/JPO-2016-Vue-de-lh\u00f4pital-Royal-de-Bicestre-J.-Rigaud-XVIIIe.--300x169.jpg 300w, https:\/\/blogs.univ-jfc.fr\/vphn\/wp-content\/uploads\/sites\/65\/2019\/03\/JPO-2016-Vue-de-lh\u00f4pital-Royal-de-Bicestre-J.-Rigaud-XVIIIe.--768x432.jpg 768w, https:\/\/blogs.univ-jfc.fr\/vphn\/wp-content\/uploads\/sites\/65\/2019\/03\/JPO-2016-Vue-de-lh\u00f4pital-Royal-de-Bicestre-J.-Rigaud-XVIIIe.-.jpg 896w\" sizes=\"(max-width: 373px) 100vw, 373px\" \/><figcaption id=\"caption-attachment-4916\" class=\"wp-caption-text\">Vue de l\u2019h\u00f4pital royal de Bicetre, Jacques Rigaud, XVIIIe si\u00e8cle, gravure coloris\u00e9e. Mus\u00e9e de l\u2019AP-HP<br \/>Source : hopital-bicetre.aphp.fr<\/figcaption><\/figure>\n<p align=\"justify\">C\u2019est en 1793 que Pinel est promut m\u00e9decin-chef de l\u2019h\u00f4pital de Bic\u00eatre situ\u00e9 au sud de Paris. Cet \u00e9tablissement, r\u00e9serv\u00e9 aux hommes, est comparable \u00e0 un enfer \u00e9pouvantable, un lieu terrifiant selon les \u00e9crits de l\u2019\u00e9poque. En effet, les soins donn\u00e9s aux malades sont rudimentaires, pour ne pas dire inexistants. Les ali\u00e9n\u00e9s c\u00f4toient des criminels, des mendiants et des d\u00e9linquants de toutes sortes. En outre, Bic\u00eatre \u00e9tait per\u00e7u comme une prison car beaucoup de ses fous vivaient encha\u00een\u00e9s. C\u2019est lors de cette exp\u00e9rience dans cet \u00e9tablissement que Pinel conna\u00eet un des moments phares de sa carri\u00e8re : la lib\u00e9ration des encha\u00een\u00e9s<span style=\"color: #800000\">.\u00a0<\/span><\/p>\n<p align=\"justify\">Cette lib\u00e9ration a fait l\u2019objet d\u2019un v\u00e9ritable mythe initi\u00e9 par son \u00e9l\u00e8ve Esquirol et son fils, Scipion qui ont totalement th\u00e9\u00e2tralis\u00e9 cet \u00e9v\u00e9nement. Ce serait Philippe Pinel, qui aurait enlev\u00e9 les cha\u00eenes des ali\u00e9n\u00e9s \u00e0 Bic\u00eatre. Cependant, il n&rsquo;a fait que reproduire ce qu&rsquo;avait fait Jean-Baptiste Pussin, un infirmier de l\u2019h\u00f4pital. Contrairement \u00e0 ses successeurs, il n&rsquo;en voit pas l\u00e0 un grand \u00e9v\u00e9nement. Il n&rsquo;en parle que tr\u00e8s peu car il trouve cela assez banal et secondaire, puisque de tout temps on a enlev\u00e9 et remis des cha\u00eenes aux ali\u00e9n\u00e9s. En 1795, Pinel est transf\u00e9r\u00e9 \u00e0 la Salp\u00eatri\u00e8re, un h\u00f4pital r\u00e9serv\u00e9 aux femmes, o\u00f9 il devint m\u00e9decin-chef. D\u00e8s son arriv\u00e9, comme \u00e0 Bic\u00eatre, il enl\u00e8ve les cha\u00eenes des malades.<\/p>\n<figure id=\"attachment_4918\" aria-describedby=\"caption-attachment-4918\" style=\"width: 444px\" class=\"wp-caption aligncenter\"><img loading=\"lazy\" class=\" wp-image-4918\" src=\"http:\/\/blogs.univ-jfc.fr\/vphn\/wp-content\/uploads\/sites\/65\/2019\/03\/Pinel_fait_enlever_les_fers_aux_ali\u00e9n\u00e9s_de_Bicetre-Charles-Louis_Mullet-300x118.jpg\" alt=\"\" width=\"444\" height=\"175\" srcset=\"https:\/\/blogs.univ-jfc.fr\/vphn\/wp-content\/uploads\/sites\/65\/2019\/03\/Pinel_fait_enlever_les_fers_aux_ali\u00e9n\u00e9s_de_Bicetre-Charles-Louis_Mullet-300x118.jpg 300w, https:\/\/blogs.univ-jfc.fr\/vphn\/wp-content\/uploads\/sites\/65\/2019\/03\/Pinel_fait_enlever_les_fers_aux_ali\u00e9n\u00e9s_de_Bicetre-Charles-Louis_Mullet-768x303.jpg 768w, https:\/\/blogs.univ-jfc.fr\/vphn\/wp-content\/uploads\/sites\/65\/2019\/03\/Pinel_fait_enlever_les_fers_aux_ali\u00e9n\u00e9s_de_Bicetre-Charles-Louis_Mullet.jpg 789w\" sizes=\"(max-width: 444px) 100vw, 444px\" \/><figcaption id=\"caption-attachment-4918\" class=\"wp-caption-text\">Pinel d\u00e9livrant les ali\u00e9n\u00e9s \u00e0 Bic\u00eatre en 1793. Huile sur toile de Charles Louis M\u00fcller, 1852.<br \/>Source : aphp.fr<\/figcaption><\/figure>\n<p align=\"justify\">C\u2019est dans ces deux h\u00f4pitaux que Pinel montre sa volont\u00e9 de changer les traitements des malades mentaux vers une m\u00e9thode moins brutale en commen\u00e7ant par les d\u00e9sencha\u00eener. En voyant faire Pussin, appliquer des m\u00e9thodes plus humaines, il se rend compte que cette pratique am\u00e9liorait l\u2019\u00e9tat des patients. C\u2019est \u00e0 Bic\u00eatre que Pinel constate v\u00e9ritablement que les fous sont des \u00eatres raisonnables et sensibles, et que si l&rsquo;on souhaite leur gu\u00e9rison, il faut arr\u00eater d\u2019employer des m\u00e9thodes barbares.<\/p>\n","protected":false},"excerpt":{"rendered":"<p>C\u2019est en 1793 que Pinel est promut m\u00e9decin-chef de l\u2019h\u00f4pital de Bic\u00eatre situ\u00e9 au sud de Paris. Cet \u00e9tablissement, r\u00e9serv\u00e9 aux hommes, est comparable \u00e0 un enfer \u00e9pouvantable, un lieu terrifiant selon les \u00e9crits de l\u2019\u00e9poque. En effet, les soins donn\u00e9s aux malades sont rudimentaires, pour ne pas dire inexistants. Les ali\u00e9n\u00e9s c\u00f4toient des criminels, &hellip; <\/p>\n<p class=\"link-more\"><a href=\"https:\/\/blogs.univ-jfc.fr\/vphn\/figures-et-evenements\/philippe-pinel-et-la-naissance-de-la-psychiatrie-2018\/la-carriere-de-philippe-pinel-a-bicetre-et-la-salpetriere\/\" class=\"more-link\">Continuer la lecture<span class=\"screen-reader-text\"> de &laquo;&nbsp;La carri\u00e8re de Philippe Pinel \u00e0 Bic\u00eatre et la Salp\u00eatri\u00e8re&nbsp;&raquo;<\/span><\/a><\/p>\n","protected":false},"author":447,"featured_media":0,"parent":2441,"menu_order":0,"comment_status":"closed","ping_status":"closed","template":"","meta":[],"_links":{"self":[{"href":"https:\/\/blogs.univ-jfc.fr\/vphn\/wp-json\/wp\/v2\/pages\/4913"}],"collection":[{"href":"https:\/\/blogs.univ-jfc.fr\/vphn\/wp-json\/wp\/v2\/pages"}],"about":[{"href":"https:\/\/blogs.univ-jfc.fr\/vphn\/wp-json\/wp\/v2\/types\/page"}],"author":[{"embeddable":true,"href":"https:\/\/blogs.univ-jfc.fr\/vphn\/wp-json\/wp\/v2\/users\/447"}],"replies":[{"embeddable":true,"href":"https:\/\/blogs.univ-jfc.fr\/vphn\/wp-json\/wp\/v2\/comments?post=4913"}],"version-history":[{"count":13,"href":"https:\/\/blogs.univ-jfc.fr\/vphn\/wp-json\/wp\/v2\/pages\/4913\/revisions"}],"predecessor-version":[{"id":5008,"href":"https:\/\/blogs.univ-jfc.fr\/vphn\/wp-json\/wp\/v2\/pages\/4913\/revisions\/5008"}],"up":[{"embeddable":true,"href":"https:\/\/blogs.univ-jfc.fr\/vphn\/wp-json\/wp\/v2\/pages\/2441"}],"wp:attachment":[{"href":"https:\/\/blogs.univ-jfc.fr\/vphn\/wp-json\/wp\/v2\/media?parent=4913"}],"curies":[{"name":"wp","href":"https:\/\/api.w.org\/{rel}","templated":true}]}}