{"id":5180,"date":"2019-05-07T15:24:28","date_gmt":"2019-05-07T13:24:28","guid":{"rendered":"http:\/\/blogs.univ-jfc.fr\/vphn\/?page_id=5180"},"modified":"2019-05-07T15:28:40","modified_gmt":"2019-05-07T13:28:40","slug":"narbonne-et-la-narbonnaise","status":"publish","type":"page","link":"https:\/\/blogs.univ-jfc.fr\/vphn\/histoire-locale\/narbonne-et-la-narbonnaise\/","title":{"rendered":"Narbonne et la Narbonnaise du IIe si\u00e8cle av. J.-C. au IIIe si\u00e8cle ap. J.-C. [2018]"},"content":{"rendered":"<figure id=\"attachment_3644\" aria-describedby=\"caption-attachment-3644\" style=\"width: 300px\" class=\"wp-caption alignright\"><a href=\"http:\/\/www.universalis-edu.com\/encyclopedie\/narbonne\/\"><img loading=\"lazy\" class=\"wp-image-3644 size-medium\" src=\"http:\/\/blogs.univ-jfc.fr\/vphn\/wp-content\/uploads\/sites\/65\/2019\/02\/via-domitia-800x488-300x183.jpg\" alt=\"\" width=\"300\" height=\"183\" srcset=\"https:\/\/blogs.univ-jfc.fr\/vphn\/wp-content\/uploads\/sites\/65\/2019\/02\/via-domitia-800x488-300x183.jpg 300w, https:\/\/blogs.univ-jfc.fr\/vphn\/wp-content\/uploads\/sites\/65\/2019\/02\/via-domitia-800x488-768x468.jpg 768w, https:\/\/blogs.univ-jfc.fr\/vphn\/wp-content\/uploads\/sites\/65\/2019\/02\/via-domitia-800x488.jpg 800w\" sizes=\"(max-width: 300px) 100vw, 300px\" \/><\/a><figcaption id=\"caption-attachment-3644\" class=\"wp-caption-text\">Via Domitia, 2018.<\/figcaption><\/figure>\n<p align=\"justify\"><a href=\"http:\/\/www.universalis-edu.com\/encyclopedie\/narbonne\/\">Narbonne<\/a> est aujourd\u2019hui une ville de peu d\u2019importance \u00e0 l\u2019\u00e9chelle r\u00e9gionale ou nationale, or cette situation s\u2019inscrit en faux sur l\u2019importance qu\u2019elle a eu d\u00e8s sa fondation. Effectivement cette cit\u00e9 est particuli\u00e8re au cours de l\u2019Antiquit\u00e9 et du Moyen-Age, elle s\u2019impose dans la stratification administrative de l\u2019empire romain puis elle continue d\u2019avoir une importance notable durant la p\u00e9riode m\u00e9di\u00e9vale. N\u00e9anmoins il convient, du fait des disparit\u00e9s entre les deux p\u00e9riodes, de borner cet expos\u00e9. \u00c9tant donn\u00e9 que nous voulions \u00e9tudier la Narbonne antique, il semble que le plus int\u00e9ressant soit d\u2019\u00e9tudier la fondation de la cit\u00e9 aux alentours Ier si\u00e8cle avant J\u00e9sus Christ. En outre il convient de ne pas \u00e9tudier seulement le cas de la ville de Narbonne pour cette p\u00e9riode, car celle-ci influe grandement sur son espace proche et sur toute une province qui s\u2019\u00e9tale des Pyr\u00e9n\u00e9es jusqu\u2019aux Alpes. Donc la ville de Narbonne doit \u00eatre \u00e9tudi\u00e9e en parall\u00e8le avec la province qu\u2019elle dirige durant toute la p\u00e9riode. Nous allons voir comment Rome par la cr\u00e9ation de la cit\u00e9 de Narbonne en vient \u00e0 r\u00e9aliser des ambitions diff\u00e9rentes, et pourquoi Narbonne a de ce fait connu une si grande r\u00e9ussite.<\/p>\n<figure id=\"attachment_3495\" aria-describedby=\"caption-attachment-3495\" style=\"width: 732px\" class=\"wp-caption aligncenter\"><img loading=\"lazy\" class=\"wp-image-3495 size-full\" src=\"http:\/\/blogs.univ-jfc.fr\/vphn\/wp-content\/uploads\/sites\/65\/2019\/02\/Expansion_of_Rome_2nd_century_BC.gif\" alt=\"\" width=\"732\" height=\"561\" \/><figcaption id=\"caption-attachment-3495\" class=\"wp-caption-text\">Territoires de la R\u00e9publique romaine durant le IIe si\u00e8cle av. J.-C.<\/figcaption><\/figure>\n<p align=\"justify\">Narbonne est fond\u00e9e en 122 avant J.-C. sur un <a href=\"http:\/\/www.universalis-edu.com\/encyclopedie\/languedoc-histoire\/\">territoire<\/a> que les Romains viennent de conqu\u00e9rir \u00e0 la suite de campagnes r\u00e9p\u00e9t\u00e9es contre les peuples\u00a0 antiques locaux. Effectivement ceux-ci qui sont en fait un m\u00e9lange de plusieurs peuples probablement Ligures, Ib\u00e8res et Celtiques attaquent la cit\u00e9 de <a href=\"http:\/\/www.universalis-edu.com\/encyclopedie\/marseille-antique\/\">Massilia<\/a> alors alli\u00e9e de Rome, for\u00e7ant cette derni\u00e8re \u00e0 s\u2019\u00e9tablir sur ce nouvel espace. D\u00e9cision est prise conjointement par le g\u00e9n\u00e9ral conqu\u00e9rant et le s\u00e9nat de cr\u00e9er une nouvelle colonie visant plusieurs buts, politiques, \u00e9conomiques et militaires. Mais c\u2019est l\u2019intersection entre ces trois int\u00e9r\u00eats qui permet vraiment de comprendre cette d\u00e9cision et la prosp\u00e9rit\u00e9 de la cit\u00e9. Il faut tout d\u2019abord dire que Rome \u00e0 cette p\u00e9riode est encore une r\u00e9publique avec de nombreux conflits politiques parfois sanglants. De plus il convient de remarquer que les conqu\u00eates romaines n\u2019en sont qu\u2019\u00e0 leur commencement, par exemple la cit\u00e9 de <a href=\"http:\/\/www.universalis-edu.com\/encyclopedie\/carthage\/\">Carthage<\/a> n\u2019est d\u00e9truite qu\u2019en 146 avant J.-C., et la r\u00e9publique ne poss\u00e8de alors que des terres en Italie, en <a href=\"http:\/\/www.universalis-edu.com\/encyclopedie\/iberes\/\">Hispanie<\/a>, en <a href=\"http:\/\/www.universalis-edu.com\/encyclopedie\/grece-antique-histoire-la-grece-antique-jusqu-a-constantin\/\">Gr\u00e8ce<\/a> et en <a href=\"http:\/\/www.universalis-edu.com\/encyclopedie\/afrique-romaine\/\">Afrique<\/a>. Et cette colonie nouvelle permet de consolider au moins pour un temps toutes les ambitions de la <a href=\"http:\/\/www.universalis-edu.com\/encyclopedie\/rome-et-empire-romain-la-republique\/\">r\u00e9publique romaine<\/a> en M\u00e9diterran\u00e9e occidentale.<\/p>\n<figure id=\"attachment_3521\" aria-describedby=\"caption-attachment-3521\" style=\"width: 300px\" class=\"wp-caption alignleft\"><img loading=\"lazy\" class=\"wp-image-3521 size-medium\" src=\"http:\/\/blogs.univ-jfc.fr\/vphn\/wp-content\/uploads\/sites\/65\/2019\/02\/voie-domitienne-carte-300x279.jpg\" alt=\"\" width=\"300\" height=\"279\" srcset=\"https:\/\/blogs.univ-jfc.fr\/vphn\/wp-content\/uploads\/sites\/65\/2019\/02\/voie-domitienne-carte-300x279.jpg 300w, https:\/\/blogs.univ-jfc.fr\/vphn\/wp-content\/uploads\/sites\/65\/2019\/02\/voie-domitienne-carte-768x714.jpg 768w, https:\/\/blogs.univ-jfc.fr\/vphn\/wp-content\/uploads\/sites\/65\/2019\/02\/voie-domitienne-carte.jpg 800w\" sizes=\"(max-width: 300px) 100vw, 300px\" \/><figcaption id=\"caption-attachment-3521\" class=\"wp-caption-text\">Partie languedocienne de la Via Domitia. A.Cl\u00e9ment, A. Peyre, La voie domitienne, Presses du Languedoc, 1991.<\/figcaption><\/figure>\n<p align=\"justify\">Politiquement elle permet d\u2019exiler des personnalit\u00e9s d\u00e9rangeantes ainsi que de donner de nouvelles terres aux pauvres qui sont la source de nombreuses inqui\u00e9tudes de la part des groupes dirigeants. Effectivement on voit d\u00e8s le d\u00e9but de la colonisation des attributions de terres. En outre on voit d\u00e8s le d\u00e9but la volont\u00e9 de Rome de cr\u00e9er un port commercial pour, entretenir de nouvelles routes commerciales plus dirig\u00e9es vers le centre de la <a href=\"http:\/\/www.universalis-edu.com\/encyclopedie\/gaule\/\">Gaule<\/a> mais surtout pour permettre aux commer\u00e7ants Italiens d\u2019avoir un point de relais entre l\u2019Italie et l\u2019Hispanie, un territoire riche en ressources mini\u00e8res notamment en or. Enfin d\u00e8s le d\u00e9but cette cit\u00e9 doit \u00eatre un point strat\u00e9gique pour la d\u00e9fense des territoires romains dans la m\u00e9diterran\u00e9e occidentale, en effet elle sert de garnison pour des troupes permanentes, on peut voir cette utilit\u00e9 notamment lors d\u2019une invasion de peuples germaniques en 120 apr\u00e8s J.-C. Tout en permettant de surveiller la province locale et la <a href=\"https:\/\/fr.wikipedia.org\/wiki\/Voie_Domitienne\"><em>via domitia<\/em><\/a> qui traverse le Sud de la Gaule pour aller en Hispanie. De plus cette cit\u00e9 peut servir de base \u00e0 de futures conqu\u00eates car elle peut entretenir jusqu\u2019\u00e0 trois l\u00e9gions en m\u00eame temps (\u00e0 peu pr\u00e8s 18 000 hommes). Ces avantages cons\u00e9quents m\u00e8nent rapidement \u00e0 l\u2019essor de la Cit\u00e9 de Narbonne, celle-ci devient rapidement peupl\u00e9e de dizaines de milliers de personnes, et plus particuli\u00e8rement de citoyens romains. C\u2019est un cas \u00e0 part dans la Gaule romaine car celle-ci \u00e9tait naturellement peupl\u00e9e des autochtones \u00e0 la diff\u00e9rence de la jeune colonie qui devient donc une cit\u00e9 privil\u00e9gi\u00e9e et \u00e0 la t\u00eate de sa province.<\/p>\n<figure id=\"attachment_3610\" aria-describedby=\"caption-attachment-3610\" style=\"width: 300px\" class=\"wp-caption aligncenter\"><img loading=\"lazy\" class=\"wp-image-3610 size-medium\" src=\"http:\/\/blogs.univ-jfc.fr\/vphn\/wp-content\/uploads\/sites\/65\/2019\/02\/5db299dc68ef884fa9fcd028f5018aee-300x193.jpeg\" alt=\"\" width=\"300\" height=\"193\" srcset=\"https:\/\/blogs.univ-jfc.fr\/vphn\/wp-content\/uploads\/sites\/65\/2019\/02\/5db299dc68ef884fa9fcd028f5018aee-300x193.jpeg 300w, https:\/\/blogs.univ-jfc.fr\/vphn\/wp-content\/uploads\/sites\/65\/2019\/02\/5db299dc68ef884fa9fcd028f5018aee.jpeg 665w\" sizes=\"(max-width: 300px) 100vw, 300px\" \/><figcaption id=\"caption-attachment-3610\" class=\"wp-caption-text\">Horreum Romain de Narbonne (march\u00e9 ou entrep\u00f4t ou cave \u00e0 vin).<\/figcaption><\/figure>\n<p align=\"justify\">Pour conclure nous avons vu que Narbonne est devenue une cit\u00e9 de grande importance au sein de l\u2019empire. Que ce soit par ces nombreux atouts militaires, commerciaux ou institutionnels. Et sans oublier bien s\u00fbr son r\u00f4le de capitale provinciale qui lui donne une influence directe sur une province. N\u00e9anmoins, \u00e0 l\u2019aube du IVe si\u00e8cle on d\u00e9note un d\u00e9clin de l\u2019influence de la cit\u00e9 li\u00e9 \u00e0 des causes conjoncturelles et structurelles nonobstant une adaptation de la cit\u00e9 pour faire face \u00e0 ces ph\u00e9nom\u00e8nes. Ceci \u00e0 tel point que la colonie fond\u00e9e par les Romains est c\u00e9d\u00e9e au Ve si\u00e8cle (457) aux <a href=\"http:\/\/www.universalis-edu.com\/encyclopedie\/wisigoths-visigoths\/\">Wisigoths<\/a> marquant la fin de la domination romaine sur la cit\u00e9 de Narbonne et de la Province.<\/p>\n<p align=\"justify\">Pour aller plus loin : <a href=\"http:\/\/blogs.univ-jfc.fr\/vphn\/bibliographie\/bibliographie-indicative\/\">Bibliographie indicative<\/a>.<\/p>\n","protected":false},"excerpt":{"rendered":"<p>Narbonne est aujourd\u2019hui une ville de peu d\u2019importance \u00e0 l\u2019\u00e9chelle r\u00e9gionale ou nationale, or cette situation s\u2019inscrit en faux sur l\u2019importance qu\u2019elle a eu d\u00e8s sa fondation. Effectivement cette cit\u00e9 est particuli\u00e8re au cours de l\u2019Antiquit\u00e9 et du Moyen-Age, elle s\u2019impose dans la stratification administrative de l\u2019empire romain puis elle continue d\u2019avoir une importance notable &hellip; <\/p>\n<p class=\"link-more\"><a href=\"https:\/\/blogs.univ-jfc.fr\/vphn\/histoire-locale\/narbonne-et-la-narbonnaise\/\" class=\"more-link\">Continuer la lecture<span class=\"screen-reader-text\"> de &laquo;&nbsp;Narbonne et la Narbonnaise du IIe si\u00e8cle av. J.-C. au IIIe si\u00e8cle ap. J.-C. [2018]&nbsp;&raquo;<\/span><\/a><\/p>\n","protected":false},"author":267,"featured_media":0,"parent":1173,"menu_order":1,"comment_status":"closed","ping_status":"closed","template":"","meta":[],"_links":{"self":[{"href":"https:\/\/blogs.univ-jfc.fr\/vphn\/wp-json\/wp\/v2\/pages\/5180"}],"collection":[{"href":"https:\/\/blogs.univ-jfc.fr\/vphn\/wp-json\/wp\/v2\/pages"}],"about":[{"href":"https:\/\/blogs.univ-jfc.fr\/vphn\/wp-json\/wp\/v2\/types\/page"}],"author":[{"embeddable":true,"href":"https:\/\/blogs.univ-jfc.fr\/vphn\/wp-json\/wp\/v2\/users\/267"}],"replies":[{"embeddable":true,"href":"https:\/\/blogs.univ-jfc.fr\/vphn\/wp-json\/wp\/v2\/comments?post=5180"}],"version-history":[{"count":4,"href":"https:\/\/blogs.univ-jfc.fr\/vphn\/wp-json\/wp\/v2\/pages\/5180\/revisions"}],"predecessor-version":[{"id":5186,"href":"https:\/\/blogs.univ-jfc.fr\/vphn\/wp-json\/wp\/v2\/pages\/5180\/revisions\/5186"}],"up":[{"embeddable":true,"href":"https:\/\/blogs.univ-jfc.fr\/vphn\/wp-json\/wp\/v2\/pages\/1173"}],"wp:attachment":[{"href":"https:\/\/blogs.univ-jfc.fr\/vphn\/wp-json\/wp\/v2\/media?parent=5180"}],"curies":[{"name":"wp","href":"https:\/\/api.w.org\/{rel}","templated":true}]}}