{"id":5203,"date":"2020-01-12T06:27:24","date_gmt":"2020-01-12T05:27:24","guid":{"rendered":"http:\/\/blogs.univ-jfc.fr\/vphn\/?page_id=5203"},"modified":"2020-04-03T05:43:10","modified_gmt":"2020-04-03T03:43:10","slug":"henri-de-toulouse-lautrec","status":"publish","type":"page","link":"https:\/\/blogs.univ-jfc.fr\/vphn\/figures-et-evenements\/henri-de-toulouse-lautrec\/","title":{"rendered":"Henri de Toulouse-Lautrec"},"content":{"rendered":"<figure id=\"attachment_5437\" aria-describedby=\"caption-attachment-5437\" style=\"width: 208px\" class=\"wp-caption aligncenter\"><img loading=\"lazy\" class=\"size-medium wp-image-5437\" src=\"http:\/\/blogs.univ-jfc.fr\/vphn\/wp-content\/uploads\/sites\/65\/2020\/01\/ToulouseLautrec-1-208x300.jpg\" alt=\"\" width=\"208\" height=\"300\" srcset=\"https:\/\/blogs.univ-jfc.fr\/vphn\/wp-content\/uploads\/sites\/65\/2020\/01\/ToulouseLautrec-1-208x300.jpg 208w, https:\/\/blogs.univ-jfc.fr\/vphn\/wp-content\/uploads\/sites\/65\/2020\/01\/ToulouseLautrec-1.jpg 263w\" sizes=\"(max-width: 208px) 100vw, 208px\" \/><figcaption id=\"caption-attachment-5437\" class=\"wp-caption-text\">Photographie de Toulouse-Lautrec, \u00a9 <span class=\"mw-mmv-title\">Paul Sescau<\/span> <em>[ <a href=\"http:\/\/musee-toulouse-lautrec.com\/\">mus\u00e9e Toulouse-Lautrec Albi]<\/a><\/em><\/figcaption><\/figure>\n<p style=\"text-align: justify\"><em><span style=\"font-family: Times New Roman, serif\">\u00ab\u00a0Les crayons c&rsquo;est pas du bois et de la mine, c&rsquo;est de la pens\u00e9e par les phalanges.\u00a0\u00bb<\/span><\/em><\/p>\n<p style=\"text-align: justify\"><span style=\"font-family: Times New Roman, serif\">Toulouse-Lautrec est un Tarnais n\u00e9 \u00e0 Albi le 24 novembre 1864 au ch\u00e2teau du Bosc. Il fait partie de ces artistes install\u00e9s \u00e0 Paris et qui y travaillent la majeure partie de leur vie. <\/span><\/p>\n<p style=\"text-align: justify\"><span style=\"font-family: Times New Roman, serif\">Toulouse-Lautrec descend d&rsquo;une des plus anciennes familles nobles de France du c\u00f4t\u00e9 de ses deux parents, tous deux cousins germains. Cette famille descend de la lign\u00e9e des comtes de Toulouse ayant r\u00e9gn\u00e9 entre 750 et 1271. Dans ces familles aristocratiques, il est fr\u00e9quent que les mariages se fassent entre cousins issus de Germain, ce qui expliquerait certains de ses probl\u00e8mes de sant\u00e9 dus \u00e0 la consanguinit\u00e9.<br \/>\n<\/span><\/p>\n<h1><span style=\"font-family: Times New Roman, serif\">La naissance d&rsquo;un artiste<br \/>\n<\/span><\/h1>\n<figure id=\"attachment_5658\" aria-describedby=\"caption-attachment-5658\" style=\"width: 229px\" class=\"wp-caption alignleft\"><img loading=\"lazy\" class=\"wp-image-5658 size-medium\" src=\"http:\/\/blogs.univ-jfc.fr\/vphn\/wp-content\/uploads\/sites\/65\/2020\/01\/am-229x300.jpg\" alt=\"\" width=\"229\" height=\"300\" srcset=\"https:\/\/blogs.univ-jfc.fr\/vphn\/wp-content\/uploads\/sites\/65\/2020\/01\/am-229x300.jpg 229w, https:\/\/blogs.univ-jfc.fr\/vphn\/wp-content\/uploads\/sites\/65\/2020\/01\/am-768x1005.jpg 768w, https:\/\/blogs.univ-jfc.fr\/vphn\/wp-content\/uploads\/sites\/65\/2020\/01\/am-783x1024.jpg 783w, https:\/\/blogs.univ-jfc.fr\/vphn\/wp-content\/uploads\/sites\/65\/2020\/01\/am.jpg 917w\" sizes=\"(max-width: 229px) 100vw, 229px\" \/><figcaption id=\"caption-attachment-5658\" class=\"wp-caption-text\">Am\u00e9d\u00e9e Tapi\u00e9 de C\u00e9leyran (1883), \u00a9 Henri de Toulouse-Lautrec [Source: mus\u00e9e des beaux-art du Canada]<\/figcaption><\/figure>\n<p style=\"text-align: justify\"><span style=\"font-family: Times New Roman, serif\">Henri de Toulouse-Lautrec a beaucoup \u00e9t\u00e9 influenc\u00e9 par son milieu familial. Depuis tout petit, il baigne dans le monde artistique. Une personne dans sa famille a une influence primordiale dans son art : son oncle Am\u00e9d\u00e9e Tapi\u00e9 de Celeyran lui aussi artiste.<br \/>\n<\/span><\/p>\n<p style=\"text-align: justify\"><span style=\"font-family: Times New Roman, serif\">Son p\u00e8re, Alphonse de Toulouse-Lautrec, joue \u00e9galement un grand r\u00f4le dans son d\u00e9veloppement car il pratique le dessin et la peinture. Toulouse-Lautrec l&rsquo;admire beaucoup car il lui a transmis ses passions comme la chasse, le cirque et le d\u00e9guisement.<\/span><\/p>\n<p>&nbsp;<\/p>\n<figure id=\"attachment_5673\" aria-describedby=\"caption-attachment-5673\" style=\"width: 205px\" class=\"wp-caption alignright\"><img loading=\"lazy\" class=\"wp-image-5673 size-medium\" src=\"http:\/\/blogs.univ-jfc.fr\/vphn\/wp-content\/uploads\/sites\/65\/2020\/01\/hgdfxh-205x300.jpg\" alt=\"\" width=\"205\" height=\"300\" srcset=\"https:\/\/blogs.univ-jfc.fr\/vphn\/wp-content\/uploads\/sites\/65\/2020\/01\/hgdfxh-205x300.jpg 205w, https:\/\/blogs.univ-jfc.fr\/vphn\/wp-content\/uploads\/sites\/65\/2020\/01\/hgdfxh-768x1123.jpg 768w, https:\/\/blogs.univ-jfc.fr\/vphn\/wp-content\/uploads\/sites\/65\/2020\/01\/hgdfxh-700x1024.jpg 700w, https:\/\/blogs.univ-jfc.fr\/vphn\/wp-content\/uploads\/sites\/65\/2020\/01\/hgdfxh.jpg 1026w\" sizes=\"(max-width: 205px) 100vw, 205px\" \/><figcaption id=\"caption-attachment-5673\" class=\"wp-caption-text\">Photographie de Henri de Toulouse-Lautrec \u00e0 l&rsquo;\u00e2ge de 14 ans [Source : ch\u00e2teau du Bosc]<\/figcaption><\/figure>\n<p style=\"text-align: justify\"><span style=\"font-family: Times New Roman, serif\">Le jeune Lautrec adore aller \u00e0 la chasse avec son p\u00e8re, ce qui faire na\u00eetre en lui une grande passion pour l\u2019\u00e9quitation. <\/span><\/p>\n<p style=\"text-align: justify\" align=\"justify\"><span style=\"font-family: Times New Roman, serif\">Quant \u00e0 sa m\u00e8re Ad\u00e8le de Toulouse-Lautrec, elle reste tr\u00e8s discr\u00e8te bien qu\u2019elle s\u2019int\u00e9resse beaucoup \u00e0 l\u2019art pratiqu\u00e9 par son fils. C\u2019est elle qui le sout<\/span><span style=\"font-family: Times New Roman, serif\">ient<\/span><span style=\"font-family: Times New Roman, serif\">, <\/span><span style=\"font-family: Times New Roman, serif\">d\u00e8s son plus jeune \u00e2ge, et jusqu\u2019\u00e0 son dernier souffle, aussi bien moralement que physiquement.\u00a0<\/span><\/p>\n<p style=\"text-align: justify\" align=\"justify\"><span style=\"font-family: Times New Roman, serif\">Malheureusement, ses premiers probl\u00e8mes de sant\u00e9 prennent le dessus car depuis sa naissance Lautrec est un enfant ch\u00e9tif et faible et cela est d\u00fb tr\u00e8s certainement aux raisons \u00e9voqu\u00e9es plus haut.<br \/>\n<\/span><\/p>\n<p align=\"justify\"><span style=\"font-family: Times New Roman, serif\">Le 30 mai 1878, \u00e0 14 ans, il tombe dans la demeure familiale et se fracture le f\u00e9mur gauche. Le culte du sport et de la vie en plein air d\u00e9j\u00e0 difficile auparavant devient impossible. Il se tourne donc vers le dessin dessin. A cause de fractures \u00e0 r\u00e9p\u00e9tition<\/span><span style=\"font-family: Times New Roman, serif\">,<\/span><span style=\"font-family: Times New Roman, serif\"> Toulouse-Lautrec a les jambes atrophi\u00e9es. Les hypoth\u00e8ses se penchent sur une forme de nanisme achondroplasique, d&rsquo;ost\u00e9oporose ou de tumeur de la glande thyro\u00efde.<\/span><\/p>\n<p align=\"justify\"><span style=\"font-family: Times New Roman, serif\">Ses premi\u00e8res peintures remontent aux alentours de ses 4 ans et l\u2019\u00e2ge d&rsquo;\u00eatre instruit par<\/span><span style=\"font-family: Times New Roman, serif\"> un pr\u00e9cepteur.<\/span><\/p>\n<p align=\"justify\"><span style=\"font-family: Times New Roman, serif\">D\u2019apr\u00e8s ses proches, Toulouse-Lautrec est un enfant \u00e0 part, \u00e0 cause de ses probl\u00e8mes de sant\u00e9 mais aussi d&rsquo;une vie int\u00e9rieure particuli\u00e8re : il vit en permanence dans son monde et il s\u2019exprime \u00e0 travers les premiers jets d\u2019un art qui lui correspond.\u00a0<\/span><\/p>\n<p align=\"justify\"><span style=\"font-family: Times New Roman, serif\">Lautrec est un amoureux du paysage et il en peint comme pour s\u2019\u00e9chapper de ses complications dues \u00e0 la maladie.<\/span><\/p>\n<h1 align=\"justify\"><span style=\"font-family: Times New Roman, serif\">Une vie saccad\u00e9e par de nombreux probl\u00e8mes<br \/>\n<\/span><\/h1>\n<figure id=\"attachment_5715\" aria-describedby=\"caption-attachment-5715\" style=\"width: 205px\" class=\"wp-caption alignleft\"><img loading=\"lazy\" class=\"wp-image-5715 size-full\" src=\"http:\/\/blogs.univ-jfc.fr\/vphn\/wp-content\/uploads\/sites\/65\/2020\/01\/Fernand-Cormon.png\" alt=\"\" width=\"205\" height=\"246\" \/><figcaption id=\"caption-attachment-5715\" class=\"wp-caption-text\">Photographie de Fernand Cormon [Source : Prints and Photographs division de la Biblioth\u00e8que du Congr\u00e8s des \u00c9tats-Unis] <span style=\"color: #ff0000\"><br \/><\/span><\/figcaption><\/figure>\n<p align=\"justify\"><span style=\"font-family: Times New Roman, serif\">Install\u00e9 \u00e0 Paris apr\u00e8s avoir d\u00e9croch\u00e9 le bac, \u00e9coutant le conseil de ses amis, Toulouse-Lautrec<\/span><span style=\"font-family: Times New Roman, serif\"> d\u00e9cide de peindre dans l\u2019atelier de L\u00e9on Bonnat. Apr\u00e8s sa fermeture plusieurs mois plus tard, il rejoint Fernand Cormon o\u00f9 il fait la connaissance de nombreux grands peintres tels que Vincent Van Gogh ou encore \u00c9mile Bernard. A la sortie de Cormon, Toulouse-Lautrec commence \u00e0 peindre dans un style art nouveau ce qui le fait sortir ainsi de la norme artistique de son \u00e9poque.<\/span> <span style=\"font-family: Times New Roman, serif\">Tout cela marque alors le d\u00e9but de sa carri\u00e8re artistique.<br \/>\n<\/span><\/p>\n<figure id=\"attachment_5726\" aria-describedby=\"caption-attachment-5726\" style=\"width: 192px\" class=\"wp-caption alignright\"><img loading=\"lazy\" class=\"wp-image-5726 size-medium\" src=\"http:\/\/blogs.univ-jfc.fr\/vphn\/wp-content\/uploads\/sites\/65\/2020\/01\/La-Goulue-Moulin-Rouge-192x300.png\" alt=\"\" width=\"192\" height=\"300\" srcset=\"https:\/\/blogs.univ-jfc.fr\/vphn\/wp-content\/uploads\/sites\/65\/2020\/01\/La-Goulue-Moulin-Rouge-192x300.png 192w, https:\/\/blogs.univ-jfc.fr\/vphn\/wp-content\/uploads\/sites\/65\/2020\/01\/La-Goulue-Moulin-Rouge.png 383w\" sizes=\"(max-width: 192px) 100vw, 192px\" \/><figcaption id=\"caption-attachment-5726\" class=\"wp-caption-text\">Affiche publicitaire du Moulin Rouge de 1891, \u00a9 Henri de Toulouse-Lautrec [Source : Mus\u00e9e Toulouse-Lautrec d\u2019Albi]<\/figcaption><\/figure>\n<p align=\"justify\"><span style=\"font-family: Times New Roman, serif\">\u00a0<\/span><\/p>\n<p align=\"justify\"><span style=\"font-family: Times New Roman, serif\">Apr\u00e8s avoir quitt\u00e9 Cormon, il s\u2019installe \u00e0 Montmartre. Les douleurs dues \u00e0 sa m<\/span><span style=\"font-family: Times New Roman, serif\">aladie se d\u00e9clenchent et c\u2019est alors qu\u2019il devient d\u00e9pendant d\u2019un \u00ab\u00a0rem\u00e8de\u00a0\u00bb : l\u2019absinthe. Toulouse-Lautrec adopte un style qui lui est propre, avec beaucoup de couleurs. Apr\u00e8s avoir <\/span><span style=\"font-family: Times New Roman, serif\">travaill\u00e9 pour des journaux, il devient le p\u00e8re de la publicit\u00e9 en travaillant pour des cabarets ou des <\/span><span style=\"font-family: Times New Roman, serif\">caf\u00e9s. Ainsi, fait-il la renomm\u00e9e du Moulin rouge. Gr\u00e2ce \u00e0 sa m\u00e8re qui le finance, il garde la<\/span> <span style=\"font-family: Times New Roman, serif\">libert\u00e9 de choisir ses commandes. Beaucoup de ses \u0153uvres s\u2019inspirent de Paris et plus particuli\u00e8rement de Montmartre qu\u2019il peint dans <\/span><span style=\"font-family: Times New Roman, serif\">des sc\u00e8nes quotidiennes et<\/span><span style=\"font-family: Times New Roman, serif\"> la plupart du temps de nuit. M\u00eame s\u2019il continue de peindre, c\u2019est \u00e0 cette \u00e9poque que son alcoolisme devient de plus en plus fort.\u00a0<\/span><\/p>\n<p align=\"justify\"><span style=\"font-family: Times New Roman, serif\">Toulouse-Lautrec aime les femmes car elles l\u2019acceptent malgr\u00e9 ses probl\u00e8mes. Il pr\u00e9f\u00e8re peindre les prostitu\u00e9es plut\u00f4t que des mod\u00e8les qui, selon lui se mettent naturellement en valeur. Il aime se mettre devant les maisons closes, qu\u2019il appelle des salons, afin de les peindre au quotidien. Cela lui donne<\/span> <span style=\"font-family: Times New Roman, serif\">ainsi une \u00e9chappatoire. N\u2019ayant aucun regard moralisateur et voyeuriste, il se diff\u00e9rencie des autres peintres qui montrent des maisons closes comme un lieu de plaisir. Cependant, la r\u00e9p\u00e9tition de la fr\u00e9quentation des maisons closes vont lui apporter la syphilis. Malgr\u00e9 ce nouveau probl\u00e8me de sant\u00e9 qui vient s&rsquo;ajouter au pr\u00e9c\u00e9dent, Toulouse-Lautrec continue de peindre et d\u2019\u00eatre sollicit\u00e9. <\/span><\/p>\n<h1 align=\"justify\"><span style=\"font-family: Times New Roman, serif\">Une fin de vie prolifique malgr\u00e9 ses probl\u00e8mes grandissants<br \/>\n<\/span><\/h1>\n<figure id=\"attachment_5739\" aria-describedby=\"caption-attachment-5739\" style=\"width: 248px\" class=\"wp-caption alignleft\"><img loading=\"lazy\" class=\"wp-image-5739 size-medium\" src=\"http:\/\/blogs.univ-jfc.fr\/vphn\/wp-content\/uploads\/sites\/65\/2020\/01\/Mon-gardien-248x300.jpg\" alt=\"\" width=\"248\" height=\"300\" srcset=\"https:\/\/blogs.univ-jfc.fr\/vphn\/wp-content\/uploads\/sites\/65\/2020\/01\/Mon-gardien-248x300.jpg 248w, https:\/\/blogs.univ-jfc.fr\/vphn\/wp-content\/uploads\/sites\/65\/2020\/01\/Mon-gardien.jpg 350w\" sizes=\"(max-width: 248px) 100vw, 248px\" \/><figcaption id=\"caption-attachment-5739\" class=\"wp-caption-text\">Mon gardien, \u00a9 Toulouse-Lautrec, 1899. [Source : Mus\u00e9e Toulouse-Lautrec.]<\/figcaption><\/figure>\n<p align=\"justify\"><span style=\"font-family: Times New Roman, serif\">Son alcoolisme s&rsquo;aggrave dans les ann\u00e9es 1890. Ses amis lui proposent des voyages \u00e0 l\u2019\u00e9tranger dans le but de lui faire baisser sa consommation. Son entourage \u00e9tait tr\u00e8s pr\u00e9occup\u00e9 par son \u00e9tat. Les effets de son alcoolisme devenaient tr\u00e8s inqui\u00e9tants. La boisson la plus d\u00e9vastatrice de cette fin de si\u00e8cle \u00e9tait l\u2019absinthe. Cette boisson \u00e9tait tr\u00e8s appr\u00e9ci\u00e9e car elle n\u2019\u00e9tait pas ch\u00e8re et on lui pr\u00eatait \u00e0 tort des vertus aphrodisiaques.\u00a0<\/span><\/p>\n<p align=\"justify\"><span style=\"font-family: Times New Roman, serif\">Au milieu du mois de mars, il demande \u00e0 un ami de lui envoyer de quoi peindre et dessiner. Toulouse-Lautrec, bien qu&rsquo;affaibli dans cette maison de sant\u00e9, avait le d\u00e9sir tr\u00e8s fort de refaire de l&rsquo;Art. Il commence donc par dessiner le milieu qui l&rsquo;entourait \u00e0 ce moment<\/span><span style=\"font-family: Times New Roman, serif\">&#8211;<\/span><span style=\"font-family: Times New Roman, serif\">l\u00e0. Il peint un portrait de son gardien (<\/span><span style=\"font-family: Times New Roman, serif\"><i>Mon Gardien).<\/i><\/span><\/p>\n<p align=\"justify\"><span style=\"font-family: Times New Roman, serif\">Il produit \u00e9galement, de m\u00e9moire, une s\u00e9rie d&rsquo;esquisses sur le th\u00e8me du cirque qu&rsquo;il adorait. Toutes ces \u0153uvres<\/span><span style=\"font-family: Times New Roman, serif\">,<\/span><span style=\"font-family: Times New Roman, serif\"> r\u00e9alis\u00e9es durant sa cure, lui valurent sa lib\u00e9ration. Les m\u00e9decins furent \u00e9blouis par sa m\u00e9moire et par sa technicit\u00e9. Il fut donc lib\u00e9r\u00e9 le 17 mai 1899. Apr\u00e8s cela, il reprend sa vie d&rsquo;artiste. Bien qu&rsquo;il rechute dans l&rsquo;alcool, il reste tr\u00e8s demand\u00e9 dans la fin de sa vie.<\/span><\/p>\n<figure id=\"attachment_5748\" aria-describedby=\"caption-attachment-5748\" style=\"width: 300px\" class=\"wp-caption aligncenter\"><img loading=\"lazy\" class=\"wp-image-5748 size-medium\" src=\"http:\/\/blogs.univ-jfc.fr\/vphn\/wp-content\/uploads\/sites\/65\/2020\/01\/Chateau-de-Malrom\u00e9-300x225.jpg\" alt=\"\" width=\"300\" height=\"225\" srcset=\"https:\/\/blogs.univ-jfc.fr\/vphn\/wp-content\/uploads\/sites\/65\/2020\/01\/Chateau-de-Malrom\u00e9-300x225.jpg 300w, https:\/\/blogs.univ-jfc.fr\/vphn\/wp-content\/uploads\/sites\/65\/2020\/01\/Chateau-de-Malrom\u00e9-768x576.jpg 768w, https:\/\/blogs.univ-jfc.fr\/vphn\/wp-content\/uploads\/sites\/65\/2020\/01\/Chateau-de-Malrom\u00e9.jpg 1024w\" sizes=\"(max-width: 300px) 100vw, 300px\" \/><figcaption id=\"caption-attachment-5748\" class=\"wp-caption-text\">Ch\u00e2teau de Malrom\u00e9, Gironde [Source\u00a0: www.malrome.com]<\/figcaption><\/figure>\n<p align=\"justify\"><span style=\"font-family: Times New Roman, serif\">En mai 1901, Toulouse-Lautrec a un accident vasculaire c\u00e9r\u00e9bral qui le paralyse des jambes et le condamne \u00e0 la chaise roulante. A la suite de cela, sa m\u00e8re l&#8217;emmena directement \u00e0 Malrom\u00e9 o\u00f9 la famille poss\u00e9dait un ch\u00e2teau.<\/span><\/p>\n<p align=\"justify\"><span style=\"font-family: Times New Roman, serif\">L&rsquo;\u00e9tat de Toulouse-Lautrec devient r\u00e9ellement consternant. Il est incapable de marcher, presque sourd et a des crises de delirium. Ses jours sont donc compt\u00e9s.\u00a0<\/span><\/p>\n<p align=\"justify\"><span style=\"font-family: Times New Roman, serif\">Henri de Toulouse-Lautrec meurt le 9 septembre 1901 apr\u00e8s plusieurs mois d&rsquo;agonie, il fut enterr\u00e9 au cimeti\u00e8re de Saint-Andr\u00e9-du-Bois pr\u00e8s de Malrom\u00e9. <\/span><\/p>\n<p align=\"justify\"><a href=\"http:\/\/blogs.univ-jfc.fr\/vphn\/pour-aller-plus-loin-4\/\"><span style=\"font-family: Times New Roman, serif\">Pour aller plus loin&#8230; <\/span><\/a><\/p>\n<p align=\"justify\"><a href=\"https:\/\/sites.google.com\/view\/toulouse-lautrecdangersalcool\/accueil\" target=\"_blank\" rel=\"noopener noreferrer\">EXPOSITION<\/a> (Alyssia Breil)<\/p>\n<p align=\"justify\"><span style=\"font-family: Times New Roman, serif\">\u00c9tudiant.e.s : BREIL Alyssia (L2), LACOMBE Nathan (L1) et ROBERT-FLOQUET Christopher (L1)<br \/>\n<\/span><\/p>\n","protected":false},"excerpt":{"rendered":"<p>\u00ab\u00a0Les crayons c&rsquo;est pas du bois et de la mine, c&rsquo;est de la pens\u00e9e par les phalanges.\u00a0\u00bb Toulouse-Lautrec est un Tarnais n\u00e9 \u00e0 Albi le 24 novembre 1864 au ch\u00e2teau du Bosc. Il fait partie de ces artistes install\u00e9s \u00e0 Paris et qui y travaillent la majeure partie de leur vie. Toulouse-Lautrec descend d&rsquo;une des &hellip; <\/p>\n<p class=\"link-more\"><a href=\"https:\/\/blogs.univ-jfc.fr\/vphn\/figures-et-evenements\/henri-de-toulouse-lautrec\/\" class=\"more-link\">Continuer la lecture<span class=\"screen-reader-text\"> de &laquo;&nbsp;Henri de Toulouse-Lautrec&nbsp;&raquo;<\/span><\/a><\/p>\n","protected":false},"author":19,"featured_media":0,"parent":69,"menu_order":0,"comment_status":"closed","ping_status":"closed","template":"","meta":[],"_links":{"self":[{"href":"https:\/\/blogs.univ-jfc.fr\/vphn\/wp-json\/wp\/v2\/pages\/5203"}],"collection":[{"href":"https:\/\/blogs.univ-jfc.fr\/vphn\/wp-json\/wp\/v2\/pages"}],"about":[{"href":"https:\/\/blogs.univ-jfc.fr\/vphn\/wp-json\/wp\/v2\/types\/page"}],"author":[{"embeddable":true,"href":"https:\/\/blogs.univ-jfc.fr\/vphn\/wp-json\/wp\/v2\/users\/19"}],"replies":[{"embeddable":true,"href":"https:\/\/blogs.univ-jfc.fr\/vphn\/wp-json\/wp\/v2\/comments?post=5203"}],"version-history":[{"count":22,"href":"https:\/\/blogs.univ-jfc.fr\/vphn\/wp-json\/wp\/v2\/pages\/5203\/revisions"}],"predecessor-version":[{"id":7752,"href":"https:\/\/blogs.univ-jfc.fr\/vphn\/wp-json\/wp\/v2\/pages\/5203\/revisions\/7752"}],"up":[{"embeddable":true,"href":"https:\/\/blogs.univ-jfc.fr\/vphn\/wp-json\/wp\/v2\/pages\/69"}],"wp:attachment":[{"href":"https:\/\/blogs.univ-jfc.fr\/vphn\/wp-json\/wp\/v2\/media?parent=5203"}],"curies":[{"name":"wp","href":"https:\/\/api.w.org\/{rel}","templated":true}]}}