{"id":5207,"date":"2020-01-12T06:29:38","date_gmt":"2020-01-12T05:29:38","guid":{"rendered":"http:\/\/blogs.univ-jfc.fr\/vphn\/?page_id=5207"},"modified":"2020-03-30T14:50:23","modified_gmt":"2020-03-30T12:50:23","slug":"la-bataille-de-1814-a-toulouse","status":"publish","type":"page","link":"https:\/\/blogs.univ-jfc.fr\/vphn\/la-bataille-de-1814-a-toulouse\/","title":{"rendered":"La bataille de Toulouse de 1814 [2020]"},"content":{"rendered":"<h1>La bataille de Toulouse de 1814<\/h1>\n<p style=\"text-align: right\"><strong><span style=\"color: #ff6600\"><a style=\"color: #ff6600\" href=\"https:\/\/www.youtube.com\/watch?v=tvdCC3fsYoc\" target=\"_blank\" rel=\"noopener noreferrer\">Vid\u00e9o-carte <\/a><\/span><\/strong><\/p>\n<p align=\"justify\">La bataille de Toulouse du 10 avril 1814 se d\u00e9roule vers la fin du Premier Empire, sur le front sud de la campagne de France de 1814, loin des grands engagements du Nord-Ouest o\u00f9 Napol\u00e9on et ses g\u00e9n\u00e9raux tentent de d\u00e9fendre la route vers Paris. Cet engagement, \u00e0 premi\u00e8re vue inutile, permet d&rsquo;illustrer le contexte militaire et politique pr\u00e9caire du Premier Empire en 1814 mais \u00e9galement les enjeux locaux et personnels lors de cette bataille. Dans quelle mesure la bataille de Toulouse de 1814, bien que repr\u00e9sentative de la fin du Ier Empire, s&rsquo;inscrit-elle dans des enjeux politiques, personnels et locaux \u00e0 venir ?<\/p>\n<p align=\"justify\">Depuis 1792, la France fait face aux divers pays europ\u00e9ens qui voient d\u2019un mauvais \u0153il la diffusion des id\u00e9es r\u00e9volutionnaires sur les territoires qu\u2019elle contr\u00f4le. Malgr\u00e9 des premiers succ\u00e8s jusqu\u2019en 1811, d\u00e8s 1812, une suite de d\u00e9faites r\u00e9duit consid\u00e9rablement l\u2019influence fran\u00e7aise sur l\u2019Europe. Les arm\u00e9es autrichiennes et prussiennes convergent du Nord et de l\u2019Est vers Paris.<\/p>\n<figure id=\"attachment_5917\" aria-describedby=\"caption-attachment-5917\" style=\"width: 800px\" class=\"wp-caption aligncenter\"><img loading=\"lazy\" class=\"size-full wp-image-5917\" src=\"http:\/\/blogs.univ-jfc.fr\/vphn\/wp-content\/uploads\/sites\/65\/2020\/01\/1814-Carte001.jpg\" alt=\"\" width=\"800\" height=\"753\" srcset=\"https:\/\/blogs.univ-jfc.fr\/vphn\/wp-content\/uploads\/sites\/65\/2020\/01\/1814-Carte001.jpg 800w, https:\/\/blogs.univ-jfc.fr\/vphn\/wp-content\/uploads\/sites\/65\/2020\/01\/1814-Carte001-300x282.jpg 300w, https:\/\/blogs.univ-jfc.fr\/vphn\/wp-content\/uploads\/sites\/65\/2020\/01\/1814-Carte001-768x723.jpg 768w\" sizes=\"(max-width: 706px) 89vw, (max-width: 767px) 82vw, 740px\" \/><figcaption id=\"caption-attachment-5917\" class=\"wp-caption-text\">Carte des forces en pr\u00e9sence au 1er janvier 1814. Le Premier Empire est presque r\u00e9duit \u00e0 la France de 1792 et cern\u00e9 par les troupes coalis\u00e9es. Issu\u00a0 de Vae Victis n\u00b051 juillet-ao\u00fbt 2003<\/figcaption><\/figure>\n<p align=\"justify\">Les troupes fran\u00e7aises du front sud \u00e9taient en replis depuis 1812. L\u2019arm\u00e9e des Pyr\u00e9n\u00e9es, dirig\u00e9e par <a href=\"http:\/\/blogs.univ-jfc.fr\/vphn\/soult-bataille-de-toulouse-de-1814-2020\/\">Soult<\/a>, retraite alors vers Toulouse.<\/p>\n<p align=\"justify\">C\u2019est donc quatre jours apr\u00e8s l&rsquo;abdication de Napol\u00e9on Ier, le 6 avril 1814, que la bataille se d\u00e9roule. La nouvelle de l\u2019abdication n\u2019\u00e9tant pas encore parvenue dans le Sud. Cependant, elle influera la politique fran\u00e7aise et britannique des ann\u00e9es durant.<\/p>\n<h2 align=\"justify\">Un contexte pr\u00e9occupant pour le Premier Empire<\/h2>\n<p>L\u2019Empire napol\u00e9onien perd en puissance d\u00e8s 1812. Ce dernier fait alors face \u00e0 une s\u00e9rie de d\u00e9faites lui co\u00fbtant de nombreux v\u00e9t\u00e9rans qui feront d\u00e9faut jusqu\u2019en 1815. Cette campagne porte \u00e9galement un coup fatal \u00e0 la politique h\u00e9g\u00e9monique du Premier Empire. Ainsi, les principaux alli\u00e9s du Premier Empire, la Prusse, l\u2019Autriche ou la Su\u00e8de se d\u00e9tachent-ils de l\u2019emprise fran\u00e7aise et rejoignent-ils le camp des coalis\u00e9s.<\/p>\n<p align=\"justify\">C\u2019est donc un empire affaibli militairement, politiquement et \u00e9conomiquement qu\u2019affrontent les coalis\u00e9s lors de la campagne de France de 1814.<\/p>\n<h2>Une bataille inutile ?<\/h2>\n<p align=\"justify\">Les Fran\u00e7ais et les Anglais se battent dans la p\u00e9ninsule ib\u00e9rique depuis 1807. L&rsquo;intervention fran\u00e7aise en Espagne avait pour but d\u2019envahir le Portugal, alli\u00e9 des Anglais, qui refusait d\u2019appliquer le blocus continental. Us\u00e9e, l\u2019arm\u00e9e fran\u00e7aise perd Madrid en 1812 au profit de Wellington qui commande les troupes anglo-portugaises. Le mar\u00e9chal <a href=\"http:\/\/blogs.univ-jfc.fr\/vphn\/soult-bataille-de-toulouse-de-1814-2020\/\">Soult<\/a> prend alors le commandement des troupes fran\u00e7aises battues, dont le centre logistique est bas\u00e9 \u00e0 Toulouse.<\/p>\n<figure id=\"attachment_5631\" aria-describedby=\"caption-attachment-5631\" style=\"width: 220px\" class=\"wp-caption alignleft\"><img loading=\"lazy\" class=\"size-full wp-image-5631\" src=\"http:\/\/blogs.univ-jfc.fr\/vphn\/wp-content\/uploads\/sites\/65\/2020\/01\/SOult-Illustration-1.jpg\" alt=\"Jean de Dieu Soult mar\u00e9chal d\u2019Empire, repr\u00e9sent\u00e9 par Louis-Henri de Rudder en 1856. (Expos\u00e9 au Ch\u00e2teau de Versailles) Tenant son b\u00e2ton de mar\u00e9chal d'une main, Soult est repr\u00e9sent\u00e9 ici \" width=\"220\" height=\"346\" srcset=\"https:\/\/blogs.univ-jfc.fr\/vphn\/wp-content\/uploads\/sites\/65\/2020\/01\/SOult-Illustration-1.jpg 220w, https:\/\/blogs.univ-jfc.fr\/vphn\/wp-content\/uploads\/sites\/65\/2020\/01\/SOult-Illustration-1-191x300.jpg 191w\" sizes=\"(max-width: 220px) 100vw, 220px\" \/><figcaption id=\"caption-attachment-5631\" class=\"wp-caption-text\">Jean de Dieu Soult mar\u00e9chal d\u2019Empire, Louis-Henri de Rudder, 1856, Ch\u00e2teau de Versailles.<\/figcaption><\/figure>\n<p align=\"justify\">Toulouse est alors un enjeu strat\u00e9gique de taille. La ville contr\u00f4le la route vers Paris ainsi que vers Montpellier et Narbonne. Elle d\u00e9tient \u00e9galement un arsenal, charg\u00e9 notamment de fournir\u00a0l\u2019arm\u00e9e de Pyr\u00e9n\u00e9es en canons. La ville dispose \u00e9galement d\u2019une poudrerie sur l&rsquo;\u00eele du Ramier , indispensable pour approvisionner les arm\u00e9es en poudre.<\/p>\n<p>Ainsi la retraite des troupes imp\u00e9riales vers Toulouse comme la position de celle-ci font de la ville de Toulouse un enjeu cl\u00e9 dans les strat\u00e9gies militaires et politiques de <a href=\"http:\/\/blogs.univ-jfc.fr\/vphn\/soult-bataille-de-toulouse-de-1814-2020\/\">Soult<\/a> et <a href=\"http:\/\/blogs.univ-jfc.fr\/vphn\/wellington-bataille-de-toulouse-de-18142020\/\">Wellington<\/a>.\u00a0La bataille ne peut pas \u00eatre consid\u00e9r\u00e9e comme inutile car son issue est d\u00e9terminante pour l\u2019avenir de la France et des g\u00e9n\u00e9raux.<\/p>\n<h2>Un tremplin politique?<\/h2>\n<p align=\"justify\">Les g\u00e9n\u00e9raux des arm\u00e9es coalis\u00e9es et fran\u00e7aise, respectivement <a href=\"http:\/\/blogs.univ-jfc.fr\/vphn\/wellington-bataille-de-toulouse-de-18142020\/\">Arthur Wellesley de Wellington<\/a> et <a href=\"http:\/\/blogs.univ-jfc.fr\/vphn\/soult-bataille-de-toulouse-de-1814-2020\/\">Jean de Dieu Soult<\/a>, ont tous les deux des objectifs militaires et politiques pr\u00e9cis. En effet, <a href=\"http:\/\/blogs.univ-jfc.fr\/vphn\/wellington-bataille-de-toulouse-de-18142020\/\">Wellington<\/a> n\u2019est que lieutenant g\u00e9n\u00e9ral quand il arrive au Portugal en 1808. <a href=\"http:\/\/blogs.univ-jfc.fr\/vphn\/wellington-bataille-de-toulouse-de-18142020\/\">Wellington<\/a> cherchait donc \u00e0 se faire reconna\u00eetre comme un chef militaire de premier rang envers Londres. Ainsi ses succ\u00e8s feront qu\u2019il sera nomm\u00e9 commandant en chef des forces britanniques et portugaises en 1809, puis mar\u00e9chal en 1813. Ainsi, \u00e0 mesure que son prestige militaire grandissait, son influence politique croissait-elle. C\u2019est donc tout naturellement qu\u2019il essaya de capturer l\u2019arm\u00e9e fran\u00e7aise, la poursuivant jusqu&rsquo;\u00e0 Toulouse.<\/p>\n<figure id=\"attachment_5914\" aria-describedby=\"caption-attachment-5914\" style=\"width: 233px\" class=\"wp-caption alignleft\"><img loading=\"lazy\" class=\"wp-image-5914 size-medium\" src=\"http:\/\/blogs.univ-jfc.fr\/vphn\/wp-content\/uploads\/sites\/65\/2020\/01\/Sir_Arthur_Wellesley_Duke_of_Wellington-233x300.jpg\" alt=\"\" width=\"233\" height=\"300\" srcset=\"https:\/\/blogs.univ-jfc.fr\/vphn\/wp-content\/uploads\/sites\/65\/2020\/01\/Sir_Arthur_Wellesley_Duke_of_Wellington-233x300.jpg 233w, https:\/\/blogs.univ-jfc.fr\/vphn\/wp-content\/uploads\/sites\/65\/2020\/01\/Sir_Arthur_Wellesley_Duke_of_Wellington.jpg 423w\" sizes=\"(max-width: 233px) 100vw, 233px\" \/><figcaption id=\"caption-attachment-5914\" class=\"wp-caption-text\">APSLEY HOUSE, London. \u00ab\u00a0Arthur Wellesley, First Duke of Wellington\u00a0\u00bb portrait par Sir Thomas Lawrence (1769-1830).<\/figcaption><\/figure>\n<p align=\"justify\"><a href=\"http:\/\/blogs.univ-jfc.fr\/vphn\/soult-bataille-de-toulouse-de-1814-2020\/\">Soult<\/a> tentait, lui, de pr\u00e9server son arm\u00e9e et de contenir l\u2019avanc\u00e9e britannique, malgr\u00e9 les diff\u00e9rents revers qu\u2019il a subi. <a href=\"http:\/\/blogs.univ-jfc.fr\/vphn\/soult-bataille-de-toulouse-de-1814-2020\/\">Soult<\/a> \u00e9tait conscient du contexte militaire et politique pr\u00e9caire du Premier Empire en 1814. Pragmatique, il voulait pr\u00e9server sa position lors de la potentielle restauration de Louis XVIII. Ainsi, conserver le contr\u00f4le d\u2019une arm\u00e9e de plus de 35 000 hommes pendant les n\u00e9gociations de paix serait un avantage consid\u00e9rable.<\/p>\n<p align=\"justify\">La bataille de Toulouse comprend donc, autre que les simples enjeux militaires, des ambitions personnelles et politiques des deux g\u00e9n\u00e9raux, <a href=\"http:\/\/blogs.univ-jfc.fr\/vphn\/wellington-bataille-de-toulouse-de-18142020\/\">Wellington<\/a> et <a href=\"http:\/\/blogs.univ-jfc.fr\/vphn\/soult-bataille-de-toulouse-de-1814-2020\/\">Soult<\/a>.<\/p>\n<p align=\"justify\">Les g\u00e9n\u00e9raux fran\u00e7ais comme <a href=\"http:\/\/blogs.univ-jfc.fr\/vphn\/soult-bataille-de-toulouse-de-1814-2020\/\">Soult<\/a> \u00e9taient lass\u00e9s par les conflits. Les mar\u00e9chaux \u00e9taient conscients de la faiblesse militaire de l\u2019Empire est cherchaient \u00e0 pr\u00e9server leurs int\u00e9r\u00eats personnels ainsi que les titres que Napol\u00e9on leur avait donn\u00e9s. Leur loyaut\u00e9 envers Napol\u00e9on s\u2019est \u00e9tiol\u00e9e au fur et \u00e0 mesure des ann\u00e9es de guerre et surtout apr\u00e8s les campagnes de 1812 et 1813. La population fran\u00e7aise, rurale mais aussi urbaine \u00e9tait fatigu\u00e9e des guerres. Les Toulousains souhaitaient ainsi la fin du conflit et le retour de la stabilit\u00e9 de leur mode de vie.<\/p>\n<h2>Quelles cons\u00e9quences ?<\/h2>\n<figure id=\"attachment_5784\" aria-describedby=\"caption-attachment-5784\" style=\"width: 748px\" class=\"wp-caption aligncenter\"><img loading=\"lazy\" class=\"wp-image-5784 size-full\" src=\"http:\/\/blogs.univ-jfc.fr\/vphn\/wp-content\/uploads\/sites\/65\/2020\/01\/Map-bataille-de-toulouse-by-oman7.png\" alt=\"Nous pouvons voir les dispositionnement des forces coalis\u00e9es et fran\u00e7aises ainsi que les diverses redoutes d\u00e9fendant la ville.\" width=\"748\" height=\"806\" srcset=\"https:\/\/blogs.univ-jfc.fr\/vphn\/wp-content\/uploads\/sites\/65\/2020\/01\/Map-bataille-de-toulouse-by-oman7.png 748w, https:\/\/blogs.univ-jfc.fr\/vphn\/wp-content\/uploads\/sites\/65\/2020\/01\/Map-bataille-de-toulouse-by-oman7-278x300.png 278w\" sizes=\"(max-width: 706px) 89vw, (max-width: 767px) 82vw, 740px\" \/><figcaption id=\"caption-attachment-5784\" class=\"wp-caption-text\">Carte de bataille issue du livre d&rsquo;Oman Charles William Chadwick, A history of the Peninsular War, Oxford : Clarendon Press, 1902, 634 p.<br \/> Nous pouvons voir les dispositions des forces coalis\u00e9es et fran\u00e7aises ainsi que les diverses redoutes d\u00e9fendant la ville.<\/figcaption><\/figure>\n<p align=\"justify\">La bataille de Toulouse se d\u00e9roule sur plusieurs secteurs d\u2019affrontements autour de Toulouse. L\u2019arm\u00e9e de Soult arrive dans la ville le 24 mars. <a href=\"http:\/\/blogs.univ-jfc.fr\/vphn\/soult-bataille-de-toulouse-de-1814-2020\/\">Soult<\/a> dispose alors de 36 000 soldats. Wellington dispose lui de 54 000 hommes avec l\u2019appui des divisions espagnoles et portugaises. Les objectifs de <a href=\"http:\/\/blogs.univ-jfc.fr\/vphn\/soult-bataille-de-toulouse-de-1814-2020\/\">Soult<\/a> sont plut\u00f4t clairs : retarder le plus longtemps <a href=\"http:\/\/blogs.univ-jfc.fr\/vphn\/wellington-bataille-de-toulouse-de-18142020\/\">Wellington<\/a>, pr\u00e9server son arm\u00e9e puis battre en retraite pour rejoindre l\u2019arm\u00e9e de Catalogne. Il f\u00eet construire des redoutes, notamment au nord et \u00e0 l\u2019est de la ville.<\/p>\n<p align=\"justify\"><a href=\"http:\/\/blogs.univ-jfc.fr\/vphn\/wellington-bataille-de-toulouse-de-18142020\/\">Wellington<\/a> d\u00e9cide d\u2019avancer sur Toulouse pour capturer l\u2019arm\u00e9e fran\u00e7aise intacte afin de peser dans les n\u00e9gociations de paix. <a href=\"http:\/\/blogs.univ-jfc.fr\/vphn\/wellington-bataille-de-toulouse-de-18142020\/\">Wellington<\/a> contourne la ville et traverse la Garonne la nuit du 4 avril. La bataille s\u2019engage le 10 avril, jour de P\u00e2ques, \u00e0 6 heures. Les coalis\u00e9s attaquent les ponts du canal du midi qui tiennent face aux assauts coalis\u00e9s. Vers 9 heures, <a href=\"http:\/\/blogs.univ-jfc.fr\/vphn\/wellington-bataille-de-toulouse-de-18142020\/\">Wellington<\/a> entame un mouvement de flanc depuis la vall\u00e9e de l\u2019Hers mais ses troupes sont ralenties et fatigu\u00e9es \u00e0 cause de la boue. <a href=\"http:\/\/blogs.univ-jfc.fr\/vphn\/soult-bataille-de-toulouse-de-1814-2020\/\">Soult<\/a> finit par faire \u00e9vacuer les redoutes ainsi que les positions fran\u00e7aises du nord-ouest vers 16h. Les derniers coups de feu sont \u00e9chang\u00e9s au Pont des Demoiselles vers 21h.<\/p>\n<p align=\"justify\">L\u2019affrontement fait 312 morts et environ 2400 bless\u00e9s dans le camp fran\u00e7ais. Les pertes coalis\u00e9es sont plus fortes : 600 tu\u00e9s et plus de 4 000 bless\u00e9s. Le lendemain, le 11, aucun engagement n&rsquo;est fait. En effet, les troupes coalis\u00e9es\u00a0auraient \u00e9t\u00e9 trop fatigu\u00e9es. <a href=\"http:\/\/blogs.univ-jfc.fr\/vphn\/soult-bataille-de-toulouse-de-1814-2020\/\">Soult<\/a> en profite pour faire \u00e9vacuer la ville la nuit du 11 au 12 avril. Wellington rentre triomphalement dans la ville le 12 avril. Cette bataille a \u00e9t\u00e9 revendiqu\u00e9e comme une victoire par les Anglais comme par les Fran\u00e7ais. Elle a \u00e9t\u00e9 contest\u00e9e. En effet, malgr\u00e9 la prise de la ville, <a href=\"http:\/\/blogs.univ-jfc.fr\/vphn\/wellington-bataille-de-toulouse-de-18142020\/\">Wellington<\/a> \u00e9choue dans son plan de capture de l\u2019arm\u00e9e de <a href=\"http:\/\/blogs.univ-jfc.fr\/vphn\/soult-bataille-de-toulouse-de-1814-2020\/\">Soult<\/a> et laisse plus d\u2019hommes sur le champ de bataille. C\u2019est donc potentiellement une victoire tactique fran\u00e7aise mais \u00e9galement une victoire strat\u00e9gique pour les coalis\u00e9s.<br \/>\nLa ville acclame <a href=\"http:\/\/blogs.univ-jfc.fr\/vphn\/wellington-bataille-de-toulouse-de-18142020\/\">Wellington<\/a> pendant son entr\u00e9e, presque comme un lib\u00e9rateur. La prise de la ville sonne en effet comme la fin des guerres et des conflits associ\u00e9s au Premier Empire.<\/p>\n<p align=\"justify\">La bataille de Toulouse est donc loin d\u2019\u00eatre une bataille inutile. Elle comporte des enjeux strat\u00e9giques et politiques de premier plan dans un contexte de reddition de Napol\u00e9on. Le r\u00e9sultat de la bataille a \u00e9t\u00e9 \u00e9galement d\u00e9terminant pour l\u2019avenir de <a href=\"http:\/\/blogs.univ-jfc.fr\/vphn\/wellington-bataille-de-toulouse-de-18142020\/\">Wellington<\/a> et de <a href=\"http:\/\/blogs.univ-jfc.fr\/vphn\/soult-bataille-de-toulouse-de-1814-2020\/\">Soult<\/a>. Ils feront des carri\u00e8res militaires et politiques de premier rang.\u00a0Pour Toulouse, cette bataille marque le retour en force de la pr\u00e9sence royaliste dans la ville.<\/p>\n<p>&nbsp;<\/p>\n<p>&nbsp;<\/p>\n<p><em>Guilhem Carbonne, M\u00e9lissa Heran<\/em><\/p>\n<p><a href=\"http:\/\/blogs.univ-jfc.fr\/vphn\/pour-aller-plus-loin-bataille-de-toulouse-1814\/\">Pour aller plus loin<\/a><\/p>\n","protected":false},"excerpt":{"rendered":"<p>La bataille de Toulouse de 1814 Vid\u00e9o-carte La bataille de Toulouse du 10 avril 1814 se d\u00e9roule vers la fin du Premier Empire, sur le front sud de la campagne de France de 1814, loin des grands engagements du Nord-Ouest o\u00f9 Napol\u00e9on et ses g\u00e9n\u00e9raux tentent de d\u00e9fendre la route vers Paris. Cet engagement, \u00e0 &hellip; <\/p>\n<p class=\"link-more\"><a href=\"https:\/\/blogs.univ-jfc.fr\/vphn\/la-bataille-de-1814-a-toulouse\/\" class=\"more-link\">Continuer la lecture<span class=\"screen-reader-text\"> de &laquo;&nbsp;La bataille de Toulouse de 1814 [2020]&nbsp;&raquo;<\/span><\/a><\/p>\n","protected":false},"author":19,"featured_media":0,"parent":0,"menu_order":0,"comment_status":"closed","ping_status":"closed","template":"","meta":[],"_links":{"self":[{"href":"https:\/\/blogs.univ-jfc.fr\/vphn\/wp-json\/wp\/v2\/pages\/5207"}],"collection":[{"href":"https:\/\/blogs.univ-jfc.fr\/vphn\/wp-json\/wp\/v2\/pages"}],"about":[{"href":"https:\/\/blogs.univ-jfc.fr\/vphn\/wp-json\/wp\/v2\/types\/page"}],"author":[{"embeddable":true,"href":"https:\/\/blogs.univ-jfc.fr\/vphn\/wp-json\/wp\/v2\/users\/19"}],"replies":[{"embeddable":true,"href":"https:\/\/blogs.univ-jfc.fr\/vphn\/wp-json\/wp\/v2\/comments?post=5207"}],"version-history":[{"count":45,"href":"https:\/\/blogs.univ-jfc.fr\/vphn\/wp-json\/wp\/v2\/pages\/5207\/revisions"}],"predecessor-version":[{"id":7749,"href":"https:\/\/blogs.univ-jfc.fr\/vphn\/wp-json\/wp\/v2\/pages\/5207\/revisions\/7749"}],"wp:attachment":[{"href":"https:\/\/blogs.univ-jfc.fr\/vphn\/wp-json\/wp\/v2\/media?parent=5207"}],"curies":[{"name":"wp","href":"https:\/\/api.w.org\/{rel}","templated":true}]}}