{"id":5223,"date":"2020-01-12T06:43:06","date_gmt":"2020-01-12T05:43:06","guid":{"rendered":"http:\/\/blogs.univ-jfc.fr\/vphn\/?page_id=5223"},"modified":"2020-02-05T23:08:23","modified_gmt":"2020-02-05T22:08:23","slug":"lindustrialisation-a-mazamet-lexemple-du-delainage-2020","status":"publish","type":"page","link":"https:\/\/blogs.univ-jfc.fr\/vphn\/lindustrialisation-a-mazamet-lexemple-du-delainage-2020\/","title":{"rendered":"L&rsquo;industrialisation \u00e0 Mazamet, l&rsquo;exemple du d\u00e9lainage [2020]"},"content":{"rendered":"<p><!-- @page { margin: 2cm } P { margin-bottom: 0.25cm; line-height: 115% } A:link { so-language: zxx } --><\/p>\n<p><span style=\"color: #000000\"><span style=\"font-family: Verdana, sans-serif\">Contrairement \u00e0 ce qu\u2019on peut observer ailleurs, les deux phases de l&rsquo;industrialisation \u00e0 Mazamet ne sont pas li\u00e9es au charbon puis au p\u00e9trole, mais plut\u00f4t \u00e0 l&rsquo;\u00e9nergie hydraulique et \u00e0 une branche sp\u00e9cifique du textile\u00a0: le d\u00e9lainage. C\u2019est une technique appliqu\u00e9e aux peaux de moutons dont le but est de s\u00e9parer la laine du cuir. Au d\u00e9part, le d\u00e9lainage n\u2019est que la premi\u00e8re \u00e9tape de la m\u00e9gisserie et du textile. Mais il devient ensuite une industrie \u00e0 part enti\u00e8re dont le berceau se trouve \u00e0 Mazamet. Cette fantastique r\u00e9ussite, qui dure pendant plus d&rsquo;un si\u00e8cle, jusqu&rsquo;au premier choc p\u00e9trolier interpelle forc\u00e9ment. Comment donc cette petite ville du Tarn a-t-elle r\u00e9ussi \u00e0 devenir la capitale mondiale du d\u00e9lainage\u00a0? Il semble que ce soit en r\u00e9ussissant son implantation dans l\u2019h\u00e9misph\u00e8re sud.<\/span><\/span><\/p>\n<p align=\"JUSTIFY\"><span style=\"color: #000000\"><span style=\"font-family: Verdana, sans-serif\"><span style=\"font-size: large\"><b>Du d\u00e9clin du textile \u00e0 l&rsquo;\u00e9mergence du d\u00e9lainage<\/b><\/span><\/span><\/span><\/p>\n<p align=\"JUSTIFY\"><span style=\"color: #000000\"><span style=\"font-family: Verdana, sans-serif\"> L&rsquo;industrie textile \u00e0 Mazamet date, du XVIII\u00b0 si\u00e8cle. <\/span><\/span><span style=\"color: #000000\"><span style=\"font-family: Verdana, sans-serif\">Il s&rsquo;agit au d\u00e9part d&rsquo;une industrie avec un r\u00e9seau industriel important et de structures familiales .<\/span><\/span><span style=\"color: #000000\"><span style=\"font-family: Verdana, sans-serif\"> Dans les ann\u00e9es 1880, la crise du textile favorise la reconversion des usines dans le d\u00e9lainage, plus rentable. Cette reconversion s\u2019observe dans le nombre d\u2019ouvriers\u00a0puisqu&rsquo;en 1903 on compte autant d\u2019ouvriers du textile que d\u2019ouvriers du d\u00e9lainage. Cette mont\u00e9e en puissance de l\u2019activit\u00e9 du d\u00e9lainage doit beaucoup \u00e0 une minorit\u00e9 protestante active, men\u00e9e par des bourgeois conqu\u00e9rants tels que Pierre-Elie Houl\u00e8s, Olombel, P\u00e9ri\u00e9 et Sabatier.<\/span><\/span><\/p>\n<p><img loading=\"lazy\" class=\"alignnone size-medium wp-image-6396\" src=\"http:\/\/blogs.univ-jfc.fr\/vphn\/wp-content\/uploads\/sites\/65\/2020\/01\/unnamed-300x193.jpg\" alt=\"\" width=\"300\" height=\"193\" srcset=\"https:\/\/blogs.univ-jfc.fr\/vphn\/wp-content\/uploads\/sites\/65\/2020\/01\/unnamed-300x193.jpg 300w, https:\/\/blogs.univ-jfc.fr\/vphn\/wp-content\/uploads\/sites\/65\/2020\/01\/unnamed.jpg 512w\" sizes=\"(max-width: 300px) 100vw, 300px\" \/><\/p>\n<p>http:\/\/www.ville-mazamet.com\/mazamet-culture-et-divertissements\/page-l%C3%A9pop%C3%A9e-industrielle_2-1_9.htm<\/p>\n<p align=\"JUSTIFY\"><span style=\"color: #000000\"><span style=\"font-family: Verdana, sans-serif\">Pierre \u00c9lie Houl\u00e8s, fabriquant de tissus, s\u2019affirme sur le march\u00e9 parisien et son petit-fils et successeur, Ferdinand Cormouls, sur celui de Londres. Il, contribue \u00e0 l\u2019essor de Mazamet en d\u00e9veloppant au XIXe si\u00e8cle la draperie et le d\u00e9lainage, fondant d\u00e8s ses 28 ans sa propre entreprise dans le textile. En 1851, il a l\u2019id\u00e9e de r\u00e9cup\u00e9rer les peaux argentines non utilis\u00e9es. Mais sa mort la m\u00eame ann\u00e9e, ne lui permet pas de conna\u00eetre le succ\u00e8s du d\u00e9lainage. Un autre industriel mazam\u00e9tain, Augustin P\u00e9ri\u00e9, fait ouvrir un comptoir en Argentine pour en exploiter les peaux souvent laiss\u00e9es \u00e0 l\u2019abandon. Citons encore le fabriquant Garric dans l\u2019atelier duquel est n\u00e9e l&rsquo;activit\u00e9 du d\u00e9lainage ou Charles Sabati\u00e9 qui cr\u00e9e en 1871 \u00e0 Mazamet, la premi\u00e8re usine sp\u00e9cialis\u00e9e dans le d\u00e9lainage. Pendant 200 ans la dynastie Cormouls-Houl\u00e8s r\u00e8gne sur l\u2019industrie locale, sept g\u00e9n\u00e9rations se succ\u00e8dent.<\/span><\/span><\/p>\n<p align=\"JUSTIFY\"><span style=\"color: #000000\"><span style=\"font-family: Verdana, sans-serif\"><span style=\"font-size: large\"><b>Les atouts de Mazamet<\/b><\/span><\/span><\/span><\/p>\n<p><img loading=\"lazy\" class=\"alignnone size-full wp-image-6342\" src=\"http:\/\/blogs.univ-jfc.fr\/vphn\/wp-content\/uploads\/sites\/65\/2020\/01\/images.jpg\" alt=\"\" width=\"280\" height=\"180\" \/><\/p>\n<p>https:\/\/www.google.fr\/search?biw=1600&#038;bih=757&#038;tbm=isch&#038;sa=1&#038;ei=5Ds3XpCRHZKfgQbxvC8&#038;q=mazamet&#038;oq=mazamet&#038;gs_l=img.1.0.0i67j0l9.0.0..9151&#8230;0.0..0.85.156.2&#8230;&#8230;0&#8230;&#8230;gws-wiz-img.vpz6lC<\/p>\n<p align=\"JUSTIFY\"><span style=\"color: #000000\"><span style=\"font-family: Verdana, sans-serif\">Mazamet dispose de nombreux atouts. C\u2019est d\u2019abord un carrefour naturel qui favorise le commerce, situ\u00e9 entre l\u2019Aquitaine et le Languedoc. Les industriels exploitent aussi les vertus des eaux fluviales particuli\u00e8rement favorables au d\u00e9lainage. L&rsquo;eau de l&rsquo;arnette peu calcaire et elle favorise le nettoyage des peaux. Les nombreux cours d&rsquo;eau provenant ainsi de la montagne noire fournissaient une importante force motrice et des quantit\u00e9s d\u2019eau suffisantes. Il faut savoir qu&rsquo;il fallait une centaine de litres d&rsquo;eau par peau<\/span><\/span><span style=\"color: #000000\"><span style=\"text-decoration: line-through\"><span style=\"font-family: Verdana, sans-serif\">.<\/span><\/span><\/span><\/p>\n<p align=\"JUSTIFY\"><span style=\"color: #000000\"><span style=\"font-family: Verdana, sans-serif\">Notons encore que la g\u00e9ographie de Mazamet n\u2019\u00e9tant pas favorable \u00e0 l&rsquo;agriculture, ses habitants se sont tourn\u00e9s vers les activit\u00e9s industrielles, fournissant une main d\u2019\u0153uvre pr\u00e9cieuse.<\/span><\/span><\/p>\n<p align=\"JUSTIFY\"><span style=\"color: #000000\"><span style=\"font-family: Verdana, sans-serif\"><span style=\"font-size: large\"><b>Les ouvriers du d\u00e9lainage<\/b><\/span><\/span><\/span><\/p>\n<p align=\"JUSTIFY\"><img loading=\"lazy\" class=\"alignnone size-medium wp-image-6345\" src=\"http:\/\/blogs.univ-jfc.fr\/vphn\/wp-content\/uploads\/sites\/65\/2020\/01\/Travail_de_la_laine_a_Mazamet-300x194.jpg\" alt=\"\" width=\"300\" height=\"194\" srcset=\"https:\/\/blogs.univ-jfc.fr\/vphn\/wp-content\/uploads\/sites\/65\/2020\/01\/Travail_de_la_laine_a_Mazamet-300x194.jpg 300w, https:\/\/blogs.univ-jfc.fr\/vphn\/wp-content\/uploads\/sites\/65\/2020\/01\/Travail_de_la_laine_a_Mazamet-768x495.jpg 768w, https:\/\/blogs.univ-jfc.fr\/vphn\/wp-content\/uploads\/sites\/65\/2020\/01\/Travail_de_la_laine_a_Mazamet.jpg 831w\" sizes=\"(max-width: 300px) 100vw, 300px\" \/><\/p>\n<p>https:\/\/www.google.fr\/search?q=les+ouvriers+du+d%C3%A9lainage&#038;source=lnms&#038;tbm=isch&#038;sa=X&#038;ved=2ahUKEwi_19mD4bPnAhU6BGMBHZ15CFEQ_AUoAnoECAwQBA&#038;biw=1600&#038;bih=757<\/p>\n<p align=\"JUSTIFY\"><span style=\"color: #000000\"><span style=\"font-family: Verdana, sans-serif\">Le textile \u00e9tant en crise et le d\u00e9lainage \u00e9tant une industrie tr\u00e8s lucrative, beaucoup de fabricants mazam\u00e9tains se sont donc reconvertis. Les ouvriers s&rsquo;adaptent avec facilit\u00e9 car le d\u00e9lainage n&rsquo;est pas tr\u00e8s \u00e9loign\u00e9 de leur savoir-faire traditionnel. Ils sont majoritairement originaires de Mazamet ou des alentours. On parle \u201cd&rsquo;ouvriers paysans\u201d car un tiers des recrut\u00e9s sont fils de paysans et une moiti\u00e9 fils d\u2019ouvrier du textile. O\u00f9 vivent-ils\u00a0? Rarement en centre-ville et plut\u00f4t dans les villages ou dans la montagne noire proches.<\/span><\/span><\/p>\n<p align=\"JUSTIFY\"><span style=\"color: #000000\"><span style=\"font-family: Verdana, sans-serif\">Quels types d\u2019ouvriers travaillent dans le d\u00e9lainage\u00a0? On en trouve trois\u00a0: les sabreurs (essentiellement des hommes solides), les peleurs (en majorit\u00e9 des femmes surtout \u00e0 partir du d\u00e9but XXe si\u00e8cle) et les \u00ab\u00a0marragos\u00a0\u00bb. Les \u00ab\u00a0marragos\u00a0\u00bb, sortes de manutentionnaires du d\u00e9lainage, repr\u00e9sentent plus de la moiti\u00e9 des d\u00e9laineurs mazam\u00e9tains. Ils comprennent des hommes, des femmes et des enfants (dont le nombre va diminuer) qui devaient faire s\u00e9cher les peaux en laines. <\/span><\/span><\/p>\n<p align=\"JUSTIFY\"><span style=\"color: #000000\"><span style=\"font-family: Verdana, sans-serif\">Quelles sont leurs conditions de travail\u00a0? Depuis 1900 ils commencent leur travail \u00e0 6 heures, font une pause entre 11 heures et 13 heures pour finir ensuite \u00e0 18 heures soit une journ\u00e9e de 10 heures. Ils travaillent aussi dans le bruit \u00e0 cause des sabreuses, dans les mauvaises odeurs, dans l\u2019humidit\u00e9 et les risques d\u2019accident, notamment avec les sabreuses, sont importants. Peu \u00e0 peu, les progr\u00e8s techniques am\u00e9liorent la situation. Les sabreuses fran\u00e7aises sont par exemple remplac\u00e9es par des sabreuses anglaises plus s\u00fbres, tandis que des progr\u00e8s sont faits dans l\u2019organisation du travail. Reste que pendant l\u2019\u00e9t\u00e9, la s\u00e9cheresse am\u00e8ne du ch\u00f4mage technique et oblige \u00e0 faire des travaux saisonniers notamment agricoles. <\/span><\/span><\/p>\n<p align=\"JUSTIFY\"><span style=\"color: #000000\"><span style=\"font-family: Verdana, sans-serif\">Malgr\u00e9 tout, ces ouvriers profitent d\u2019une progression globale de leur pouvoir d\u2019achat par rapport aux ann\u00e9es 1850, de deux fois et demi en 1900.<\/span><\/span><\/p>\n<p align=\"JUSTIFY\"><span style=\"color: #000000\"><span style=\"font-family: Verdana, sans-serif\"><span style=\"font-size: large\"><b>Une dynamique menac\u00e9e : la gr\u00e8ve de 1909<\/b><\/span><\/span><\/span><\/p>\n<p><img loading=\"lazy\" class=\"alignnone size-medium wp-image-6348\" src=\"http:\/\/blogs.univ-jfc.fr\/vphn\/wp-content\/uploads\/sites\/65\/2020\/01\/image-300x169.jpg\" alt=\"\" width=\"300\" height=\"169\" srcset=\"https:\/\/blogs.univ-jfc.fr\/vphn\/wp-content\/uploads\/sites\/65\/2020\/01\/image-300x169.jpg 300w, https:\/\/blogs.univ-jfc.fr\/vphn\/wp-content\/uploads\/sites\/65\/2020\/01\/image-768x434.jpg 768w, https:\/\/blogs.univ-jfc.fr\/vphn\/wp-content\/uploads\/sites\/65\/2020\/01\/image.jpg 885w\" sizes=\"(max-width: 300px) 100vw, 300px\" \/>https:\/\/www.ladepeche.fr\/article\/2009\/02\/17\/560345-mazamet-des-enfants-pour-figurer-l-exode-de-1909.html<\/p>\n<p align=\"JUSTIFY\"><span style=\"color: #000000\"><span style=\"font-family: Verdana, sans-serif\">La loi de Waldeck-Rousseau sur les syndicats en 1886 et la cr\u00e9ation de sept syndicat \u00e0 Mazamet en 1903 conduit \u00e0 un contexte plus favorable \u00e0 la gr\u00e8ve.<\/span><\/span><\/p>\n<p align=\"JUSTIFY\"><span style=\"color: #000000\"><span style=\"font-family: Verdana, sans-serif\"> Le 22 d\u00e9cembre 1908 le syndicat d\u00e9laineur \u201cFaux-Jaune\u201d adresse aux patrons une demande d&rsquo;augmentation par courrier. Apr\u00e8s deux r\u00e9ponses n\u00e9gatives <a href=\"https:\/\/www.lhistoire.fr\/patrons-de-gauche-ouvriers-de-droite-les-gr%C3%A9vistes-de-mazamet-1909\">la gr\u00e8ve est vot\u00e9e par les deux syndicats d\u00e9laineurs le 10 janvier 1909.<\/a> Face \u00e0 la r\u00e9sistance patronale les deux syndicats \u00ab\u00a0Rouge\u00a0\u00bb et \u00ab\u00a0Faux-jaunes\u00a0\u00bb d\u00e9cident de s&rsquo;unir malgr\u00e9 leurs divergences politiques. Cette gr\u00e8ve b\u00e9n\u00e9ficie d&rsquo;un soutien national avec notamment l&rsquo;aide de la CGT. Ce mouvement, d\u2019abord calme pendant deux mois conna\u00eet ensuite de violents incidents \u00e0 l&rsquo;encontre des non-gr\u00e9vistes, des patrons et des forces de l&rsquo;ordre. Les patrons se servent de ces violences pour expliquer dans la presse que les salari\u00e9s ont laisser la marchandise en souffrance, mais d&rsquo;apr\u00e8s R\u00e9my Cazals les pertes ont \u00e9t\u00e9 tr\u00e8s faibles et ont servi d&rsquo;excuse au patronat pour ne rien c\u00e9der. Ceci augmente les tensions entre ouvriers et patrons et am\u00e8ne le pr\u00e9sident du conseil, Cl\u00e9menceau, \u00e0 intervenir en tant que m\u00e9diateur. C&rsquo;est finalement le 30 mars, face \u00e0 une situation qui s&rsquo;\u00e9ternise que l&rsquo;assembl\u00e9e patronale se met d&rsquo;accord avec les repr\u00e9sentants des ouvriers pour la cr\u00e9ation d\u2019une commission mixte compos\u00e9e de trois ouvriers et de trois patrons. Ce qui aboutit \u00e0 la fin de la gr\u00e8ve le 6 mai. Dans l&rsquo;accord, les ouvriers obtiennent une augmentation de 7 % des salaires et la cr\u00e9ation d\u2019une caisse de soutien en cas de maladie. Cette victoire ouvri\u00e8re am\u00e8ne une pouss\u00e9e du vote socialiste aux l\u00e9gislatives de 1910 et, dans le m\u00eame temps, le vote d&rsquo;une loi sur les retraites ouvri\u00e8res.<\/span><\/span><\/p>\n<p align=\"JUSTIFY\"><span style=\"color: #000000\"><span style=\"font-family: Verdana, sans-serif\"><span style=\"font-size: large\"><b>Mazamet capitale mondiale du d\u00e9lainage, entre ascension et d\u00e9clin<\/b><\/span><\/span><\/span><\/p>\n<p align=\"JUSTIFY\"><a href=\"https:\/\/postermuseum.com\/products\/mazamet-centenaire-du-delainage-2115\"><strong>Centenaire du d\u00e9lainage<\/strong><\/a><\/p>\n<p align=\"JUSTIFY\"><img loading=\"lazy\" class=\"alignnone size-medium wp-image-6349\" src=\"http:\/\/blogs.univ-jfc.fr\/vphn\/wp-content\/uploads\/sites\/65\/2020\/01\/DjK2a9oW0AEhi9_-221x300.jpg\" alt=\"\" width=\"221\" height=\"300\" srcset=\"https:\/\/blogs.univ-jfc.fr\/vphn\/wp-content\/uploads\/sites\/65\/2020\/01\/DjK2a9oW0AEhi9_-221x300.jpg 221w, https:\/\/blogs.univ-jfc.fr\/vphn\/wp-content\/uploads\/sites\/65\/2020\/01\/DjK2a9oW0AEhi9_.jpg 653w\" sizes=\"(max-width: 221px) 100vw, 221px\" \/><\/p>\n<p><a href=\"https:\/\/postermuseum.com\/products\/mazamet-centenaire-du-delainage-2115\">Mazamet, centenaire du delainage<\/a><\/p>\n<p align=\"JUSTIFY\"><span style=\"color: #000000\"><span style=\"font-family: Verdana, sans-serif\">Le d\u00e9lainage mazam\u00e9tain est fortement impact\u00e9 par la conjoncture mondiale. Cela est d\u00fb \u00e0 ses nombreux comptoirs d\u2019achat dans les pays du sud comme l\u2019Argentine et l\u2019Australie. Beaucoup de cadres du d\u00e9lainage vont m\u00eame s&rsquo;installer et fonder une famille en Argentine, ce qui am\u00e9liore leurs connaissances du terrain. La grande quantit\u00e9 de laine et de cuirots que poss\u00e9de Mazamet, fait de la ville un march\u00e9 important de mati\u00e8res premi\u00e8res qui sert \u00e0 l&rsquo;approvisionnement de l&rsquo;ensemble de l&rsquo;industrie mondiale. Ses principaux clients sont l&rsquo;italie et l&rsquo;Angleterre. La ville b\u00e9n\u00e9ficie ainsi largement des phases de libre-\u00e9change. De 1880 \u00e0 1910 la quantit\u00e9 de laine exp\u00e9di\u00e9e est multipli\u00e9e par neuf.<\/span><\/span><\/p>\n<p align=\"JUSTIFY\"><span style=\"color: #000000\"><span style=\"font-family: Verdana, sans-serif\"> En 1903, on note que plus de 47 millions de peaux ont \u00e9t\u00e9 achet\u00e9s et les ventes de laine passent \u00e0 plus de 18 millions et 6 millions pour les cuirots. En 1905, le co\u00fbt de la laine grimpe \u00e0 cause du conflit russo-japonais, ce qui permet \u00e0 Mazamet de d\u00e9gager entre 10% et 15% de b\u00e9n\u00e9fices sur la revente.<\/span><\/span><\/p>\n<p align=\"JUSTIFY\"><span style=\"color: #000000\"><span style=\"font-family: Verdana, sans-serif\">En 1912 le d\u00e9lainage mazam\u00e9tain connait son ann\u00e9e record avec plus de 32 millions de peaux trait\u00e9es\u00a0et vendues sur l\u2019ann\u00e9e, ainsi que 10 millions de cuirots. Par comparaison, notons que les importations de peaux \u00e9taient au-del\u00e0 des 57 millions et le chiffre d\u2019affaires de 140 millions de francs, soit dix fois plus que le chiffre d\u2019affaires des mines de Carmaux. <\/span><\/span><\/p>\n<p align=\"JUSTIFY\"><span style=\"color: #000000\"><span style=\"font-family: Verdana, sans-serif\">En 1914 la guerre perturbe fortement l\u2019\u00e9conomie r\u00e9gionale et l\u2019industrie travaille pour la D\u00e9fense nationale. <\/span><\/span><span style=\"color: #000000\"><span style=\"font-family: Verdana, sans-serif\">\u00c0<\/span><\/span><span style=\"color: #000000\"><span style=\"font-family: Verdana, sans-serif\"> partir de 1917 plusieurs usines ferment. Apr\u00e8s la guerre, l\u2019activit\u00e9 red\u00e9colle, retrouve ses r\u00e9sultats du d\u00e9but des ann\u00e9es 1910 et continue \u00e0 progresser jusqu&rsquo;au d\u00e9but des ann\u00e9es 1920. En 1929 la crise mondiale touche l\u2019industrie \u00e0 Mazamet, d\u00e9pendante du march\u00e9 international. En effet, Mazamet repr\u00e9sent\u00e9 \u00e0 ce moment-l\u00e0 85 % des peaux achet\u00e9s \u00e0 Buenos-Aires et 45% des peaux achet\u00e9es \u00e0 l\u2019Australie. Mazamet doit, en outre, faire face aux risques de mesures protectionnistes anglaises et australiennes.<\/span><\/span><\/p>\n<p align=\"JUSTIFY\"><span style=\"color: #000000\"><span style=\"font-family: Verdana, sans-serif\">En 1933, malgr\u00e9 l&rsquo;abandon du libre-\u00e9change en Angleterre, le d\u00e9lainage \u00ab\u00a0remonte la pente\u00a0\u00bb, car la Grande-Bretagne pr\u00e9f\u00e8re continuer d\u2019acheter \u00e0 Mazamet jug\u00e9e plus performante que ses concurrents. <a href=\"https:\/\/www.persee.fr\/doc\/rgpso_0035-3221_1970_num_41_3_2277\">La reconstruction de l&rsquo;apr\u00e8s-guerre permet une importante relance<\/a>. En 1953 grosse progression de l\u2019activit\u00e9 avec la cr\u00e9ation de deux nouvelles usines. Ensuite La cr\u00e9ation du march\u00e9 commun va favorise le commerce du d\u00e9lainage. L\u2019exportation vers les autres pays de l\u2019Europe des six passes de 23% en 1953 \u00e0 53% en 1957. En 1959 les prix de la laine passe sous celui des fibres synth\u00e9tiques ce qui permet une augmentation des ventes vers les USA. Dans les ann\u00e9es 1960 on compte plus de 5000 salari\u00e9s dans le d\u00e9lainage pour 52 usines. En 1972 record absolu avec plus de 105 millions tonnes de peaux achet\u00e9es, favoriser par la s\u00e9cheresse en Australie qui augmente anormalement le nombre de moutons abattus.<\/span><\/span><\/p>\n<p align=\"JUSTIFY\"><span style=\"color: #000000\"><span style=\"font-family: Verdana, sans-serif\"> Mais le d\u00e9clin ne tarde pas et \u00e0 la suite du <a href=\"https:\/\/www.connaissancedesenergies.org\/fiche-pedagogique\/choc-petrolier\">choc p\u00e9trolier<\/a> beaucoup d\u2019entreprises de d\u00e9lainage sont remplac\u00e9es par des espaces verts, ou par d\u2019autres b\u00e2timents priv\u00e9s, sans rapport avec le d\u00e9lainage. Le nombre de ch\u00f4meurs augmente de 15% entre 1983 et 1984, tandis que le nombre de peaux achet\u00e9es d\u00e9gringole, passant dans les ann\u00e9es 1980 de 60 millions de tonnes \u00e0 40 millions. Malgr\u00e9 tout, Mazamet parvient toujours \u00e0 exporter 75% de sa production, dont 50 % vers l\u2019Italie qui devance le client historique britannique. Au d\u00e9but des ann\u00e9es 1990 le poids du d\u00e9lainage est encore significatif<\/span><\/span><span style=\"color: #000000\"><span style=\"text-decoration: line-through\"><span style=\"font-family: Verdana, sans-serif\">s<\/span><\/span><\/span><span style=\"color: #000000\"><span style=\"font-family: Verdana, sans-serif\">. L\u2019Australie qui devient le principal fournisseur vend de plus en plus de viande au Moyen-Orient, ce qui permet \u00e0 Mazamet de r\u00e9cup\u00e9rer ses peaux. Mais l\u2019\u00e9conomie \u00e9volue rapidement et l\u2019activit\u00e9 du d\u00e9lainage, tr\u00e8s conservatrice, a du mal \u00e0 s\u2019adapter. D\u00e8s 1965 le monopole mazam\u00e9tain est remis en question. Mazamet est de plus en plus concurrenc\u00e9 par le d\u00e9lainage australien, argentin et italien, puis par l&rsquo;arriv\u00e9e de nouveaux acheteurs de peaux tels que les Chinois. La part des achats des peaux australiennes par les Chinois passent en effet de 2% en 1991, \u00e0 22% en 1994 pour atteindre 90% en 2010. Leur arriv\u00e9e sur le march\u00e9 a \u00e9t\u00e9 soudaine et a surpris le d\u00e9lainage mazam\u00e9tain malgr\u00e9 les avertissements du directeur pr\u00e9sent en Australie. Les Chinois profitent des co\u00fbts de transformation tr\u00e8s bas en vigueur dans leur pays et peuvent se permettre d\u2019acheter \u00e0 des prix au-dessus de ceux propos\u00e9s par Mazamet. En 1996, on ne compte plus que 9 usines de d\u00e9lainage sur Mazamet et finalement <a href=\"https:\/\/www.ladepeche.fr\/article\/2004\/10\/12\/254213-industrie-du-delainage-c-est-fini.html\">les deux derni\u00e8res usines ferment en 2004<\/a>.<\/span><\/span><\/p>\n<p align=\"JUSTIFY\"><span style=\"color: #000000\"><span style=\"font-family: Verdana, sans-serif\"> Aujourd&rsquo;hui il ne reste de cette incroyable aventure textile que quelques microentreprises qui travaillent dans ce secteur dans le Tarn, mais avec un poids \u00e9conomique de moindre ampleur.<\/span><\/span><\/p>\n<p>&nbsp;<\/p>\n<p>&nbsp;<\/p>\n<p>&nbsp;<\/p>\n<p>Etudiant : Sylvain Imart (L2)<\/p>\n","protected":false},"excerpt":{"rendered":"<p>Contrairement \u00e0 ce qu\u2019on peut observer ailleurs, les deux phases de l&rsquo;industrialisation \u00e0 Mazamet ne sont pas li\u00e9es au charbon puis au p\u00e9trole, mais plut\u00f4t \u00e0 l&rsquo;\u00e9nergie hydraulique et \u00e0 une branche sp\u00e9cifique du textile\u00a0: le d\u00e9lainage. C\u2019est une technique appliqu\u00e9e aux peaux de moutons dont le but est de s\u00e9parer la laine du cuir. &hellip; <\/p>\n<p class=\"link-more\"><a href=\"https:\/\/blogs.univ-jfc.fr\/vphn\/lindustrialisation-a-mazamet-lexemple-du-delainage-2020\/\" class=\"more-link\">Continuer la lecture<span class=\"screen-reader-text\"> de &laquo;&nbsp;L&rsquo;industrialisation \u00e0 Mazamet, l&rsquo;exemple du d\u00e9lainage [2020]&nbsp;&raquo;<\/span><\/a><\/p>\n","protected":false},"author":19,"featured_media":0,"parent":0,"menu_order":0,"comment_status":"closed","ping_status":"closed","template":"","meta":[],"_links":{"self":[{"href":"https:\/\/blogs.univ-jfc.fr\/vphn\/wp-json\/wp\/v2\/pages\/5223"}],"collection":[{"href":"https:\/\/blogs.univ-jfc.fr\/vphn\/wp-json\/wp\/v2\/pages"}],"about":[{"href":"https:\/\/blogs.univ-jfc.fr\/vphn\/wp-json\/wp\/v2\/types\/page"}],"author":[{"embeddable":true,"href":"https:\/\/blogs.univ-jfc.fr\/vphn\/wp-json\/wp\/v2\/users\/19"}],"replies":[{"embeddable":true,"href":"https:\/\/blogs.univ-jfc.fr\/vphn\/wp-json\/wp\/v2\/comments?post=5223"}],"version-history":[{"count":21,"href":"https:\/\/blogs.univ-jfc.fr\/vphn\/wp-json\/wp\/v2\/pages\/5223\/revisions"}],"predecessor-version":[{"id":6517,"href":"https:\/\/blogs.univ-jfc.fr\/vphn\/wp-json\/wp\/v2\/pages\/5223\/revisions\/6517"}],"wp:attachment":[{"href":"https:\/\/blogs.univ-jfc.fr\/vphn\/wp-json\/wp\/v2\/media?parent=5223"}],"curies":[{"name":"wp","href":"https:\/\/api.w.org\/{rel}","templated":true}]}}