{"id":5231,"date":"2020-01-12T06:47:38","date_gmt":"2020-01-12T05:47:38","guid":{"rendered":"http:\/\/blogs.univ-jfc.fr\/vphn\/?page_id=5231"},"modified":"2020-04-02T18:16:57","modified_gmt":"2020-04-02T16:16:57","slug":"la-cie-des-houilleres-de-carmaux-du-temps-des-solages-1780-a-1944","status":"publish","type":"page","link":"https:\/\/blogs.univ-jfc.fr\/vphn\/la-cie-des-houilleres-de-carmaux-du-temps-des-solages-1780-a-1944\/","title":{"rendered":"La compagnie des Houill\u00e8res de Carmaux du temps des Solages (1780 \u00e0 1944)."},"content":{"rendered":"<h1 style=\"text-align: center\" align=\"justify\"><span style=\"color: #ff0000\"><span style=\"font-family: 'Times New Roman', serif\">La compagnie des houill\u00e8res de Carmaux sous la famille de Solages<\/span><\/span><\/h1>\n<p><a href=\"https:\/\/www.youtube.com\/watch?v=Q9OsFTWjGyg&amp;feature=youtu.be\" target=\"_blank\" rel=\"noopener noreferrer\">VIDEO &#8211; BENJAMIN TERNISIEN<\/a><\/p>\n<h2 align=\"justify\"><span style=\"color: #ff0000\"><span style=\"font-family: 'Times New Roman', serif\">Carmaux un village rural jusqu\u2019\u00e0 l&rsquo;arriv\u00e9 de la famille Solages\u00a0<\/span><\/span><\/h2>\n<p align=\"justify\"><span style=\"color: #ffffff\"><span style=\"font-family: 'Times New Roman', serif\">Le XVIII<\/span><sup><span style=\"font-family: 'Times New Roman', serif\">e<\/span><\/sup><span style=\"font-family: 'Times New Roman', serif\"> si\u00e8cle voit les d\u00e9buts de la R\u00e9volution industrielle. Ce ph\u00e9nom\u00e8ne qui touche en premier lieu l&rsquo;Angleterre, puis l&rsquo;ensemble de l&rsquo;Europe, est d\u00fb \u00e0 l\u2019invention de nouvelles machines, qui vont r\u00e9volutionner le processus productif. Cette r\u00e9volution va<\/span><span style=\"font-family: 'Times New Roman', serif\"> transformer l&rsquo;espace et les soci\u00e9t\u00e9s, en les faisant passer d\u2019un monde domin\u00e9 par l\u2019agriculture \u00e0 un monde. Dans ces transformations, le r\u00f4le de certaines familles a \u00e9t\u00e9 d\u00e9terminant. Cependant, ces machines qui permettent cette transition, ont un point en commun, elles demandent de l&rsquo;\u00e9nergie, notamment celle fournie par le charbon. On assiste alors, partout, au d\u00e9<\/span><span style=\"font-family: 'Times New Roman', serif\">veloppement de la production des houill\u00e8res, qui vont n\u00e9cessiter l&#8217;emploi de mineurs, qui se rassemblent autour des mines, jusqu\u2019\u00e0 former de v\u00e9ritables villes mini\u00e8res. C\u2019est le cas \u00e0 Carmaux o\u00f9 la famille de Solages a jou\u00e9 un r\u00f4le crucial.<\/span><\/span><\/p>\n<figure id=\"attachment_5814\" aria-describedby=\"caption-attachment-5814\" style=\"width: 224px\" class=\"wp-caption alignright\"><img loading=\"lazy\" class=\"wp-image-5814 size-medium\" src=\"http:\/\/blogs.univ-jfc.fr\/vphn\/wp-content\/uploads\/sites\/65\/2020\/01\/Chevalier_Gabriel_de_Solages-224x300.jpg\" alt=\"\" width=\"224\" height=\"300\" srcset=\"https:\/\/blogs.univ-jfc.fr\/vphn\/wp-content\/uploads\/sites\/65\/2020\/01\/Chevalier_Gabriel_de_Solages-224x300.jpg 224w, https:\/\/blogs.univ-jfc.fr\/vphn\/wp-content\/uploads\/sites\/65\/2020\/01\/Chevalier_Gabriel_de_Solages.jpg 528w\" sizes=\"(max-width: 224px) 100vw, 224px\" \/><figcaption id=\"caption-attachment-5814\" class=\"wp-caption-text\"><span style=\"color: #ffffff\">Chevalier Gabriel de Solages. Mus\u00e9e-Centre d&rsquo;art du verre de Carmaux. Auteur inconnu.<\/span><\/figcaption><\/figure>\n<p align=\"justify\"><span style=\"color: #ffffff\"><span style=\"font-family: 'Times New Roman', serif\">L&rsquo;exploitation du charbon n&rsquo;est pas r\u00e9cente. Elle remonte au Moyen \u00c2ge, quand <\/span><span style=\"font-family: 'Times New Roman', serif\">au XIII<\/span><sup><span style=\"font-family: 'Times New Roman', serif\">e<\/span><\/sup><span style=\"font-family: 'Times New Roman', serif\"> si\u00e8cle, des paysans logeant \u00e0 proximit\u00e9 du C\u00e9rou<\/span><span style=\"font-family: 'Times New Roman', serif\">, en d\u00e9couvrent la pr\u00e9sence. Ce charbon. Il est utilis\u00e9 pour chauffer les maisons et l\u2019exc\u00e9dent est apport\u00e9 \u00e0 Albi, o\u00f9 il est vendu. Cette exploitation ne s\u2019effectue pas dans des galeries, mais dans des tranch\u00e9es, atteignant g\u00e9n\u00e9ralement une vingtaine de m\u00e8tres de profondeur. Cette premi\u00e8re exploitation est artisanale et personnelle.<\/span><\/span><\/p>\n<p align=\"justify\"><span style=\"color: #ffffff\"><span style=\"font-family: 'Times New Roman', serif\">Elle sera poursuivie \u00e0 partir de 1752 par <a style=\"color: #ffffff\" href=\"http:\/\/blogs.univ-jfc.fr\/vphn\/la-famille-solage\/\" target=\"_blank\" rel=\"noopener noreferrer\">la famille de Solages<\/a><\/span><span style=\"font-family: 'Times New Roman', serif\">,<\/span><span style=\"font-family: 'Times New Roman', serif\">\u00a0jusqu\u2019\u00e0 la cr\u00e9ation d&rsquo;une v\u00e9ritable ville charbonni\u00e8re de Carmaux. Gabriel de Solages cr\u00e9\u00e9 alors, \u201cla compagnie de Carmaux\u201d, dont il \u00e9tait actionnaire majoritaire, pour \u00e9viter <\/span><span style=\"font-family: 'Times New Roman', serif\">la <a style=\"color: #ffffff\" href=\"http:\/\/blogs.univ-jfc.fr\/vphn\/derogeance\/\" target=\"_blank\" rel=\"noopener noreferrer\">la d\u00e9rogeance<\/a><\/span><span style=\"font-family: 'Times New Roman', serif\">.<\/span><\/span><\/p>\n<p align=\"justify\"><span style=\"color: #ffffff\"><span style=\"font-family: 'Times New Roman', serif\">La soci\u00e9t\u00e9 emploie alors une centaine de salari\u00e9s capables d\u2019extraire environ 10 milliers de tonnes par an. Le charbon de terre remplace, peu \u00e0 peu, le charbon de bois, pour la cuisson de l\u2019argile, pour la fabrication de mat\u00e9riaux de construction comme la brique. En 1782, l\u2019extraction du charbon est rendue plus complexe par le creusement de puits plus profonds, pouvant atteindre des profondeurs de 120 m\u00e8tres. A cette profondeur la houille de Carmaux est d&rsquo;une qualit\u00e9 sup\u00e9rieure aux meilleurs charbons d&rsquo;Angleterre. <\/span><span style=\"font-family: 'Times New Roman', serif\">La<\/span><span style=\"font-family: 'Times New Roman', serif\"> demande <\/span><span style=\"font-family: 'Times New Roman', serif\">d&rsquo;Albi<\/span><span style=\"font-family: 'Times New Roman', serif\"> constitue le d\u00e9bouch\u00e9 le plus important des mines de Carmaux. Le transport est assur\u00e9 par de lourdes charrettes, tract\u00e9es par des chevaux, qui relient Carmaux \u00e0 Albi. <\/span><span style=\"font-family: 'Times New Roman', serif\">Dans la seconde moiti\u00e9 du XVIII<\/span><sup><span style=\"font-family: 'Times New Roman', serif\">e<\/span><\/sup><span style=\"font-family: 'Times New Roman', serif\"> si\u00e8cle, Gabriel-Charles de Solages contribue \u00e0 la modernisation des techniques d&rsquo;extraction du charbon dans le carmausin. <\/span><span style=\"font-family: 'Times New Roman', serif\">M<\/span><span style=\"font-family: 'Times New Roman', serif\">\u00eame si les mineurs ne disposent encore que d\u2019un<\/span><span style=\"font-family: 'Times New Roman', serif\"><a style=\"color: #ffffff\" href=\"http:\/\/blogs.univ-jfc.fr\/vphn\/2020\/01\/23\/outillage-des-mineurs-au-xviii-siecle\/\" target=\"_blank\" rel=\"noopener noreferrer\"> outillage rudimentaire<\/a>. <\/span><span style=\"font-family: 'Times New Roman', serif\">Ainsi on utilise encore le pic d\u2019extraction, la masse, la pioche, ainsi que des tra\u00eeneaux pour le transport interne servent \u00e0 l\u2019extraction du charbon creus\u00e9 a m\u00eame la veine. <\/span><span style=\"font-family: 'Times New Roman', serif\">L&rsquo;\u00e9clairage est assur\u00e9 par une bougie, port\u00e9e sur le casque. Cependant, on utilise aussi des machines comme des pompes aspirantes, mises en mouvement par un man\u00e8ge \u00e0 chevaux.<\/span><\/span><\/p>\n<h2><span style=\"color: #ff0000\"><span style=\"font-family: 'Times New Roman', serif\">L&rsquo;implication de la famille de Solages durant la r\u00e9volution industrielle et le d\u00e9but de la transformation de Carmaux<\/span><\/span><\/h2>\n<p align=\"justify\"><span style=\"color: #ffffff\"><span style=\"font-family: 'Times New Roman', serif\">L\u2019invention de la machine \u00e0 vapeur est d\u00e9terminante dans tous les domaines. Les premi\u00e8res machines \u00e0 vapeur sont con\u00e7ues afin de pomper l&rsquo;eau des mines, et permettre la poursuite de leur exploitation. Et c\u2019est le charbon qui permet de les faire fonctionner. <\/span><\/span><\/p>\n<p align=\"justify\"><span style=\"color: #ffffff\"><span style=\"font-family: 'Times New Roman', serif\">Ailleurs aussi, il est appr\u00e9ci\u00e9 car c\u2019est un excellent combustible, qui dure plus longtemps que le bois. Pour r\u00e9pondre \u00e0 la demande des hauts fourneaux industriels, le bassin du Carmausin, bien que modeste \u00e0 l&rsquo;\u00e9poque, augmente sa production et ses effectifs. On assiste alors \u00e0 une mont\u00e9 de l&rsquo;industrie charbonni\u00e8re dans les houill\u00e8res de Carmaux. Le nombre de mineurs double, passant de 1000 en 1860, \u00e0 2000 en 1880 et la production annuelle passe de 120 000 tonnes en 1860, \u00e0 320 000 en 1880.<\/span><\/span><\/p>\n<p align=\"justify\"><span style=\"color: #ffffff\"><span style=\"font-family: 'Times New Roman', serif\">Mais durant toute cette premi\u00e8re moiti\u00e9 du XIX<\/span><sup><span style=\"font-family: 'Times New Roman', serif\">e<\/span><\/sup><span style=\"font-family: 'Times New Roman', serif\"> si\u00e8cle, Carmaux accumule un retard consid\u00e9rable en mati\u00e8re d\u2019avanc\u00e9es techniques et de conditions de travail, sur les mines du Nord de la France. L<\/span><span style=\"font-family: 'Times New Roman', serif\">&lsquo;enclavement de la r\u00e9gion et la faible m\u00e9canisation nu<\/span><\/span><\/p>\n<figure id=\"attachment_5803\" aria-describedby=\"caption-attachment-5803\" style=\"width: 215px\" class=\"wp-caption alignright\"><img loading=\"lazy\" class=\"wp-image-5803 size-medium\" src=\"http:\/\/blogs.univ-jfc.fr\/vphn\/wp-content\/uploads\/sites\/65\/2020\/01\/Jean_Jaur\u00e8s_1904_by_Nadar-215x300.jpg\" alt=\"\" width=\"215\" height=\"300\" srcset=\"https:\/\/blogs.univ-jfc.fr\/vphn\/wp-content\/uploads\/sites\/65\/2020\/01\/Jean_Jaur\u00e8s_1904_by_Nadar-215x300.jpg 215w, https:\/\/blogs.univ-jfc.fr\/vphn\/wp-content\/uploads\/sites\/65\/2020\/01\/Jean_Jaur\u00e8s_1904_by_Nadar.jpg 410w\" sizes=\"(max-width: 215px) 100vw, 215px\" \/><figcaption id=\"caption-attachment-5803\" class=\"wp-caption-text\"><span style=\"color: #ffffff\">Photo de Jean Jaur\u00e8s par Navar (1904).<\/span><\/figcaption><\/figure>\n<p align=\"justify\"><span style=\"color: #ffffff\"><span style=\"font-family: 'Times New Roman', serif\">isent au d\u00e9veloppement du bassin. La compagnie doit am\u00e9liorer ses techniques d&rsquo;extractions et ses moyens de transports pour rester comp\u00e9titive sur le march\u00e9.<\/span><span style=\"font-family: 'Times New Roman', serif\"> A partir de 1900, les progr\u00e8s techniques marchent de pair avec l&rsquo;am\u00e9lioration de l&rsquo;organisation du travail. <\/span><span style=\"font-family: 'Times New Roman', serif\">De nouvelles infrastructures se construisent au sein du village, qui se transforme peu \u00e0 p<\/span><span style=\"font-family: 'Times New Roman', serif\">eu, en ville industrielle.<\/span><\/span><\/p>\n<p align=\"justify\"><span style=\"color: #ffffff\"><span style=\"font-family: 'Times New Roman', serif\">Avec l\u2019augmentation progressive du nombre de mineurs. Au XIX<\/span><sup><span style=\"font-family: 'Times New Roman', serif\">e<\/span><\/sup><span style=\"font-family: 'Times New Roman', serif\"> si\u00e8cle, la ville de Carmaux ne poss\u00e8de pas d\u2019h\u00f4pital. C&rsquo;est la soci\u00e9t\u00e9 des mines qui fait <\/span><span style=\"font-family: 'Times New Roman', serif\">construire d\u00e8s 1883, un \u00e9tablissement destin\u00e9 \u00e0 accueillir les mineurs accident\u00e9s. Il prend le nom de Sainte Barbe, qui est la sainte patronne des mineurs. Au fil des ann\u00e9es, cette ancienne clinique, situ\u00e9e en centre-ville, ouvre ses portes \u00e0 l&rsquo;ensemble de la population. <\/span><\/span><\/p>\n<p align=\"justify\"><span style=\"color: #ffffff\"><span style=\"font-family: 'Times New Roman', serif\">Le 19<\/span><sup><span style=\"font-family: 'Times New Roman', serif\">e<\/span><\/sup><span style=\"font-family: 'Times New Roman', serif\"> S marque \u00e9galement Carmaux par son <\/span><a style=\"color: #ffffff\" href=\"http:\/\/blogs.univ-jfc.fr\/vphn\/la-greve-de-1892-a-carmaux\/\" target=\"_blank\" rel=\"noopener noreferrer\"><span style=\"font-family: 'Times New Roman', serif\">combat pour le <\/span><\/a><a style=\"color: #ffffff\" href=\"http:\/\/blogs.univ-jfc.fr\/vphn\/la-greve-de-1892-a-carmaux\/\" target=\"_blank\" rel=\"noopener noreferrer\"><span style=\"font-family: 'Times New Roman', serif\">socialisme<\/span><\/a><span style=\"font-family: 'Times New Roman', serif\">, <\/span><span style=\"font-family: 'Times New Roman', serif\">\u00e0 <\/span><span style=\"font-family: 'Times New Roman', serif\">l\u2019\u00e9chelle nationale <\/span><span style=\"font-family: 'Times New Roman', serif\">avec<\/span><span style=\"font-family: 'Times New Roman', serif\"> la grande gr\u00e8ve de 1892<\/span><span style=\"font-family: 'Times New Roman', serif\">.\u00a0<\/span><\/span><\/p>\n<h2><span style=\"color: #ff0000\">Les guerres mondiales qui transformes Carmaux en ville industrielle majeure<\/span><\/h2>\n<p align=\"justify\"><span style=\"color: #ffffff\"><span style=\"font-family: 'Times New Roman', serif\">En 1914, la production et les profits augmentent. La guerre provoque l&rsquo;occupation des mines du nord, la migration des r\u00e9fugi\u00e9s mineurs sur Carmaux et une demande d&rsquo;effort de production, pour compenser les gisements du nord pris par les Allemand. L&rsquo;extraction atteint des taux records :<\/span><\/span><\/p>\n<p align=\"justify\"><span style=\"color: #ffffff\"><span style=\"font-family: 'Times New Roman', serif\">&#8211; En 1910 : 610 milliers de tonnes sont produit avec 3 300 mineurs<\/span><\/span><\/p>\n<p align=\"justify\"><span style=\"color: #ffffff\"><span style=\"font-family: 'Times New Roman', serif\">&#8211; En 1918 : la production atteint 850 milliers de tonnes avec 5 500 mineurs.<\/span><\/span><\/p>\n<figure id=\"attachment_5823\" aria-describedby=\"caption-attachment-5823\" style=\"width: 238px\" class=\"wp-caption alignright\"><img loading=\"lazy\" class=\"wp-image-5823 size-medium\" src=\"http:\/\/blogs.univ-jfc.fr\/vphn\/wp-content\/uploads\/sites\/65\/2020\/01\/Ordre_de_Mobilisation_g\u00e9n\u00e9rale_2_ao\u00fbt_1914-768x969-238x300.jpg\" alt=\"\" width=\"238\" height=\"300\" srcset=\"https:\/\/blogs.univ-jfc.fr\/vphn\/wp-content\/uploads\/sites\/65\/2020\/01\/Ordre_de_Mobilisation_g\u00e9n\u00e9rale_2_ao\u00fbt_1914-768x969-238x300.jpg 238w, https:\/\/blogs.univ-jfc.fr\/vphn\/wp-content\/uploads\/sites\/65\/2020\/01\/Ordre_de_Mobilisation_g\u00e9n\u00e9rale_2_ao\u00fbt_1914-768x969.jpg 768w\" sizes=\"(max-width: 238px) 100vw, 238px\" \/><figcaption id=\"caption-attachment-5823\" class=\"wp-caption-text\"><span style=\"color: #ffffff\">Affiche \u00ab Ordre de mobilisation g\u00e9n\u00e9rale \u00bb dat\u00e9e du 2 ao\u00fbt 1914, conserv\u00e9e aux Archives nationales.<\/span><\/figcaption><\/figure>\n<p align=\"justify\"><span style=\"color: #ffffff\"><span style=\"font-family: 'Times New Roman', serif\">C&rsquo;est l\u2019apog\u00e9e de la production houill\u00e8re pour le bassin carmausin. Apog\u00e9e qui pr\u00e9c\u00e8de un rapide d\u00e9clin. <\/span><span style=\"font-family: 'Times New Roman', serif\">\u00c0 la fin de la guerre, la production carmausine chute, par manque de main-d\u2019\u0153uvre. Les r\u00e9fugi\u00e9s sont repartis chez eux et les mineurs carmausin ne sont pas encore revenus du front, du moins pour les rescap\u00e9s. <\/span><\/span><\/p>\n<p align=\"justify\"><span style=\"color: #ffffff\"><span style=\"font-family: 'Times New Roman', serif\">J\u00e9r\u00f4me de Solages, fait <\/span><span style=\"font-family: 'Times New Roman', serif\">alors <\/span><span style=\"font-family: 'Times New Roman', serif\">appel aux mineurs de Pologne, d&rsquo;Italie et d&rsquo;Espagne. En 1930, les mineurs d\u2019origine \u00e9trang\u00e8re repr\u00e9sentent la moiti\u00e9 des effectifs du fond de la mine. Pour les attirer, la soci\u00e9t\u00e9 des mines de Carmaux prend des <\/span><a style=\"color: #ffffff\" href=\"http:\/\/blogs.univ-jfc.fr\/vphn\/politique-patronale-des-solages\/\" target=\"_blank\" rel=\"noopener noreferrer\"><span style=\"font-family: 'Times New Roman', serif\">mesures consid\u00e9rables<\/span><\/a><span style=\"font-family: 'Times New Roman', serif\">, pour am\u00e9liorer le cadre de vie des mineurs ainsi que leurs conditions de travail, c\u2019est le paternalisme.<\/span><\/span><\/p>\n<p align=\"justify\"><span style=\"color: #ffffff\"><span style=\"font-family: 'Times New Roman', serif\">Dans les ann\u00e9es 1940 avec la Seconde Guerre mondiale, un retour des mineurs du nord, (belges, alsaciens, lorrains) est observ\u00e9 aux mines de Carmaux, pour extraire le charbon fran\u00e7ais, en zone\u00a0<\/span><span style=\"font-family: 'Times New Roman', serif\">libre. Mais, la main d\u2019\u0153uvre est difficile \u00e0 trouver, de part l&rsquo;engagement dans la r\u00e9sistance et les restrictions alimentaires qui cr\u00e9ent de l\u2019absent\u00e9isme. En 1944, la soci\u00e9t\u00e9 est r\u00e9quisitionn\u00e9e. Cette r\u00e9quisition va durer 22 mois. Cela marque la fin de la famille de Solages, \u00e0 la t\u00eate de l&rsquo;exploitation des mines de Carmaux, qui est devenue une v\u00e9ritable ville industrielle. Enfin en 1946 l\u2019ensemble des mines de charbon de la France sont nationalis\u00e9es.<\/span><\/span><\/p>\n<p>&nbsp;<\/p>\n","protected":false},"excerpt":{"rendered":"<p>La compagnie des houill\u00e8res de Carmaux sous la famille de Solages VIDEO &#8211; BENJAMIN TERNISIEN Carmaux un village rural jusqu\u2019\u00e0 l&rsquo;arriv\u00e9 de la famille Solages\u00a0 Le XVIIIe si\u00e8cle voit les d\u00e9buts de la R\u00e9volution industrielle. Ce ph\u00e9nom\u00e8ne qui touche en premier lieu l&rsquo;Angleterre, puis l&rsquo;ensemble de l&rsquo;Europe, est d\u00fb \u00e0 l\u2019invention de nouvelles machines, qui &hellip; <\/p>\n<p class=\"link-more\"><a href=\"https:\/\/blogs.univ-jfc.fr\/vphn\/la-cie-des-houilleres-de-carmaux-du-temps-des-solages-1780-a-1944\/\" class=\"more-link\">Continuer la lecture<span class=\"screen-reader-text\"> de &laquo;&nbsp;La compagnie des Houill\u00e8res de Carmaux du temps des Solages (1780 \u00e0 1944).&nbsp;&raquo;<\/span><\/a><\/p>\n","protected":false},"author":19,"featured_media":0,"parent":0,"menu_order":0,"comment_status":"closed","ping_status":"closed","template":"","meta":[],"_links":{"self":[{"href":"https:\/\/blogs.univ-jfc.fr\/vphn\/wp-json\/wp\/v2\/pages\/5231"}],"collection":[{"href":"https:\/\/blogs.univ-jfc.fr\/vphn\/wp-json\/wp\/v2\/pages"}],"about":[{"href":"https:\/\/blogs.univ-jfc.fr\/vphn\/wp-json\/wp\/v2\/types\/page"}],"author":[{"embeddable":true,"href":"https:\/\/blogs.univ-jfc.fr\/vphn\/wp-json\/wp\/v2\/users\/19"}],"replies":[{"embeddable":true,"href":"https:\/\/blogs.univ-jfc.fr\/vphn\/wp-json\/wp\/v2\/comments?post=5231"}],"version-history":[{"count":28,"href":"https:\/\/blogs.univ-jfc.fr\/vphn\/wp-json\/wp\/v2\/pages\/5231\/revisions"}],"predecessor-version":[{"id":7751,"href":"https:\/\/blogs.univ-jfc.fr\/vphn\/wp-json\/wp\/v2\/pages\/5231\/revisions\/7751"}],"wp:attachment":[{"href":"https:\/\/blogs.univ-jfc.fr\/vphn\/wp-json\/wp\/v2\/media?parent=5231"}],"curies":[{"name":"wp","href":"https:\/\/api.w.org\/{rel}","templated":true}]}}