{"id":5284,"date":"2020-02-05T14:33:05","date_gmt":"2020-02-05T13:33:05","guid":{"rendered":"http:\/\/blogs.univ-jfc.fr\/vphn\/?page_id=5284"},"modified":"2020-03-04T17:05:53","modified_gmt":"2020-03-04T16:05:53","slug":"la-mappa-mundi-dalbi-2020","status":"publish","type":"page","link":"https:\/\/blogs.univ-jfc.fr\/vphn\/patrimoine-et-sites-remarquables\/la-mappa-mundi-dalbi-2020\/","title":{"rendered":"La Mappa Mundi d&rsquo;Albi [2020]"},"content":{"rendered":"<h1 style=\"text-align: center\"><strong>La\u00a0<em>Mappa Mundi\u00a0<\/em>d&rsquo;Albi, exemple et exception d&rsquo;une carte m\u00e9di\u00e9vale<\/strong><\/h1>\n<p style=\"text-align: justify\"><img loading=\"lazy\" class=\"wp-image-7266 aligncenter\" src=\"http:\/\/blogs.univ-jfc.fr\/vphn\/wp-content\/uploads\/sites\/65\/2020\/02\/mappa-1-300x79.jpg\" alt=\"\" width=\"577\" height=\"152\" srcset=\"https:\/\/blogs.univ-jfc.fr\/vphn\/wp-content\/uploads\/sites\/65\/2020\/02\/mappa-1-300x79.jpg 300w, https:\/\/blogs.univ-jfc.fr\/vphn\/wp-content\/uploads\/sites\/65\/2020\/02\/mappa-1.jpg 567w\" sizes=\"(max-width: 577px) 100vw, 577px\" \/><\/p>\n<p style=\"text-align: justify\"><strong>Une <em>mappa mundi<\/em><\/strong> est litt\u00e9ralement une \u00ab carte du monde \u00bb. C\u2019est une repr\u00e9sentation\u00a0typique du Moyen-\u00c2ge qui a pour but de repr\u00e9senter l\u2019orbis terrarum : le monde connu. Conserv\u00e9e \u00e0 la M\u00e9diath\u00e8que Pierre Amalric, parmi les manuscrits anciens, <a href=\"https:\/\/mediatheques.grand-albigeois.fr\/1307-focus-sur...-la-mappa-mundi-d-albi.htm\">la <em>mappa mundi<\/em> d\u2019Albi<\/a> est une des plus anciennes qui nous soit parvenues. Elle repr\u00e9sente le monde sous une forme d\u2019un fer \u00e0 cheval, elle est orient\u00e9e \u00e0 l\u2019Est. Elle s\u2019inscrit dans <strong>contexte de mutation<\/strong> pour toute l\u2019Europe o\u00f9 la culture romaine\u00a0fait face aux influences barbares. En effet cette carte daterait environ du VIII<sup>e\u00a0<\/sup>si\u00e8cle, en plein Haut Moyen-\u00c2ge.<\/p>\n<figure id=\"attachment_7270\" aria-describedby=\"caption-attachment-7270\" style=\"width: 331px\" class=\"wp-caption aligncenter\"><img loading=\"lazy\" class=\" wp-image-7270\" src=\"http:\/\/blogs.univ-jfc.fr\/vphn\/wp-content\/uploads\/sites\/65\/2020\/02\/Mappa_mundi_dAlbi-1-244x300.png\" alt=\"\" width=\"331\" height=\"406\" srcset=\"https:\/\/blogs.univ-jfc.fr\/vphn\/wp-content\/uploads\/sites\/65\/2020\/02\/Mappa_mundi_dAlbi-1-244x300.png 244w, https:\/\/blogs.univ-jfc.fr\/vphn\/wp-content\/uploads\/sites\/65\/2020\/02\/Mappa_mundi_dAlbi-1.png 524w\" sizes=\"(max-width: 331px) 100vw, 331px\" \/><figcaption id=\"caption-attachment-7270\" class=\"wp-caption-text\">Mappa mundi d\u2019Albi,<br \/>Manuscrit Ms.29 d\u2019Albi<\/figcaption><\/figure>\n<p style=\"text-align: justify\">En quoi la mappa mundi d\u2019Albi fait-elle l\u2019exception dans la cartographie du haut Moyen-\u00c2ge tout en s\u2019inscrivant dans la continuit\u00e9 des connaissances g\u00e9ographiques tardo-antiques ?<\/p>\n<h4>I- L&rsquo;une des plus anciennes cartes m\u00e9di\u00e9vales conserv\u00e9e<\/h4>\n<p style=\"text-align: justify\">La datation du VIII<sup>e\u00a0<\/sup>si\u00e8cle est encore sujette \u00e0 d\u00e9bat de m\u00eame que son origine. La datation peut cependant tendre plus vers\u00a0ce VIII<sup>e\u00a0<\/sup>si\u00e8cle puisqu\u2019on rep\u00e8re sur la carte la pr\u00e9sence de Ravenne qui gagne de l\u2019importance au VIII<sup>e\u00a0<\/sup>si\u00e8cle et pourrait \u00eatre donc une information de datation.<\/p>\n<figure id=\"attachment_7271\" aria-describedby=\"caption-attachment-7271\" style=\"width: 300px\" class=\"wp-caption alignright\"><img loading=\"lazy\" class=\"wp-image-7271 size-medium\" src=\"http:\/\/blogs.univ-jfc.fr\/vphn\/wp-content\/uploads\/sites\/65\/2020\/02\/carte-300x292.png\" alt=\"\" width=\"300\" height=\"292\" srcset=\"https:\/\/blogs.univ-jfc.fr\/vphn\/wp-content\/uploads\/sites\/65\/2020\/02\/carte-300x292.png 300w, https:\/\/blogs.univ-jfc.fr\/vphn\/wp-content\/uploads\/sites\/65\/2020\/02\/carte.png 485w\" sizes=\"(max-width: 300px) 100vw, 300px\" \/><figcaption id=\"caption-attachment-7271\" class=\"wp-caption-text\">Carte de l&rsquo;Europe occidentale<\/figcaption><\/figure>\n<p style=\"text-align: justify\">Pour ce qui est de l\u2019origine de la carte, on l\u2019ignore mais il y a <strong>trois hypoth\u00e8ses<\/strong>. Elle a peut-\u00eatre \u00e9t\u00e9 faite ici m\u00eame \u00e0 Albi, mais c\u2019est plus probablement une copie d\u2019une carte antique qui a \u00e9t\u00e9 faite en Septimanie, r\u00e9gion qui correspond \u00e0 peu pr\u00e8s \u00e0 l\u2019ancienne province romaine de la Narbonnaise. La th\u00e9orie que la carte ait \u00e9t\u00e9 r\u00e9alis\u00e9e en Espagne n\u2019est pas non plus exclue.<\/p>\n<p style=\"text-align: justify\">Qu\u2019importe o\u00f9 elle a \u00e9t\u00e9 faite, elle l\u2019a \u00e9t\u00e9<strong> \u00e0 la demande de l&rsquo;\u00e9v\u00eaque d\u2019Albi<\/strong>. En effet, \u00e0 cette \u00e9poque, l&rsquo;albigeois est un centre culturel important de la r\u00e9gion comme en t\u00e9moigne les nombreux manuscrit du VIII<sup>e\u00a0<\/sup>si\u00e8cle trouv\u00e9s \u00e0 la cath\u00e9drale, dont <strong>le Ms.29<\/strong>, le manuscrit o\u00f9 se trouve la carte.<\/p>\n<h4>II- Un h\u00e9ritage antique omnipr\u00e9sent<\/h4>\n<p style=\"text-align: justify\">Donc, bien que m\u00e9di\u00e9vale, la <em>mappa mundi<\/em> d\u2019Albi poss\u00e8de encore <strong>une forte inspiration antique<\/strong>. La repr\u00e9sentation visuelle du monde en carte nous para\u00eet logique aujourd\u2019hui, il suffit de voir \u00e0 quel point la projection de Mercator nous est famili\u00e8re, mais ce n\u2019est pas forc\u00e9ment le cas dans l\u2019Antiquit\u00e9 et au Haut Moyen-\u00c2ge. En effet, on peut pr\u00e9f\u00e9rer une repr\u00e9sentation textuelle. On peut prendre l\u2019exemple de<strong> Ptol\u00e9m\u00e9e<\/strong>, g\u00e9ographe connu du II<sup>e\u00a0<\/sup>si\u00e8cle qui \u00e0 pos\u00e9 les bases de la cartographie dans son ouvrage G\u00e9ographie.<\/p>\n<figure id=\"attachment_7273\" aria-describedby=\"caption-attachment-7273\" style=\"width: 227px\" class=\"wp-caption alignleft\"><img loading=\"lazy\" class=\" wp-image-7273\" src=\"http:\/\/blogs.univ-jfc.fr\/vphn\/wp-content\/uploads\/sites\/65\/2020\/02\/T0-300x300.png\" alt=\"\" width=\"227\" height=\"227\" srcset=\"https:\/\/blogs.univ-jfc.fr\/vphn\/wp-content\/uploads\/sites\/65\/2020\/02\/T0-300x300.png 300w, https:\/\/blogs.univ-jfc.fr\/vphn\/wp-content\/uploads\/sites\/65\/2020\/02\/T0-150x150.png 150w, https:\/\/blogs.univ-jfc.fr\/vphn\/wp-content\/uploads\/sites\/65\/2020\/02\/T0-100x100.png 100w, https:\/\/blogs.univ-jfc.fr\/vphn\/wp-content\/uploads\/sites\/65\/2020\/02\/T0.png 403w\" sizes=\"(max-width: 227px) 100vw, 227px\" \/><figcaption id=\"caption-attachment-7273\" class=\"wp-caption-text\">Sch\u00e9ma de la repr\u00e9sentation en \u00ab\u00a0T dans l&rsquo;O\u00a0\u00bb<\/figcaption><\/figure>\n<p style=\"text-align: justify\">M\u00eame si le but de l\u2019ouvrage est la cr\u00e9ation\u00a0d\u2019une carte au final, c\u2019est uniquement du texte qu\u2019utilise Ptol\u00e9m\u00e9 pour d\u00e9crire au mieux le monde connu. La repr\u00e9sentaiton m\u00e9di\u00e9vale classique est la <strong>carte dite du \u00ab\u00a0T dans l\u2019O\u00a0\u00bb<\/strong> avec le Nil, la M\u00e9diterran\u00e9e et le Tana\u00efs comme fronti\u00e8re entre les continents. Cette division viens de Strabon.<\/p>\n<p style=\"text-align: justify\">Notre carte reprend surtout <strong>les informations d\u2019Orose<\/strong>, un pr\u00eatre du V<sup>e\u00a0<\/sup>si\u00e8cle et d&rsquo;<strong>Isidore de S\u00e9ville<\/strong>, \u00e9v\u00eaque du VI-VII<sup>e\u00a0<\/sup>si\u00e8cle. Ils s&rsquo;int\u00e9ressent tous deux \u00e0 l\u2019histoire et la g\u00e9ographie et compilent les donn\u00e9es de l\u2019Antiquit\u00e9 qui leurs sont parvenues. La <em>mappa mundi<\/em> d\u2019Albi reprend en grande partie les connaissances et les toponymie de ces deux auteurs. En effet, 94\u00a0% des <a href=\"https:\/\/mediatheques.grand-albigeois.fr\/uploads\/Image\/5a\/12591_099_Fac-simile-Mappa-mundi-800px.png\">toponymes<\/a> sont d\u2019origine tardo-antiques. Ceci s\u2019explique en partie par l\u2019instabilit\u00e9 politique de l\u2019\u00e9poque, due aux \u201cinvasions\u201d barbares\u201d, et \u00e0 un Empire Romain d\u2019Occident dont <strong>l\u2019h\u00e9ritage est encore tr\u00e8s important<\/strong>.<\/p>\n<h4>III- Une repr\u00e9sentation partielle du monde m\u00e9di\u00e9val<\/h4>\n<figure id=\"attachment_7276\" aria-describedby=\"caption-attachment-7276\" style=\"width: 118px\" class=\"wp-caption alignright\"><img loading=\"lazy\" class=\"wp-image-7276\" src=\"http:\/\/blogs.univ-jfc.fr\/vphn\/wp-content\/uploads\/sites\/65\/2020\/02\/deserto-208x300.png\" alt=\"\" width=\"118\" height=\"170\" srcset=\"https:\/\/blogs.univ-jfc.fr\/vphn\/wp-content\/uploads\/sites\/65\/2020\/02\/deserto-208x300.png 208w, https:\/\/blogs.univ-jfc.fr\/vphn\/wp-content\/uploads\/sites\/65\/2020\/02\/deserto.png 227w\" sizes=\"(max-width: 118px) 100vw, 118px\" \/><figcaption id=\"caption-attachment-7276\" class=\"wp-caption-text\">D\u00e9tail de la retranscription de la mappa mundi d\u2019Albi<\/figcaption><\/figure>\n<p style=\"text-align: justify\">On peut cependant c\u2019est une carte m\u00e9di\u00e9vale et on peut s\u2019\u00e9tonner de l&rsquo;<strong>absence d\u2019\u00e9l\u00e9ments purement m\u00e9di\u00e9vaux<\/strong>. Pour d\u00e9terminer quels \u00e9l\u00e9ments toponymiques de sont pas m\u00e9di\u00e9vaux, on peut se concentrer sur ceux qui n\u2019apparaissent pas chez Orose et Isidore de S\u00e9ville. La carte<\/p>\n<p style=\"text-align: justify\">d\u2019Albi n\u2019en compte que 2. Donc m\u00eame si c\u2019est en faible qualit\u00e9, ceux qui ont dress\u00e9 cette carte ne se sont pas bas\u00e9 uniquement sur des connaissances antiques. Les deux termes de la <em>mappa mundi<\/em> d\u2019Albi sont <em>Deserto<\/em> et <em>Sina :<\/em>\u00a0une donn\u00e9e topographique, un d\u00e9sert, et une donn\u00e9 biblique, le Mont Sina\u00ef.<\/p>\n<figure id=\"attachment_7275\" aria-describedby=\"caption-attachment-7275\" style=\"width: 186px\" class=\"wp-caption alignleft\"><img loading=\"lazy\" class=\" wp-image-7275\" src=\"http:\/\/blogs.univ-jfc.fr\/vphn\/wp-content\/uploads\/sites\/65\/2020\/02\/albivilles-244x300.png\" alt=\"\" width=\"186\" height=\"229\" srcset=\"https:\/\/blogs.univ-jfc.fr\/vphn\/wp-content\/uploads\/sites\/65\/2020\/02\/albivilles-244x300.png 244w, https:\/\/blogs.univ-jfc.fr\/vphn\/wp-content\/uploads\/sites\/65\/2020\/02\/albivilles.png 524w\" sizes=\"(max-width: 186px) 100vw, 186px\" \/><figcaption id=\"caption-attachment-7275\" class=\"wp-caption-text\">J\u00e9rusalem en rouge, Constantinople en violet et Rome en vert<\/figcaption><\/figure>\n<p style=\"text-align: justify\">Notre \u00e9tude se concentrant sur une \u00e9poque o\u00f9 la p\u00e9rennit\u00e9 et la diffusion du savoir sont en Europe du fait de l\u2019\u00c9glise, il appara\u00eet logique que les auteurs\u00a0de la\u00a0<em>mappa mundi<\/em> \u00e9tudi\u00e9e et plus g\u00e9n\u00e9ralement les cartographes m\u00e9di\u00e9vaux sont, la plupart du temps, des clercs et (Isidore, Orose) s\u2019int\u00e9ressent particuli\u00e8rement aux <strong>hauts-lieux de la religion<\/strong>. Ainsi, des lieux primordiaux de la chr\u00e9tient\u00e9 sont mis en valeur, \u00e0 l\u2019instar de Rome ou Constantinople, les deux capitales du christianisme mais aussi J\u00e9rusalem, le mont Sina\u00ef, ou encore Babylone,<\/p>\n<figure id=\"attachment_7283\" aria-describedby=\"caption-attachment-7283\" style=\"width: 100px\" class=\"wp-caption alignright\"><img loading=\"lazy\" class=\" wp-image-7283\" src=\"http:\/\/blogs.univ-jfc.fr\/vphn\/wp-content\/uploads\/sites\/65\/2020\/02\/edenalbi-300x294.png\" alt=\"\" width=\"100\" height=\"98\" srcset=\"https:\/\/blogs.univ-jfc.fr\/vphn\/wp-content\/uploads\/sites\/65\/2020\/02\/edenalbi-300x294.png 300w, https:\/\/blogs.univ-jfc.fr\/vphn\/wp-content\/uploads\/sites\/65\/2020\/02\/edenalbi.png 402w\" sizes=\"(max-width: 100px) 100vw, 100px\" \/><figcaption id=\"caption-attachment-7283\" class=\"wp-caption-text\">D\u00e9tail du Jardin d\u2019Eden sur la mappa mundi d\u2019Albi<\/figcaption><\/figure>\n<p style=\"text-align: justify\">cit\u00e9e de nombreuses fois dans les \u00e9crits juifs et chr\u00e9tiens. En outre, les cartes indiquent \u00e9galement des lieux fantasm\u00e9s. Nous pouvons citer <strong>le jardin d\u2019\u00c9den<\/strong> ou le Paradis, pr\u00e9sents sur la carte, et qui y sont d\u00e9limit\u00e9s par le fleuve mythique Phison.<\/p>\n<p>&nbsp;<\/p>\n<p style=\"text-align: justify\">En conclusion, nous pouvons dire que <strong>la<em> mappa mundi<\/em> d\u2019Albi est bien une carte du Moyen-\u00c2ge<\/strong> par son contexte de cr\u00e9ation. En outre, elle est fortement inspir\u00e9e du savoir tardo-antique. Cependant, les rares connaissances m\u00e9di\u00e9vales sont majoritairement influenc\u00e9es par la culture chr\u00e9tienne.<\/p>\n<figure id=\"attachment_7278\" aria-describedby=\"caption-attachment-7278\" style=\"width: 203px\" class=\"wp-caption alignright\"><img loading=\"lazy\" class=\" wp-image-7278\" src=\"http:\/\/blogs.univ-jfc.fr\/vphn\/wp-content\/uploads\/sites\/65\/2020\/02\/ebstorf-300x300.jpg\" alt=\"\" width=\"203\" height=\"203\" srcset=\"https:\/\/blogs.univ-jfc.fr\/vphn\/wp-content\/uploads\/sites\/65\/2020\/02\/ebstorf-300x300.jpg 300w, https:\/\/blogs.univ-jfc.fr\/vphn\/wp-content\/uploads\/sites\/65\/2020\/02\/ebstorf-150x150.jpg 150w, https:\/\/blogs.univ-jfc.fr\/vphn\/wp-content\/uploads\/sites\/65\/2020\/02\/ebstorf-100x100.jpg 100w, https:\/\/blogs.univ-jfc.fr\/vphn\/wp-content\/uploads\/sites\/65\/2020\/02\/ebstorf.jpg 701w\" sizes=\"(max-width: 203px) 100vw, 203px\" \/><figcaption id=\"caption-attachment-7278\" class=\"wp-caption-text\">Carte d\u2019Ebstorf, autour de 1300<\/figcaption><\/figure>\n<p style=\"text-align: justify\">Pour <a href=\"http:\/\/www.grand-albigeois.fr\/webothequeImportFTP\/Document\/MappaMorphing\/Mappamundi\/index.html\">mettre en perspective la carte d\u2019Albi<\/a>, nous pouvons nous pencher sur un autre type de carte, celles repr\u00e9sent\u00e9es en T, comme \u00e9voqu\u00e9es pr\u00e9c\u00e9demment, qui sont largement r\u00e9pandues au Moyen-\u00e2ge, comme <strong>la mappemonde d\u2019Ebstorf<\/strong>, datant du XIIIe si\u00e8cle D\u2019autres cartes ult\u00e9rieures \u00e0 celle d\u2019Albi nous renseignent sur l\u2019\u00e9volution des connaissances en mati\u00e8re de cartographie. Pour ce qui est du monde arabe, le plus bel exemple est la carte du savant <a href=\"http:\/\/classes.bnf.fr\/idrisi\/index.htm\"><strong>Al Idrissi<\/strong><\/a>, ayant voyag\u00e9 \u00e0 travers le monde connu compilant de nombreuses informations. Il faut attendre la fin du moyen age et le d\u00e9but de la renaissance pour que la cartographie europ\u00e9enne connaisse un nouvel essor avec l\u2019apparition des<strong> portulans, cartes repr\u00e9sentant uniquement les c\u00f4tes<\/strong>, n\u00e9cessaires dans un contexte du commerce maritime.<\/p>\n<figure id=\"attachment_7277\" aria-describedby=\"caption-attachment-7277\" style=\"width: 708px\" class=\"wp-caption alignnone\"><img loading=\"lazy\" class=\" wp-image-7277\" src=\"http:\/\/blogs.univ-jfc.fr\/vphn\/wp-content\/uploads\/sites\/65\/2020\/02\/TabulaRogeriana-300x136.jpg\" alt=\"\" width=\"708\" height=\"321\" srcset=\"https:\/\/blogs.univ-jfc.fr\/vphn\/wp-content\/uploads\/sites\/65\/2020\/02\/TabulaRogeriana-300x136.jpg 300w, https:\/\/blogs.univ-jfc.fr\/vphn\/wp-content\/uploads\/sites\/65\/2020\/02\/TabulaRogeriana-768x348.jpg 768w, https:\/\/blogs.univ-jfc.fr\/vphn\/wp-content\/uploads\/sites\/65\/2020\/02\/TabulaRogeriana.jpg 860w\" sizes=\"(max-width: 708px) 100vw, 708px\" \/><figcaption id=\"caption-attachment-7277\" class=\"wp-caption-text\">Tabula Rogeriana, Livre de Roger, Muhammad al-Idrissi \/ <a href=\"http:\/\/classes.bnf.fr\/idrisi\/index.htm\">Pour aller plus loin<\/a><\/figcaption><\/figure>\n<p lang=\"fr-FR\" style=\"text-align: center\" align=\"justify\"><a href=\"http:\/\/blogs.univ-jfc.fr\/vphn\/patrimoine-et-sites-remarquables\/la-mappa-mundi-dalbi-2020\/la-mappa-mundi-dalbi-bibliographie\/\"><strong>\u00a0<\/strong>Bibliographie<\/a><\/p>\n","protected":false},"excerpt":{"rendered":"<p>La\u00a0Mappa Mundi\u00a0d&rsquo;Albi, exemple et exception d&rsquo;une carte m\u00e9di\u00e9vale Une mappa mundi est litt\u00e9ralement une \u00ab carte du monde \u00bb. C\u2019est une repr\u00e9sentation\u00a0typique du Moyen-\u00c2ge qui a pour but de repr\u00e9senter l\u2019orbis terrarum : le monde connu. Conserv\u00e9e \u00e0 la M\u00e9diath\u00e8que Pierre Amalric, parmi les manuscrits anciens, la mappa mundi d\u2019Albi est une des plus anciennes &hellip; <\/p>\n<p class=\"link-more\"><a href=\"https:\/\/blogs.univ-jfc.fr\/vphn\/patrimoine-et-sites-remarquables\/la-mappa-mundi-dalbi-2020\/\" class=\"more-link\">Continuer la lecture<span class=\"screen-reader-text\"> de &laquo;&nbsp;La Mappa Mundi d&rsquo;Albi [2020]&nbsp;&raquo;<\/span><\/a><\/p>\n","protected":false},"author":601,"featured_media":0,"parent":30,"menu_order":0,"comment_status":"closed","ping_status":"closed","template":"","meta":[],"_links":{"self":[{"href":"https:\/\/blogs.univ-jfc.fr\/vphn\/wp-json\/wp\/v2\/pages\/5284"}],"collection":[{"href":"https:\/\/blogs.univ-jfc.fr\/vphn\/wp-json\/wp\/v2\/pages"}],"about":[{"href":"https:\/\/blogs.univ-jfc.fr\/vphn\/wp-json\/wp\/v2\/types\/page"}],"author":[{"embeddable":true,"href":"https:\/\/blogs.univ-jfc.fr\/vphn\/wp-json\/wp\/v2\/users\/601"}],"replies":[{"embeddable":true,"href":"https:\/\/blogs.univ-jfc.fr\/vphn\/wp-json\/wp\/v2\/comments?post=5284"}],"version-history":[{"count":34,"href":"https:\/\/blogs.univ-jfc.fr\/vphn\/wp-json\/wp\/v2\/pages\/5284\/revisions"}],"predecessor-version":[{"id":7476,"href":"https:\/\/blogs.univ-jfc.fr\/vphn\/wp-json\/wp\/v2\/pages\/5284\/revisions\/7476"}],"up":[{"embeddable":true,"href":"https:\/\/blogs.univ-jfc.fr\/vphn\/wp-json\/wp\/v2\/pages\/30"}],"wp:attachment":[{"href":"https:\/\/blogs.univ-jfc.fr\/vphn\/wp-json\/wp\/v2\/media?parent=5284"}],"curies":[{"name":"wp","href":"https:\/\/api.w.org\/{rel}","templated":true}]}}