{"id":5317,"date":"2020-02-23T14:12:25","date_gmt":"2020-02-23T13:12:25","guid":{"rendered":"http:\/\/blogs.univ-jfc.fr\/vphn\/?page_id=5317"},"modified":"2020-03-06T12:02:35","modified_gmt":"2020-03-06T11:02:35","slug":"les-hypogees-darles-et-fontvieille-2020","status":"publish","type":"page","link":"https:\/\/blogs.univ-jfc.fr\/vphn\/patrimoine-et-sites-remarquables\/les-hypogees-darles-et-fontvieille-2020\/","title":{"rendered":"Les Hypog\u00e9es d&rsquo;Arles et Fontvieille [2020]"},"content":{"rendered":"<figure id=\"attachment_5456\" aria-describedby=\"caption-attachment-5456\" style=\"width: 225px\" class=\"wp-caption alignleft\"><img loading=\"lazy\" class=\"size-medium wp-image-5456\" src=\"http:\/\/blogs.univ-jfc.fr\/vphn\/wp-content\/uploads\/sites\/65\/2020\/01\/280px-Fontvieille_-_Hypog\u00e9e_du_Castelet-225x300.jpg\" alt=\"\" width=\"225\" height=\"300\" srcset=\"https:\/\/blogs.univ-jfc.fr\/vphn\/wp-content\/uploads\/sites\/65\/2020\/01\/280px-Fontvieille_-_Hypog\u00e9e_du_Castelet-225x300.jpg 225w, https:\/\/blogs.univ-jfc.fr\/vphn\/wp-content\/uploads\/sites\/65\/2020\/01\/280px-Fontvieille_-_Hypog\u00e9e_du_Castelet.jpg 280w\" sizes=\"(max-width: 225px) 100vw, 225px\" \/><figcaption id=\"caption-attachment-5456\" class=\"wp-caption-text\">Entr\u00e9e de l&rsquo;hypog\u00e9e du Castelet<\/figcaption><\/figure>\n<p>Un hypog\u00e9e est une construction souterraine utilis\u00e9e comme une tombe collective. Les monuments d&rsquo;Arles et Fontvieille se situent \u00e0 <a href=\"https:\/\/goo.gl\/maps\/bpqzToD4z6x43pZz9\">la fronti\u00e8re des deux communes<\/a>. Ces constructions datent du n\u00e9olithique qui est la derni\u00e8re p\u00e9riode de la pr\u00e9histoire et la premi\u00e8re de la s\u00e9dentarisation de l&rsquo;Homme. Dans la r\u00e9gion d&rsquo;Arles, cela se situe vers 3500 av. J.-C. On passe d&rsquo;une soci\u00e9t\u00e9 nomade de chasseurs-cueilleurs \u00e0 une soci\u00e9t\u00e9 s\u00e9dentaire d&rsquo;agriculteurs et de pasteurs. Les hypog\u00e9es de Fontvieille sont au nombre de quatre, celui de Cordes, de Bounias, de la Source et du Castelet. Celui de Cordes fut d\u00e9couvert et d\u00e9crit pour la premi\u00e8re fois par <a href=\"https:\/\/books.google.fr\/books?id=XHTv1jnpLusC&amp;printsec=frontcover&amp;dq=Dissertation+topographique+et+historique+sur+la+montagne+de+Cordes+et+ses+monuments&amp;hl=fr&amp;sa=X&amp;ved=0ahUKEwjHyseI8ufnAhUMmhQKHVQIBv4Q6AEIKTAA#v=onepage&amp;q&amp;f=false\">Anibert en 1779<\/a> et les trois autres ont \u00e9t\u00e9 trouv\u00e9s au XIX<sup>e <\/sup>si\u00e8cle. Plus d&rsquo;\u00e9tudes furent men\u00e9es au XX<sup>e <\/sup>si\u00e8cle, notamment par Jean Guilaine, qui a publi\u00e9 en 2015 <a href=\"https:\/\/www.college-de-france.fr\/media\/jean-guilaine\/UPL5063055482958677869_hypogees_protohistorique_guilaine.pdf\"><em>Les hypog\u00e9es protohistoriques de la m\u00e9diterran\u00e9e. Arles et Fontvieille<\/em>.<\/a><\/p>\n<p>&nbsp;<\/p>\n<h1><strong>Construction et Architecture<\/strong><\/h1>\n<figure id=\"attachment_6015\" aria-describedby=\"caption-attachment-6015\" style=\"width: 387px\" class=\"wp-caption alignright\"><img loading=\"lazy\" class=\" wp-image-6015\" src=\"http:\/\/blogs.univ-jfc.fr\/vphn\/wp-content\/uploads\/sites\/65\/2020\/01\/Capture-300x158.png\" alt=\"\" width=\"387\" height=\"204\" srcset=\"https:\/\/blogs.univ-jfc.fr\/vphn\/wp-content\/uploads\/sites\/65\/2020\/01\/Capture-300x158.png 300w, https:\/\/blogs.univ-jfc.fr\/vphn\/wp-content\/uploads\/sites\/65\/2020\/01\/Capture-768x404.png 768w, https:\/\/blogs.univ-jfc.fr\/vphn\/wp-content\/uploads\/sites\/65\/2020\/01\/Capture.png 903w\" sizes=\"(max-width: 387px) 100vw, 387px\" \/><figcaption id=\"caption-attachment-6015\" class=\"wp-caption-text\">Plan de l&rsquo;hypog\u00e9e de Cordes<\/figcaption><\/figure>\n<p>Les hypog\u00e9es d\u2019Arles sont plac\u00e9s sur deux collines distinctes \u00e0 environ 1 kilom\u00e8tre l&rsquo;une de l&rsquo;autre. D&rsquo;apr\u00e8s des historiens des XVIII<sup>e\u00a0<\/sup>et XIX<sup>e\u00a0<\/sup>si\u00e8cles, ces lieux \u00e9taient entour\u00e9s de <a href=\"http:\/\/blogs.univ-jfc.fr\/vphn\/patrimoine-et-sites-remarquables\/les-hypogees-darles-et-fontvieille-2020\/marecages-hypogees-arles-et-fontvieille\/\">mar\u00e9cages<\/a>. Parmi les quatre hypog\u00e9es, celui qui ressort le plus est le monument de Cordes. Il mesure 58 m\u00e8tres de long et est compos\u00e9 d&rsquo;un escalier, de deux narthex, d&rsquo;un vestibule et d&rsquo;une galerie de plus de 25 m\u00e8tres de long. Les trois autres hypog\u00e9es sont construits sur le m\u00eame plan architectural mais avec une longueur totale moins importante d&rsquo;environ 20 m\u00e8tres. On peut aussi noter une certaine utilisation du relief naturel. Cependant, le nom d&rsquo;hypog\u00e9e pour ces monuments peut \u00eatre remis en question en raison de certaines particularit\u00e9s de la construction. Un des hypog\u00e9es est recouvert d&rsquo;un tumulus et les quatre furent construits \u00e0 ciel ouvert et des dalles m\u00e9galithiques furent rajout\u00e9es par dessus.<\/p>\n<p>&nbsp;<\/p>\n<blockquote><p>\u00ab <em>Ces hypog\u00e9es sont une magnifique le\u00e7on d&rsquo;architecture pour le n\u00e9olithique<\/em> \u00bb Jean Guilaine.<\/p><\/blockquote>\n<h1><strong>Le tr\u00e9sor des hypog\u00e9es<\/strong><\/h1>\n<p style=\"text-align: left\">Au n\u00e9olithique on peut diff\u00e9rencier les tombes appel\u00e9es \u00ab\u00a0fosses communes\u00a0\u00bb et les monuments qu&rsquo;on \u00e9rigeait et qui servaient\u00a0 \u00e0 inhumer les morts de mani\u00e8re c\u00e9r\u00e9monielle. Les hypog\u00e9es sont dans ce deuxi\u00e8me groupe. Celui de Cordes ne servait cependant que pour des c\u00e9r\u00e9monies \u00ab\u00a0cultuelles\u00a0\u00bb alors que les trois autres avaient des fonctions fun\u00e9raires. Il y avait probablement des crit\u00e8res pour y acc\u00e9der que nous ne connaissons pas aujourd&rsquo;hui. Cependant il est s\u00fbr qu&rsquo;il n&rsquo;y avait pas que des guerriers. Les fouilles ont permis de retrouver une grande quantit\u00e9 d&rsquo;objets datant de toutes les \u00e9poques d&rsquo;occupation. On a retrouv\u00e9 des restes importants de c\u00e9ramiques, des poin\u00e7ons, des os, et de nombreux \u00e9l\u00e9ments de parures. Des objets plus rares ont \u00e9t\u00e9 retrouv\u00e9s comme une perle et une petite plaque en or. Ces hypog\u00e9es avaient aussi une volont\u00e9 d&rsquo;\u00eatre vus notamment gr\u00e2ce \u00e0 un menhir de sept m\u00e8tres de haut \u00e0 c\u00f4t\u00e9 de celui de Cordes.<\/p>\n<figure id=\"attachment_6066\" aria-describedby=\"caption-attachment-6066\" style=\"width: 300px\" class=\"wp-caption aligncenter\"><img loading=\"lazy\" class=\"size-medium wp-image-6066\" src=\"http:\/\/blogs.univ-jfc.fr\/vphn\/wp-content\/uploads\/sites\/65\/2020\/01\/Capture2-300x136.png\" alt=\"\" width=\"300\" height=\"136\" srcset=\"https:\/\/blogs.univ-jfc.fr\/vphn\/wp-content\/uploads\/sites\/65\/2020\/01\/Capture2-300x136.png 300w, https:\/\/blogs.univ-jfc.fr\/vphn\/wp-content\/uploads\/sites\/65\/2020\/01\/Capture2.png 325w\" sizes=\"(max-width: 300px) 100vw, 300px\" \/><figcaption id=\"caption-attachment-6066\" class=\"wp-caption-text\">Dessin de la plaque et de la perle en or de l&rsquo;hypog\u00e9e du Castelet, par Paul Cazalis de Fondouce, 1878<\/figcaption><\/figure>\n<p>&nbsp;<\/p>\n<h1><strong>Des monuments t\u00e9moins d&rsquo;une \u00e9poque<\/strong><\/h1>\n<figure id=\"attachment_6159\" aria-describedby=\"caption-attachment-6159\" style=\"width: 97px\" class=\"wp-caption alignright\"><img loading=\"lazy\" class=\"size-medium wp-image-6159\" src=\"http:\/\/blogs.univ-jfc.fr\/vphn\/wp-content\/uploads\/sites\/65\/2020\/01\/Capture3-97x300.png\" alt=\"\" width=\"97\" height=\"300\" srcset=\"https:\/\/blogs.univ-jfc.fr\/vphn\/wp-content\/uploads\/sites\/65\/2020\/01\/Capture3-97x300.png 97w, https:\/\/blogs.univ-jfc.fr\/vphn\/wp-content\/uploads\/sites\/65\/2020\/01\/Capture3.png 103w\" sizes=\"(max-width: 97px) 100vw, 97px\" \/><figcaption id=\"caption-attachment-6159\" class=\"wp-caption-text\">Exemple de lame de poignard en silex lacustre oligocene de Forcalquier<br \/>trouve dans la grotte du Trou de Vives a Narbonne<\/figcaption><\/figure>\n<p>Ces hypog\u00e9es nous permettent \u00e9galement d&rsquo;en savoir plus sur la soci\u00e9t\u00e9 de l&rsquo;\u00e9poque. Tout d&rsquo;abord,\u00a0 les hypog\u00e9es sont int\u00e9gralement faits en pierre, m\u00eame les dalles m\u00e9galithiques rajout\u00e9es par dessus tandis que les villages de l&rsquo;\u00e9poque sont principalement en bois et en torchis. Des hypoth\u00e8ses tentent d&rsquo;expliquer cela soit par le fait que la pierre \u00e9tait difficile \u00e0 transporter jusqu&rsquo;au village, ou bien que les hypog\u00e9es, en pierre, avaient une volont\u00e9 de r\u00e9sister au temps. De plus, au vu des dimensions de l&rsquo;hypog\u00e9e de Cordes et des trouvailles qu&rsquo;on a faites, on peut estimer que les civilisations autour de ces monuments se sont crois\u00e9es. On a notamment retrouv\u00e9 des lames en cuivre probablement amen\u00e9es d&rsquo;Italie. Finalement, les hypog\u00e9es nous apportent quelques \u00e9l\u00e9ments sur la hi\u00e9rarchisation des soci\u00e9t\u00e9s du n\u00e9olithique. Ces tombeaux, de par leur localisation, n&rsquo;\u00e9taient pas accessible \u00e0 tous ; le lieu de construction n&rsquo;est probablement pas anodin. Il n&rsquo;y avait cependant pas uniquement des guerriers inhum\u00e9s mais aussi des femmes et des enfants. On a retrouv\u00e9 certains \u00e9quipements \u00ab\u00a0exotiques\u00a0\u00bb qui montrent les privil\u00e8ges qu&rsquo;avaient les morts de ces hypog\u00e9es.<\/p>\n<p>&nbsp;<\/p>\n<p>Pour aller plus loin :<\/p>\n<ul>\n<li><a href=\"http:\/\/blogs.univ-jfc.fr\/vphn\/patrimoine-et-sites-remarquables\/les-hypogees-darles-et-fontvieille-2020\/bibliographie-hypogees-arles-et-fontvieille\/\">Bibliographie indicative<\/a><\/li>\n<li><a href=\"http:\/\/www.patrimoine.ville-arles.fr\/index.php?obj=edifice&amp;idx=125&amp;quartier=32&amp;site=\">Page du Site de la Patrimoine de la ville d&rsquo;Arles<\/a><\/li>\n<\/ul>\n<p>&nbsp;<\/p>\n<div class=\"entity-block-header-left\">\n<p class=\"entity-title\">\u00c9tudiants : ABAD A\u00eblia (L1), CUVILLIEZ Benjamin (L2).<\/p>\n<\/div>\n","protected":false},"excerpt":{"rendered":"<p>Un hypog\u00e9e est une construction souterraine utilis\u00e9e comme une tombe collective. Les monuments d&rsquo;Arles et Fontvieille se situent \u00e0 la fronti\u00e8re des deux communes. Ces constructions datent du n\u00e9olithique qui est la derni\u00e8re p\u00e9riode de la pr\u00e9histoire et la premi\u00e8re de la s\u00e9dentarisation de l&rsquo;Homme. Dans la r\u00e9gion d&rsquo;Arles, cela se situe vers 3500 av. &hellip; <\/p>\n<p class=\"link-more\"><a href=\"https:\/\/blogs.univ-jfc.fr\/vphn\/patrimoine-et-sites-remarquables\/les-hypogees-darles-et-fontvieille-2020\/\" class=\"more-link\">Continuer la lecture<span class=\"screen-reader-text\"> de &laquo;&nbsp;Les Hypog\u00e9es d&rsquo;Arles et Fontvieille [2020]&nbsp;&raquo;<\/span><\/a><\/p>\n","protected":false},"author":709,"featured_media":0,"parent":30,"menu_order":0,"comment_status":"closed","ping_status":"closed","template":"","meta":[],"_links":{"self":[{"href":"https:\/\/blogs.univ-jfc.fr\/vphn\/wp-json\/wp\/v2\/pages\/5317"}],"collection":[{"href":"https:\/\/blogs.univ-jfc.fr\/vphn\/wp-json\/wp\/v2\/pages"}],"about":[{"href":"https:\/\/blogs.univ-jfc.fr\/vphn\/wp-json\/wp\/v2\/types\/page"}],"author":[{"embeddable":true,"href":"https:\/\/blogs.univ-jfc.fr\/vphn\/wp-json\/wp\/v2\/users\/709"}],"replies":[{"embeddable":true,"href":"https:\/\/blogs.univ-jfc.fr\/vphn\/wp-json\/wp\/v2\/comments?post=5317"}],"version-history":[{"count":21,"href":"https:\/\/blogs.univ-jfc.fr\/vphn\/wp-json\/wp\/v2\/pages\/5317\/revisions"}],"predecessor-version":[{"id":8447,"href":"https:\/\/blogs.univ-jfc.fr\/vphn\/wp-json\/wp\/v2\/pages\/5317\/revisions\/8447"}],"up":[{"embeddable":true,"href":"https:\/\/blogs.univ-jfc.fr\/vphn\/wp-json\/wp\/v2\/pages\/30"}],"wp:attachment":[{"href":"https:\/\/blogs.univ-jfc.fr\/vphn\/wp-json\/wp\/v2\/media?parent=5317"}],"curies":[{"name":"wp","href":"https:\/\/api.w.org\/{rel}","templated":true}]}}