{"id":5328,"date":"2020-01-16T11:46:21","date_gmt":"2020-01-16T10:46:21","guid":{"rendered":"http:\/\/blogs.univ-jfc.fr\/vphn\/?page_id=5328"},"modified":"2021-01-21T11:27:09","modified_gmt":"2021-01-21T10:27:09","slug":"cohabitation-entre-reformes-et-catholiques-de-ledit-de-nantes-a-sa-revocation-2019-2020","status":"publish","type":"page","link":"https:\/\/blogs.univ-jfc.fr\/vphn\/histoire-locale\/cohabitation-entre-reformes-et-catholiques-de-ledit-de-nantes-a-sa-revocation-2019-2020\/","title":{"rendered":"La cohabitation entre r\u00e9form\u00e9s et catholiques, de l&rsquo;\u00e9dit de Nantes \u00e0 sa r\u00e9vocation [2020]"},"content":{"rendered":"<p class=\"western\" align=\"justify\"><strong><span style=\"font-size: small\">En <\/span><span style=\"font-size: small\">o<\/span><\/strong><span style=\"font-size: small\"><strong>ctobre 1685<\/strong>, Louis XIV met fin \u00e0 une tentative d&rsquo;entente lanc\u00e9e en 1598 entre catholiques et protestants qui n\u2019a jamais march\u00e9. <\/span><span style=\"font-size: small\">Nous allons \u00e9tudier la relation entre catholiques et r\u00e9form\u00e9s en Occitanie, de l\u2019\u00e9dit de Nantes \u00e0 sa r\u00e9vocation. Les catholiques et les r\u00e9form\u00e9s sont des chr\u00e9tiens. <a href=\"https:\/\/www.museeprotestant.org\/notice\/implantation-de-la-reforme-en-france\/?parc=14506\">Mais au XVI<sup>e<\/sup> si\u00e8cle, ces deux groupes se s\u00e9parent, \u00e0 la suite de querelles th\u00e9ologiques notamment<\/a>. <\/span><span style=\"font-size: small\">Cette division a cr\u00e9\u00e9 des tensions, \u00e0 l\u2019origine des <a href=\"https:\/\/www.museeprotestant.org\/notice\/les-huit-guerres-de-religion-1562-1598\/\">guerres de Religion<\/a> en France, qui se terminent <\/span><span style=\"font-size: small\">justement <\/span><span style=\"font-size: small\">en 1598 par l\u2019\u00e9dit de Nantes. En 1685, l\u2019\u00e9dit de Nantes est r\u00e9voqu\u00e9 par l\u2019\u00e9dit de Fontainebleau.<\/span> <span style=\"font-size: small\">L\u2019Occitanie que nous connaissons aujourd\u2019hui est une r\u00e9gion qui fut travers\u00e9e par cette division entre catholiques et r\u00e9form\u00e9s\u00a0: des villes comme Montauban, Al\u00e8s, Montpellier ou encore Castres gardent une certaine influence d\u2019un pass\u00e9 protestant dans une r\u00e9gion qui a eu aussi une ville tr\u00e8s catholique comme Toulouse avec son parlement qui est connu pour \u00eatre tr\u00e8s catholique.<\/span> <span style=\"font-size: small\">N<\/span><span style=\"font-size: small\">ous allons voir la coexistence difficile entre catholiques et les protestants de 1598 \u00e0 1685, dans le cas pr\u00e9cis de l\u2019Occitanie.<\/span><\/p>\n<h1 class=\"western\" align=\"left\"><span style=\"font-size: medium\">De l\u2019\u00e9dit de Nantes \u00e0 l&rsquo;\u00e9dit de gr\u00e2ce d\u2019Al\u00e8s<br \/>\n<\/span><\/h1>\n<figure id=\"attachment_5519\" aria-describedby=\"caption-attachment-5519\" style=\"width: 189px\" class=\"wp-caption alignright\"><img loading=\"lazy\" class=\"size-medium wp-image-5519\" src=\"http:\/\/blogs.univ-jfc.fr\/vphn\/wp-content\/uploads\/sites\/65\/2020\/01\/Sans-titre2-189x300.png\" alt=\"\" width=\"189\" height=\"300\" srcset=\"https:\/\/blogs.univ-jfc.fr\/vphn\/wp-content\/uploads\/sites\/65\/2020\/01\/Sans-titre2-189x300.png 189w, https:\/\/blogs.univ-jfc.fr\/vphn\/wp-content\/uploads\/sites\/65\/2020\/01\/Sans-titre2.png 347w\" sizes=\"(max-width: 189px) 100vw, 189px\" \/><figcaption id=\"caption-attachment-5519\" class=\"wp-caption-text\">Premi\u00e8re page du manuscrit de l&rsquo;\u00e9dit de Nantes (1598), avec le sceau visible. (Archives nationales, Paris.) L&rsquo;image est tir\u00e9e du site https:\/\/www.larousse.fr\/encyclopedie\/images\/%C3%89dit_de_Nantes\/1310880<\/figcaption><\/figure>\n<p class=\"western\" align=\"justify\"><span style=\"font-size: small\">L\u2019\u00e9dit de Nantes est dit \u00ab\u00a0perp\u00e9tuel et irr\u00e9vocable\u00a0\u00bb. Les r\u00e9form\u00e9s obtiennent par cet \u00e9dit la libert\u00e9 de conscience, la cr\u00e9ation de <a href=\"https:\/\/www.cnrtl.fr\/definition\/mi-parti\">chambres \u00ab\u00a0mi-parties\u00a0\u00bb<\/a> comme \u00e0 Toulouse. Mais les catholiques ne sont pas oubli\u00e9s\u00a0: la religion dominante selon l\u2019\u00e9dit de Nantes, retrouve ses biens eccl\u00e9siastiques confisqu\u00e9s par les r\u00e9form\u00e9s. Mais les r\u00e9form\u00e9s re\u00e7oivent des <a href=\"https:\/\/www.museeprotestant.org\/glossary\/places-de-surete\/\">places de s\u00fbret\u00e9<\/a> comme Uz\u00e8s, N\u00eemes, Montpellier, Lectoure, Castres, &#8230;<br \/>\n<\/span><\/p>\n<p class=\"western\" align=\"justify\"><span style=\"font-size: small\">Si le r\u00e9tablissement du catholicisme semble parfois sans soucis et rapide comme \u00e0 Castres (le clerg\u00e9 r\u00e9gulier revient en 1600), la situation n\u2019est cependant pas toujours \u00e9vidente comme l\u2019inspection de Pierre Valernod dans son dioc\u00e8se en 1611 qui voit sur 66 \u00e9glises inspect\u00e9es 22 d\u00e9truites.<\/span><\/p>\n<p class=\"western\" align=\"justify\"><span style=\"font-size: medium\"><span style=\"font-size: small\">La mort d&rsquo;Henri IV en 1610 est un tournant pour la France que ce soit aussi bien pour les catholiques que pour les protestants. <\/span><span style=\"font-size: small\">L<\/span><span style=\"font-size: small\">a r\u00e9gent<\/span><span style=\"font-size: small\">e envoie des commissaires<\/span><span style=\"font-size: small\"> compos\u00e9s d&rsquo;un protestant et d&rsquo;un catholique. <\/span><span style=\"font-size: small\">M<\/span><span style=\"font-size: small\">ais dans le Midi, on voit d&rsquo;un mauvais \u0153il ces visites de commissaires qu&rsquo;on accuse de favoriser la Contre-R\u00e9forme. Le pouvoir des protestants est remis en cause. <\/span><span style=\"font-size: small\">Le<\/span><span style=\"font-size: small\">s protestants <\/span><span style=\"font-size: small\">se divisent<\/span><span style=\"font-size: small\"> entre ceux qui choisissent la voie de Cond\u00e9 et ceux qui choisissent celle de Rohan<\/span><span style=\"font-size: small\">.<a href=\"https:\/\/www.museeprotestant.org\/notice\/les-dernieres-guerres-de-religion-1620-1629\/\"> Les campagnes militaires de 1621-1629<\/a> vont finir de diviser les r\u00e9form\u00e9s. Rohan prend les armes <\/span><span style=\"font-size: small\">notamment <\/span><span style=\"font-size: small\">dans le Haut-Languedoc, il offre une certaine r\u00e9sistance \u00e0 Montpellier et \u00e0 Montauban. Mais Louis XIII \u00e9crase les protestants de la r\u00e9gion. <\/span><span style=\"font-size: small\">Alors des<\/span><span style=\"font-size: small\"> n\u00e9gociation<\/span><span style=\"font-size: small\">s<\/span><span style=\"font-size: small\"> commence<\/span><span style=\"font-size: small\">nt<\/span><span style=\"font-size: small\"> et l&rsquo;\u00e9dit de gr\u00e2ce d&rsquo;Al\u00e8s est sign\u00e9 le 27 juin 1629. Cet \u00e9dit met fin aux \u00ab places de s\u00fbret\u00e9 \u00bb dangereuses pour le pouvoir royal d&rsquo;un point de vue militaire (car ces villes sont difficiles \u00e0 prendre) et \u00e0 la puissance de Montauban et Montpellier notamment.<\/span><\/span><\/p>\n<h1 class=\"western\" align=\"left\"><span style=\"font-size: medium\">La vie des chr\u00e9tiens en Occitanie au XVII<sup>e<\/sup><\/span><\/h1>\n<figure id=\"attachment_5513\" aria-describedby=\"caption-attachment-5513\" style=\"width: 261px\" class=\"wp-caption alignright\"><img loading=\"lazy\" class=\"size-medium wp-image-5513\" src=\"http:\/\/blogs.univ-jfc.fr\/vphn\/wp-content\/uploads\/sites\/65\/2020\/01\/Sans-titre-261x300.png\" alt=\"\" width=\"261\" height=\"300\" srcset=\"https:\/\/blogs.univ-jfc.fr\/vphn\/wp-content\/uploads\/sites\/65\/2020\/01\/Sans-titre-261x300.png 261w, https:\/\/blogs.univ-jfc.fr\/vphn\/wp-content\/uploads\/sites\/65\/2020\/01\/Sans-titre.png 490w\" sizes=\"(max-width: 261px) 100vw, 261px\" \/><figcaption id=\"caption-attachment-5513\" class=\"wp-caption-text\">Carte des \u00e9glises et synodes provinciaux en Occitanie au XVIIe si\u00e8cle, document issu de la carte des \u00c9glises et Synodes provinciaux de France et centr\u00e9 sur l\u2019Occitanie. Cette image est reprise de la carte tir\u00e9e de l&rsquo;article disponible sur le site https:\/\/books.openedition.org\/pucl\/1280#notes<\/figcaption><\/figure>\n<p class=\"western\" align=\"justify\"><span style=\"font-size: small\">Si nous reprenons la carte et les informations du livre de Philippe Wolff, nous voyons qu&rsquo;il y a une in\u00e9gale r\u00e9partition des r\u00e9form\u00e9s en Occitanie<\/span><span style=\"font-size: small\">. <\/span><span style=\"font-size: small\">De plus, au<\/span><span style=\"font-size: small\"> XVII<sup>e<\/sup> si\u00e8cle, il y a une<\/span><span style=\"font-size: small\"> forte baisse du nombre de bapt\u00eames protestants (<\/span><span style=\"font-size: small\">\u00e0 <\/span><span style=\"font-size: small\">Montauban et \u00e0 Castres, le nombre de bapt\u00eames a baiss\u00e9 de 25 \u00e0 32\u00a0%<\/span><span style=\"font-size: small\">), li\u00e9e \u00e0 des ph\u00e9nom\u00e8nes naturels (l<\/span><span style=\"font-size: small\">a peste a frapp\u00e9 notamment Montpellier en 1629-1630<\/span><span style=\"font-size: small\">) ou des ph\u00e9nom\u00e8nes plus humains (comme l\u2019\u00e9migration). La religion r\u00e9form\u00e9e <\/span><span style=\"font-size: small\">dans le Midi fran\u00e7ais <\/span><span style=\"font-size: small\">est plut\u00f4t citadine. <\/span><span style=\"font-size: small\">Socialement, <\/span><span style=\"font-size: small\">l<\/span><span style=\"font-size: small\">es protestants sont plus <\/span><span style=\"font-size: small\">en ville des <\/span><span style=\"font-size: small\">bourgeois,<\/span><span style=\"font-size: small\"> souvent des marchands et des commer\u00e7ants<\/span><span style=\"font-size: small\">.<\/span><\/p>\n<p class=\"western\" align=\"justify\"><span style=\"font-size: small\">Face \u00e0 cela, les ordres religieux catholiques tentent de convertir les r\u00e9form\u00e9s<\/span><span style=\"font-size: small\">. <\/span><span style=\"font-size: small\">L<\/span><span style=\"font-size: small\">a r\u00e9gion reste \u00e0 majorit\u00e9 catholique, <\/span><span style=\"font-size: small\">comme dans l<\/span><span style=\"font-size: small\">es villes <\/span><span style=\"font-size: small\">suppos\u00e9es protestantes (comme \u00e0 <\/span><span style=\"font-size: small\">Mont<\/span><span style=\"font-size: small\">pellier <\/span><span style=\"font-size: small\">avec<\/span><span style=\"font-size: small\"> 30 60<\/span><span style=\"font-size: small\">0<\/span><span style=\"font-size: small\"> catholiques pour 12 000 protestants<\/span><span style=\"font-size: small\">)<\/span><span style=\"font-size: small\">. <\/span><span style=\"font-size: small\">Il <\/span><span style=\"font-size: small\">y a une foi catholique qui semble plus pr\u00e9dominante face \u00e0 la R\u00e9forme qui est affaiblie. Le d\u00e9s\u00e9quilibre entre les deux groupes menace la coexistence d\u00e9j\u00e0 tr\u00e8s fragilis\u00e9e.<\/span><\/p>\n<h1 class=\"western\" align=\"left\"><span style=\"font-size: medium\">Le d\u00e9but du r\u00e8gne de Louis XIV ou le cr\u00e9puscule de la cohabitation en Occitanie<\/span><\/h1>\n<p class=\"western\" align=\"justify\"><span style=\"font-size: small\">L\u2019arriv\u00e9e au pouvoir de Louis XIV acc\u00e9l\u00e8re encore le mouvement\u00a0: en 1679, trois mesures sont prises. Tout d&rsquo;abord contre les <a href=\"https:\/\/www.cnrtl.fr\/definition\/relaps\">relaps<\/a>, la suppression des chambres mi-parties et la surveillance des synodes. En 1680 un juge peut aller chez un huguenot pour le convertir avant qu\u2019il meure ; en 1681, il est autoris\u00e9 de convertir un r\u00e9form\u00e9 d\u00e8s 7 ans. Des lieux de culte sont d\u00e9truits comme celui de Montauban en 1683 sur d\u00e9cision du Parlement de Toulouse. Aussi, les huguenots ne peuvent plus exercer les m\u00e9tiers juridiques. La ville de Toulouse est un des principaux centres de conversion. En effet, en octobre 1631, le premier pr\u00e9sident du parlement de Toulouse veut que des catholiques soient admis au sein des assembl\u00e9es des villes protestantes pour favoriser la conversion au catholicisme.<\/span><\/p>\n<p class=\"western\" align=\"justify\"><span style=\"font-size: small\">Les <a href=\"https:\/\/www.museeprotestant.org\/glossary\/dragonnades\/\">dragonnades<\/a> dans le Midi en 1685 avec l\u2019intendant Foucault ont \u00e9t\u00e9 tr\u00e8s brutales, notamment \u00e0 Montauban du 20 ao\u00fbt au 29 ao\u00fbt avec des violences qui \u00e9branlent pr\u00e8s de 10 000 personnes qui se convertissent durant cette p\u00e9riode, notamment les officiers et les notables. Dans cette r\u00e9gion il y a eu entre 300 et 400 000 conversions selon Daniel Ligou. La <a href=\"https:\/\/www.museeprotestant.org\/notice\/ledit-de-fontainebleau-ou-la-revocation-1685\/\">r\u00e9vocation de l\u2019\u00e9dit<\/a> est faite pour \u00ab\u00a0r\u00e9tablir l\u2019unit\u00e9 du royaume\u00a0\u00bb selon D. Ligou, mais c\u2019est une d\u00e9cision brutale, certains \u00e9tant plus des convertis de fa\u00e7ade. \u00c0 Toulouse, la solution est la clandestinit\u00e9 comme un temps dans les C\u00e9vennes, certains fuient, mais cette d\u00e9cision n\u2019arr\u00eate pas le mouvement des dragons.<\/span><\/p>\n<p>&nbsp;<\/p>\n<p class=\"western\" align=\"justify\"><span style=\"font-size: small\">Ainsi, en tentant de savoir en quoi la cohabitation entre catholiques et r\u00e9form\u00e9s, cr\u00e9\u00e9e par l\u2019\u00e9dit de Nantes, est amen\u00e9e \u00e0 une rupture par sa r\u00e9vocation, nous avons d\u2019abord vu que l\u2019\u00e9dit de Nantes n\u2019\u00e9tait finalement qu\u2019une pause dans les tensions entre les deux groupes. Face \u00e0 des r\u00e9form\u00e9s battus en 1629, divis\u00e9s, en perte de vitesse et de moins en moins importants, le travail de sape que va d\u2019abord effectuer le clerg\u00e9 fran\u00e7ais et le roi de France se termine avec la politique de Louis XIV qui met fin \u00e0 la cohabitation. Cependant, les r\u00e9form\u00e9s ne vont pas tous se convertir, alors certains se cachent, dans une certaine clandestinit\u00e9, p\u00e9riode appel\u00e9e le \u00ab\u00a0<a href=\"https:\/\/www.museeprotestant.org\/glossary\/desert\/\">D\u00e9sert<\/a>\u00a0\u00bb. Il serait alors int\u00e9ressant de voir comment la situation des r\u00e9form\u00e9s \u00e9volue en Occitanie au XVIIIe si\u00e8cle\u00a0?<\/span><\/p>\n<h2><a href=\"http:\/\/blogs.univ-jfc.fr\/vphn\/bibliographie-et-sitographie-sur-la-cohabitation-entre-reformes-et-catholiques-de-ledit-de-nantes-a-sa-revocation-2019-2020\/\">Bibliographie pour plus de pr\u00e9cisions :<\/a><\/h2>\n<p>Photos :<\/p>\n<p>&#8211; <a href=\"https:\/\/books.openedition.org\/pucl\/1280#notes\">https:\/\/books.openedition.org\/pucl\/1280#notes<\/a><\/p>\n<p>&#8211; <a href=\"https:\/\/www.larousse.fr\/encyclopedie\/images\/%C3%89dit_de_Nantes\/1310880\">https:\/\/www.larousse.fr\/encyclopedie\/images\/%C3%89dit_de_Nantes\/1310880<\/a><\/p>\n<p><span style=\"font-size: medium\"><span id=\"p22\">\u00c9<\/span>tudiants : L1 ALGANS Benjamin, L2 LE POUHAER Elouan.<\/span><\/p>\n","protected":false},"excerpt":{"rendered":"<p>En octobre 1685, Louis XIV met fin \u00e0 une tentative d&rsquo;entente lanc\u00e9e en 1598 entre catholiques et protestants qui n\u2019a jamais march\u00e9. Nous allons \u00e9tudier la relation entre catholiques et r\u00e9form\u00e9s en Occitanie, de l\u2019\u00e9dit de Nantes \u00e0 sa r\u00e9vocation. Les catholiques et les r\u00e9form\u00e9s sont des chr\u00e9tiens. Mais au XVIe si\u00e8cle, ces deux groupes &hellip; <\/p>\n<p class=\"link-more\"><a href=\"https:\/\/blogs.univ-jfc.fr\/vphn\/histoire-locale\/cohabitation-entre-reformes-et-catholiques-de-ledit-de-nantes-a-sa-revocation-2019-2020\/\" class=\"more-link\">Continuer la lecture<span class=\"screen-reader-text\"> de &laquo;&nbsp;La cohabitation entre r\u00e9form\u00e9s et catholiques, de l&rsquo;\u00e9dit de Nantes \u00e0 sa r\u00e9vocation [2020]&nbsp;&raquo;<\/span><\/a><\/p>\n","protected":false},"author":600,"featured_media":0,"parent":1173,"menu_order":0,"comment_status":"closed","ping_status":"closed","template":"","meta":[],"_links":{"self":[{"href":"https:\/\/blogs.univ-jfc.fr\/vphn\/wp-json\/wp\/v2\/pages\/5328"}],"collection":[{"href":"https:\/\/blogs.univ-jfc.fr\/vphn\/wp-json\/wp\/v2\/pages"}],"about":[{"href":"https:\/\/blogs.univ-jfc.fr\/vphn\/wp-json\/wp\/v2\/types\/page"}],"author":[{"embeddable":true,"href":"https:\/\/blogs.univ-jfc.fr\/vphn\/wp-json\/wp\/v2\/users\/600"}],"replies":[{"embeddable":true,"href":"https:\/\/blogs.univ-jfc.fr\/vphn\/wp-json\/wp\/v2\/comments?post=5328"}],"version-history":[{"count":98,"href":"https:\/\/blogs.univ-jfc.fr\/vphn\/wp-json\/wp\/v2\/pages\/5328\/revisions"}],"predecessor-version":[{"id":8007,"href":"https:\/\/blogs.univ-jfc.fr\/vphn\/wp-json\/wp\/v2\/pages\/5328\/revisions\/8007"}],"up":[{"embeddable":true,"href":"https:\/\/blogs.univ-jfc.fr\/vphn\/wp-json\/wp\/v2\/pages\/1173"}],"wp:attachment":[{"href":"https:\/\/blogs.univ-jfc.fr\/vphn\/wp-json\/wp\/v2\/media?parent=5328"}],"curies":[{"name":"wp","href":"https:\/\/api.w.org\/{rel}","templated":true}]}}