{"id":5347,"date":"2020-02-06T11:19:14","date_gmt":"2020-02-06T10:19:14","guid":{"rendered":"http:\/\/blogs.univ-jfc.fr\/vphn\/?page_id=5347"},"modified":"2020-05-22T15:28:24","modified_gmt":"2020-05-22T13:28:24","slug":"le-chateau-de-la-roque-2020","status":"publish","type":"page","link":"https:\/\/blogs.univ-jfc.fr\/vphn\/patrimoine-et-sites-remarquables\/le-chateau-de-la-roque-2020\/","title":{"rendered":"Le ch\u00e2teau de la Roque [2020]"},"content":{"rendered":"<h1 style=\"text-align: center\" align=\"JUSTIFY\"><strong>La Ch\u00e2teau de la Roque\u00a0<\/strong><\/h1>\n<p>&nbsp;<\/p>\n<hr \/>\n<p lang=\"fr-FR\" align=\"JUSTIFY\">Situ\u00e9 sur la commune de Saint-Antonin de Lacalm, le <a href=\"http:\/\/blogs.univ-jfc.fr\/vphn\/patrimoine-et-sites-remarquables\/le-chateau-de-la-roque-2020\/definition-chateau\/\">Ch\u00e2teau<\/a> de la Roque est un r\u00e9el vestige de l\u2019\u00e9poque m\u00e9di\u00e9vale, mis en avant aujourd\u2019hui par l\u2019association Castelroc.\u00a0<span style=\"font-weight: 400\">Situ\u00e9 dans le Tarn, ce <a href=\"http:\/\/blogs.univ-jfc.fr\/vphn\/patrimoine-et-sites-remarquables\/le-chateau-de-la-roque-2020\/definition-chateau\/\">Ch\u00e2teau<\/a> domine la vall\u00e9e du Dadou depuis un pic rocheux s\u2019\u00e9levant \u00e0 477 m\u00e8tres.\u00a0<\/span><\/p>\n<p lang=\"fr-FR\" align=\"JUSTIFY\">A l\u2019\u00e9poque m\u00e9di\u00e9vale ce <a href=\"http:\/\/blogs.univ-jfc.fr\/vphn\/patrimoine-et-sites-remarquables\/le-chateau-de-la-roque-2020\/definition-chateau\/\">Ch\u00e2teau<\/a>\u00a0<img loading=\"lazy\" class=\"size-medium wp-image-6354 alignleft\" src=\"http:\/\/blogs.univ-jfc.fr\/vphn\/wp-content\/uploads\/sites\/65\/2020\/02\/ss-300x225.jpg\" alt=\"\" width=\"300\" height=\"225\" srcset=\"https:\/\/blogs.univ-jfc.fr\/vphn\/wp-content\/uploads\/sites\/65\/2020\/02\/ss-300x225.jpg 300w, https:\/\/blogs.univ-jfc.fr\/vphn\/wp-content\/uploads\/sites\/65\/2020\/02\/ss-768x576.jpg 768w, https:\/\/blogs.univ-jfc.fr\/vphn\/wp-content\/uploads\/sites\/65\/2020\/02\/ss-1024x768.jpg 1024w, https:\/\/blogs.univ-jfc.fr\/vphn\/wp-content\/uploads\/sites\/65\/2020\/02\/ss.jpg 1067w\" sizes=\"(max-width: 300px) 100vw, 300px\" \/><span style=\"font-weight: 400\">faisait partie de l\u2019Arifad\u00e8s, territoire compris dans l\u2019Albigeois et incluant les communes actuelles d\u2019Arifat, du Travet, de la Roque et de Saint-Antonin de Lacalm.<\/span><\/p>\n<p>&nbsp;<\/p>\n<p>&nbsp;<\/p>\n<p>&nbsp;<\/p>\n<p><b>Les d\u00e9buts du ch\u00e2teau de la Roque (974-1050)\u00a0<\/b><\/p>\n<p lang=\"fr-FR\" align=\"JUSTIFY\">Le <a href=\"http:\/\/blogs.univ-jfc.fr\/vphn\/patrimoine-et-sites-remarquables\/le-chateau-de-la-roque-2020\/definition-chateau\/\">Ch\u00e2teau<\/a> \u00e9tait de forme rectangulaire, d&rsquo;une longueur de plus de 40 m\u00e8tres et d&rsquo;une largeur d\u2019environ 20 m\u00e8tres.\u00a0<span style=\"font-weight: 400\">L\u2019emplacement du <a href=\"http:\/\/blogs.univ-jfc.fr\/vphn\/patrimoine-et-sites-remarquables\/le-chateau-de-la-roque-2020\/definition-chateau\/\">Ch\u00e2teau<\/a> de la Roque n\u2019est pas un hasard. Sa place est strat\u00e9gique : sa vue imprenable lui permet de bloquer les quatre vall\u00e9es voisines. <\/span><\/p>\n<p lang=\"fr-FR\" align=\"JUSTIFY\"><span style=\"font-weight: 400\">De par son pic rocheux de 477 m\u00e8tres d\u2019altitude il est naturellement prot\u00e9g\u00e9 de trois c\u00f4t\u00e9s. L\u2019architecture du <a href=\"http:\/\/blogs.univ-jfc.fr\/vphn\/patrimoine-et-sites-remarquables\/le-chateau-de-la-roque-2020\/definition-chateau\/\">Ch\u00e2teau<\/a> a \u00e9t\u00e9 \u00e9labor\u00e9e avec un objectif d\u00e9fensif. Dans le but de prot\u00e9ger le c\u00f4t\u00e9 Nord les premiers <a href=\"http:\/\/blogs.univ-jfc.fr\/vphn\/patrimoine-et-sites-remarquables\/le-chateau-de-la-roque-2020\/definition-seigneur\/\">seigneurs<\/a> de la Roque ont fait construire une tour, ainsi qu\u2019une tranch\u00e9e creus\u00e9e entre la pierre et le <a href=\"http:\/\/blogs.univ-jfc.fr\/vphn\/patrimoine-et-sites-remarquables\/le-chateau-de-la-roque-2020\/definition-chateau\/\">Ch\u00e2teau<\/a>.\u00a0<\/span><\/p>\n<p lang=\"fr-FR\" align=\"JUSTIFY\"><span style=\"font-weight: 400\">La Roque est aussi prot\u00e9g\u00e9 par la rivi\u00e8re du Dadou, fronti\u00e8re naturelle, puisqu\u2019elle ne peut pas \u00eatre navigu\u00e9e. De plus le Dadou ne peut \u00eatre que tr\u00e8s peu travers\u00e9 : il n\u2019existe que trois ponts. C\u2019est donc une rivi\u00e8re \u00e0 r\u00f4le d\u00e9fensif.<\/span><\/p>\n<p lang=\"fr-FR\" align=\"JUSTIFY\"><span style=\"font-weight: 400\">La premi\u00e8re mention du nom de \u201cLa Roque\u201d dans les \u00e9crits remonte \u00e0 974, dans le testament de la Comtesse Garsinde. Le premier <a href=\"http:\/\/blogs.univ-jfc.fr\/vphn\/patrimoine-et-sites-remarquables\/le-chateau-de-la-roque-2020\/definition-seigneur\/\">seigneur<\/a> connu du lieu est Gaubert de La Roque qui s\u2019y installe en 1085.\u00a0<\/span><\/p>\n<figure id=\"attachment_6355\" aria-describedby=\"caption-attachment-6355\" style=\"width: 300px\" class=\"wp-caption alignright\"><img loading=\"lazy\" class=\"wp-image-6355 size-medium\" src=\"http:\/\/blogs.univ-jfc.fr\/vphn\/wp-content\/uploads\/sites\/65\/2020\/02\/image-1-300x169.jpg\" alt=\"\" width=\"300\" height=\"169\" srcset=\"https:\/\/blogs.univ-jfc.fr\/vphn\/wp-content\/uploads\/sites\/65\/2020\/02\/image-1-300x169.jpg 300w, https:\/\/blogs.univ-jfc.fr\/vphn\/wp-content\/uploads\/sites\/65\/2020\/02\/image-1-768x434.jpg 768w, https:\/\/blogs.univ-jfc.fr\/vphn\/wp-content\/uploads\/sites\/65\/2020\/02\/image-1.jpg 885w\" sizes=\"(max-width: 300px) 100vw, 300px\" \/><figcaption id=\"caption-attachment-6355\" class=\"wp-caption-text\">Photo personnelle de la tour du ch\u00e2teau<\/figcaption><\/figure>\n<p lang=\"fr-FR\" align=\"JUSTIFY\"><span style=\"font-weight: 400\">Se met en place dans les ann\u00e9es suivantes la construction d\u2019un premier <\/span><span style=\"font-weight: 400\"><a href=\"http:\/\/blogs.univ-jfc.fr\/vphn\/patrimoine-et-sites-remarquables\/le-chateau-de-la-roque-2020\/definition-chateau\/\">Ch\u00e2teau<\/a> qui comprend la tour, une douve s\u00e8che et une tranch\u00e9e. L\u2019\u00e9l\u00e9ment le <\/span><span style=\"font-weight: 400\">mieux conserv\u00e9 reste la tour <\/span><span style=\"font-weight: 400\">principale qui daterait de 1150. Au sommet de la tour se trouvent les <a href=\"http:\/\/blogs.univ-jfc.fr\/vphn\/patrimoine-et-sites-remarquables\/le-chateau-de-la-roque-2020\/definition-courtine\/\">courtines<\/a>, aujourd\u2019hui en partie ruin\u00e9es. La tour s\u2019\u00e9l\u00e8ve \u00e0 23 m\u00e8tres de haut. La salle du sous-sol est celle du coffre-fort du <a href=\"http:\/\/blogs.univ-jfc.fr\/vphn\/patrimoine-et-sites-remarquables\/le-chateau-de-la-roque-2020\/definition-chateau\/\">Ch\u00e2teau<\/a> o\u00f9 on y stocke tout ce qui peut avoir de la valeur. Enfin, notons que cette tour n\u2019est absolument pas un lieu de vie mais uniquement un lieu d\u00e9fensif.\u00a0<\/span><\/p>\n<p>&nbsp;<\/p>\n<p><b>La famille De Cabrol, instigatrice de nouveaux am\u00e9nagements au ch\u00e2teau<\/b><\/p>\n<figure id=\"attachment_6356\" aria-describedby=\"caption-attachment-6356\" style=\"width: 163px\" class=\"wp-caption alignleft\"><img loading=\"lazy\" class=\"wp-image-6356 size-full\" src=\"http:\/\/blogs.univ-jfc.fr\/vphn\/wp-content\/uploads\/sites\/65\/2020\/02\/Blason_Cabrol.jpg\" alt=\"\" width=\"163\" height=\"185\" \/><figcaption id=\"caption-attachment-6356\" class=\"wp-caption-text\">Armoirie de la famille de\u00a0 \u00a0 \u00a0 \u00a0 \u00a0 \u00a0 \u00a0 \u00a0 \u00a0 \u00a0 Cabrol<\/figcaption><\/figure>\n<p lang=\"fr-FR\" align=\"JUSTIFY\">Les De Cabrol sont certainement la famille la plus importante dans l\u2019histoire du\u00a0<span style=\"font-weight: 400\"><span style=\"font-weight: 400\"><a href=\"http:\/\/blogs.univ-jfc.fr\/vphn\/patrimoine-et-sites-remarquables\/le-chateau-de-la-roque-2020\/definition-chateau\/\">Ch\u00e2teau<\/a> de la Roque.\u00a0<\/span><span style=\"font-weight: 400\">La premi\u00e8re mention de cette famille dans l\u2019histoire du ch\u00e2teau remonte \u00e0 1517.\u00a0<\/span><span style=\"font-weight: 400\">Hugues de Cabrol prend la t\u00eate du <a href=\"http:\/\/blogs.univ-jfc.fr\/vphn\/patrimoine-et-sites-remarquables\/le-chateau-de-la-roque-2020\/definition-chateau\/\">Ch\u00e2teau<\/a> de la Roque, menac\u00e9 par les anglais.\u00a0<\/span><span style=\"font-weight: 400\">Il y installe sa seigneurie, reconnaissable aujourd\u2019hui aux armes de la famille De Cabrol.<\/span><\/span><\/p>\n<p lang=\"fr-FR\" align=\"JUSTIFY\"><span style=\"font-weight: 400\">Cette famille va, d\u00e8s lors, jouer un r\u00f4le central dans le renouveau du <a href=\"http:\/\/blogs.univ-jfc.fr\/vphn\/patrimoine-et-sites-remarquables\/le-chateau-de-la-roque-2020\/definition-chateau\/\">Ch\u00e2teau<\/a> de la Roque : le <a href=\"http:\/\/blogs.univ-jfc.fr\/vphn\/patrimoine-et-sites-remarquables\/le-chateau-de-la-roque-2020\/definition-chateau\/\">Ch\u00e2teau<\/a> va \u00eatre emprunt \u00e0 de nombreux changements et am\u00e9nagements, influenc\u00e9s par la mode castrale de l\u2019\u00e9poque.\u00a0<\/span><span style=\"font-weight: 400\">La derni\u00e8re trace de cette famille remonte \u00e0 1700.\u00a0<\/span>Lors de leur arriv\u00e9e au <a href=\"http:\/\/blogs.univ-jfc.fr\/vphn\/patrimoine-et-sites-remarquables\/le-chateau-de-la-roque-2020\/definition-chateau\/\">Ch\u00e2teau<\/a>, les De Cabrol d\u00e9cident de boucher l\u2019ancienne porte d\u2019entr\u00e9e. Cet emplacement devient donc une nouvelle pi\u00e8ce.<\/p>\n<p lang=\"fr-FR\" align=\"JUSTIFY\"><span style=\"font-weight: 400\">Il faut faire une diff\u00e9rence entre le premier <a href=\"http:\/\/blogs.univ-jfc.fr\/vphn\/patrimoine-et-sites-remarquables\/le-chateau-de-la-roque-2020\/definition-chateau\/\">Ch\u00e2teau<\/a> et le second <a href=\"http:\/\/blogs.univ-jfc.fr\/vphn\/patrimoine-et-sites-remarquables\/le-chateau-de-la-roque-2020\/definition-chateau\/\">Ch\u00e2teau<\/a>. L\u2019emplacement ne change pas mais La Roque va \u00eatre agrandie. Les am\u00e9nagements r\u00e9alis\u00e9s par les De Cabrol feront presque doubler l\u2019\u00e9difice. Le <a href=\"http:\/\/blogs.univ-jfc.fr\/vphn\/patrimoine-et-sites-remarquables\/le-chateau-de-la-roque-2020\/definition-chateau\/\">Ch\u00e2teau<\/a> fait 800 m\u00e8tres carr\u00e9 par niveaux (50 m\u00e8tres de long et 25 m\u00e8tres de large).\u00a0<\/span><span style=\"font-weight: 400\">Le <a href=\"http:\/\/blogs.univ-jfc.fr\/vphn\/patrimoine-et-sites-remarquables\/le-chateau-de-la-roque-2020\/definition-chateau\/\">Ch\u00e2teau<\/a> est construit selon les concepts de la <a href=\"http:\/\/blogs.univ-jfc.fr\/vphn\/patrimoine-et-sites-remarquables\/le-chateau-de-la-roque-2020\/definition-mode-castrale\/\">mode castrale<\/a> (bois et pierre). Ces fortifications poss\u00e8dent une tour le plus souvent carr\u00e9e, entour\u00e9e de foss\u00e9s.<\/span><\/p>\n<p><b>La vie au ch\u00e2teau : une place pr\u00e9pond\u00e9rante du syst\u00e8me seigneurial ?\u00a0<\/b><\/p>\n<p lang=\"fr-FR\" align=\"JUSTIFY\"><span style=\"font-weight: 400\">Il est aujourd\u2019hui possible d\u2019imaginer qu\u2019il existait des structures d\u2019habitations \u00e0 l\u2019int\u00e9rieur du <a href=\"http:\/\/blogs.univ-jfc.fr\/vphn\/patrimoine-et-sites-remarquables\/le-chateau-de-la-roque-2020\/definition-chateau\/\">Ch\u00e2teau<\/a>\u00a0: des morceaux de vaisselles ont \u00e9t\u00e9 retrouv\u00e9s dans la partie Est, ainsi que des traces de murs.\u00a0<\/span><span style=\"font-weight: 400\">Les arch\u00e9ologues ont retrouv\u00e9 une porte de secours qui se situe au bout du <a href=\"http:\/\/blogs.univ-jfc.fr\/vphn\/patrimoine-et-sites-remarquables\/le-chateau-de-la-roque-2020\/definition-chateau\/\">Ch\u00e2teau<\/a>, cela nous \u00e9claire sur la pr\u00e9sence d\u2019un \u00e9tage dans le <a href=\"http:\/\/blogs.univ-jfc.fr\/vphn\/patrimoine-et-sites-remarquables\/le-chateau-de-la-roque-2020\/definition-chateau\/\">Ch\u00e2teau<\/a>.\u00a0<\/span><\/p>\n<p lang=\"fr-FR\" align=\"JUSTIFY\"><span style=\"font-weight: 400\">L\u2019emplacement de la Roque n\u2019est pas anodin. Il se trouve au milieu de plusieurs ressources, dont les mines de fer.\u00a0<\/span><span style=\"font-weight: 400\">La Roque est un passage essentiel pour le commerce et les transports de la vall\u00e9e. Avec ce commerce important le <a href=\"http:\/\/blogs.univ-jfc.fr\/vphn\/patrimoine-et-sites-remarquables\/le-chateau-de-la-roque-2020\/definition-chateau\/\">Ch\u00e2teau<\/a> de la Roque a donc d\u00fb mettre en place plusieurs taxes. \u00c0 cette \u00e9poque les droits de passage \u00e9taient pay\u00e9s avec des \u00e9pices. En plus de payer le seigneur pour le droit de passage, les commer\u00e7ants payaient aussi une protection que l\u2019on appelait \u00e0 l\u2019\u00e9poque les \u201cgens\u2019armes\u201d.\u00a0<\/span><\/p>\n<figure id=\"attachment_6357\" aria-describedby=\"caption-attachment-6357\" style=\"width: 300px\" class=\"wp-caption aligncenter\"><img loading=\"lazy\" class=\"wp-image-6357 size-medium\" src=\"http:\/\/blogs.univ-jfc.fr\/vphn\/wp-content\/uploads\/sites\/65\/2020\/02\/image-1-1-300x169.jpg\" alt=\"\" width=\"300\" height=\"169\" srcset=\"https:\/\/blogs.univ-jfc.fr\/vphn\/wp-content\/uploads\/sites\/65\/2020\/02\/image-1-1-300x169.jpg 300w, https:\/\/blogs.univ-jfc.fr\/vphn\/wp-content\/uploads\/sites\/65\/2020\/02\/image-1-1-768x434.jpg 768w, https:\/\/blogs.univ-jfc.fr\/vphn\/wp-content\/uploads\/sites\/65\/2020\/02\/image-1-1.jpg 885w\" sizes=\"(max-width: 300px) 100vw, 300px\" \/><figcaption id=\"caption-attachment-6357\" class=\"wp-caption-text\">Reproduction du ch\u00e2teau au XVI si\u00e8cle\u00a0 \u00a0 \u00a0 \u00a0 \u00a0 \u00a0 \u00a0 \u00a0 \u00a0 \u00a0 \u00a0 \u00a0 \u00a0 \u00a0 \u00a0 \u00a0 \u00a0r\u00e9alis\u00e9e par l\u2019association<\/figcaption><\/figure>\n<p lang=\"fr-FR\" align=\"JUSTIFY\"><span style=\"font-weight: 400\">Lors des guerres de religion La Roque et Arifat se trouvent aux mains des protestants. Le fait que le <a href=\"http:\/\/blogs.univ-jfc.fr\/vphn\/patrimoine-et-sites-remarquables\/le-chateau-de-la-roque-2020\/definition-chateau\/\">Ch\u00e2teau<\/a> soit situ\u00e9 \u00e0 la fronti\u00e8re entre le dioc\u00e8se de Castres, qui est plut\u00f4t catholique, et celui d\u2019Albi, qui est plut\u00f4t protestant, a entra\u00een\u00e9 plusieurs attaques entre 1562 et 1598 qui ont contribu\u00e9 \u00e0 l\u2019endommagement du ch\u00e2teau.\u00a0<\/span><\/p>\n<p lang=\"fr-FR\" align=\"JUSTIFY\"><span style=\"font-weight: 400\">En 1616, Fran\u00e7ois le Reclot devient <a href=\"http:\/\/blogs.univ-jfc.fr\/vphn\/patrimoine-et-sites-remarquables\/le-chateau-de-la-roque-2020\/definition-seigneur\/\">seigneur<\/a> de La Roque mais installe sa seigneurie \u00e0 Laylay\u00e9. Le fait que le <a href=\"http:\/\/blogs.univ-jfc.fr\/vphn\/patrimoine-et-sites-remarquables\/le-chateau-de-la-roque-2020\/definition-chateau\/\">Ch\u00e2teau<\/a> de la Roque ne soit plus habit\u00e9 ne signifie pas forc\u00e9ment qu\u2019il est d\u00e9truit. Les <a href=\"http:\/\/blogs.univ-jfc.fr\/vphn\/patrimoine-et-sites-remarquables\/le-chateau-de-la-roque-2020\/definition-chateau\/\">Ch\u00e2teaux<\/a> m\u00e9di\u00e9vaux sont progressivement d\u00e9laiss\u00e9s au XV si\u00e8cle au profit de nouvelles demeures seigneuriales.\u00a0<\/span><\/p>\n<p lang=\"fr-FR\" align=\"JUSTIFY\"><span style=\"font-weight: 400\">La Roque est donc encore debout durant le XVII si\u00e8cle, n\u00e9anmoins il est progressivement abandonn\u00e9. Ce serait le manque d\u2019entretien du <a href=\"http:\/\/blogs.univ-jfc.fr\/vphn\/patrimoine-et-sites-remarquables\/le-chateau-de-la-roque-2020\/definition-chateau\/\">Ch\u00e2teau<\/a>, associ\u00e9 aux d\u00e9g\u00e2ts qu\u2019il avait d\u00e9j\u00e0 subis pendant les si\u00e8cles suivants, qui auraient entra\u00een\u00e9 sa ruine.\u00a0<\/span><\/p>\n<hr \/>\n<figure id=\"attachment_6358\" aria-describedby=\"caption-attachment-6358\" style=\"width: 178px\" class=\"wp-caption alignright\"><img loading=\"lazy\" class=\"wp-image-6358\" src=\"http:\/\/blogs.univ-jfc.fr\/vphn\/wp-content\/uploads\/sites\/65\/2020\/02\/logo-cr-black-25-298x300-298x300.png\" alt=\"\" width=\"178\" height=\"179\" srcset=\"https:\/\/blogs.univ-jfc.fr\/vphn\/wp-content\/uploads\/sites\/65\/2020\/02\/logo-cr-black-25-298x300.png 298w, https:\/\/blogs.univ-jfc.fr\/vphn\/wp-content\/uploads\/sites\/65\/2020\/02\/logo-cr-black-25-298x300-150x150.png 150w, https:\/\/blogs.univ-jfc.fr\/vphn\/wp-content\/uploads\/sites\/65\/2020\/02\/logo-cr-black-25-298x300-100x100.png 100w\" sizes=\"(max-width: 178px) 100vw, 178px\" \/><figcaption id=\"caption-attachment-6358\" class=\"wp-caption-text\">Logo de l&rsquo;association\u00a0 \u00a0 \u00a0 \u00a0 \u00a0 \u00a0 \u00a0 \u00a0 \u00a0 \u00a0 \u00a0 \u00ab\u00a0<a href=\"https:\/\/castelroc.net\/\">Castelroc<\/a>\u00ab\u00a0<\/figcaption><\/figure>\n<p lang=\"fr-FR\" align=\"JUSTIFY\"><span style=\"font-weight: 400\">Une association a vu le jour en 2016, du nom de \u201c<a href=\"https:\/\/castelroc.net\/\">Castelroc<\/a>\u201d, elle oeuvre depuis 4 ans autant historiquement qu&rsquo;arch\u00e9ologiquement \u00e0 ce que l\u2019histoire du ch\u00e2teau de la Roque ne soit pass\u00e9e sous silence. Il est aujourd\u2019hui possible de visiter le ch\u00e2teau, d\u2019assister \u00e0 des \u00e9v\u00e9nements \u00e0 th\u00e9matique m\u00e9di\u00e9vale, et aussi de participer financi\u00e8rement \u00e0 la sauvegarde de ce vestige historique.<br \/>\n<\/span><\/p>\n<p>&nbsp;<\/p>\n<h3><strong>Pour aller plus loin :<\/strong><\/h3>\n<p><a href=\"http:\/\/blogs.univ-jfc.fr\/vphn\/patrimoine-et-sites-remarquables\/le-chateau-de-la-roque-2020\/bibliographie-non-exhaustive\/\">Bibliographie non exhaustive<\/a><\/p>\n<p><a href=\"http:\/\/blogs.univ-jfc.fr\/vphn\/patrimoine-et-sites-remarquables\/le-chateau-de-la-roque-2020\/bibliographie-exhaustive\/\">Bibliographie exhaustive<\/a><\/p>\n<p>&nbsp;<\/p>\n<p>&nbsp;<\/p>\n","protected":false},"excerpt":{"rendered":"<p>La Ch\u00e2teau de la Roque\u00a0 &nbsp; Situ\u00e9 sur la commune de Saint-Antonin de Lacalm, le Ch\u00e2teau de la Roque est un r\u00e9el vestige de l\u2019\u00e9poque m\u00e9di\u00e9vale, mis en avant aujourd\u2019hui par l\u2019association Castelroc.\u00a0Situ\u00e9 dans le Tarn, ce Ch\u00e2teau domine la vall\u00e9e du Dadou depuis un pic rocheux s\u2019\u00e9levant \u00e0 477 m\u00e8tres.\u00a0 A l\u2019\u00e9poque m\u00e9di\u00e9vale ce &hellip; <\/p>\n<p class=\"link-more\"><a href=\"https:\/\/blogs.univ-jfc.fr\/vphn\/patrimoine-et-sites-remarquables\/le-chateau-de-la-roque-2020\/\" class=\"more-link\">Continuer la lecture<span class=\"screen-reader-text\"> de &laquo;&nbsp;Le ch\u00e2teau de la Roque [2020]&nbsp;&raquo;<\/span><\/a><\/p>\n","protected":false},"author":705,"featured_media":0,"parent":30,"menu_order":0,"comment_status":"closed","ping_status":"closed","template":"","meta":[],"_links":{"self":[{"href":"https:\/\/blogs.univ-jfc.fr\/vphn\/wp-json\/wp\/v2\/pages\/5347"}],"collection":[{"href":"https:\/\/blogs.univ-jfc.fr\/vphn\/wp-json\/wp\/v2\/pages"}],"about":[{"href":"https:\/\/blogs.univ-jfc.fr\/vphn\/wp-json\/wp\/v2\/types\/page"}],"author":[{"embeddable":true,"href":"https:\/\/blogs.univ-jfc.fr\/vphn\/wp-json\/wp\/v2\/users\/705"}],"replies":[{"embeddable":true,"href":"https:\/\/blogs.univ-jfc.fr\/vphn\/wp-json\/wp\/v2\/comments?post=5347"}],"version-history":[{"count":35,"href":"https:\/\/blogs.univ-jfc.fr\/vphn\/wp-json\/wp\/v2\/pages\/5347\/revisions"}],"predecessor-version":[{"id":7825,"href":"https:\/\/blogs.univ-jfc.fr\/vphn\/wp-json\/wp\/v2\/pages\/5347\/revisions\/7825"}],"up":[{"embeddable":true,"href":"https:\/\/blogs.univ-jfc.fr\/vphn\/wp-json\/wp\/v2\/pages\/30"}],"wp:attachment":[{"href":"https:\/\/blogs.univ-jfc.fr\/vphn\/wp-json\/wp\/v2\/media?parent=5347"}],"curies":[{"name":"wp","href":"https:\/\/api.w.org\/{rel}","templated":true}]}}