{"id":5377,"date":"2020-02-12T14:53:18","date_gmt":"2020-02-12T13:53:18","guid":{"rendered":"http:\/\/blogs.univ-jfc.fr\/vphn\/?page_id=5377"},"modified":"2020-05-21T16:05:23","modified_gmt":"2020-05-21T14:05:23","slug":"rocamadour-du-xie-au-xvie-entre-culte-pelerinage-et-miracles-2020","status":"publish","type":"page","link":"https:\/\/blogs.univ-jfc.fr\/vphn\/patrimoine-et-sites-remarquables\/rocamadour-du-xie-au-xvie-entre-culte-pelerinage-et-miracles-2020\/","title":{"rendered":"Rocamadour du XIe au XVIe si\u00e8cle. Entre culte, p\u00e8lerinage et miracles [2020]"},"content":{"rendered":"<p align=\"center\"><span style=\"font-family: Arial, serif\"><span style=\"font-size: large\"><b>Rocamadour du XI<\/b><\/span><\/span><span style=\"font-size: large\"><strong><sup><span style=\"font-family: Arial, serif\">e<\/span><\/sup><\/strong><\/span><span style=\"font-family: Arial, serif\"><span style=\"font-size: large\"><b> au XV<\/b><strong>I<\/strong><\/span><\/span><span style=\"font-size: large\"><strong><sup><span style=\"font-family: Arial, serif\">e<\/span><\/sup><\/strong><\/span><strong>\u00a0<span style=\"font-family: Arial, serif\"><span style=\"font-size: large\">si\u00e8cle<\/span><\/span> <\/strong><span style=\"font-family: Arial, serif\"><span style=\"font-size: large\"><b>: entre culte, p\u00e8lerinage et miracles<\/b><\/span><\/span><\/p>\n<p><a name=\"_gjdgxs\"><\/a><\/p>\n<figure id=\"attachment_6648\" aria-describedby=\"caption-attachment-6648\" style=\"width: 225px\" class=\"wp-caption alignleft\"><img loading=\"lazy\" class=\"wp-image-6648 size-medium\" src=\"http:\/\/blogs.univ-jfc.fr\/vphn\/wp-content\/uploads\/sites\/65\/2020\/02\/rykjteyuketherghuyythg-225x300.jpg\" alt=\"\" width=\"225\" height=\"300\" srcset=\"https:\/\/blogs.univ-jfc.fr\/vphn\/wp-content\/uploads\/sites\/65\/2020\/02\/rykjteyuketherghuyythg-225x300.jpg 225w, https:\/\/blogs.univ-jfc.fr\/vphn\/wp-content\/uploads\/sites\/65\/2020\/02\/rykjteyuketherghuyythg.jpg 480w\" sizes=\"(max-width: 225px) 100vw, 225px\" \/><figcaption id=\"caption-attachment-6648\" class=\"wp-caption-text\">Rocamadour, photographie personnelle, novembre 2019<\/figcaption><\/figure>\n<p align=\"justify\">Rocamadour est une cit\u00e9 situ\u00e9e dans le Sud-Ouest de la France dans l\u2019actuel d\u00e9partement du Lot, plus anciennement dans la province du Quercy.<\/p>\n<p align=\"justify\">La cit\u00e9 de Rocamadour est sp\u00e9ciale pour son culte marial (Notre-Dame de Rocamadour) ainsi que pour son importance dans le carrefour des p\u00e8lerinages mais \u00e9galement dans le grand nombre de miracles qui sont attribu\u00e9s \u00e0 la Vierge. Ces trois \u00e9l\u00e9ments donnent \u00e0 Rocamadour une dimension r\u00e9gionale de la foi Chr\u00e9tienne.<\/p>\n<p align=\"justify\">Cet endroit \u00e9tait habit\u00e9 sans doute d\u00e8s la Pr\u00e9histoire comme en t\u00e9moigne les nombreuses peintures dans la grotte des merveilles. Cependant le nom de Rocamadour remonte au Moyen-Age.<\/p>\n<p align=\"justify\"><strong>I &#8211; La construction religieuse de Rocamadour<\/strong><\/p>\n<p align=\"justify\">En effet, selon la l\u00e9gende, un ermite du nom de Saint Amadour aurait fond\u00e9 un oratoire dans le creux d\u2019un rocher afin d\u2019honorer la Vierge. En 1166, la d\u00e9couverte d\u2019une tombe est associ\u00e9e \u00e0 Saint Amadour (ou Zach\u00e9e, disciple du Christ). Il mena une vie monastique au pied d\u2019un rocher devenu Roc-Amadour. Cette l\u00e9gende nous donne un premier rep\u00e8re historique, en nous expliquant que l\u2019\u00e9r\u00e9mitisme a \u00e9t\u00e9 la premi\u00e8re forme de vie consacr\u00e9e. Les premiers monast\u00e8res ont ainsi \u00e9t\u00e9 des regroupements d\u2019ermitage, ce qui est encore la caract\u00e9ristique des abbayes de chartreux.<\/p>\n<p align=\"justify\">Par la suite, nous savons que les B\u00e9n\u00e9dictins (ordre cr\u00e9\u00e9 au VIe si\u00e8cle), qui prirent la suite des ermites, entreprennent les premi\u00e8res grandes campagnes de construction, et organisent le paysage autant qu&rsquo;ils le peuvent dans le but d\u2019accueillir des p\u00e8lerins de plus en plus nombreux. Vers l\u2019an mille, il est question d\u2019une chapelle confi\u00e9e aux moines de <a href=\"https:\/\/www.abbayedemarcilhac.com\/histoire\/\" target=\"_blank\" rel=\"noopener noreferrer\">Marcilhac-sur-c\u00e9l\u00e9<\/a>, affili\u00e9s \u00e0 l\u2019ordre de Cluny (Xe &#8211; XVIIIe), qui conduira \u00e0 l\u2019afflux futur de p\u00e8lerins dans le sanctuaire.<\/p>\n<figure id=\"attachment_6506\" aria-describedby=\"caption-attachment-6506\" style=\"width: 300px\" class=\"wp-caption aligncenter\"><img loading=\"lazy\" class=\"wp-image-6506 size-medium\" src=\"http:\/\/blogs.univ-jfc.fr\/vphn\/wp-content\/uploads\/sites\/65\/2020\/02\/Capture-300x152.jpg\" alt=\"\" width=\"300\" height=\"152\" srcset=\"https:\/\/blogs.univ-jfc.fr\/vphn\/wp-content\/uploads\/sites\/65\/2020\/02\/Capture-300x152.jpg 300w, https:\/\/blogs.univ-jfc.fr\/vphn\/wp-content\/uploads\/sites\/65\/2020\/02\/Capture-768x388.jpg 768w, https:\/\/blogs.univ-jfc.fr\/vphn\/wp-content\/uploads\/sites\/65\/2020\/02\/Capture-1024x518.jpg 1024w, https:\/\/blogs.univ-jfc.fr\/vphn\/wp-content\/uploads\/sites\/65\/2020\/02\/Capture.jpg 1436w\" sizes=\"(max-width: 300px) 100vw, 300px\" \/><figcaption id=\"caption-attachment-6506\" class=\"wp-caption-text\">Chapelle de la Vierge Noire \u00e0 Rocamadour, photographie personnelle, novembre 2019<\/figcaption><\/figure>\n<p align=\"justify\">La notori\u00e9t\u00e9 du p\u00e8lerinage est alors bien \u00e9tablie puisque Henri II d\u2019Angleterre (1133 &#8211; 1189) y est venu prier en 1159 et il y revient en 1170. Plus tard, au XIIe si\u00e8cle, le conteur Geoffroi de Paris (XIIIe &#8211; XIVe) fait d\u2019Amadour le h\u00e9ros d\u2019une belle l\u00e9gende.<br \/>\nAvec la Vierge noire et la cloche miraculeuse, l\u2019\u00e9p\u00e9e de Roland compl\u00e8te le tableau \u00e9logieux de Rocamadour.<\/p>\n<p align=\"justify\">Un moyen de rayonnement encore plus efficace a \u00e9t\u00e9, du temps de G\u00e9raud d&rsquo;Escorailles, abb\u00e9 de Tulle de 1152 \u00e0 1188, et peut \u00eatre sur son initiative, la mise en circulation d\u2019un recueil o\u00f9 sont relat\u00e9s 126 prodiges survenus \u00e0 Rocamadour par l\u2019intercession de la Vierge noire.<\/p>\n<figure id=\"attachment_6511\" aria-describedby=\"caption-attachment-6511\" style=\"width: 230px\" class=\"wp-caption alignright\"><img loading=\"lazy\" class=\"wp-image-6511 size-medium\" src=\"http:\/\/blogs.univ-jfc.fr\/vphn\/wp-content\/uploads\/sites\/65\/2020\/02\/Captur1e-230x300.jpg\" alt=\"\" width=\"230\" height=\"300\" srcset=\"https:\/\/blogs.univ-jfc.fr\/vphn\/wp-content\/uploads\/sites\/65\/2020\/02\/Captur1e-230x300.jpg 230w, https:\/\/blogs.univ-jfc.fr\/vphn\/wp-content\/uploads\/sites\/65\/2020\/02\/Captur1e.jpg 601w\" sizes=\"(max-width: 230px) 100vw, 230px\" \/><figcaption id=\"caption-attachment-6511\" class=\"wp-caption-text\">Vierge Noire de Rocamadour, photographie personnelle, novembre 2019<\/figcaption><\/figure>\n<p align=\"justify\">De nombreux miracles sont associ\u00e9s \u00e0 la Vierge noire de Rocamadour comme pour le roi Henri II d&rsquo;Angleterre qui y est venu pour remercier la Vierge noire de l&rsquo;avoir gu\u00e9ri d&rsquo;une maladie grave.<\/p>\n<p align=\"justify\">Tous les rois de France du XIIe si\u00e8cle viennent \u00e0 Rocamadour jusqu\u2019\u00e0 Louis IX (1226 &#8211; 1270), ce dernier est d\u2019ailleurs tr\u00e8s impliqu\u00e9 dans le religieux et sur son seul voyage dans le sud-ouest de la France il va donc offrir un morceau de la relique de la Sainte Epine.<\/p>\n<p>&nbsp;<\/p>\n<p align=\"justify\"><strong>II &#8211; Un site important \u00e0 l&rsquo;\u00e8re des grands p\u00e8lerinages<\/strong><\/p>\n<p align=\"justify\">A partir du XIIe si\u00e8cle, \u00e0 Rome, les papes reconnaissent Rocamadour comme un grand sanctuaire, un lieu ou \u00e9difice rendu ou devenu sacr\u00e9, et selon eux il ferait m\u00eame partie des plus quatre grands, avec Rome, J\u00e9rusalem et Saint Jacques de Compostelle, sanctuaires de la Chr\u00e9tient\u00e9.<\/p>\n<figure id=\"attachment_6618\" aria-describedby=\"caption-attachment-6618\" style=\"width: 225px\" class=\"wp-caption alignleft\"><img loading=\"lazy\" class=\"wp-image-6618 size-medium\" src=\"http:\/\/blogs.univ-jfc.fr\/vphn\/wp-content\/uploads\/sites\/65\/2020\/02\/79891366_443179979681354_374587956427489280_n-225x300.jpg\" alt=\"\" width=\"225\" height=\"300\" srcset=\"https:\/\/blogs.univ-jfc.fr\/vphn\/wp-content\/uploads\/sites\/65\/2020\/02\/79891366_443179979681354_374587956427489280_n-225x300.jpg 225w, https:\/\/blogs.univ-jfc.fr\/vphn\/wp-content\/uploads\/sites\/65\/2020\/02\/79891366_443179979681354_374587956427489280_n-768x1024.jpg 768w\" sizes=\"(max-width: 225px) 100vw, 225px\" \/><figcaption id=\"caption-attachment-6618\" class=\"wp-caption-text\">Croix de J\u00e9rusalem, photographie personnelle, novembre 2019<\/figcaption><\/figure>\n<p align=\"justify\">De nombreux miracles ont port\u00e9 au loin la r\u00e9putation de la cit\u00e9 ce qui fait qu\u2019elle gagne en r\u00e9putation et en p\u00e8lerins ceux qui engendre une notori\u00e9t\u00e9 positive de la cit\u00e9.<\/p>\n<p align=\"justify\">Dans cette p\u00e9riode d\u2019\u00e2ge d\u2019or de la cit\u00e9 au XIIe si\u00e8cle, des personnes de l\u2019Europe enti\u00e8re viennent ici. Effectivement, Rocamadour est aussi sur la route de p\u00e8lerinage qui m\u00e8ne jusqu\u2019\u00e0 Saint Jacques de Compostelle.<\/p>\n<p align=\"justify\">Le XI\u00e8me et XII\u00e8me si\u00e8cle sont les si\u00e8cles de l\u2019apog\u00e9e du p\u00e8lerinage \u00e0 Rocamadour, cependant, il y a une p\u00e9riode de sombre qui va intervenir sur la cit\u00e9 et qui va perturber le p\u00e8lerinage.<\/p>\n<p align=\"justify\"><strong>III &#8211; Un d\u00e9clin progressif de Rocamadour<\/strong><\/p>\n<p align=\"justify\">Au XIV\u00e8me si\u00e8cle, il y a de nombreuses famines ainsi que des \u00e9pid\u00e9mies comme la peste noire qui se r\u00e9pandent dans tout l\u2019Europe, cela entra\u00eene une grande diminution des p\u00e8lerins. \u00c1 partir du XVI\u00e8me si\u00e8cle le p\u00e8lerinage vers Rocamadour conna\u00eet un gros choc, le nombre de p\u00e8lerins diminue \u00e9norm\u00e9ment m\u00eame s&rsquo;il reste une \u00e9tape importante pour se rendre \u00e0 Saint-Jacques-de-Compostelle.<\/p>\n<p align=\"justify\">Durant le d\u00e9but des guerres de religion, en 1562, les protestants envahissent Rocamadour br\u00fblant et pillant les sanctuaires et les \u00e9difices religieux y compris les reliques du Saint Amadour.<\/p>\n<p align=\"justify\">Certains survivants r\u00e9ussissent \u00e0 sauver quelques os du Saint Amadour et les cachent dans un reliquaire durant des ann\u00e9es. Ceci mis un coup de gr\u00e2ce au rayonnement religieux europ\u00e9en de la cit\u00e9 d\u00e9j\u00e0 en d\u00e9clin depuis quelques ann\u00e9es.<\/p>\n<figure id=\"attachment_6651\" aria-describedby=\"caption-attachment-6651\" style=\"width: 300px\" class=\"wp-caption aligncenter\"><img loading=\"lazy\" class=\"wp-image-6651 size-medium\" src=\"http:\/\/blogs.univ-jfc.fr\/vphn\/wp-content\/uploads\/sites\/65\/2020\/02\/ryhdghgth-300x225.jpg\" alt=\"\" width=\"300\" height=\"225\" srcset=\"https:\/\/blogs.univ-jfc.fr\/vphn\/wp-content\/uploads\/sites\/65\/2020\/02\/ryhdghgth-300x225.jpg 300w, https:\/\/blogs.univ-jfc.fr\/vphn\/wp-content\/uploads\/sites\/65\/2020\/02\/ryhdghgth-768x576.jpg 768w, https:\/\/blogs.univ-jfc.fr\/vphn\/wp-content\/uploads\/sites\/65\/2020\/02\/ryhdghgth-1024x768.jpg 1024w\" sizes=\"(max-width: 300px) 100vw, 300px\" \/><figcaption id=\"caption-attachment-6651\" class=\"wp-caption-text\"><a href=\"http:\/\/blogs.univ-jfc.fr\/vphn\/2020\/02\/19\/rocamadour-maquette\/\" target=\"_blank\" rel=\"noopener noreferrer\">Gros plan de la maquette<\/a> Maquette repr\u00e9sentant Rocamadour. En haut le ch\u00e2teau, puis le parvis entour\u00e9 de ses chapelles, et en bas le village. Photographie personnelle, novembre 2019<\/figcaption><\/figure>\n<p align=\"justify\">Malgr\u00e9 son importance r\u00e9gionale notamment en Europe, le site va conna\u00eetre un d\u00e9clin progressif durant la guerre de cent et est encore plus marqu\u00e9 pendant les guerres de religion o\u00f9 la cit\u00e9 sera plusieurs fois pill\u00e9e. Rocamadour est alors peu \u00e0 peu abandonn\u00e9 et c\u2019est au cours du XIX\u00e8me si\u00e8cle que vont avoir lieu les premiers travaux de r\u00e9novations. Aujourd\u2019hui, Rocamadour est le 4\u00e8me site le plus visit\u00e9 de France <a href=\"https:\/\/www.vallee-dordogne.com\/rocamadour\">(site de la vall\u00e9e de la Dordogne)<\/a> autant pour son architecture et son particularisme local que par son p\u00e8lerinage qui m\u00eame s\u2019il reste beaucoup moins important qu\u2019au Moyen-\u00c2ge, continue de perdurer.<\/p>\n<p align=\"justify\">\u00c9tudiants : Aymard Nicolas (L2), Nicolet Aurore (L1), Pamard Jules (L1), Verheyde Pierre (L2).<\/p>\n<p align=\"justify\"><a href=\"https:\/\/www.youtube.com\/watch?v=_x4tL2QYzkI&amp;feature=youtu.be\">Vid\u00e9o du projet professionnel<\/a><\/p>\n<p align=\"justify\"><a href=\"http:\/\/blogs.univ-jfc.fr\/vphn\/bibliographie-rocamadour-2020\/\" target=\"_blank\" rel=\"noopener noreferrer\">Bibliographie<\/a><\/p>\n<p>&nbsp;<\/p>\n<p>&nbsp;<\/p>\n<p>&nbsp;<\/p>\n","protected":false},"excerpt":{"rendered":"<p>Rocamadour du XIe au XVIe\u00a0si\u00e8cle : entre culte, p\u00e8lerinage et miracles Rocamadour est une cit\u00e9 situ\u00e9e dans le Sud-Ouest de la France dans l\u2019actuel d\u00e9partement du Lot, plus anciennement dans la province du Quercy. La cit\u00e9 de Rocamadour est sp\u00e9ciale pour son culte marial (Notre-Dame de Rocamadour) ainsi que pour son importance dans le carrefour &hellip; <\/p>\n<p class=\"link-more\"><a href=\"https:\/\/blogs.univ-jfc.fr\/vphn\/patrimoine-et-sites-remarquables\/rocamadour-du-xie-au-xvie-entre-culte-pelerinage-et-miracles-2020\/\" class=\"more-link\">Continuer la lecture<span class=\"screen-reader-text\"> de &laquo;&nbsp;Rocamadour du XIe au XVIe si\u00e8cle. Entre culte, p\u00e8lerinage et miracles [2020]&nbsp;&raquo;<\/span><\/a><\/p>\n","protected":false},"author":596,"featured_media":0,"parent":30,"menu_order":0,"comment_status":"closed","ping_status":"closed","template":"","meta":[],"_links":{"self":[{"href":"https:\/\/blogs.univ-jfc.fr\/vphn\/wp-json\/wp\/v2\/pages\/5377"}],"collection":[{"href":"https:\/\/blogs.univ-jfc.fr\/vphn\/wp-json\/wp\/v2\/pages"}],"about":[{"href":"https:\/\/blogs.univ-jfc.fr\/vphn\/wp-json\/wp\/v2\/types\/page"}],"author":[{"embeddable":true,"href":"https:\/\/blogs.univ-jfc.fr\/vphn\/wp-json\/wp\/v2\/users\/596"}],"replies":[{"embeddable":true,"href":"https:\/\/blogs.univ-jfc.fr\/vphn\/wp-json\/wp\/v2\/comments?post=5377"}],"version-history":[{"count":64,"href":"https:\/\/blogs.univ-jfc.fr\/vphn\/wp-json\/wp\/v2\/pages\/5377\/revisions"}],"predecessor-version":[{"id":7822,"href":"https:\/\/blogs.univ-jfc.fr\/vphn\/wp-json\/wp\/v2\/pages\/5377\/revisions\/7822"}],"up":[{"embeddable":true,"href":"https:\/\/blogs.univ-jfc.fr\/vphn\/wp-json\/wp\/v2\/pages\/30"}],"wp:attachment":[{"href":"https:\/\/blogs.univ-jfc.fr\/vphn\/wp-json\/wp\/v2\/media?parent=5377"}],"curies":[{"name":"wp","href":"https:\/\/api.w.org\/{rel}","templated":true}]}}