{"id":5398,"date":"2020-01-16T11:48:10","date_gmt":"2020-01-16T10:48:10","guid":{"rendered":"http:\/\/blogs.univ-jfc.fr\/vphn\/?page_id=5398"},"modified":"2020-02-06T11:14:45","modified_gmt":"2020-02-06T10:14:45","slug":"bibliographie-et-sitographie-sur-la-cohabitation-entre-reformes-et-catholiques-de-ledit-de-nantes-a-sa-revocation-2019-2020","status":"publish","type":"page","link":"https:\/\/blogs.univ-jfc.fr\/vphn\/bibliographie-et-sitographie-sur-la-cohabitation-entre-reformes-et-catholiques-de-ledit-de-nantes-a-sa-revocation-2019-2020\/","title":{"rendered":"Bibliographie pour plus de pr\u00e9cisions sur la Cohabitation entre r\u00e9form\u00e9s et catholiques, de l&rsquo;\u00e9dit de Nantes \u00e0 sa r\u00e9vocation [2019-2020]"},"content":{"rendered":"<p class=\"western\" align=\"justify\"><span style=\"font-size: medium\"><u>Articles :<br \/>\n<\/u><\/span><\/p>\n<ul>\n<li><sup><span style=\"font-size: medium\">Chaboche R, \u00ab\u00a0Sur une fronti\u00e8re de catholicit\u00e9 : le dioc\u00e8se de N\u00eemes au XVIIe si\u00e8cle\u00a0\u00bb, <i>Revue d\u2019histoire moderne et contemporaine<\/i><span style=\"font-size: medium\">, Octobre-d\u00e9cembre 1982, pp. 635-649. L\u2019article a \u00e9t\u00e9 publi\u00e9 sur Pers\u00e9e et est disponible sur l\u2019URL : <a href=\"https:\/\/www.persee.fr\/doc\/rhmc_0048-8003_1982_num_29_4_1213%20\">https:\/\/www.persee.fr\/doc\/rhmc_0048-8003_1982_num_29_4_1213 <\/a><\/span><\/span><\/sup><\/li>\n<li style=\"text-align: left\">\n<p class=\"western\" align=\"justify\"><span style=\"font-size: medium\">Martinazzo E., \u00ab Se convertir ou fuir, la question protestante dans le dioc\u00e8se de Toulouse (1580 &#8211; 1685) \u00bb, <i>Cahiers d\u2019\u00e9tudes du religieux. Recherches interdisciplinaires, <\/i>2011<\/span><span style=\"font-size: medium\">.\u00a0L&rsquo;article a \u00e9t\u00e9 publi\u00e9 sur Pers\u00e9e et est disponible sur l&rsquo;URL : <a class=\"western\" href=\"http:\/\/journals.openedition.org\/cerri\/768\">http:\/\/journals.openedition.org\/cerri\/768<\/a><\/span><\/p>\n<\/li>\n<\/ul>\n<p><span style=\"font-size: medium\"><u>Ouvrages sp\u00e9cifiques pour plus de pr\u00e9cisions :<\/u><\/span><\/p>\n<ul>\n<li><span style=\"font-size: medium\">Cottret B., <i>L\u2019\u00e9dit de Nantes<\/i>, Paris, Perrin, \u00a0\u00bb\u00a0Tempus\u00a0\u00ab\u00a0, 1997 (r\u00e9\u00e9dition 2016)<\/span><\/li>\n<li><span style=\"font-size: medium\">Wolff P. (dir.), <i>Histoire des protestants en France, De la R\u00e9forme \u00e0 la R\u00e9volution, <\/i>Toulouse<i>, <\/i>\u00c9ditions Privat, 1977 (r\u00e9\u00e9dition 2001)<\/span><\/li>\n<\/ul>\n","protected":false},"excerpt":{"rendered":"<p>Articles : Chaboche R, \u00ab\u00a0Sur une fronti\u00e8re de catholicit\u00e9 : le dioc\u00e8se de N\u00eemes au XVIIe si\u00e8cle\u00a0\u00bb, Revue d\u2019histoire moderne et contemporaine, Octobre-d\u00e9cembre 1982, pp. 635-649. L\u2019article a \u00e9t\u00e9 publi\u00e9 sur Pers\u00e9e et est disponible sur l\u2019URL : https:\/\/www.persee.fr\/doc\/rhmc_0048-8003_1982_num_29_4_1213 Martinazzo E., \u00ab Se convertir ou fuir, la question protestante dans le dioc\u00e8se de Toulouse (1580 &hellip; <\/p>\n<p class=\"link-more\"><a href=\"https:\/\/blogs.univ-jfc.fr\/vphn\/bibliographie-et-sitographie-sur-la-cohabitation-entre-reformes-et-catholiques-de-ledit-de-nantes-a-sa-revocation-2019-2020\/\" class=\"more-link\">Continuer la lecture<span class=\"screen-reader-text\"> de &laquo;&nbsp;Bibliographie pour plus de pr\u00e9cisions sur la Cohabitation entre r\u00e9form\u00e9s et catholiques, de l&rsquo;\u00e9dit de Nantes \u00e0 sa r\u00e9vocation [2019-2020]&nbsp;&raquo;<\/span><\/a><\/p>\n","protected":false},"author":600,"featured_media":0,"parent":0,"menu_order":0,"comment_status":"closed","ping_status":"closed","template":"","meta":[],"_links":{"self":[{"href":"https:\/\/blogs.univ-jfc.fr\/vphn\/wp-json\/wp\/v2\/pages\/5398"}],"collection":[{"href":"https:\/\/blogs.univ-jfc.fr\/vphn\/wp-json\/wp\/v2\/pages"}],"about":[{"href":"https:\/\/blogs.univ-jfc.fr\/vphn\/wp-json\/wp\/v2\/types\/page"}],"author":[{"embeddable":true,"href":"https:\/\/blogs.univ-jfc.fr\/vphn\/wp-json\/wp\/v2\/users\/600"}],"replies":[{"embeddable":true,"href":"https:\/\/blogs.univ-jfc.fr\/vphn\/wp-json\/wp\/v2\/comments?post=5398"}],"version-history":[{"count":13,"href":"https:\/\/blogs.univ-jfc.fr\/vphn\/wp-json\/wp\/v2\/pages\/5398\/revisions"}],"predecessor-version":[{"id":6599,"href":"https:\/\/blogs.univ-jfc.fr\/vphn\/wp-json\/wp\/v2\/pages\/5398\/revisions\/6599"}],"wp:attachment":[{"href":"https:\/\/blogs.univ-jfc.fr\/vphn\/wp-json\/wp\/v2\/media?parent=5398"}],"curies":[{"name":"wp","href":"https:\/\/api.w.org\/{rel}","templated":true}]}}