{"id":5400,"date":"2020-01-16T12:06:24","date_gmt":"2020-01-16T11:06:24","guid":{"rendered":"http:\/\/blogs.univ-jfc.fr\/vphn\/?page_id=5400"},"modified":"2020-02-06T11:57:54","modified_gmt":"2020-02-06T10:57:54","slug":"labbaye-de-de-loc-dieu-a-martiel-2020","status":"publish","type":"page","link":"https:\/\/blogs.univ-jfc.fr\/vphn\/patrimoine-et-sites-remarquables\/labbaye-de-de-loc-dieu-a-martiel-2020\/","title":{"rendered":"L\u2019Abbaye de de Loc-Dieu \u00e0 Martiel [2020]"},"content":{"rendered":"<p style=\"text-align: center\"><span style=\"font-size: medium\"><span style=\"font-family: Times New Roman, serif\">L\u2019Abbaye de de Loc-Dieu \u00e0 Martiel (12200)<\/span><\/span><\/p>\n<p><span style=\"font-family: Times New Roman, serif\"><span style=\"font-size: medium\">A la fin du XIe si\u00e8cle, l&rsquo;ordre monastique de C\u00eeteaux ou Ordre Cistercien est fond\u00e9 par le moine Robert de Molesme qui d\u00e9cide de revenir \u00e0 la r\u00e8gle stricte de Saint-Beno\u00eet, apr\u00e8s des si\u00e8cles de d\u00e9rives de l&rsquo;ordre clunisien. <\/span><\/span><\/p>\n<p align=\"justify\"><span style=\"font-family: Times New Roman, serif\"><span style=\"font-size: medium\">L\u2019abbaye fortifi\u00e9e de Loc-Dieu est le fruit de moines arriv\u00e9s en 1124 en actuel Ouest-Aveyron, sur la commune de Martiel (12200). Monast\u00e8re fils de l&rsquo;abbaye de Dalon, elle devient abbaye fille de l&rsquo;ordre de C\u00eeteau en 1165. Plac\u00e9e dans un bois, \u00e0 la limite du Quercy, selon les id\u00e9aux cisterciens, l&rsquo;abbaye est recul\u00e9e et isol\u00e9e du monde ext\u00e9rieur.<\/span><\/span><\/p>\n<p align=\"justify\"><span style=\"font-family: Times New Roman, serif\"><span style=\"font-size: medium\">L&rsquo;abbaye premi\u00e8re, largement construite en bois, se trouve entre les terres du domaine du roi de France et celles du roi d&rsquo;Angleterre. Elle est mise \u00e0 sac et br\u00fbl\u00e9e par les Anglais en 1409 dans le cadre de la guerre de Cent-ans. L&rsquo;abbaye est p\u00e9niblement reb\u00e2tie au XVe si\u00e8cle \u00e0 la mani\u00e8re d&rsquo;une forteresse pour se pr\u00e9munir d&rsquo;une potentielle nouvelle attaque. Comme les cisterciens ne sont pas un ordre guerrier, tout n&rsquo;est que trompe l\u2019\u0153il. Les moines de Loc-Dieu n&rsquo;h\u00e9sitent pas \u00e0 adapter la vision cistercienne pour p\u00e9renniser l&rsquo;ordre. <\/span><\/span><\/p>\n<p style=\"text-align: center\" align=\"center\"><span style=\"font-family: Times New Roman, serif\"><span style=\"font-size: medium\">I- Une premi\u00e8re Abbaye Cistercienne ( 1124 \u2013 1409 ) : Retour \u00e0 la r\u00e8gle de Saint-Beno\u00eet<\/span><\/span><\/p>\n<figure id=\"attachment_5546\" aria-describedby=\"caption-attachment-5546\" style=\"width: 525px\" class=\"wp-caption aligncenter\"><img loading=\"lazy\" class=\"size-large wp-image-5546\" src=\"http:\/\/blogs.univ-jfc.fr\/vphn\/wp-content\/uploads\/sites\/65\/2020\/01\/Fa\u00e7ade-Sud-et-Ouest-de-lAbbaye-de-Loc-Dieu-vf-1024x768.jpg\" alt=\"BEDU Antoine\" width=\"525\" height=\"394\" srcset=\"https:\/\/blogs.univ-jfc.fr\/vphn\/wp-content\/uploads\/sites\/65\/2020\/01\/Fa\u00e7ade-Sud-et-Ouest-de-lAbbaye-de-Loc-Dieu-vf-1024x768.jpg 1024w, https:\/\/blogs.univ-jfc.fr\/vphn\/wp-content\/uploads\/sites\/65\/2020\/01\/Fa\u00e7ade-Sud-et-Ouest-de-lAbbaye-de-Loc-Dieu-vf-300x225.jpg 300w, https:\/\/blogs.univ-jfc.fr\/vphn\/wp-content\/uploads\/sites\/65\/2020\/01\/Fa\u00e7ade-Sud-et-Ouest-de-lAbbaye-de-Loc-Dieu-vf-768x576.jpg 768w, https:\/\/blogs.univ-jfc.fr\/vphn\/wp-content\/uploads\/sites\/65\/2020\/01\/Fa\u00e7ade-Sud-et-Ouest-de-lAbbaye-de-Loc-Dieu-vf.jpg 1389w\" sizes=\"(max-width: 525px) 100vw, 525px\" \/><figcaption id=\"caption-attachment-5546\" class=\"wp-caption-text\">Fa\u00e7ade Sud de L&rsquo;Abbaye de Loc-Dieu (Juin 2019).<\/figcaption><\/figure>\n<p align=\"justify\"><span style=\"font-family: Times New Roman, serif\"><span style=\"font-size: medium\">Le lieu choisi pour la fondation de l&rsquo;abbaye fait partie du causse de Limogne en Quercy, qui est g\u00e9ologiquement remarquable. Une poche d\u2019argile donne l&rsquo;acc\u00e8s \u00e0 l&rsquo;eau. L&rsquo;eau est importante dans la liturgie cistercienne.<br \/>\n<\/span><\/span><\/p>\n<p align=\"justify\"><span style=\"font-family: Times New Roman, serif\"><span style=\"font-size: medium\">Roger, deuxi\u00e8me Abb\u00e9 de Dalon en Limousin, envoie treize moines en Rouergue pour fonder en 1123 la premi\u00e8re abbaye de Loc-Dieu. <strong><a href=\"https:\/\/fr.wikisource.org\/wiki\/Histoire_de_la_fondation_de_l%E2%80%99abbaye_de_Loc-Dieu\">Diverses l\u00e9gendes accompagnent la fondation<\/a>.<\/strong><\/span><\/span><\/p>\n<p align=\"justify\"><span style=\"font-family: Times New Roman, serif\"><span style=\"font-size: medium\">Le moine cistercien est un moine Catholique. Le moine cistercien pr\u00f4ne la pauvret\u00e9, le travail manuel et une vie collective r\u00e9duite au plus s\u00e9v\u00e8re selon une volont\u00e9 de revenir \u00e0 la rigueur de la r\u00e8gle originelle des b\u00e9n\u00e9dictins.<\/span><\/span><\/p>\n<p align=\"justify\"><span style=\"font-family: Times New Roman, serif\"><span style=\"font-size: medium\">Le 21 mars 1123, Ardouin de Parisot fait aux fr\u00e8res de Loc-Dieu un don important qui l\u2019a fait consid\u00e9rer comme le fondateur. L\u2019\u00e9v\u00eaque de Rodez, Adh\u00e9mar III, leurs donne l\u2019\u00e9glise et les d\u00eemes de l\u2019\u00e9v\u00each\u00e9 de Colombiers. Ce furent ensuite des seigneurs du Rouergue qui conc\u00e8dent \u00e0 l\u2019abbaye des rentes et des terres. <\/span><\/span><\/p>\n<p align=\"center\"><span style=\"font-family: Times New Roman, serif\"><span style=\"font-size: medium\">II- Une Abbaye forteresse ( 1409 \u2013 mi XVIe ) : Mutation cistercienne au profit de l\u2019architecture <\/span><\/span><\/p>\n<figure id=\"attachment_5547\" aria-describedby=\"caption-attachment-5547\" style=\"width: 525px\" class=\"wp-caption aligncenter\"><img loading=\"lazy\" class=\"size-large wp-image-5547\" src=\"http:\/\/blogs.univ-jfc.fr\/vphn\/wp-content\/uploads\/sites\/65\/2020\/01\/Clo\u00eetre-de-lAbbaye-de-Loc-Dieu-vf-1024x768.jpg\" alt=\"BEDU Antoine\" width=\"525\" height=\"394\" srcset=\"https:\/\/blogs.univ-jfc.fr\/vphn\/wp-content\/uploads\/sites\/65\/2020\/01\/Clo\u00eetre-de-lAbbaye-de-Loc-Dieu-vf-1024x768.jpg 1024w, https:\/\/blogs.univ-jfc.fr\/vphn\/wp-content\/uploads\/sites\/65\/2020\/01\/Clo\u00eetre-de-lAbbaye-de-Loc-Dieu-vf-300x225.jpg 300w, https:\/\/blogs.univ-jfc.fr\/vphn\/wp-content\/uploads\/sites\/65\/2020\/01\/Clo\u00eetre-de-lAbbaye-de-Loc-Dieu-vf-768x576.jpg 768w\" sizes=\"(max-width: 525px) 100vw, 525px\" \/><figcaption id=\"caption-attachment-5547\" class=\"wp-caption-text\">Clo\u00eetre de l&rsquo;Abbaye de Loc-Dieu (Juin 2019).<\/figcaption><\/figure>\n<p align=\"justify\"><span style=\"font-family: Times New Roman, serif\"><span style=\"font-size: medium\">Les abbayes cisterciennes se distinguent architecturalement par la simplicit\u00e9 et la sobri\u00e9t\u00e9 de l&rsquo;architecture et des ornements. En 1134, le Chapitre g\u00e9n\u00e9ral prescrit une s\u00e9rie de mesures les abbayes ne devant recevoir aucun d\u00e9cor sculpt\u00e9. <\/span><\/span><span style=\"font-family: Times New Roman, serif\"><span style=\"font-size: medium\">L&rsquo;architecture Cistercienne du XIIe si\u00e8cle rejette la richesse, le luxe et l&rsquo;opulence de toute sorte. Si l&rsquo;on peut qualifier l&rsquo;\u00e9glise Notre-Dame de Loc-Dieu de cistercienne, c&rsquo;est bien par le d\u00e9pouillement ext\u00e9rieur de ses murs. De style majoritairement roman \u00e0 la base, elle reste particuli\u00e8re par ses origines bourguignones et les premiers signes gothiques languedocien apparaissent dans la structure g\u00e9n\u00e9rale. Autrement appel\u00e9e gothique \u00ab m\u00e9ridional \u00bb, ce \u00ab gothique du Midi occidental \u00bb s\u2019\u00e9tend sur une zone correspondant au grand Languedoc.<\/span><\/span><\/p>\n<p align=\"justify\"><span style=\"font-family: Times New Roman, serif\"><span style=\"font-size: medium\">Le Rouergue est d\u00e9vast\u00e9 durant la guerre de Cent Ans et Loc-Dieu est incendi\u00e9. L\u2019immense abbatiale et la salle capitulaire sont intactes. Avec difficult\u00e9, le monast\u00e8re reconstruit les b\u00e2timents monastiques. Le style du clo\u00eetre y est d\u00e9pouill\u00e9 et massif, conform\u00e9ment \u00e0 l\u2019esprit cistercien. Aujourd&rsquo;hui, il ne reste plus que trois ailes suite \u00e0 des r\u00e9novations du XIXe.<\/span><\/span><\/p>\n<p align=\"center\"><span style=\"font-family: Times New Roman, serif\"><span style=\"font-size: medium\">III- La Reconstruction ( mi XVIe \u2013 1789 ) : Le retour aux sources de l\u2019ordre cistercien<\/span><\/span><\/p>\n<figure id=\"attachment_5548\" aria-describedby=\"caption-attachment-5548\" style=\"width: 225px\" class=\"wp-caption alignleft\"><img loading=\"lazy\" class=\"size-medium wp-image-5548\" src=\"http:\/\/blogs.univ-jfc.fr\/vphn\/wp-content\/uploads\/sites\/65\/2020\/01\/Notre-Dame-de-Loc-Dieu-vf-e1579186212901-225x300.jpg\" alt=\"BEDU Antoine\" width=\"225\" height=\"300\" srcset=\"https:\/\/blogs.univ-jfc.fr\/vphn\/wp-content\/uploads\/sites\/65\/2020\/01\/Notre-Dame-de-Loc-Dieu-vf-e1579186212901-225x300.jpg 225w, https:\/\/blogs.univ-jfc.fr\/vphn\/wp-content\/uploads\/sites\/65\/2020\/01\/Notre-Dame-de-Loc-Dieu-vf-e1579186212901-768x1024.jpg 768w\" sizes=\"(max-width: 225px) 100vw, 225px\" \/><figcaption id=\"caption-attachment-5548\" class=\"wp-caption-text\">Vue int\u00e9rieure de Notre-Dame de Loc-Dieu (Juin 2019).<\/figcaption><\/figure>\n<p align=\"justify\"><span style=\"font-family: Times New Roman, serif\"><span style=\"font-size: medium\">On constate que le monachisme \u00e9volue \u00e0 partir du XVIe si\u00e8cle. Le retour \u00e0 la r\u00e8gle de 534 voulue par Robert de Molesme est progressivement adapt\u00e9e et assouplie au fil des g\u00e9n\u00e9rations d&rsquo;abb\u00e9s \u00e0 la t\u00eate des abbayes cisterciennes. Depuis le XVIe si\u00e8cle, et l&rsquo;application progressive des dogmes du Concile de Trente au Royaume de France pour r\u00e9pondre \u00e0 la R\u00e9forme Protestante, l&rsquo;organisation monastique est modifi\u00e9e. Le roi de France impose aux abbayes un abb\u00e9 dit commendataire, qui n&rsquo;est pas un chef religieux pour les moines qui continuent \u00e0 \u00e9lire un prieur qui a rang d&rsquo;abb\u00e9. Les abb\u00e9s commendataires, souvent \u00e9v\u00eaques, n&rsquo;ont d&rsquo;autre but que de trouver des sources de financement que le roi n&rsquo;a pas. <\/span><\/span><\/p>\n<p align=\"justify\"><span style=\"font-family: Times New Roman, serif\"><span style=\"font-size: medium\">Le monachisme est \u00e9branl\u00e9 en France dans la seconde moiti\u00e9 du XVIIIe si\u00e8cle. Les vocations se font rares et l&rsquo;engouement pour un monachisme aust\u00e8re a fait place \u00e0 l&rsquo;adoption d&rsquo;une vie monastique beaucoup moins exigeante, en cause \u00e0 la pens\u00e9e des Lumi\u00e8res chez les \u00e9lites. A la veille de la R\u00e9volution , l\u2019abbaye ne compte plus que 3 moines. En f\u00e9vrier 1790, l&rsquo;Assembl\u00e9e nationale fran\u00e7aise vote la suppression de l&rsquo;ordre pour motif d&rsquo;inutilit\u00e9. L&rsquo;abbaye est vendue aux ench\u00e8res comme tous les biens d\u2019\u00c9glise avec l\u2019int\u00e9gralit\u00e9 de son domaine.<\/span><\/span><\/p>\n<p align=\"justify\"><span style=\"font-family: Times New Roman, serif\"><span style=\"font-size: medium\"><span style=\"font-family: Garamond\">\u00c0<\/span>\u00a0la veille de la R\u00e9volution fran\u00e7aise, de par le d\u00e9clin du monachisme cistercien en France d\u00fb principalement \u00e0 la commende, par les querelles internes \u00e0 l&rsquo;Ordre et l&rsquo;\u00e9volution de la Pens\u00e9e rationnelle du XVIIe &#8211; XVIIIe si\u00e8cle, l&rsquo;\u00e9difice perd en influence et finit par \u00eatre vendu en tant que bien national.<br \/>\n<\/span><\/span><\/p>\n<p align=\"justify\">Pour aller plus loin :<\/p>\n<p align=\"justify\"><a href=\"http:\/\/blogs.univ-jfc.fr\/vphn\/patrimoine-et-sites-remarquables\/labbaye-de-de-loc-dieu-a-martiel-2020\/bibliographie-labbaye-de-loc-dieu-a-martiel-12200\/\">Bibliographie<\/a><\/p>\n<p align=\"justify\"><a href=\"https:\/\/www.abbayedelocdieu.com\/\">Site r\u00e9f\u00e9rent de l&rsquo; abbaye de Loc-Dieu<\/a><\/p>\n<p align=\"justify\">\u00c9tudiants : BEDU Antoine (L2), BERGESIO Lino (L1)<\/p>\n","protected":false},"excerpt":{"rendered":"<p>L\u2019Abbaye de de Loc-Dieu \u00e0 Martiel (12200) A la fin du XIe si\u00e8cle, l&rsquo;ordre monastique de C\u00eeteaux ou Ordre Cistercien est fond\u00e9 par le moine Robert de Molesme qui d\u00e9cide de revenir \u00e0 la r\u00e8gle stricte de Saint-Beno\u00eet, apr\u00e8s des si\u00e8cles de d\u00e9rives de l&rsquo;ordre clunisien. L\u2019abbaye fortifi\u00e9e de Loc-Dieu est le fruit de moines &hellip; <\/p>\n<p class=\"link-more\"><a href=\"https:\/\/blogs.univ-jfc.fr\/vphn\/patrimoine-et-sites-remarquables\/labbaye-de-de-loc-dieu-a-martiel-2020\/\" class=\"more-link\">Continuer la lecture<span class=\"screen-reader-text\"> de &laquo;&nbsp;L\u2019Abbaye de de Loc-Dieu \u00e0 Martiel [2020]&nbsp;&raquo;<\/span><\/a><\/p>\n","protected":false},"author":598,"featured_media":0,"parent":30,"menu_order":0,"comment_status":"closed","ping_status":"closed","template":"","meta":[],"_links":{"self":[{"href":"https:\/\/blogs.univ-jfc.fr\/vphn\/wp-json\/wp\/v2\/pages\/5400"}],"collection":[{"href":"https:\/\/blogs.univ-jfc.fr\/vphn\/wp-json\/wp\/v2\/pages"}],"about":[{"href":"https:\/\/blogs.univ-jfc.fr\/vphn\/wp-json\/wp\/v2\/types\/page"}],"author":[{"embeddable":true,"href":"https:\/\/blogs.univ-jfc.fr\/vphn\/wp-json\/wp\/v2\/users\/598"}],"replies":[{"embeddable":true,"href":"https:\/\/blogs.univ-jfc.fr\/vphn\/wp-json\/wp\/v2\/comments?post=5400"}],"version-history":[{"count":10,"href":"https:\/\/blogs.univ-jfc.fr\/vphn\/wp-json\/wp\/v2\/pages\/5400\/revisions"}],"predecessor-version":[{"id":8351,"href":"https:\/\/blogs.univ-jfc.fr\/vphn\/wp-json\/wp\/v2\/pages\/5400\/revisions\/8351"}],"up":[{"embeddable":true,"href":"https:\/\/blogs.univ-jfc.fr\/vphn\/wp-json\/wp\/v2\/pages\/30"}],"wp:attachment":[{"href":"https:\/\/blogs.univ-jfc.fr\/vphn\/wp-json\/wp\/v2\/media?parent=5400"}],"curies":[{"name":"wp","href":"https:\/\/api.w.org\/{rel}","templated":true}]}}