{"id":5444,"date":"2020-01-16T11:57:25","date_gmt":"2020-01-16T10:57:25","guid":{"rendered":"http:\/\/blogs.univ-jfc.fr\/vphn\/?page_id=5444"},"modified":"2020-01-16T11:57:53","modified_gmt":"2020-01-16T10:57:53","slug":"bibliographie-immigration-italienne","status":"publish","type":"page","link":"https:\/\/blogs.univ-jfc.fr\/vphn\/bibliographie-immigration-italienne\/","title":{"rendered":"bibliographie &#8211; immigration italienne"},"content":{"rendered":"<h1><span style=\"font-weight: 400\">Bibliographie<\/span><\/h1>\n<p>&nbsp;<\/p>\n<h4><b>Outils\u00a0<\/b><\/h4>\n<p>&nbsp;<\/p>\n<ul>\n<li style=\"font-weight: 400\"><span style=\"font-weight: 400\">CHUECA M., <\/span><i><span style=\"font-weight: 400\">D\u00e9poss\u00e9der les poss\u00e9dants : La gr\u00e8ve g\u00e9n\u00e9rale aux \u00ab temps h\u00e9ro\u00efques \u00bb du syndicalisme r\u00e9volutionnaire (1895-1906)<\/span><\/i><span style=\"font-weight: 400\">, Marseille, Agone, 2008.<\/span><\/li>\n<\/ul>\n<p>&nbsp;<\/p>\n<p><span style=\"font-weight: 400\">Cette chronologie rassemble date par date les principaux faits relatifs \u00e0 l\u2019histoire sociale de la France sur cette p\u00e9riode, de la page 221 \u00e0 234 dans le chapitre \u201cchronologie essentielle (1879-1909)\u201d.\u00a0<\/span><\/p>\n<p>&nbsp;<\/p>\n<ul>\n<li style=\"font-weight: 400\"><span style=\"font-weight: 400\">DELPIROU A., MOURLANE S., <\/span><i><span style=\"font-weight: 400\">Atlas de l\u2019Italie contemporaine<\/span><\/i><span style=\"font-weight: 400\">, Paris, Autrement, 2019.<\/span><\/li>\n<\/ul>\n<p>&nbsp;<\/p>\n<p><span style=\"font-weight: 400\">A travers ces cartes et documents l\u2019Atlas met en \u00e9vidence la pauvret\u00e9, la crise de f\u00e9condit\u00e9 et l\u2019immigration massive italienne, les informations utilis\u00e9es sont dans le livre entier.\u00a0<\/span><\/p>\n<p>&nbsp;<\/p>\n<ul>\n<li style=\"font-weight: 400\"><span style=\"font-weight: 400\">SMA\u00cfN L., <\/span><i><span style=\"font-weight: 400\">Dictionnaire de l\u2019immigration en France<\/span><\/i><span style=\"font-weight: 400\">, Paris, Larousse, 2012.<\/span><\/li>\n<\/ul>\n<p>&nbsp;<\/p>\n<p><span style=\"font-weight: 400\">Le dictionnaire r\u00e9pertorie un certain nombre de critiques de mots et concepts en droit, politique et vie sociale, nombreuses pages du livre.<\/span><\/p>\n<p>&nbsp;<\/p>\n<h4><b>Histoire du monde aux XIX<\/b><b>e<\/b><b> et XX<\/b><b>e<\/b><\/h4>\n<p>&nbsp;<\/p>\n<ul>\n<li style=\"font-weight: 400\"><span style=\"font-weight: 400\">CHALMIN P., <\/span><i><span style=\"font-weight: 400\">Une br\u00e8ve histoire \u00e9conomique d\u2019un long XXe<\/span><\/i> <i><span style=\"font-weight: 400\">si\u00e8cle : d\u2019une mondialisation \u00e0 l\u2019autre : 1913-2018, <\/span><\/i><span style=\"font-weight: 400\">Paris, Fran\u00e7ois Bourin, 2019.<\/span><\/li>\n<\/ul>\n<p>&nbsp;<\/p>\n<p><span style=\"font-weight: 400\">Ce dernier pr\u00e9sente un contexte pr\u00e9cis de 1914 jusqu\u2019\u00e0 2001 \u00e0 travers des th\u00e9matiques politiques, \u00e9conomiques et g\u00e9opolitiques.<\/span><\/p>\n<p>&nbsp;<\/p>\n<ul>\n<li style=\"font-weight: 400\"><span style=\"font-weight: 400\">\u202aSINGARAV\u00c9LOU P., et VENAYRE S. (dir.),<\/span><i><span style=\"font-weight: 400\"> Histoire du monde au XIX<\/span><\/i><i><span style=\"font-weight: 400\">e <\/span><\/i><i><span style=\"font-weight: 400\">si\u00e8cle<\/span><\/i><span style=\"font-weight: 400\">, Paris, Fayard, coll. l\u2019Univers historique, 2017.<\/span><\/li>\n<\/ul>\n<p>&nbsp;<\/p>\n<p><span style=\"font-weight: 400\">Cette production nous permet d\u2019avoir un point de vu critique sur l\u2019Europe Occidentale, sa situation g\u00e9opolitique nous \u00e9claire sur le contexte tant en France qu\u2019en Italie.\u00a0<\/span><\/p>\n<p>&nbsp;<\/p>\n<h4><b>Histoire de l\u2019Europe aux XIX<\/b><b>e<\/b><b> et XX<\/b><b>e<\/b><\/h4>\n<p>&nbsp;<\/p>\n<ul>\n<li style=\"font-weight: 400\">\n<h2><span style=\"font-weight: 400\">France<\/span><\/h2>\n<\/li>\n<\/ul>\n<ul>\n<li style=\"font-weight: 400\"><span style=\"font-weight: 400\">NOIRIEL G., 1989, \u00ab Le creuset fran\u00e7ais \u00bb, <\/span><i><span style=\"font-weight: 400\">Vingti\u00e8me Si\u00e8cle. Revue d&rsquo;histoire<\/span><\/i><span style=\"font-weight: 400\">, n\u00b021, p. 142-144.<\/span><\/li>\n<\/ul>\n<p><span style=\"font-weight: 400\">Cet article explique les probl\u00e8mes d\u2019organisation que la France a rencontr\u00e9 en tant que terre d\u2019immigration, entre les probl\u00e8mes d\u00e9mographiques mais \u00e9galement sociaux.<\/span><\/p>\n<p>&nbsp;<\/p>\n<ul>\n<li style=\"font-weight: 400\">\n<h2><span style=\"font-weight: 400\">Italie<\/span><\/h2>\n<\/li>\n<\/ul>\n<ul>\n<li style=\"font-weight: 400\"><span style=\"font-weight: 400\">PROCACCI G., <\/span><i><span style=\"font-weight: 400\">Histoire des Italiens<\/span><\/i><span style=\"font-weight: 400\">, Paris, Fayard, 1970.<\/span><\/li>\n<\/ul>\n<p>&nbsp;<\/p>\n<p><span style=\"font-weight: 400\">L\u2019ouvrage explique la crise \u00e9conomique qui arrive en Italie \u00e0 la fin XIX<\/span><b>e<\/b><span style=\"font-weight: 400\"> si\u00e8cle (hausse des prix, d\u00e9valuation de la Lire, sous-alimentation), utilis\u00e9 \u00e0 la page 315.<\/span><\/p>\n<h4><b>Histoire politique aux XIX<\/b><b>e<\/b><b> et XX<\/b><b>e<\/b><\/h4>\n<p>&nbsp;<\/p>\n<ul>\n<li style=\"font-weight: 400\"><span style=\"font-weight: 400\">GUILLEN P., 1986, \u00ab Le r\u00f4le politique de l&rsquo;immigration italienne en France dans l&rsquo;entre-deux guerres \u00bb, <\/span><i><span style=\"font-weight: 400\">Les Italiens en France de 1914 \u00e0 1940<\/span><\/i><span style=\"font-weight: 400\">, p. 323-341.<\/span><\/li>\n<\/ul>\n<p>&nbsp;<\/p>\n<p><span style=\"font-weight: 400\">Cet article permet de prendre conscience du r\u00f4le des r\u00e9fugi\u00e9s italiens notamment dans leur pr\u00e9vention dans le parti fasciste de Mussolini, tout en mentionnant le point de vue italien et fran\u00e7ais dans cette immigration.<\/span><\/p>\n<p>&nbsp;<\/p>\n<ul>\n<li style=\"font-weight: 400\">\n<h2><span style=\"font-weight: 400\">France<\/span><\/h2>\n<\/li>\n<\/ul>\n<ul>\n<li style=\"font-weight: 400\"><span style=\"font-weight: 400\">NOIRIEL G., <\/span><i><span style=\"font-weight: 400\">Le massacre des Italiens : Aigues-Mortes, 17 Ao\u00fbt 1893,<\/span><\/i><span style=\"font-weight: 400\"> Paris, Fayard, 2010.<\/span><\/li>\n<\/ul>\n<p><span style=\"font-weight: 400\">Ce livre \u00e9voque la rixe \u00e0 Aigues-Mortes entre les ouvriers italiens et fran\u00e7ais qui ont conduit \u00e0 plusieurs d\u00e9c\u00e8s du c\u00f4t\u00e9 italien, informations tir\u00e9es dans tout le livre.\u00a0<\/span><\/p>\n<ul>\n<li style=\"font-weight: 400\"><span style=\"font-weight: 400\">GIRARDET R., 1958, \u201cPour une introduction \u00e0 l&rsquo;histoire du nationalisme fran\u00e7ais\u201d, <\/span><i><span style=\"font-weight: 400\">Revue fran\u00e7aise de science politique,<\/span><\/i><span style=\"font-weight: 400\"> n\u00b03, p. 505-528.<\/span><\/li>\n<\/ul>\n<p><span style=\"font-weight: 400\">Cet article permet de replacer dans le contexte du XX<\/span><span style=\"font-weight: 400\">e <\/span><span style=\"font-weight: 400\">si\u00e8cle le mouvement nationaliste en France. Le fait qu\u2019il ne soit pas per\u00e7u directement comme tel mais plut\u00f4t comme un mouvement patriotique dans le but d\u2019unir la nation.\u00a0<\/span><\/p>\n<p>&nbsp;<\/p>\n<ul>\n<li style=\"font-weight: 400\">\n<h2><span style=\"font-weight: 400\">Italie<\/span><\/h2>\n<\/li>\n<\/ul>\n<ul>\n<li style=\"font-weight: 400\"><span style=\"font-weight: 400\">GUILLEN P., <\/span><i><span style=\"font-weight: 400\">L&rsquo;\u00e9migration politique en Europe aux XIXe et XXe si\u00e8cles<\/span><\/i><span style=\"font-weight: 400\">, Rome, \u00c9cole Fran\u00e7aise de Rome, 1991.<\/span><\/li>\n<\/ul>\n<p><span style=\"font-weight: 400\">Dans cet ouvrage, un des extraits, nous permet de se concentrer sur le statut des migrants en France durant les XIX<\/span><b>e<\/b><span style=\"font-weight: 400\"> et XX<\/span><b>e<\/b><span style=\"font-weight: 400\"> si\u00e8cles. De plus, l\u2019ensemble de l\u2019ouvrage permet de nous en apprendre plus sur l\u2019organisation de la France face \u00e0 cette immigration, utilis\u00e9s aux pages 35 \u00e0 55 et 57 \u00e0 72.\u00a0<\/span><\/p>\n<p>&nbsp;<\/p>\n<h4><b>Histoire \u00e9conomique aux XIX<\/b><b>e<\/b><b> et XX<\/b><b>e<\/b><\/h4>\n<ul>\n<li style=\"font-weight: 400\">\n<h2><span style=\"font-weight: 400\">France<\/span><\/h2>\n<\/li>\n<\/ul>\n<p>&nbsp;<\/p>\n<ul>\n<li style=\"font-weight: 400\"><span style=\"font-weight: 400\">GUERRERO N., <\/span><i><span style=\"font-weight: 400\">Histoire \u00e9conomique et sociale de la France : du XVIIIe si\u00e8cle \u00e0 nos jours, <\/span><\/i><span style=\"font-weight: 400\">Paris, Ellipses, 2013.\u00a0<\/span><\/li>\n<\/ul>\n<p>&nbsp;<\/p>\n<p><span style=\"font-weight: 400\">Ce livre contextualise l\u2019arriv\u00e9 des italiens en France de mani\u00e8re \u00e9conomique, aux pages 15 \u00e0 85.\u00a0<\/span><\/p>\n<p>&nbsp;<\/p>\n<ul>\n<li style=\"font-weight: 400\"><span style=\"font-weight: 400\">LABROUSSE E., BRAUDEL F., <\/span><i><span style=\"font-weight: 400\">Histoire \u00e9conomique et sociale de la France<\/span><\/i><span style=\"font-weight: 400\">, Paris, PUF, 1970.<\/span><\/li>\n<\/ul>\n<p>&nbsp;<\/p>\n<p><span style=\"font-weight: 400\">Ce livre apporte des connaissances sur les situations agricoles, \u00e9conomiques, de la paysannerie en France des pages 821 \u00e0 859.<\/span><\/p>\n<p>&nbsp;<\/p>\n<ul>\n<li style=\"font-weight: 400\">\n<h2><span style=\"font-weight: 400\">Italie<\/span><\/h2>\n<\/li>\n<\/ul>\n<ul>\n<li style=\"font-weight: 400\"><span style=\"font-weight: 400\">BARTOLI H., 1980, \u201cChronique de la pens\u00e9e \u00e9conomique en Italie\u201d, <\/span><i><span style=\"font-weight: 400\">Revue \u00e9conomique<\/span><\/i><span style=\"font-weight: 400\">, vol.31, n\u00b01, p. 159.<\/span><\/li>\n<\/ul>\n<p>&nbsp;<\/p>\n<p><span style=\"font-weight: 400\">L\u2019article explique toute la situation industrielle dans la p\u00e9ninsule italienne ainsi que son \u00e9conomie, niveau de croissance \u2026<\/span><\/p>\n<p>&nbsp;<\/p>\n<h4><b>Histoire de l\u2019agriculture aux XIX<\/b><b>e<\/b><b> et XX<\/b><b>e<\/b><\/h4>\n<p>&nbsp;<\/p>\n<ul>\n<li style=\"font-weight: 400\"><span style=\"font-weight: 400\">MIGNEMIE N., 2016, \u201cAgriculteurs du Monde Entier, Associez-vous\u201d, <\/span><i><span style=\"font-weight: 400\">Histoire et Soci\u00e9t\u00e9s Rurales, <\/span><\/i><span style=\"font-weight: 400\">n\u00b045, p. 43-67.<\/span><\/li>\n<\/ul>\n<p>&nbsp;<\/p>\n<p><span style=\"font-weight: 400\">Dans cet article, l\u2019auteur s&rsquo;int\u00e9resse au monde rural, en particulier aux campagnes et leur organisation, avec une vision tourn\u00e9e vers l\u2019association de pratiques, ici celles des italiens et des fran\u00e7ais.\u00a0<\/span><\/p>\n<p>&nbsp;<\/p>\n<ul>\n<li style=\"font-weight: 400\"><span style=\"font-weight: 400\">TEULI\u00c8RES L., <\/span><i><span style=\"font-weight: 400\">Immigr\u00e9s d\u2019Italie et paysans de France, 1920-1944<\/span><\/i><span style=\"font-weight: 400\">, Toulouse, Presses Universitaires du Mirail, 2002.\u00a0<\/span><\/li>\n<\/ul>\n<p>&nbsp;<\/p>\n<p><span style=\"font-weight: 400\">Ces livres \u00e9voquent les conditions des agriculteurs durant la p\u00e9riode de l\u2019immigration italienne, aux pages 11 \u00e0 30 et 69 \u00e0 91.\u00a0<\/span><\/p>\n<p>&nbsp;<\/p>\n<h4><b>Histoire culturelle aux XIX<\/b><b>e<\/b><b> et XX<\/b><b>e<\/b><\/h4>\n<p>&nbsp;<\/p>\n<ul>\n<li style=\"font-weight: 400\"><span style=\"font-weight: 400\">MOURLANE S., PA\u00cfNI D. (dir.), <\/span><i><span style=\"font-weight: 400\">Ciao Italia ! Un si\u00e8cle d&rsquo;immigration et de culture italiennes en France<\/span><\/i><span style=\"font-weight: 400\">, Paris, \u00c9ditions de La Martini\u00e8re, 2017.\u00a0<\/span><\/li>\n<\/ul>\n<p>&nbsp;<\/p>\n<p><span style=\"font-weight: 400\">Ciao Italia aborde diff\u00e9rents th\u00e8mes : regard des fran\u00e7ais sur les italiens, l\u2019imaginaire de l\u2019italien, les difficult\u00e9s d\u2019int\u00e9gration, l\u2019apport culturel aux pages 22 \u00e0 66.<\/span><\/p>\n<p>&nbsp;<\/p>\n<ul>\n<li style=\"font-weight: 400\"><span style=\"font-weight: 400\">YON J.-C., <\/span><i><span style=\"font-weight: 400\">Histoire culturelle de la France au XIXe si\u00e8cle<\/span><\/i><span style=\"font-weight: 400\">, Malakoff, Armand Colin, 201<\/span><span style=\"font-weight: 400\">0.<\/span><\/li>\n<\/ul>\n<p><span style=\"font-weight: 400\">C\u2019est un ouvrage g\u00e9n\u00e9ral sur la culture en France au cours du XIXe si\u00e8cle, utilis\u00e9 aux pages 247 \u00e0 270.\u00a0<\/span><\/p>\n<p>&nbsp;<\/p>\n<h4><b>Histoire de l\u2019Immigration\u00a0<\/b><\/h4>\n<p>&nbsp;<\/p>\n<ul>\n<li style=\"font-weight: 400\"><span style=\"font-weight: 400\">BLANC-CHAL\u00c9ARD M-C., <\/span><i><span style=\"font-weight: 400\">Histoire de l\u2019immigration<\/span><\/i><span style=\"font-weight: 400\">, Paris,<\/span> <span style=\"font-weight: 400\">La D\u00e9couverte, 2001.<\/span><\/li>\n<\/ul>\n<p>&nbsp;<\/p>\n<p><span style=\"font-weight: 400\">Dans cet ouvrage, ce qui nous int\u00e9resse est la partie sur l\u2019int\u00e9gration des migrants en France, et plus particuli\u00e8rement des italiens, des pages 5 \u00e0 18 et 39 \u00e0 45.\u00a0<\/span><\/p>\n<p>&nbsp;<\/p>\n<ul>\n<li style=\"font-weight: 400\"><span style=\"font-weight: 400\">NOIRIEL G., <\/span><i><span style=\"font-weight: 400\">Atlas de l&rsquo;immigration en France,<\/span><\/i><span style=\"font-weight: 400\"> coll. Atlas M\u00e9moires, Paris, Autrement, 2002.<\/span><\/li>\n<\/ul>\n<p>&nbsp;<\/p>\n<p><span style=\"font-weight: 400\">En ce qui concerne cet ouvrage, on retiendra le questionnement sur le m\u00e9tissage culturel (\u00e9changes linguistiques) et sur l\u2019id\u00e9e de nouvelle population fran\u00e7aise des pages 42-43 et 54-55.<\/span><\/p>\n<ul>\n<li style=\"font-weight: 400\"><span style=\"font-weight: 400\">NOIRIEL G., BEAUD S., 1990, \u00ab Penser \u00ab\u00a0l&rsquo;int\u00e9gration\u00a0\u00bb des Immigr\u00e9s \u00bb,<\/span><i><span style=\"font-weight: 400\"> Hommes et migrations<\/span><\/i><span style=\"font-weight: 400\">, n\u00b01133, p. 43-53.\u00a0<\/span><\/li>\n<\/ul>\n<p><span style=\"font-weight: 400\">Cet article permet de d\u00e9montrer l\u2019utilit\u00e9 et la r\u00e9flexion sur l\u2019immigration, de bien r\u00e9fl\u00e9chir au \u201ccomment\u201d.<\/span><\/p>\n<ul>\n<li style=\"font-weight: 400\"><span style=\"font-weight: 400\">BONNAFOUS S.,<\/span> <span style=\"font-weight: 400\">NOIRIEL G., 1993, \u00ab Population, immigration et identit\u00e9 nationale en France. XIXe-XXe si\u00e8cles \u00bb,<\/span><i><span style=\"font-weight: 400\"> Un demi-si\u00e8cle de vocabulaire syndical<\/span><\/i><span style=\"font-weight: 400\">, n\u00b036, p. 128-130.<\/span><\/li>\n<\/ul>\n<p><span style=\"font-weight: 400\">Cet article \u00e9voque l\u2019id\u00e9e d&rsquo;identit\u00e9 nationale, tr\u00e8s en vogue \u00e0 la fin du XIXe si\u00e8cle dans un contexte de formation de ces nations, et donc de son impact sur l\u2019immigration. En France en g\u00e9n\u00e9ral, plac\u00e9 entre accepter et rejeter.\u00a0<\/span><\/p>\n<ul>\n<li style=\"font-weight: 400\"><span style=\"font-weight: 400\">SCHOR R., 2012, \u00ab Les immigr\u00e9s italiens au miroir de la presse fran\u00e7aise dans l\u2019entre-deux-guerres \u00bb, <\/span><i><span style=\"font-weight: 400\">Cahiers de la M\u00e9diterran\u00e9e, <\/span><\/i><span style=\"font-weight: 400\">n\u00b085, p. 103-112.<\/span><\/li>\n<\/ul>\n<p><span style=\"font-weight: 400\">La fin du XIXe si\u00e8cle, c\u2019est l\u2019\u00e2ge d\u2019or de la presse \u00e9crite mais aussi une p\u00e9riode massive d\u2019immigration. En tant que moyen d\u2019information principal \u00e0 l\u2019\u00e9poque, de nombreux articles ont vu le jour durant cette p\u00e9riode.<\/span><\/p>\n<p>&nbsp;<\/p>\n<ul>\n<li style=\"font-weight: 400\"><span style=\"font-weight: 400\">TEMINE E., <\/span><i><span style=\"font-weight: 400\">France, terre d\u2019immigration<\/span><\/i><span style=\"font-weight: 400\">, Paris, D\u00e9couvertes Gallimard, 1999.<\/span><\/li>\n<\/ul>\n<p>&nbsp;<\/p>\n<p><span style=\"font-weight: 400\">Approche de l\u2019immigration en g\u00e9n\u00e9ral en France, du contexte en France d\u00e8s le XIXe si\u00e8cle. Place la France comme une terre d\u2019immigration, particuli\u00e8rement aux pages 18 \u00e0 56, 74 \u00e0 82 et 92-94.\u00a0<\/span><\/p>\n<p>&nbsp;<\/p>\n<h4><b>Histoire de l\u2019immigration dans le Sud de la France aux XIX<\/b><b>e<\/b><b> et XX<\/b><b>e<\/b><\/h4>\n<p>&nbsp;<\/p>\n<ul>\n<li style=\"font-weight: 400\"><span style=\"font-weight: 400\">TEULI\u00c8RES L., <\/span><i><span style=\"font-weight: 400\">Histoire des immigrations en Midi-Pyr\u00e9n\u00e9es XIX<\/span><\/i><i><span style=\"font-weight: 400\">e<\/span><\/i><i><span style=\"font-weight: 400\">-XX<\/span><\/i><i><span style=\"font-weight: 400\">e<\/span><\/i><i><span style=\"font-weight: 400\"> si\u00e8cles<\/span><\/i><span style=\"font-weight: 400\">, Portet-sur-Garonne, Nouvelles \u00c9ditions Loubati\u00e8res, 2010.<\/span><\/li>\n<\/ul>\n<p>&nbsp;<\/p>\n<p><span style=\"font-weight: 400\">Cet ouvrage est une synth\u00e8se compl\u00e8te sur l\u2019immigration en Midi-Pyr\u00e9n\u00e9es, et notamment italienne aux pages 40 \u00e0 44, et 88.\u00a0<\/span><\/p>\n<p>&nbsp;<\/p>\n<h4><b>Histoire de l\u2019Immigration entre la France et l\u2019Italie aux XIX<\/b><b>e<\/b><b> et XX<\/b><b>e<\/b><\/h4>\n<p>&nbsp;<\/p>\n<ul>\n<li style=\"font-weight: 400\"><span style=\"font-weight: 400\">FOUGIER E., BECHELLONI A., DREYFUS M., MILZA P. (dir.), 1995, \u00abL&rsquo;immigration italienne en France. Un si\u00e8cle de pr\u00e9sence italienne dans trois r\u00e9gions fran\u00e7aises (1880-1980) \u00bb, <\/span><i><span style=\"font-weight: 400\">Politique \u00e9trang\u00e8re<\/span><\/i><span style=\"font-weight: 400\">, n\u00b04, p. 1060-1061.<\/span><\/li>\n<\/ul>\n<p>&nbsp;<\/p>\n<p><span style=\"font-weight: 400\">Cet article nous explique \u00e0 quel point l\u2019int\u00e9gration italienne en France et particuli\u00e8rement en Occitanie fut difficile. Il emploie le terme de \u201cchasse \u00e0 l\u2019italiens\u201d.<\/span><\/p>\n<p>&nbsp;<\/p>\n<ul>\n<li style=\"font-weight: 400\"><span style=\"font-weight: 400\">GEORGE P., MILZA.P (dir.), 1986, \u00ab L&rsquo;immigration italienne en France de 1920 \u00e0 1939 : aspects d\u00e9mographiques et sociaux \u00bb,<\/span><i><span style=\"font-weight: 400\"> Les Italiens en France de 1914 \u00e0 1940<\/span><\/i><span style=\"font-weight: 400\">, p. 45-67.<\/span><\/li>\n<\/ul>\n<p><span style=\"font-weight: 400\">Il s\u2019agit d\u2019un article qui revient sur l\u2019histoire de l\u2019immigration, avec un aspect d\u00e9mographique, et des cartes qui permettent de faire le lien entre o\u00f9 migrent les italiens et d\u2019o\u00f9 viennent-ils.\u00a0<\/span><\/p>\n<p>&nbsp;<\/p>\n<ul>\n<li style=\"font-weight: 400\"><span style=\"font-weight: 400\">TALBOT R., 2017, <\/span><i><span style=\"font-weight: 400\">Les politiques d&rsquo;accueil des immigr\u00e9s italiens dans le Sud-ouest de la France des ann\u00e9es 1920 \u00e0 1950, <\/span><\/i><span style=\"font-weight: 400\">M\u00e9moire\/ Th\u00e8se.<\/span><\/li>\n<\/ul>\n<p><span style=\"font-weight: 400\">Cette th\u00e8se permet de nous en apprendra plus quant \u00e0 la politique adopt\u00e9e par la France durant l\u2019entre-deux-guerres, et pourra nous guider notamment sur les ann\u00e9es pr\u00e9c\u00e9dentes.<\/span><\/p>\n<p>&nbsp;<\/p>\n<ul>\n<li style=\"font-weight: 400\"><span style=\"font-weight: 400\">SAINT-JEAN D., 1994, \u00ab L&rsquo;int\u00e9gration des Italiens dans le Sud-Ouest \u00bb, <\/span><i><span style=\"font-weight: 400\">Hommes et Migrations<\/span><\/i><span style=\"font-weight: 400\">, n\u00b01176, p. 22-28.<\/span><\/li>\n<\/ul>\n<p>&nbsp;<\/p>\n<p><span style=\"font-weight: 400\">Cet article nous permet d\u2019observer une forte int\u00e9gration italienne en France et particuli\u00e8rement en Occitanie notamment des ann\u00e9es 1920 aux ann\u00e9es 1960 \u00e0 travers l\u2019agriculture et le monde rural.\u00a0<\/span><\/p>\n<p>&nbsp;<\/p>\n<ul>\n<li style=\"font-weight: 400\"><span style=\"font-weight: 400\">ROUCH M., MILZA P. (dir.), 1986, \u00ab L&rsquo;arriv\u00e9e et l&rsquo;implantation des italiens dans le sud-ouest (1920-1939) \u00bb,<\/span><i><span style=\"font-weight: 400\"> Les Italiens en France de 1914 \u00e0 1940<\/span><\/i><span style=\"font-weight: 400\">, p. 693-720.<\/span><\/li>\n<\/ul>\n<p>&nbsp;<\/p>\n<p><span style=\"font-weight: 400\">Cet article nous expliquera dans quelle atmosph\u00e8re populaire les immigr\u00e9s italiens se sont install\u00e9s dans le Sud-Ouest, comment ils ont \u00e9t\u00e9 accueillis et se sont par la suite install\u00e9s et r\u00e9ellement implant\u00e9s dans cette r\u00e9gion.<\/span><\/p>\n<p>&nbsp;<\/p>\n<p><span style=\"font-weight: 400\">Sitographie<\/span><\/p>\n<p>&nbsp;<\/p>\n<ul>\n<li style=\"font-weight: 400\"><span style=\"font-weight: 400\">MOURLANE S., Les italiens en France : jalons d\u2019une migration,\u00a0 <\/span><i><span style=\"font-weight: 400\">Mus\u00e9e de l\u2019Histoire de l\u2019immigration<\/span><\/i><span style=\"font-weight: 400\">, document en ligne, consult\u00e9 le 7 octobre 2019, &lt;<\/span><a href=\"http:\/\/www.histoire-immigration.fr\/dossiers-thematiques\/caracteristiques-migratoires-selon-les-pays-d-origine\/les-italiens-en-france\"><span style=\"font-weight: 400\">http:\/\/www.histoire-immigration.fr\/dossiers-thematiques\/caracteristiques-migratoires-selon-les-pays-d-origine\/les-italiens-en-france<\/span><\/a><span style=\"font-weight: 400\">&gt;<\/span><\/li>\n<\/ul>\n<p>&nbsp;<\/p>\n<ul>\n<li style=\"font-weight: 400\"><span style=\"font-weight: 400\">RIVI\u00c8RE D., ITALIE &#8211; G\u00e9ographie, <\/span><i><span style=\"font-weight: 400\">Encyclop\u00e6dia Universalis<\/span><\/i><span style=\"font-weight: 400\">, document en ligne, consult\u00e9 le 21 octobre 2019, &lt;<\/span><span style=\"font-weight: 400\"> http:\/\/www.universalis.fr\/encyclopedie\/italie\/<\/span><span style=\"font-weight: 400\">&gt;<\/span><\/li>\n<\/ul>\n<p>&nbsp;<\/p>\n","protected":false},"excerpt":{"rendered":"<p>Bibliographie &nbsp; Outils\u00a0 &nbsp; CHUECA M., D\u00e9poss\u00e9der les poss\u00e9dants : La gr\u00e8ve g\u00e9n\u00e9rale aux \u00ab temps h\u00e9ro\u00efques \u00bb du syndicalisme r\u00e9volutionnaire (1895-1906), Marseille, Agone, 2008. &nbsp; Cette chronologie rassemble date par date les principaux faits relatifs \u00e0 l\u2019histoire sociale de la France sur cette p\u00e9riode, de la page 221 \u00e0 234 dans le chapitre \u201cchronologie &hellip; <\/p>\n<p class=\"link-more\"><a href=\"https:\/\/blogs.univ-jfc.fr\/vphn\/bibliographie-immigration-italienne\/\" class=\"more-link\">Continuer la lecture<span class=\"screen-reader-text\"> de &laquo;&nbsp;bibliographie &#8211; immigration italienne&nbsp;&raquo;<\/span><\/a><\/p>\n","protected":false},"author":589,"featured_media":0,"parent":0,"menu_order":0,"comment_status":"closed","ping_status":"closed","template":"","meta":[],"_links":{"self":[{"href":"https:\/\/blogs.univ-jfc.fr\/vphn\/wp-json\/wp\/v2\/pages\/5444"}],"collection":[{"href":"https:\/\/blogs.univ-jfc.fr\/vphn\/wp-json\/wp\/v2\/pages"}],"about":[{"href":"https:\/\/blogs.univ-jfc.fr\/vphn\/wp-json\/wp\/v2\/types\/page"}],"author":[{"embeddable":true,"href":"https:\/\/blogs.univ-jfc.fr\/vphn\/wp-json\/wp\/v2\/users\/589"}],"replies":[{"embeddable":true,"href":"https:\/\/blogs.univ-jfc.fr\/vphn\/wp-json\/wp\/v2\/comments?post=5444"}],"version-history":[{"count":1,"href":"https:\/\/blogs.univ-jfc.fr\/vphn\/wp-json\/wp\/v2\/pages\/5444\/revisions"}],"predecessor-version":[{"id":5448,"href":"https:\/\/blogs.univ-jfc.fr\/vphn\/wp-json\/wp\/v2\/pages\/5444\/revisions\/5448"}],"wp:attachment":[{"href":"https:\/\/blogs.univ-jfc.fr\/vphn\/wp-json\/wp\/v2\/media?parent=5444"}],"curies":[{"name":"wp","href":"https:\/\/api.w.org\/{rel}","templated":true}]}}