{"id":5462,"date":"2020-01-16T12:00:45","date_gmt":"2020-01-16T11:00:45","guid":{"rendered":"http:\/\/blogs.univ-jfc.fr\/vphn\/?page_id=5462"},"modified":"2020-01-27T12:11:47","modified_gmt":"2020-01-27T11:11:47","slug":"pour-aller-plus-loin-bataille-de-toulouse-1814","status":"publish","type":"page","link":"https:\/\/blogs.univ-jfc.fr\/vphn\/pour-aller-plus-loin-bataille-de-toulouse-1814\/","title":{"rendered":"Bibliographie Bataille de Toulouse 1814"},"content":{"rendered":"<p style=\"text-align: left\">Voici une s\u00e9lection d&rsquo;ouvrages pour aller plus loin:<\/p>\n<p style=\"text-align: left\">ESCALETTES Jean-Paul, <em>10 avril 1814, la bataille de Toulouse : les g\u00e9n\u00e9raux, l\u2019armement, la vie quotidienne, les lieux,<\/em> Portet-sur-Garonne, Loubati\u00e8res, 2003, 149 p.<\/p>\n<p style=\"text-align: left\">HULOT Fr\u00e9d\u00e9ric, <em>Le mar\u00e9chal Soult<\/em>, Paris, Pygmalion, 2003, 253 p.<\/p>\n<p style=\"text-align: left\">LENTZ Thierry , <em>Nouvelle histoire du Premier Empire\u00a0. 2\u00a0. L\u2019effondrement du syst\u00e8me napol\u00e9onien, 1810-1814<\/em>, Paris, Fayard, 2004, 681 p.<\/p>\n<p>TAILLEFER Michel,<em> Nouvelle histoire de Toulouse<\/em>, Privat, collection Histoire des villes, Toulouse, 2002, 383 p.<\/p>\n<p>TRANIE Jean, CARMIGNIANI Juan-Carlos, <em>Napol\u00e9on : 1814, la campagne de France, Pygmalion,<\/em> Paris, 1989, 311 p.<\/p>\n<p><em>Plan de la Bataille de Toulouse entre l&rsquo;Arm\u00e9e fran\u00e7aise Sous les ordres du Mal Duc de Dalmatie et l&rsquo;Arm\u00e9e anglaise, portugaise et espagnole command\u00e9e par le Lord Wellington, Plan de bataille<\/em>,<a href=\"https:\/\/gallica.bnf.fr\/ark:\/12148\/btv1b530300167\/f1.item.zoom\"> https:\/\/gallica.bnf.fr\/ark:\/12148\/btv1b530300167\/f1.item.zoom<\/a><\/p>\n<p>&nbsp;<\/p>\n","protected":false},"excerpt":{"rendered":"<p>Voici une s\u00e9lection d&rsquo;ouvrages pour aller plus loin: ESCALETTES Jean-Paul, 10 avril 1814, la bataille de Toulouse : les g\u00e9n\u00e9raux, l\u2019armement, la vie quotidienne, les lieux, Portet-sur-Garonne, Loubati\u00e8res, 2003, 149 p. HULOT Fr\u00e9d\u00e9ric, Le mar\u00e9chal Soult, Paris, Pygmalion, 2003, 253 p. LENTZ Thierry , Nouvelle histoire du Premier Empire\u00a0. 2\u00a0. L\u2019effondrement du syst\u00e8me napol\u00e9onien, 1810-1814, &hellip; <\/p>\n<p class=\"link-more\"><a href=\"https:\/\/blogs.univ-jfc.fr\/vphn\/pour-aller-plus-loin-bataille-de-toulouse-1814\/\" class=\"more-link\">Continuer la lecture<span class=\"screen-reader-text\"> de &laquo;&nbsp;Bibliographie Bataille de Toulouse 1814&nbsp;&raquo;<\/span><\/a><\/p>\n","protected":false},"author":565,"featured_media":0,"parent":0,"menu_order":0,"comment_status":"closed","ping_status":"closed","template":"","meta":[],"_links":{"self":[{"href":"https:\/\/blogs.univ-jfc.fr\/vphn\/wp-json\/wp\/v2\/pages\/5462"}],"collection":[{"href":"https:\/\/blogs.univ-jfc.fr\/vphn\/wp-json\/wp\/v2\/pages"}],"about":[{"href":"https:\/\/blogs.univ-jfc.fr\/vphn\/wp-json\/wp\/v2\/types\/page"}],"author":[{"embeddable":true,"href":"https:\/\/blogs.univ-jfc.fr\/vphn\/wp-json\/wp\/v2\/users\/565"}],"replies":[{"embeddable":true,"href":"https:\/\/blogs.univ-jfc.fr\/vphn\/wp-json\/wp\/v2\/comments?post=5462"}],"version-history":[{"count":8,"href":"https:\/\/blogs.univ-jfc.fr\/vphn\/wp-json\/wp\/v2\/pages\/5462\/revisions"}],"predecessor-version":[{"id":5921,"href":"https:\/\/blogs.univ-jfc.fr\/vphn\/wp-json\/wp\/v2\/pages\/5462\/revisions\/5921"}],"wp:attachment":[{"href":"https:\/\/blogs.univ-jfc.fr\/vphn\/wp-json\/wp\/v2\/media?parent=5462"}],"curies":[{"name":"wp","href":"https:\/\/api.w.org\/{rel}","templated":true}]}}