{"id":5552,"date":"2020-01-16T16:04:10","date_gmt":"2020-01-16T15:04:10","guid":{"rendered":"http:\/\/blogs.univ-jfc.fr\/vphn\/?page_id=5552"},"modified":"2020-01-16T16:07:52","modified_gmt":"2020-01-16T15:07:52","slug":"bibliographie-labbaye-de-loc-dieu-a-martiel-12200","status":"publish","type":"page","link":"https:\/\/blogs.univ-jfc.fr\/vphn\/patrimoine-et-sites-remarquables\/labbaye-de-de-loc-dieu-a-martiel-2020\/bibliographie-labbaye-de-loc-dieu-a-martiel-12200\/","title":{"rendered":"Bibliographie L&rsquo;Abbaye de Loc-Dieu \u00e0 Martiel (12200)"},"content":{"rendered":"<h1 class=\"western\" align=\"center\"><span style=\"font-size: xx-large\">Sources et Bibliographie\u00a0: <\/span><\/h1>\n<h1 class=\"western\" align=\"center\"><span style=\"font-size: xx-large\">L\u2019Abbaye de Loc-Dieu de 1123 \u00e0 1789 <\/span><\/h1>\n<h3 class=\"western\">Sources et Archives\u00a0:<\/h3>\n<p align=\"justify\"><span style=\"font-family: Times New Roman, serif\"><span style=\"font-size: medium\">Tableau de la s\u00e9rie H, 2H, 10, Vacant Abbaye de Loc Dieu, Archives d\u00e9partementales de l\u2019Aveyron, Inventaire des Archives Hospitali\u00e8res de Villefranche (BONNET Gabrielle), 1992. <\/span><\/span><\/p>\n<p align=\"justify\"><span style=\"font-family: Times New Roman, serif\"><span style=\"font-size: medium\">LocDieu, Livre des us et c\u00e9r\u00e9monies de l\u2019ordre de C\u00eeteaux, Livre, manuscrit de r\u00e8gle de vie, sur papier, XVIIe si\u00e8cle, Ms 25- M\u00e9diath\u00e8que municipale de Rodez. <\/span><\/span><\/p>\n<p>Ouvrages g\u00e9n\u00e9raux\u00a0:<\/p>\n<p>Abbayes et l\u2019Ordre de C\u00eeteaux:<\/p>\n<p align=\"justify\"><span style=\"font-family: Times New Roman, serif\">AUBERT (M.), <i>L&rsquo;architecture cistercienne en France<\/i>. Paris, 1943.<\/span><\/p>\n<p align=\"justify\"><span style=\"font-family: Times New Roman, serif\">BEAUNIER et BESSE\u00a0; <i>Abbaye et prieur\u00e9s de l\u2019ancienne France<\/i>, Arch. de la France monastique, 16 vol., Paris, 1905-1941.<\/span><\/p>\n<p align=\"justify\"><span style=\"font-family: Times New Roman, serif\">BEDEL (C-P.)<\/span><span style=\"font-family: Times New Roman, serif\">, <\/span><cite><span style=\"font-family: Times New Roman, serif\"><span lang=\"oc-FR\">Vilafranca\u00a0: Marci\u00e8l, Morlhon, La Roqueta, Savinhac, Tolonjac, Valhorlhas \/ Christian-Pierre Bedel e los estatjants del canton de Vilafranca<\/span><\/span><\/cite><span style=\"font-family: Times New Roman, serif\">, Rodez, Mission d\u00e9partementale de la culture, coll.\u00a0\u00ab\u00a0Al canton\u00a0\u00bb, 2002.<\/span><\/p>\n<p align=\"justify\"><span style=\"font-family: Times New Roman, serif\">CALI (F.), <i>L\u2019Ordre Cistercien<\/i>, Paris, 1972.<\/span><\/p>\n<p align=\"justify\"><span style=\"font-family: Times New Roman, serif\">LEBEAU (M.), <i>Chronologie de l\u2019histoire de C\u00eeteaux<\/i>, Dijon, 1987.<\/span><\/p>\n<p align=\"justify\"><span style=\"font-family: Times New Roman, serif\">MAZEL ( F.), <i>F\u00e9odalit\u00e9s<\/i>, <i>888-1180<\/i>, Belin, coll. \u00ab\u00a0Histoire de France\u00a0\u00bb (dir. J. Cornette), Paris, 2010, 2014.<\/span><\/p>\n<p align=\"justify\"><span style=\"font-family: Times New Roman, serif\">COLLECTIF, <i>L&rsquo;ab\u00e9c\u00e9daire des Cisterciens et du monde de C\u00eeteaux<\/i>, Paris, , 1998.<\/span><\/p>\n<p align=\"justify\">Le Rouergue M\u00e9di\u00e9val\u00a0 :<\/p>\n<p align=\"justify\"><em><span style=\"font-family: Times New Roman, serif\">BOURGEOIS (G.)<\/span><\/em><em><span style=\"font-family: Times New Roman, serif\">, <\/span><\/em><em><span style=\"font-family: Times New Roman, serif\">Annales du Midi : revue arch\u00e9ologique, historique et philologique de la France m\u00e9ridionale<\/span><\/em><span style=\"font-family: Times New Roman, serif\">, Tome 86, N\u00b0116, 1974. <\/span><\/p>\n<p align=\"justify\"><span style=\"font-family: Times New Roman, serif\">DE GOURNAY (Fr.), <i>Le Rouergue au tournant de l\u2019An mil\u00a0: De l\u2019ordre carolingien \u00e0 l\u2019ordre f\u00e9odal ( IXe -XIIe si\u00e8cle)<\/i>, Soci\u00e9t\u00e9 des lettres, sciences et arts de l\u2019Aveyron, 2004. <\/span><\/p>\n<p align=\"justify\"><span style=\"font-family: Times New Roman, serif\">DOYEN (B.), <i>Structuration d\u2019un paysage. L\u2019occupation du sol en Thi\u00e9rarche du XIe au XVIe<\/i>, th\u00e8se sous la dir. de Ch. Vulliez, Reims, 2003.<\/span><\/p>\n<p align=\"justify\">Les \u00e9glises et abbayes du Rouergue\u00a0:<\/p>\n<p align=\"justify\"><span style=\"font-family: Times New Roman, serif\">ARTIERES (H.), <i>Vieilles \u00e9glises en Rouergue<\/i>, 2015. <\/span><\/p>\n<p align=\"justify\"><span style=\"font-family: Times New Roman, serif\">AUVITY (F.), <cite>Notre-Dame de Bonneval, Aveyron, huit si\u00e8cles de vie cistercienne, 1147-1947<\/cite>, Rodez, Carr\u00e8re, 1948.<\/span><\/p>\n<p align=\"justify\"><span style=\"font-family: Times New Roman, serif\">BRAS (A.) , <cite>Bonneval, une abbaye cistercienne en Rouergue<\/cite>, Toulouse, Privat, 2008.<\/span><\/p>\n<p align=\"justify\"><span style=\"font-family: Times New Roman, serif\">DUBOURG (J.), <\/span><cite><span style=\"font-family: Times New Roman, serif\">Les Abbayes de Midi-Pyr\u00e9n\u00e9es<\/span><\/cite><span style=\"font-family: Times New Roman, serif\">, Saint-Cyr-sur-Loire, \u00e9ditions Alan Sutton, 2009.<\/span><\/p>\n<p align=\"justify\"><span style=\"font-family: Times New Roman, serif\">DURAND (G.), <cite>L&rsquo;Abbaye de Sylvan\u00e8s\u00a0: guide du visiteur<\/cite>, Carcassonne, Centre d&rsquo;arch\u00e9ologie m\u00e9di\u00e9vale du Languedoc, coll.\u00a0\u00ab\u00a0Abbayes m\u00e9di\u00e9vales du Languedoc\u00a0: Aveyron\u00a0\u00bb, 1983.<\/span><\/p>\n<p align=\"justify\">\u00c9tudes\u00a0sur l\u2019Abbaye de Loc-Dieu:<\/p>\n<p align=\"justify\"><span style=\"font-family: Times New Roman, serif\">AUBERT<\/span> <span style=\"font-family: Times New Roman, serif\">(<\/span><span style=\"font-family: Times New Roman, serif\">M.<\/span><span style=\"font-family: Times New Roman, serif\">),<\/span><span style=\"font-family: Times New Roman, serif\"> Existe-t-il une architecture cistercienne ?. <\/span><span style=\"font-family: Times New Roman, serif\">Dans<\/span><span style=\"font-family: Times New Roman, serif\">: <\/span><em><span style=\"font-family: Times New Roman, serif\">Cahiers de civilisation m\u00e9di\u00e9vale<\/span><\/em><span style=\"font-family: Times New Roman, serif\">, 1e ann\u00e9e (n\u00b02), Avril-juin 1958. pp. 153-158. <\/span><\/p>\n<p align=\"justify\"><span style=\"font-family: Times New Roman, serif\">BAGNERIS (F.) Martiel (Aveyron) : <i>ancienne abbaye Notre-Dame de Loc-Dieu, Anciennes abbayes en Midi-Pyr\u00e9n\u00e9es<\/i>, Kneubuhler Michel, Toulouse, Randonn\u00e9es Pyr\u00e9n\u00e9ennes, A.D.D.H.O.C., 1991, pp. 253-255.<\/span><\/p>\n<p align=\"justify\"><span style=\"font-family: Times New Roman, serif\">CUERNE (L.) de. <i>L&rsquo;abbaye cistercienne de Loc-Dieu<\/i>, Connaissance du Monde, N\u00b0 84, novembre 1965, 14p. <\/span><\/p>\n<p align=\"justify\"><span style=\"font-family: Times New Roman, serif\">DE MONTALIVET (C.), <i>Loc-Dieu<\/i>, \u00e9dition du Beffroi, 1989. <\/span><\/p>\n<p align=\"justify\"><span style=\"font-family: Times New Roman, serif\">PRADALIER (H.) et PEYRUSSE (L.), <\/span><span style=\"font-family: Times New Roman, serif\"><i>Locdieu. \u00c9glise et b\u00e2timents abbatiaux<\/i><\/span><span style=\"font-family: Times New Roman, serif\">, p.\u00a0211-225, dans Congr\u00e8s arch\u00e9ologique de France. 167e\u00a0session. Monuments de l&rsquo;Aveyron. 2009, Soci\u00e9t\u00e9 fran\u00e7aise d&rsquo;arch\u00e9ologie, Paris, 2011.<\/span><\/p>\n<p align=\"justify\"><span style=\"font-family: Times New Roman, serif\">VICTOR (L.) (abb\u00e9), <\/span><span style=\"font-family: Times New Roman, serif\"><i>Histoire de la fondation de l&rsquo;abbaye de Loc-Dieu<\/i><\/span><span style=\"font-family: Times New Roman, serif\">, M\u00e9moires de la Soci\u00e9t\u00e9 des Lettres, Sciences et Arts de l&rsquo;Aveyron, 1878.<\/span><\/p>\n<p align=\"justify\">\u00c9tudiants : BEDU Antoine (L2), BERGESIO Lino (L1)<\/p>\n","protected":false},"excerpt":{"rendered":"<p>Sources et Bibliographie\u00a0: L\u2019Abbaye de Loc-Dieu de 1123 \u00e0 1789 Sources et Archives\u00a0: Tableau de la s\u00e9rie H, 2H, 10, Vacant Abbaye de Loc Dieu, Archives d\u00e9partementales de l\u2019Aveyron, Inventaire des Archives Hospitali\u00e8res de Villefranche (BONNET Gabrielle), 1992. LocDieu, Livre des us et c\u00e9r\u00e9monies de l\u2019ordre de C\u00eeteaux, Livre, manuscrit de r\u00e8gle de vie, sur &hellip; <\/p>\n<p class=\"link-more\"><a href=\"https:\/\/blogs.univ-jfc.fr\/vphn\/patrimoine-et-sites-remarquables\/labbaye-de-de-loc-dieu-a-martiel-2020\/bibliographie-labbaye-de-loc-dieu-a-martiel-12200\/\" class=\"more-link\">Continuer la lecture<span class=\"screen-reader-text\"> de &laquo;&nbsp;Bibliographie L&rsquo;Abbaye de Loc-Dieu \u00e0 Martiel (12200)&nbsp;&raquo;<\/span><\/a><\/p>\n","protected":false},"author":598,"featured_media":0,"parent":5400,"menu_order":0,"comment_status":"closed","ping_status":"closed","template":"","meta":[],"_links":{"self":[{"href":"https:\/\/blogs.univ-jfc.fr\/vphn\/wp-json\/wp\/v2\/pages\/5552"}],"collection":[{"href":"https:\/\/blogs.univ-jfc.fr\/vphn\/wp-json\/wp\/v2\/pages"}],"about":[{"href":"https:\/\/blogs.univ-jfc.fr\/vphn\/wp-json\/wp\/v2\/types\/page"}],"author":[{"embeddable":true,"href":"https:\/\/blogs.univ-jfc.fr\/vphn\/wp-json\/wp\/v2\/users\/598"}],"replies":[{"embeddable":true,"href":"https:\/\/blogs.univ-jfc.fr\/vphn\/wp-json\/wp\/v2\/comments?post=5552"}],"version-history":[{"count":5,"href":"https:\/\/blogs.univ-jfc.fr\/vphn\/wp-json\/wp\/v2\/pages\/5552\/revisions"}],"predecessor-version":[{"id":5560,"href":"https:\/\/blogs.univ-jfc.fr\/vphn\/wp-json\/wp\/v2\/pages\/5552\/revisions\/5560"}],"up":[{"embeddable":true,"href":"https:\/\/blogs.univ-jfc.fr\/vphn\/wp-json\/wp\/v2\/pages\/5400"}],"wp:attachment":[{"href":"https:\/\/blogs.univ-jfc.fr\/vphn\/wp-json\/wp\/v2\/media?parent=5552"}],"curies":[{"name":"wp","href":"https:\/\/api.w.org\/{rel}","templated":true}]}}