{"id":5653,"date":"2020-01-23T11:07:06","date_gmt":"2020-01-23T10:07:06","guid":{"rendered":"http:\/\/blogs.univ-jfc.fr\/vphn\/?page_id=5653"},"modified":"2020-01-23T11:33:42","modified_gmt":"2020-01-23T10:33:42","slug":"la-famille-solage","status":"publish","type":"page","link":"https:\/\/blogs.univ-jfc.fr\/vphn\/la-famille-solage\/","title":{"rendered":"La famille Solage"},"content":{"rendered":"<p align=\"justify\"><span style=\"color: #ffffff\"><span style=\"font-family: 'Times New Roman', serif\">En 1742, Antoine-Paulin de Solages, fils de Fran\u00e7ois-Paul, h\u00e9rite du titre de marquis de Carmaux. Il obtint la concession des mines de Carmaux en 1748. Ne parvenant pas \u00e0 g\u00e9rer seul les mines, il demande l\u2019aide de son fr\u00e8re Gabriel-Charles de Solages<\/span><span style=\"text-decoration: line-through\"><span style=\"font-family: 'Times New Roman', serif\">,<\/span><\/span><span style=\"font-family: 'Times New Roman', serif\"> plus exp\u00e9riment\u00e9 et connu des autorit\u00e9s royales. Le 12 septembre 1752, Louis XV accorde au chevalier de Solages, le monopole de l\u2019exploitation des mines de Carmaux, pour vingt ans.<\/span><\/span><\/p>\n","protected":false},"excerpt":{"rendered":"<p>En 1742, Antoine-Paulin de Solages, fils de Fran\u00e7ois-Paul, h\u00e9rite du titre de marquis de Carmaux. Il obtint la concession des mines de Carmaux en 1748. Ne parvenant pas \u00e0 g\u00e9rer seul les mines, il demande l\u2019aide de son fr\u00e8re Gabriel-Charles de Solages, plus exp\u00e9riment\u00e9 et connu des autorit\u00e9s royales. Le 12 septembre 1752, Louis XV &hellip; <\/p>\n<p class=\"link-more\"><a href=\"https:\/\/blogs.univ-jfc.fr\/vphn\/la-famille-solage\/\" class=\"more-link\">Continuer la lecture<span class=\"screen-reader-text\"> de &laquo;&nbsp;La famille Solage&nbsp;&raquo;<\/span><\/a><\/p>\n","protected":false},"author":704,"featured_media":0,"parent":0,"menu_order":0,"comment_status":"closed","ping_status":"closed","template":"","meta":[],"_links":{"self":[{"href":"https:\/\/blogs.univ-jfc.fr\/vphn\/wp-json\/wp\/v2\/pages\/5653"}],"collection":[{"href":"https:\/\/blogs.univ-jfc.fr\/vphn\/wp-json\/wp\/v2\/pages"}],"about":[{"href":"https:\/\/blogs.univ-jfc.fr\/vphn\/wp-json\/wp\/v2\/types\/page"}],"author":[{"embeddable":true,"href":"https:\/\/blogs.univ-jfc.fr\/vphn\/wp-json\/wp\/v2\/users\/704"}],"replies":[{"embeddable":true,"href":"https:\/\/blogs.univ-jfc.fr\/vphn\/wp-json\/wp\/v2\/comments?post=5653"}],"version-history":[{"count":2,"href":"https:\/\/blogs.univ-jfc.fr\/vphn\/wp-json\/wp\/v2\/pages\/5653\/revisions"}],"predecessor-version":[{"id":5730,"href":"https:\/\/blogs.univ-jfc.fr\/vphn\/wp-json\/wp\/v2\/pages\/5653\/revisions\/5730"}],"wp:attachment":[{"href":"https:\/\/blogs.univ-jfc.fr\/vphn\/wp-json\/wp\/v2\/media?parent=5653"}],"curies":[{"name":"wp","href":"https:\/\/api.w.org\/{rel}","templated":true}]}}