{"id":5666,"date":"2020-01-23T11:09:52","date_gmt":"2020-01-23T10:09:52","guid":{"rendered":"http:\/\/blogs.univ-jfc.fr\/vphn\/?page_id=5666"},"modified":"2020-01-23T11:33:08","modified_gmt":"2020-01-23T10:33:08","slug":"derogeance","status":"publish","type":"page","link":"https:\/\/blogs.univ-jfc.fr\/vphn\/derogeance\/","title":{"rendered":"D\u00e9rogeance"},"content":{"rendered":"<p align=\"justify\"><span style=\"font-family: 'Times New Roman', serif\">Le risque de d\u00e9rogeance est la sanction, qui prive de privil\u00e8ge, voire de noblesse, un noble qui a eu une activit\u00e9 \u00e9conomique. Cependant, celle-ci ne s\u2019applique pas en ce qui concerne l\u2019exploitation des mines, \u00e0 condition d&rsquo;\u00eatre pratiqu\u00e9e \u00e0 grande \u00e9chelle.<\/span><\/p>\n","protected":false},"excerpt":{"rendered":"<p>Le risque de d\u00e9rogeance est la sanction, qui prive de privil\u00e8ge, voire de noblesse, un noble qui a eu une activit\u00e9 \u00e9conomique. Cependant, celle-ci ne s\u2019applique pas en ce qui concerne l\u2019exploitation des mines, \u00e0 condition d&rsquo;\u00eatre pratiqu\u00e9e \u00e0 grande \u00e9chelle.<\/p>\n","protected":false},"author":704,"featured_media":0,"parent":0,"menu_order":0,"comment_status":"closed","ping_status":"closed","template":"","meta":[],"_links":{"self":[{"href":"https:\/\/blogs.univ-jfc.fr\/vphn\/wp-json\/wp\/v2\/pages\/5666"}],"collection":[{"href":"https:\/\/blogs.univ-jfc.fr\/vphn\/wp-json\/wp\/v2\/pages"}],"about":[{"href":"https:\/\/blogs.univ-jfc.fr\/vphn\/wp-json\/wp\/v2\/types\/page"}],"author":[{"embeddable":true,"href":"https:\/\/blogs.univ-jfc.fr\/vphn\/wp-json\/wp\/v2\/users\/704"}],"replies":[{"embeddable":true,"href":"https:\/\/blogs.univ-jfc.fr\/vphn\/wp-json\/wp\/v2\/comments?post=5666"}],"version-history":[{"count":2,"href":"https:\/\/blogs.univ-jfc.fr\/vphn\/wp-json\/wp\/v2\/pages\/5666\/revisions"}],"predecessor-version":[{"id":5729,"href":"https:\/\/blogs.univ-jfc.fr\/vphn\/wp-json\/wp\/v2\/pages\/5666\/revisions\/5729"}],"wp:attachment":[{"href":"https:\/\/blogs.univ-jfc.fr\/vphn\/wp-json\/wp\/v2\/media?parent=5666"}],"curies":[{"name":"wp","href":"https:\/\/api.w.org\/{rel}","templated":true}]}}