{"id":5706,"date":"2020-01-23T11:26:47","date_gmt":"2020-01-23T10:26:47","guid":{"rendered":"http:\/\/blogs.univ-jfc.fr\/vphn\/?page_id=5706"},"modified":"2020-01-23T11:34:19","modified_gmt":"2020-01-23T10:34:19","slug":"la-greve-de-1892-a-carmaux","status":"publish","type":"page","link":"https:\/\/blogs.univ-jfc.fr\/vphn\/la-greve-de-1892-a-carmaux\/","title":{"rendered":"La gr\u00e8ve de 1892 \u00e0 Carmaux"},"content":{"rendered":"<p align=\"justify\"><span style=\"font-family: 'Times New Roman', serif\">En 1889, Ludovic de Solages est \u00e9lu d\u00e9put\u00e9 de Carmaux. Mais, on lui reproche ses m\u00e9thodes \u00e9lectorales, notamment, les pressions pour un vote en sa faveur en mena\u00e7ant de renvoi les r\u00e9fractaires. Cependant, la propagande socialiste, faite par le syndicat et le parti ouvrier fran\u00e7ais, avec le journal \u00ab la voix des travailleurs \u00bb, sensibilise les mineurs. Ils r\u00e9alisent que les gr\u00e8ves, pour l&rsquo;am\u00e9lioration de leur condition, sont insuffisantes, trop longues, souvent violentes et toujours difficiles \u00e0 supporter financi\u00e8rement. Germe alors l&rsquo;id\u00e9e, que des repr\u00e9sentants \u00e9lus, d\u00e9fendent plus efficacement leurs revendications. Ces repr\u00e9sentants issus de leur milieu, sauront les repr\u00e9senter. C\u2019est avec cette logique politique que Jean Baptiste Calvignac est \u00e9lu maire, puis conseiller g\u00e9n\u00e9ral, battant Cabot le candidat du marquis.Comme c\u2019est dit ici, on ne voit pas le lien de cause \u00e0 effet, il manque une explication, il vaut mieux l\u2019enlever. <\/span><span style=\"font-family: 'Times New Roman', serif\">Cela marque la progression du parti socialiste et, le d\u00e9but de l&rsquo;opposition avec la direction des mines. Elle souhaite avoir une emprise sur la r\u00e9gion et sur ses ouvriers. Elle licencie Jean Baptiste Calvignac, pr\u00e9textant que son activit\u00e9 politique nuit \u00e0 son activit\u00e9 professionnelle de mineurs. Ce licenciement provoque une gr\u00e8ve g\u00e9n\u00e9rale, qui prend avec l&rsquo;implication de Jean Jaur\u00e8s, qui soutient les mineurs, une importance nationale. Les mineurs emportent<\/span> <span style=\"font-family: 'Times New Roman', serif\">finalement la victoire sur le marquis. Jean Baptiste Calvignac est r\u00e9int\u00e9gr\u00e9 dans les effectifs de la mine et Jean Jaur\u00e8s devient d\u00e9put\u00e9 de Carmaux \u00e0 la place du marquis. Le marquis de Solages retrouve son poste ded\u00e9put\u00e9 en 1898, mais Jean Jaur\u00e8s en 1902, se fait de nouveau \u00e9lire. Cependant, en pr\u00f4nant le pacifisme, il est assassiner par le nationaliste Raoul Villain, \u00e0 la veille de la Premi\u00e8re Guerre mondiale. Cet \u00e9v\u00e9nement entra\u00eene le ralliement de la gauche \u00e0 l&rsquo;Union sacr\u00e9<\/span><\/p>\n","protected":false},"excerpt":{"rendered":"<p>En 1889, Ludovic de Solages est \u00e9lu d\u00e9put\u00e9 de Carmaux. Mais, on lui reproche ses m\u00e9thodes \u00e9lectorales, notamment, les pressions pour un vote en sa faveur en mena\u00e7ant de renvoi les r\u00e9fractaires. Cependant, la propagande socialiste, faite par le syndicat et le parti ouvrier fran\u00e7ais, avec le journal \u00ab la voix des travailleurs \u00bb, sensibilise &hellip; <\/p>\n<p class=\"link-more\"><a href=\"https:\/\/blogs.univ-jfc.fr\/vphn\/la-greve-de-1892-a-carmaux\/\" class=\"more-link\">Continuer la lecture<span class=\"screen-reader-text\"> de &laquo;&nbsp;La gr\u00e8ve de 1892 \u00e0 Carmaux&nbsp;&raquo;<\/span><\/a><\/p>\n","protected":false},"author":704,"featured_media":0,"parent":0,"menu_order":0,"comment_status":"closed","ping_status":"closed","template":"","meta":[],"_links":{"self":[{"href":"https:\/\/blogs.univ-jfc.fr\/vphn\/wp-json\/wp\/v2\/pages\/5706"}],"collection":[{"href":"https:\/\/blogs.univ-jfc.fr\/vphn\/wp-json\/wp\/v2\/pages"}],"about":[{"href":"https:\/\/blogs.univ-jfc.fr\/vphn\/wp-json\/wp\/v2\/types\/page"}],"author":[{"embeddable":true,"href":"https:\/\/blogs.univ-jfc.fr\/vphn\/wp-json\/wp\/v2\/users\/704"}],"replies":[{"embeddable":true,"href":"https:\/\/blogs.univ-jfc.fr\/vphn\/wp-json\/wp\/v2\/comments?post=5706"}],"version-history":[{"count":2,"href":"https:\/\/blogs.univ-jfc.fr\/vphn\/wp-json\/wp\/v2\/pages\/5706\/revisions"}],"predecessor-version":[{"id":5733,"href":"https:\/\/blogs.univ-jfc.fr\/vphn\/wp-json\/wp\/v2\/pages\/5706\/revisions\/5733"}],"wp:attachment":[{"href":"https:\/\/blogs.univ-jfc.fr\/vphn\/wp-json\/wp\/v2\/media?parent=5706"}],"curies":[{"name":"wp","href":"https:\/\/api.w.org\/{rel}","templated":true}]}}