{"id":5719,"date":"2020-01-23T11:29:21","date_gmt":"2020-01-23T10:29:21","guid":{"rendered":"http:\/\/blogs.univ-jfc.fr\/vphn\/?page_id=5719"},"modified":"2020-01-23T11:29:21","modified_gmt":"2020-01-23T10:29:21","slug":"politique-patronale-des-solages","status":"publish","type":"page","link":"https:\/\/blogs.univ-jfc.fr\/vphn\/politique-patronale-des-solages\/","title":{"rendered":"Politique patronale des Solages"},"content":{"rendered":"<p>Pour attirer les nouveaux mineurs, elle met en place une politique de construction d&rsquo;espaces publics agr\u00e9ables, mais aussi, de cit\u00e9s ouvri\u00e8res. En 1923, elle fait construire de nouveaux parcs, notamment, celui du Pr\u00e9-Grand, un jardin public particuli\u00e8rement luxueux, o\u00f9, on pouvait trouver des statues en bronze, un monument aux morts, un kiosque et des bassins. Ou encore, celui du Candou, comprenant diff\u00e9rentes infrastructures sportives (tennis, piscine, gymnase en plein air). Elle fait construire en 1920, des cit\u00e9s destin\u00e9es aux mineurs, tels que les Bruy\u00e8res (sur la commune de Blaye-les-Mines), et surtout Fontgrande (\u00e0 Saint-Beno\u00eet-de-Carmaux), destin\u00e9e \u00e0 loger les familles nombreuses, dans des maisons \u00e9quip\u00e9es de mani\u00e8re moderne pour l\u2019\u00e9poque. De plus, une \u00e9cole primaire, destin\u00e9e aux enfants des mineurs, est construite \u00e0 Fontgrande.<\/p>\n","protected":false},"excerpt":{"rendered":"<p>Pour attirer les nouveaux mineurs, elle met en place une politique de construction d&rsquo;espaces publics agr\u00e9ables, mais aussi, de cit\u00e9s ouvri\u00e8res. En 1923, elle fait construire de nouveaux parcs, notamment, celui du Pr\u00e9-Grand, un jardin public particuli\u00e8rement luxueux, o\u00f9, on pouvait trouver des statues en bronze, un monument aux morts, un kiosque et des bassins. &hellip; <\/p>\n<p class=\"link-more\"><a href=\"https:\/\/blogs.univ-jfc.fr\/vphn\/politique-patronale-des-solages\/\" class=\"more-link\">Continuer la lecture<span class=\"screen-reader-text\"> de &laquo;&nbsp;Politique patronale des Solages&nbsp;&raquo;<\/span><\/a><\/p>\n","protected":false},"author":704,"featured_media":0,"parent":0,"menu_order":0,"comment_status":"closed","ping_status":"closed","template":"","meta":[],"_links":{"self":[{"href":"https:\/\/blogs.univ-jfc.fr\/vphn\/wp-json\/wp\/v2\/pages\/5719"}],"collection":[{"href":"https:\/\/blogs.univ-jfc.fr\/vphn\/wp-json\/wp\/v2\/pages"}],"about":[{"href":"https:\/\/blogs.univ-jfc.fr\/vphn\/wp-json\/wp\/v2\/types\/page"}],"author":[{"embeddable":true,"href":"https:\/\/blogs.univ-jfc.fr\/vphn\/wp-json\/wp\/v2\/users\/704"}],"replies":[{"embeddable":true,"href":"https:\/\/blogs.univ-jfc.fr\/vphn\/wp-json\/wp\/v2\/comments?post=5719"}],"version-history":[{"count":1,"href":"https:\/\/blogs.univ-jfc.fr\/vphn\/wp-json\/wp\/v2\/pages\/5719\/revisions"}],"predecessor-version":[{"id":5721,"href":"https:\/\/blogs.univ-jfc.fr\/vphn\/wp-json\/wp\/v2\/pages\/5719\/revisions\/5721"}],"wp:attachment":[{"href":"https:\/\/blogs.univ-jfc.fr\/vphn\/wp-json\/wp\/v2\/media?parent=5719"}],"curies":[{"name":"wp","href":"https:\/\/api.w.org\/{rel}","templated":true}]}}