{"id":5842,"date":"2020-01-23T12:37:43","date_gmt":"2020-01-23T11:37:43","guid":{"rendered":"http:\/\/blogs.univ-jfc.fr\/vphn\/?page_id=5842"},"modified":"2020-01-23T12:37:43","modified_gmt":"2020-01-23T11:37:43","slug":"crise-du-canal-de-suez-1956","status":"publish","type":"page","link":"https:\/\/blogs.univ-jfc.fr\/vphn\/crise-du-canal-de-suez-1956\/","title":{"rendered":"Crise du Canal de Suez (1956)"},"content":{"rendered":"<p>Conflit entre l\u2019\u00c9gypte, la France et le Royaume-Uni suite \u00e0 la nationalisation du Canal de Suez. De ce fait, l\u2019\u00c9gypte refuse que le canal soit nationalis\u00e9, or la France et le Royaume-Uni m\u00e8nent une op\u00e9ration arm\u00e9e afin d&rsquo;obtenir gain de cause. Le Canal de Suez sera finalement nationalis\u00e9 en 1956.<\/p>\n","protected":false},"excerpt":{"rendered":"<p>Conflit entre l\u2019\u00c9gypte, la France et le Royaume-Uni suite \u00e0 la nationalisation du Canal de Suez. De ce fait, l\u2019\u00c9gypte refuse que le canal soit nationalis\u00e9, or la France et le Royaume-Uni m\u00e8nent une op\u00e9ration arm\u00e9e afin d&rsquo;obtenir gain de cause. Le Canal de Suez sera finalement nationalis\u00e9 en 1956.<\/p>\n","protected":false},"author":580,"featured_media":0,"parent":0,"menu_order":0,"comment_status":"closed","ping_status":"closed","template":"","meta":[],"_links":{"self":[{"href":"https:\/\/blogs.univ-jfc.fr\/vphn\/wp-json\/wp\/v2\/pages\/5842"}],"collection":[{"href":"https:\/\/blogs.univ-jfc.fr\/vphn\/wp-json\/wp\/v2\/pages"}],"about":[{"href":"https:\/\/blogs.univ-jfc.fr\/vphn\/wp-json\/wp\/v2\/types\/page"}],"author":[{"embeddable":true,"href":"https:\/\/blogs.univ-jfc.fr\/vphn\/wp-json\/wp\/v2\/users\/580"}],"replies":[{"embeddable":true,"href":"https:\/\/blogs.univ-jfc.fr\/vphn\/wp-json\/wp\/v2\/comments?post=5842"}],"version-history":[{"count":1,"href":"https:\/\/blogs.univ-jfc.fr\/vphn\/wp-json\/wp\/v2\/pages\/5842\/revisions"}],"predecessor-version":[{"id":5844,"href":"https:\/\/blogs.univ-jfc.fr\/vphn\/wp-json\/wp\/v2\/pages\/5842\/revisions\/5844"}],"wp:attachment":[{"href":"https:\/\/blogs.univ-jfc.fr\/vphn\/wp-json\/wp\/v2\/media?parent=5842"}],"curies":[{"name":"wp","href":"https:\/\/api.w.org\/{rel}","templated":true}]}}