{"id":5847,"date":"2020-01-23T12:40:29","date_gmt":"2020-01-23T11:40:29","guid":{"rendered":"http:\/\/blogs.univ-jfc.fr\/vphn\/?page_id=5847"},"modified":"2020-01-23T12:40:29","modified_gmt":"2020-01-23T11:40:29","slug":"ceca","status":"publish","type":"page","link":"https:\/\/blogs.univ-jfc.fr\/vphn\/ceca\/","title":{"rendered":"CECA"},"content":{"rendered":"<p>La Communaut\u00e9 Europ\u00e9enne du Charbon et de l&rsquo;Acier fond\u00e9e sur le Trait\u00e9 de Paris (1951), entr\u00e9e en vigueur le 23 janvier 1952. Celle-ci est consid\u00e9r\u00e9e comme l&rsquo;anc\u00eatre de l&rsquo;Union Europ\u00e9enne actuelle.<\/p>\n","protected":false},"excerpt":{"rendered":"<p>La Communaut\u00e9 Europ\u00e9enne du Charbon et de l&rsquo;Acier fond\u00e9e sur le Trait\u00e9 de Paris (1951), entr\u00e9e en vigueur le 23 janvier 1952. Celle-ci est consid\u00e9r\u00e9e comme l&rsquo;anc\u00eatre de l&rsquo;Union Europ\u00e9enne actuelle.<\/p>\n","protected":false},"author":580,"featured_media":0,"parent":0,"menu_order":0,"comment_status":"closed","ping_status":"closed","template":"","meta":[],"_links":{"self":[{"href":"https:\/\/blogs.univ-jfc.fr\/vphn\/wp-json\/wp\/v2\/pages\/5847"}],"collection":[{"href":"https:\/\/blogs.univ-jfc.fr\/vphn\/wp-json\/wp\/v2\/pages"}],"about":[{"href":"https:\/\/blogs.univ-jfc.fr\/vphn\/wp-json\/wp\/v2\/types\/page"}],"author":[{"embeddable":true,"href":"https:\/\/blogs.univ-jfc.fr\/vphn\/wp-json\/wp\/v2\/users\/580"}],"replies":[{"embeddable":true,"href":"https:\/\/blogs.univ-jfc.fr\/vphn\/wp-json\/wp\/v2\/comments?post=5847"}],"version-history":[{"count":1,"href":"https:\/\/blogs.univ-jfc.fr\/vphn\/wp-json\/wp\/v2\/pages\/5847\/revisions"}],"predecessor-version":[{"id":5849,"href":"https:\/\/blogs.univ-jfc.fr\/vphn\/wp-json\/wp\/v2\/pages\/5847\/revisions\/5849"}],"wp:attachment":[{"href":"https:\/\/blogs.univ-jfc.fr\/vphn\/wp-json\/wp\/v2\/media?parent=5847"}],"curies":[{"name":"wp","href":"https:\/\/api.w.org\/{rel}","templated":true}]}}