{"id":5924,"date":"2020-01-27T12:17:51","date_gmt":"2020-01-27T11:17:51","guid":{"rendered":"http:\/\/blogs.univ-jfc.fr\/vphn\/?page_id=5924"},"modified":"2020-01-27T12:36:42","modified_gmt":"2020-01-27T11:36:42","slug":"soult-bataille-de-toulouse-de-1814-2020","status":"publish","type":"page","link":"https:\/\/blogs.univ-jfc.fr\/vphn\/soult-bataille-de-toulouse-de-1814-2020\/","title":{"rendered":"Soult [Bataille de Toulouse de 1814, 2020]"},"content":{"rendered":"<p>&nbsp;<\/p>\n<figure id=\"attachment_5787\" aria-describedby=\"caption-attachment-5787\" style=\"width: 233px\" class=\"wp-caption aligncenter\"><img loading=\"lazy\" class=\"wp-image-5787 size-medium\" src=\"http:\/\/blogs.univ-jfc.fr\/vphn\/wp-content\/uploads\/sites\/65\/2020\/01\/Jean-de-Dieu_Soult_-_W\u00e4chter-233x300.jpg\" alt=\"La marechal Soult\" width=\"233\" height=\"300\" srcset=\"https:\/\/blogs.univ-jfc.fr\/vphn\/wp-content\/uploads\/sites\/65\/2020\/01\/Jean-de-Dieu_Soult_-_W\u00e4chter-233x300.jpg 233w, https:\/\/blogs.univ-jfc.fr\/vphn\/wp-content\/uploads\/sites\/65\/2020\/01\/Jean-de-Dieu_Soult_-_W\u00e4chter.jpg 736w\" sizes=\"(max-width: 233px) 100vw, 233px\" \/><figcaption id=\"caption-attachment-5787\" class=\"wp-caption-text\">Le mar\u00e9chal Jean-de-Dieu Soult, duc de Dalmatie (1769-1851) par Eberhard Georg Friedrich von W\u00e4chter<\/figcaption><\/figure>\n<p align=\"justify\">Jean-de-Dieu Soult est n\u00e9 le 29 mars 1769 \u00e0 Saint-Amans-la-Bastide, aujourd&rsquo;hui Saint-Amans-Soult dans le Tarn. Il est un homme d&rsquo;\u00c9tat et militaire fran\u00e7ais, duc de Dalmatie et mar\u00e9chal d\u2019Empire. Fils de notaire, il est promis \u00e0 une carri\u00e8re juridique. Cependant, il s\u2019engage en 1785 en tant que simple soldat dans le R\u00e9giment Royal d\u2019Infanterie.<\/p>\n<p align=\"justify\">Il monte rapidement en grade et est nomm\u00e9, 6 ans plus tard, sergent. Il continue ensuite \u00e0 gravir les \u00e9chelons jusqu\u2019\u00e0 devenir, en 1794, g\u00e9n\u00e9ral de brigade apr\u00e8s la bataille de Fleurus puis g\u00e9n\u00e9ral de division en 1799. Il est fait prisonnier \u00e0 Montecreto lors de la seconde campagne d\u2019Italie en 1800 puis est lib\u00e9r\u00e9 apr\u00e8s la bataille de Marengo. Soult jouera ensuite un r\u00f4le d\u00e9cisif dans les batailles d\u2019Austerlitz, d&rsquo;I\u00e9na et d\u2019Eylau.<\/p>\n<p align=\"justify\">En 1808, il est nomm\u00e9 commandant en chef de l\u2019arm\u00e9e d\u2019Espagne. Il y r\u00e9alise des exploits et projette m\u00eame de devenir roi du Portugal. A la suite de multiples d\u00e9faites, il est chass\u00e9 de la p\u00e9ninsule, puis est envoy\u00e9 \u00e0 Bayonne en 1813 avec pour mission de r\u00e9organiser l\u2019Arm\u00e9e du midi. Elle deviendra l\u2019Arm\u00e9e des Pyr\u00e9n\u00e9es, son centre logistique \u00e9tant bas\u00e9 \u00e0 Toulouse. Soult et son arm\u00e9e retraitent alors vers le pays Basque, mais de nombreuses d\u00e9faites, dont la bataille d\u2019Orthez les force \u00e0 se diriger vers Toulouse, o\u00f9 il combattra face \u00e0 l\u2019arm\u00e9e de Wellington. Suite \u00e0 l\u2019abdication de Napol\u00e9on Ier il sera fait ministre de la guerre.<\/p>\n<p align=\"justify\">Il sera ensuite consid\u00e9r\u00e9 comme un des responsables de la d\u00e9faite de Waterloo le 18 juin 1815. Il sera ensuite contraint \u00e0 l\u2019exil, puis r\u00e9habilit\u00e9 par Louis-Philippe et deviendra pr\u00e9sident du Conseil. Il sera ensuite fait Mar\u00e9chal G\u00e9n\u00e9ral de France.<\/p>\n<p align=\"justify\">Il meurt le 26 novembre 1851 apr\u00e8s avoir laiss\u00e9 des M\u00e9moires.<\/p>\n","protected":false},"excerpt":{"rendered":"<p>&nbsp; Jean-de-Dieu Soult est n\u00e9 le 29 mars 1769 \u00e0 Saint-Amans-la-Bastide, aujourd&rsquo;hui Saint-Amans-Soult dans le Tarn. Il est un homme d&rsquo;\u00c9tat et militaire fran\u00e7ais, duc de Dalmatie et mar\u00e9chal d\u2019Empire. Fils de notaire, il est promis \u00e0 une carri\u00e8re juridique. Cependant, il s\u2019engage en 1785 en tant que simple soldat dans le R\u00e9giment Royal d\u2019Infanterie. &hellip; <\/p>\n<p class=\"link-more\"><a href=\"https:\/\/blogs.univ-jfc.fr\/vphn\/soult-bataille-de-toulouse-de-1814-2020\/\" class=\"more-link\">Continuer la lecture<span class=\"screen-reader-text\"> de &laquo;&nbsp;Soult [Bataille de Toulouse de 1814, 2020]&nbsp;&raquo;<\/span><\/a><\/p>\n","protected":false},"author":565,"featured_media":0,"parent":0,"menu_order":0,"comment_status":"closed","ping_status":"closed","template":"","meta":[],"_links":{"self":[{"href":"https:\/\/blogs.univ-jfc.fr\/vphn\/wp-json\/wp\/v2\/pages\/5924"}],"collection":[{"href":"https:\/\/blogs.univ-jfc.fr\/vphn\/wp-json\/wp\/v2\/pages"}],"about":[{"href":"https:\/\/blogs.univ-jfc.fr\/vphn\/wp-json\/wp\/v2\/types\/page"}],"author":[{"embeddable":true,"href":"https:\/\/blogs.univ-jfc.fr\/vphn\/wp-json\/wp\/v2\/users\/565"}],"replies":[{"embeddable":true,"href":"https:\/\/blogs.univ-jfc.fr\/vphn\/wp-json\/wp\/v2\/comments?post=5924"}],"version-history":[{"count":2,"href":"https:\/\/blogs.univ-jfc.fr\/vphn\/wp-json\/wp\/v2\/pages\/5924\/revisions"}],"predecessor-version":[{"id":5927,"href":"https:\/\/blogs.univ-jfc.fr\/vphn\/wp-json\/wp\/v2\/pages\/5924\/revisions\/5927"}],"wp:attachment":[{"href":"https:\/\/blogs.univ-jfc.fr\/vphn\/wp-json\/wp\/v2\/media?parent=5924"}],"curies":[{"name":"wp","href":"https:\/\/api.w.org\/{rel}","templated":true}]}}