{"id":5930,"date":"2020-01-27T12:28:24","date_gmt":"2020-01-27T11:28:24","guid":{"rendered":"http:\/\/blogs.univ-jfc.fr\/vphn\/?page_id=5930"},"modified":"2020-01-27T12:36:19","modified_gmt":"2020-01-27T11:36:19","slug":"wellington-bataille-de-toulouse-de-18142020","status":"publish","type":"page","link":"https:\/\/blogs.univ-jfc.fr\/vphn\/wellington-bataille-de-toulouse-de-18142020\/","title":{"rendered":"Wellington [Bataille de Toulouse de 1814,2020]"},"content":{"rendered":"<figure id=\"attachment_5914\" aria-describedby=\"caption-attachment-5914\" style=\"width: 233px\" class=\"wp-caption aligncenter\"><img loading=\"lazy\" class=\"wp-image-5914 size-medium\" src=\"http:\/\/blogs.univ-jfc.fr\/vphn\/wp-content\/uploads\/sites\/65\/2020\/01\/Sir_Arthur_Wellesley_Duke_of_Wellington-233x300.jpg\" alt=\"\" width=\"233\" height=\"300\" srcset=\"https:\/\/blogs.univ-jfc.fr\/vphn\/wp-content\/uploads\/sites\/65\/2020\/01\/Sir_Arthur_Wellesley_Duke_of_Wellington-233x300.jpg 233w, https:\/\/blogs.univ-jfc.fr\/vphn\/wp-content\/uploads\/sites\/65\/2020\/01\/Sir_Arthur_Wellesley_Duke_of_Wellington.jpg 423w\" sizes=\"(max-width: 233px) 100vw, 233px\" \/><figcaption id=\"caption-attachment-5914\" class=\"wp-caption-text\">APSLEY HOUSE, London. \u00a0\u00bb Arthur Wellesley, First Duke of Wellington \u00a0\u00bb portrait par Sir Thomas Lawrence (1769-1830).<\/figcaption><\/figure>\n<p align=\"justify\">Arthur Wesley n\u00e9 en Irlande aux alentours du 1er mai 1769. Il est envoy\u00e9 \u00e0 l\u2019\u00e9cole militaire d\u2019Angers mais n\u2019aspire aucunement \u00e0 une carri\u00e8re militaire. Cependant il entrera dans un r\u00e9giment des Highlands.<\/p>\n<p align=\"justify\">Il combat d\u2019abord dans les Flandres en 1794, puis dirige une campagne en Inde en 1796. En 1798, son nom de naissance est chang\u00e9 en Arthur Wellesley. En 1806 il est \u00e9lu d\u00e9put\u00e9 de Rye puis nomm\u00e9 secr\u00e9taire en chef pour l\u2019Irlande. Il poursuit en m\u00eame temps sa carri\u00e8re militaire, notamment avec des campagnes au Portugal et en Espagne o\u00f9 il commande l\u2019arm\u00e9e britannique.<\/p>\n<p align=\"justify\">En 1814 il re\u00e7oit le titre de Duc de Wellington. Sa carri\u00e8re est \u00e0 son point culminant lors de la bataille de Waterloo le 18 juin 1815. Il rentre ensuite au Parlement britannique, puis le roi George IV le nomme premier ministre. Cependant sa politique ne pla\u00eet pas et il est contraint \u00e0 d\u00e9missionner en 1830. Il devient alors ministre des affaires \u00e9trang\u00e8res puis pr\u00e9sident de la chambre des Lords avant de se retirer de la vie politique en 1846.<\/p>\n<p align=\"justify\">Le Duc de Wellington meurt le 14 septembre 1852.<\/p>\n","protected":false},"excerpt":{"rendered":"<p>Arthur Wesley n\u00e9 en Irlande aux alentours du 1er mai 1769. Il est envoy\u00e9 \u00e0 l\u2019\u00e9cole militaire d\u2019Angers mais n\u2019aspire aucunement \u00e0 une carri\u00e8re militaire. Cependant il entrera dans un r\u00e9giment des Highlands. Il combat d\u2019abord dans les Flandres en 1794, puis dirige une campagne en Inde en 1796. En 1798, son nom de naissance &hellip; <\/p>\n<p class=\"link-more\"><a href=\"https:\/\/blogs.univ-jfc.fr\/vphn\/wellington-bataille-de-toulouse-de-18142020\/\" class=\"more-link\">Continuer la lecture<span class=\"screen-reader-text\"> de &laquo;&nbsp;Wellington [Bataille de Toulouse de 1814,2020]&nbsp;&raquo;<\/span><\/a><\/p>\n","protected":false},"author":565,"featured_media":0,"parent":0,"menu_order":0,"comment_status":"closed","ping_status":"closed","template":"","meta":[],"_links":{"self":[{"href":"https:\/\/blogs.univ-jfc.fr\/vphn\/wp-json\/wp\/v2\/pages\/5930"}],"collection":[{"href":"https:\/\/blogs.univ-jfc.fr\/vphn\/wp-json\/wp\/v2\/pages"}],"about":[{"href":"https:\/\/blogs.univ-jfc.fr\/vphn\/wp-json\/wp\/v2\/types\/page"}],"author":[{"embeddable":true,"href":"https:\/\/blogs.univ-jfc.fr\/vphn\/wp-json\/wp\/v2\/users\/565"}],"replies":[{"embeddable":true,"href":"https:\/\/blogs.univ-jfc.fr\/vphn\/wp-json\/wp\/v2\/comments?post=5930"}],"version-history":[{"count":2,"href":"https:\/\/blogs.univ-jfc.fr\/vphn\/wp-json\/wp\/v2\/pages\/5930\/revisions"}],"predecessor-version":[{"id":5932,"href":"https:\/\/blogs.univ-jfc.fr\/vphn\/wp-json\/wp\/v2\/pages\/5930\/revisions\/5932"}],"wp:attachment":[{"href":"https:\/\/blogs.univ-jfc.fr\/vphn\/wp-json\/wp\/v2\/media?parent=5930"}],"curies":[{"name":"wp","href":"https:\/\/api.w.org\/{rel}","templated":true}]}}