{"id":5943,"date":"2020-01-28T11:01:46","date_gmt":"2020-01-28T10:01:46","guid":{"rendered":"http:\/\/blogs.univ-jfc.fr\/vphn\/?page_id=5943"},"modified":"2020-03-06T12:42:42","modified_gmt":"2020-03-06T11:42:42","slug":"andre-pommies","status":"publish","type":"page","link":"https:\/\/blogs.univ-jfc.fr\/vphn\/histoire-locale\/le-corps-franc-pommies-la-resistance-de-larmee-2020\/andre-pommies\/","title":{"rendered":"Andr\u00e9 Pommi\u00e8s"},"content":{"rendered":"<figure id=\"attachment_6082\" aria-describedby=\"caption-attachment-6082\" style=\"width: 233px\" class=\"wp-caption aligncenter\"><img loading=\"lazy\" class=\"wp-image-6082 size-medium\" src=\"http:\/\/blogs.univ-jfc.fr\/vphn\/wp-content\/uploads\/sites\/65\/2020\/01\/corps-franc-pommies-cfp-est-un-corps-franc-pyreneen-cree-le-17-novembre-1942-par-andre-pommies-photo-dr-1572340032-233x300.jpg\" alt=\"\" width=\"233\" height=\"300\" srcset=\"https:\/\/blogs.univ-jfc.fr\/vphn\/wp-content\/uploads\/sites\/65\/2020\/01\/corps-franc-pommies-cfp-est-un-corps-franc-pyreneen-cree-le-17-novembre-1942-par-andre-pommies-photo-dr-1572340032-233x300.jpg 233w, https:\/\/blogs.univ-jfc.fr\/vphn\/wp-content\/uploads\/sites\/65\/2020\/01\/corps-franc-pommies-cfp-est-un-corps-franc-pyreneen-cree-le-17-novembre-1942-par-andre-pommies-photo-dr-1572340032-768x987.jpg 768w, https:\/\/blogs.univ-jfc.fr\/vphn\/wp-content\/uploads\/sites\/65\/2020\/01\/corps-franc-pommies-cfp-est-un-corps-franc-pyreneen-cree-le-17-novembre-1942-par-andre-pommies-photo-dr-1572340032-797x1024.jpg 797w, https:\/\/blogs.univ-jfc.fr\/vphn\/wp-content\/uploads\/sites\/65\/2020\/01\/corps-franc-pommies-cfp-est-un-corps-franc-pyreneen-cree-le-17-novembre-1942-par-andre-pommies-photo-dr-1572340032.jpg 1168w\" sizes=\"(max-width: 233px) 100vw, 233px\" \/><figcaption id=\"caption-attachment-6082\" class=\"wp-caption-text\">Portait du chef Andr\u00e9 Pommi\u00e8s (Archives CFP)<\/figcaption><\/figure>\n<p>Andr\u00e9 Pommi\u00e8s est n\u00e9 le 9 juin 1904 \u00e0 Bordeaux.<\/p>\n<p>Apr\u00e8s \u00eatre pass\u00e9 par l\u2019\u00c9cole sp\u00e9ciale militaire de Saint-Cyr et l\u2019\u00c9cole sup\u00e9rieure de guerre, il \u00e9tudie en Tch\u00e9coslovaquie jusqu&rsquo;en 1938, o\u00f9 il est spectateur malgr\u00e9 lui de l&rsquo;annexion d&rsquo;une partie du pays par l&rsquo;Allemagne.<\/p>\n<p>Rentrant en France avec le grade de capitaine, il commande le Bureau de Centralisation des Renseignements de la r\u00e9gion militaire de Lyon. Il y pratique le contre-espionnage. Mais la France est battue en juin 1940, et il est donc r\u00e9affect\u00e9 dans le Sud-Ouest, o\u00f9 il commande une compagnie au sein du 18\u00e8me R\u00e9giment d&rsquo;Infanterie. Il est aussi charg\u00e9 d\u2019officier \u201ccharg\u00e9 des men\u00e9es antinationales\u201d, ce qui lui sert de couverture pour ses activit\u00e9 de r\u00e9sistance au sein de l&rsquo;<a href=\"http:\/\/blogs.univ-jfc.fr\/vphn\/histoire-locale\/le-corps-franc-pommies-la-resistance-de-larmee-2020\/lexique\/\">Arm\u00e9e d&rsquo;Armistice<\/a>.<\/p>\n<p>Apr\u00e8s l&rsquo;invasion de la zone libre et la dissolution de l&rsquo;Arm\u00e9e d&rsquo;Armistice en novembre 1942, il entre en r\u00e9sistance \u00e0 son compte. Il cherche malgr\u00e9 tout \u00e0 s\u2019allier avec d\u2019autres mouvements de r\u00e9sistants, sans adh\u00e9rer politiquement \u00e0 l\u2019un d\u2019entre-eux. Il rejoint ainsi l\u2019<a href=\"http:\/\/blogs.univ-jfc.fr\/vphn\/histoire-locale\/le-corps-franc-pommies-la-resistance-de-larmee-2020\/lexique\/\">Organisation de R\u00e9sistance de l\u2019Arm\u00e9e<\/a> du g\u00e9n\u00e9ral Revers, regroupant des cadres de la d\u00e9funte <a href=\"http:\/\/blogs.univ-jfc.fr\/vphn\/histoire-locale\/le-corps-franc-pommies-la-resistance-de-larmee-2020\/lexique\/\">Arm\u00e9e d\u2019Armistice<\/a>. Les autres mouvements de la R\u00e9sistance sont pour\u00a0Pommi\u00e8s\u00a0trop politis\u00e9s pour garantir prioritairement la lib\u00e9ration du pays, ce qui freine l\u2019unification de la r\u00e9sistance locale.<\/p>\n<p>Les impressions diff\u00e8rent donc quant au caract\u00e8re du capitaine\u00a0Pommi\u00e8s\u00a0vis-\u00e0-vis de la politique et sont fortement\u00a0 divergentes en fonction des auteurs. Il s\u2019agit soit d\u2019un militaire patriote et ind\u00e9pendant des luttes partisanes de la R\u00e9sistance fran\u00e7aise, soit d\u2019un officier fougueux <a href=\"http:\/\/blogs.univ-jfc.fr\/vphn\/histoire-locale\/le-corps-franc-pommies-la-resistance-de-larmee-2020\/lexique\/\">vichysto-r\u00e9sistant<\/a>.<\/p>\n<p>Pendant les quatre ann\u00e9es qui s\u00e9parent l&rsquo;armistice et le d\u00e9barquement de Normandie, Andr\u00e9 Pommi\u00e8s s&rsquo;attache \u00e0 cr\u00e9er une force qui lui permet le jour venu d&rsquo;aligner une quantit\u00e9 d&rsquo;homme et de mat\u00e9riel cons\u00e9quente. Ces comp\u00e9tences militaires lui permettent cet exploit qui le d\u00e9marque ainsi des autres groupes de r\u00e9sistance. Le professionnalisme des unit\u00e9s du chef Pommi\u00e8s est confirm\u00e9 par leur int\u00e9gration dans le <a href=\"http:\/\/blogs.univ-jfc.fr\/vphn\/histoire-locale\/le-corps-franc-pommies-la-resistance-de-larmee-2020\/lexique\/\">4<\/a><a href=\"http:\/\/blogs.univ-jfc.fr\/vphn\/histoire-locale\/le-corps-franc-pommies-la-resistance-de-larmee-2020\/lexique\/\">9\u00e8me R\u00e9giment d&rsquo;Infanterie<\/a>.<\/p>\n<p>Apr\u00e8s la Seconde Guerre Mondiale, Andr\u00e9 Pommi\u00e8s termine sa carri\u00e8re militaire avec les honneurs et au grade de g\u00e9n\u00e9ral de brigade.<\/p>\n<p>Il meurt le 16 Septembre 1972 \u00e0 Arbus.<\/p>\n<p>\u00c9tudiants : DARCIAL Milo, QUINET Pierre<\/p>\n<p>&nbsp;<\/p>\n<p>&nbsp;<\/p>\n<p>&nbsp;<\/p>\n","protected":false},"excerpt":{"rendered":"<p>Andr\u00e9 Pommi\u00e8s est n\u00e9 le 9 juin 1904 \u00e0 Bordeaux. Apr\u00e8s \u00eatre pass\u00e9 par l\u2019\u00c9cole sp\u00e9ciale militaire de Saint-Cyr et l\u2019\u00c9cole sup\u00e9rieure de guerre, il \u00e9tudie en Tch\u00e9coslovaquie jusqu&rsquo;en 1938, o\u00f9 il est spectateur malgr\u00e9 lui de l&rsquo;annexion d&rsquo;une partie du pays par l&rsquo;Allemagne. Rentrant en France avec le grade de capitaine, il commande le &hellip; <\/p>\n<p class=\"link-more\"><a href=\"https:\/\/blogs.univ-jfc.fr\/vphn\/histoire-locale\/le-corps-franc-pommies-la-resistance-de-larmee-2020\/andre-pommies\/\" class=\"more-link\">Continuer la lecture<span class=\"screen-reader-text\"> de &laquo;&nbsp;Andr\u00e9 Pommi\u00e8s&nbsp;&raquo;<\/span><\/a><\/p>\n","protected":false},"author":700,"featured_media":0,"parent":5320,"menu_order":0,"comment_status":"closed","ping_status":"closed","template":"","meta":[],"_links":{"self":[{"href":"https:\/\/blogs.univ-jfc.fr\/vphn\/wp-json\/wp\/v2\/pages\/5943"}],"collection":[{"href":"https:\/\/blogs.univ-jfc.fr\/vphn\/wp-json\/wp\/v2\/pages"}],"about":[{"href":"https:\/\/blogs.univ-jfc.fr\/vphn\/wp-json\/wp\/v2\/types\/page"}],"author":[{"embeddable":true,"href":"https:\/\/blogs.univ-jfc.fr\/vphn\/wp-json\/wp\/v2\/users\/700"}],"replies":[{"embeddable":true,"href":"https:\/\/blogs.univ-jfc.fr\/vphn\/wp-json\/wp\/v2\/comments?post=5943"}],"version-history":[{"count":10,"href":"https:\/\/blogs.univ-jfc.fr\/vphn\/wp-json\/wp\/v2\/pages\/5943\/revisions"}],"predecessor-version":[{"id":7718,"href":"https:\/\/blogs.univ-jfc.fr\/vphn\/wp-json\/wp\/v2\/pages\/5943\/revisions\/7718"}],"up":[{"embeddable":true,"href":"https:\/\/blogs.univ-jfc.fr\/vphn\/wp-json\/wp\/v2\/pages\/5320"}],"wp:attachment":[{"href":"https:\/\/blogs.univ-jfc.fr\/vphn\/wp-json\/wp\/v2\/media?parent=5943"}],"curies":[{"name":"wp","href":"https:\/\/api.w.org\/{rel}","templated":true}]}}