{"id":6023,"date":"2020-01-30T11:34:47","date_gmt":"2020-01-30T10:34:47","guid":{"rendered":"http:\/\/blogs.univ-jfc.fr\/vphn\/?page_id=6023"},"modified":"2020-05-19T18:06:56","modified_gmt":"2020-05-19T16:06:56","slug":"la-fondation-de-cordes-sur-ciel-2020","status":"publish","type":"page","link":"https:\/\/blogs.univ-jfc.fr\/vphn\/patrimoine-et-sites-remarquables\/la-fondation-de-cordes-sur-ciel-2020\/","title":{"rendered":"La fondation de Cordes-sur-Ciel [2020]"},"content":{"rendered":"<p style=\"text-align: justify\"><a href=\"http:\/\/www.cordessurciel.fr\/en\/\"><strong>Cordes-sur-Ciel<\/strong><\/a> a \u00e9t\u00e9 fond\u00e9e en 1222 par le comte de Toulouse Raymond VII.<\/p>\n<figure id=\"attachment_6203\" aria-describedby=\"caption-attachment-6203\" style=\"width: 260px\" class=\"wp-caption alignleft\"><img loading=\"lazy\" class=\" wp-image-6203\" src=\"http:\/\/blogs.univ-jfc.fr\/vphn\/wp-content\/uploads\/sites\/65\/2020\/01\/cordes-sommet-est-1cbp-1024x681-300x200.jpg\" alt=\"\" width=\"260\" height=\"173\" srcset=\"https:\/\/blogs.univ-jfc.fr\/vphn\/wp-content\/uploads\/sites\/65\/2020\/01\/cordes-sommet-est-1cbp-1024x681-300x200.jpg 300w, https:\/\/blogs.univ-jfc.fr\/vphn\/wp-content\/uploads\/sites\/65\/2020\/01\/cordes-sommet-est-1cbp-1024x681.jpg 571w\" sizes=\"(max-width: 260px) 100vw, 260px\" \/><figcaption id=\"caption-attachment-6203\" class=\"wp-caption-text\">Le village de Cordes-sur-ciel, sur le puech du Mordagne. Source : site officiel de Cordes-sur-ciel<\/figcaption><\/figure>\n<p align=\"justify\">Elle se trouve sur un emplacement o\u00f9 aucune ville n\u2019avait encore \u00e9t\u00e9 construite auparavant : le puech de Mordagne. C&rsquo;est donc une ville nouvelle, c\u2019est-\u00e0-dire qu&rsquo;elle na\u00eet d\u2019une volont\u00e9 politique et qu&rsquo;elle se situe sur un emplacement peu, voire pas habit\u00e9 du tout.<\/p>\n<p style=\"text-align: left\"><strong>Le contexte de fondation de Cordes-sur-Ciel<br \/>\n<\/strong><\/p>\n<p align=\"justify\">La fondation de Cordes appara\u00eet dans un contexte troubl\u00e9, celui de la croisade contre les Albigeois, une dissidence du mouvement cathare. Pr\u00f4nant le retour aux \u00e9vangiles, ils refusent l&rsquo;autorit\u00e9 eccl\u00e9siastique et d\u00e9p\u00e9nalisent le rapport \u00e0 l&rsquo;argent, ce qui explique que les \u00e9lites urbaines soient les plus touch\u00e9es par cette h\u00e9r\u00e9sie. L\u2019\u00c9glise craint donc que son autorit\u00e9 spirituelle ne soit remise en cause. En 1208, Innocent III appelle \u00e0 la croisade contre les h\u00e9r\u00e9tiques, suite au meurtre de son l\u00e9gat. Cependant, en usant de diplomatie, Raymond VI, comte de Toulouse, va dans un premier temps, rediriger la croisade des \u00abBarons\u00bb vers les terres de son vassal et adversaire, Raimond-Roger de Trencavel. B\u00e9ziers tombe et est pill\u00e9e par les crois\u00e9s en 1209. Par crainte des crois\u00e9s, les villes d\u2019Albi et de Castres se rallient \u00e0 la croisade. En 1211, Raymond VI est \u00e0 nouveau excommuni\u00e9. Puis en 1213, la bataille de Muret, opposant le Roi d\u2019Aragon et Raymond VI aux crois\u00e9s, se solde par une d\u00e9b\u00e2cle totale des coalis\u00e9s. Cela entra\u00eene la prise de Toulouse, et le 30 novembre 1215, Raymond VI est d\u00e9pos\u00e9.\u00a0En 1226, une nouvelle croisade est d\u00e9cid\u00e9e, les albigeois s&rsquo;y rallient. Le roi de France intervient, et cela devient une affaire territoriale suite \u00e0 la capitulation d&rsquo;Amaury de Montfort, ayant abandonn\u00e9 au roi ses droits sur le Languedoc. Ainsi, d\u00e8s 1227, la plupart des villes du comt\u00e9 de Toulouse se sont soumises au roi, except\u00e9e Toulouse qui cherche \u00e0 conserver un avantage \u00e9conomique : les franchises. Le Tarn passe sous domination directe du roi de France, et perd son ind\u00e9pendance.<\/p>\n<p style=\"text-align: left\"><strong>Raymond VII, comte de Toulouse, et la fondation de Cordes-sur-Ciel<br \/>\n<\/strong><\/p>\n<p align=\"justify\">Raymond VII, seconde son p\u00e8re Raymond VI, pendant la lutte contre les crois\u00e9s \u00e0 Toulouse et lui succ\u00e8de en 1222. Il devient alors \u00e0 son tour comte. La m\u00eame ann\u00e9e, il fonde Cordes, accompagn\u00e9 de Sicard Alaman, son homme de confiance et conseiller g\u00e9n\u00e9ral. De plus, durant de cette p\u00e9riode, des tensions apparaissent entre Raymond VII et Louis IX. Ce conflit aboutit \u00e0 la signature du Trait\u00e9 de Meaux en 1229, qui montre la capitulation de Raymond VII face au roi de France. Ainsi, Raymond VII doit jurer fid\u00e9lit\u00e9 au roi, et lui faire de nombreuses concessions, comme la cession de territoires.<\/p>\n<figure id=\"attachment_7515\" aria-describedby=\"caption-attachment-7515\" style=\"width: 169px\" class=\"wp-caption alignright\"><img loading=\"lazy\" class=\"wp-image-7515 \" src=\"http:\/\/blogs.univ-jfc.fr\/vphn\/wp-content\/uploads\/sites\/65\/2020\/01\/69EDT_AA2_charteCordes-187x300.jpg\" alt=\"\" width=\"169\" height=\"271\" srcset=\"https:\/\/blogs.univ-jfc.fr\/vphn\/wp-content\/uploads\/sites\/65\/2020\/01\/69EDT_AA2_charteCordes-187x300.jpg 187w, https:\/\/blogs.univ-jfc.fr\/vphn\/wp-content\/uploads\/sites\/65\/2020\/01\/69EDT_AA2_charteCordes.jpg 212w\" sizes=\"(max-width: 169px) 100vw, 169px\" \/><figcaption id=\"caption-attachment-7515\" class=\"wp-caption-text\">Chartes des coutumes de Cordes-sur-ciel, \u00e9crite le 4\/11\/1222. Source : Archives d\u00e9partemental du Tarn<\/figcaption><\/figure>\n<p align=\"justify\">La construction du village de Cordes \u00e9tait d&rsquo;abord un enjeu strat\u00e9gique pour Raymond VII. En effet, cette ville neuve est \u00e9difi\u00e9e en altitude sur le \u00ab puech \u00bb de Mordagne, \u00e0 la jonction du Quercy, de l&rsquo;albigeois et du Rouergue. C&rsquo;est donc un carrefour d\u2019une grande importance \u00e0 \u00e9gale distance de Gaillac et Najac, et d\u2019Albi et Saint-Antonin. De plus, Cordes est ce que l&rsquo;on appelle un \u00ab castrum \u00bb, c\u2019est-\u00e0-dire, une construction situ\u00e9e sur une motte de terre visant \u00e0 prot\u00e9ger des territoires. Elle devient donc un nouveau chef-lieu militaire et administratif du comt\u00e9. Cordes conna\u00eet aussi, d\u00e8s sa fondation, un essor \u00e9conomique important, gr\u00e2ce \u00e0 son commerce florissant. Sa population se constitue donc principalement de tisserands et de cordonniers d\u00e8s le XIIIe si\u00e8cle. Le village poss\u00e8de une charte de coutumes, constitu\u00e9e de 12 articles traitant du commerce et de la justice par exemple. Ainsi, l&rsquo;objectif du comte par la fondation de Cordes est multiple, il souhaite contr\u00f4ler et valoriser l\u2019\u00e9conomie du territoire, mais aussi r\u00e9\u00e9difier une place forte et d\u00e9placer le si\u00e8ge du pouvoir de Saint-Marcel, d\u00e9truite, \u00e0 Cordes.<\/p>\n<p style=\"text-align: left\"><strong>L&rsquo;architecture de Cordes, t\u00e9moin de sa puissance<br \/>\n<\/strong><\/p>\n<p align=\"justify\">La ville de Cordes-sur-Ciel se voit doter de nombreux \u00e9l\u00e9ments architecturaux qui mettent en valeur sa puissance.\u00a0En effet, Cordes \u00e9tant un fort villageois, elle se d\u00e9finit comme une ville d\u00e9fensive. Elle compte<a href=\"https:\/\/fr.wikipedia.org\/wiki\/Remparts_de_Cordes-sur-Ciel\"> cinq enceintes concentriques<\/a>, les premi\u00e8res construites sous Raymond VII,\u00a0 qui devaient prot\u00e9ger la population de 5000 habitants, des attaques ennemies.\u00a0De plus, l\u2019architecture unique de Cordes est un t\u00e9moin de la richesse qu\u2019elle a connu pendant son \u00e2ge d\u2019or. En effet, gr\u00e2ce au d\u00e9veloppement du commerce et de l\u2019artisanat, de nombreuses familles ont pu prosp\u00e9rer, et construire des demeures qui t\u00e9moignent de leur puissance\u00a0et de leur influence.<\/p>\n<figure id=\"attachment_7194\" aria-describedby=\"caption-attachment-7194\" style=\"width: 218px\" class=\"wp-caption alignright\"><img loading=\"lazy\" class=\"wp-image-7194\" src=\"http:\/\/blogs.univ-jfc.fr\/vphn\/wp-content\/uploads\/sites\/65\/2020\/01\/t\u00e9l\u00e9chargement-1.jpg\" alt=\"\" width=\"218\" height=\"164\" \/><figcaption id=\"caption-attachment-7194\" class=\"wp-caption-text\">La maison du Grand veneur \u00e0 Cordes-sur-Ciel. Source : Photographie personnelle<\/figcaption><\/figure>\n<p align=\"justify\">Elles sont compos\u00e9es d\u2019une cour int\u00e9rieure, de fa\u00e7ade de pierre et d\u2019un riche d\u00e9cor, \u00e9l\u00e9ment ostentatoire de leur richesse. On retrouve ces \u00e9l\u00e9ments dans une maison, celle du <em><span style=\"font-family: Calibri, sans-serif\">Grand veneur<\/span><\/em>, construite vers 1291. De style gothique, compos\u00e9e d\u2019un rez-de-chauss\u00e9e o\u00f9 se trouvait la boutique et de trois \u00e9tages, sa fa\u00e7ade est constitu\u00e9e de sculptures qui repr\u00e9sentent des sc\u00e8nes de chasse.<\/p>\n<p style=\"text-align: left\">Pour aller plus loin : <a href=\"http:\/\/blogs.univ-jfc.fr\/vphn\/patrimoine-et-sites-remarquables\/la-fondation-de-cordes-sur-ciel-2020\/bibliographie-la-fondation-de-cordes-sur-ciel-2020\/\">Bibliographie<\/a><\/p>\n<p style=\"text-align: left\">Lehy Madeline (L2), Gaillardin Julie (L2), Farenc L\u00e9o (L1), Valles-Parlangeau Gauthier (L1)<\/p>\n","protected":false},"excerpt":{"rendered":"<p>Cordes-sur-Ciel a \u00e9t\u00e9 fond\u00e9e en 1222 par le comte de Toulouse Raymond VII. Elle se trouve sur un emplacement o\u00f9 aucune ville n\u2019avait encore \u00e9t\u00e9 construite auparavant : le puech de Mordagne. C&rsquo;est donc une ville nouvelle, c\u2019est-\u00e0-dire qu&rsquo;elle na\u00eet d\u2019une volont\u00e9 politique et qu&rsquo;elle se situe sur un emplacement peu, voire pas habit\u00e9 du &hellip; <\/p>\n<p class=\"link-more\"><a href=\"https:\/\/blogs.univ-jfc.fr\/vphn\/patrimoine-et-sites-remarquables\/la-fondation-de-cordes-sur-ciel-2020\/\" class=\"more-link\">Continuer la lecture<span class=\"screen-reader-text\"> de &laquo;&nbsp;La fondation de Cordes-sur-Ciel [2020]&nbsp;&raquo;<\/span><\/a><\/p>\n","protected":false},"author":573,"featured_media":0,"parent":30,"menu_order":0,"comment_status":"closed","ping_status":"closed","template":"","meta":[],"_links":{"self":[{"href":"https:\/\/blogs.univ-jfc.fr\/vphn\/wp-json\/wp\/v2\/pages\/6023"}],"collection":[{"href":"https:\/\/blogs.univ-jfc.fr\/vphn\/wp-json\/wp\/v2\/pages"}],"about":[{"href":"https:\/\/blogs.univ-jfc.fr\/vphn\/wp-json\/wp\/v2\/types\/page"}],"author":[{"embeddable":true,"href":"https:\/\/blogs.univ-jfc.fr\/vphn\/wp-json\/wp\/v2\/users\/573"}],"replies":[{"embeddable":true,"href":"https:\/\/blogs.univ-jfc.fr\/vphn\/wp-json\/wp\/v2\/comments?post=6023"}],"version-history":[{"count":28,"href":"https:\/\/blogs.univ-jfc.fr\/vphn\/wp-json\/wp\/v2\/pages\/6023\/revisions"}],"predecessor-version":[{"id":7763,"href":"https:\/\/blogs.univ-jfc.fr\/vphn\/wp-json\/wp\/v2\/pages\/6023\/revisions\/7763"}],"up":[{"embeddable":true,"href":"https:\/\/blogs.univ-jfc.fr\/vphn\/wp-json\/wp\/v2\/pages\/30"}],"wp:attachment":[{"href":"https:\/\/blogs.univ-jfc.fr\/vphn\/wp-json\/wp\/v2\/media?parent=6023"}],"curies":[{"name":"wp","href":"https:\/\/api.w.org\/{rel}","templated":true}]}}