{"id":6024,"date":"2020-01-30T11:34:43","date_gmt":"2020-01-30T10:34:43","guid":{"rendered":"http:\/\/blogs.univ-jfc.fr\/vphn\/?page_id=6024"},"modified":"2020-05-20T11:51:29","modified_gmt":"2020-05-20T09:51:29","slug":"la-cite-de-carcassonne-2020","status":"publish","type":"page","link":"https:\/\/blogs.univ-jfc.fr\/vphn\/patrimoine-et-sites-remarquables\/la-cite-de-carcassonne-2020\/","title":{"rendered":"La cit\u00e9 de Carcassonne [2020]"},"content":{"rendered":"<h1 style=\"text-align: center\"><strong>La cit\u00e9 de Carcassonne\u00a0<\/strong><\/h1>\n<p>&nbsp;<\/p>\n<p align=\"justify\">La cit\u00e9 de Carcassonne se trouve sur une colline proche de l\u2019Aude dans la r\u00e9gion Occitanie (autrefois Languedoc). Les premiers remparts ont \u00e9t\u00e9 construits aux III<span style=\"font-weight: 400\">e<\/span><span style=\"font-weight: 400\"> et IV<\/span><span style=\"font-weight: 400\">e<\/span><span style=\"font-weight: 400\"> si\u00e8cles par les romains. Puis, les Wisigoths ont occup\u00e9 la cit\u00e9, avant d\u2019\u00eatre chass\u00e9s par Charlemagne. La cit\u00e9 a donc servi de marche entre les deux royaumes.\u00a0<\/span><\/p>\n<p><span style=\"font-weight: 400\">Comment la cit\u00e9 de Carcassonne et son architecture ont-t-elles \u00e9volu\u00e9 dans le temps ?<\/span><\/p>\n<p><strong>I. La cit\u00e9 au centre de conflits<\/strong><\/p>\n<p>A. Les conflits religieux<\/p>\n<figure id=\"attachment_6183\" aria-describedby=\"caption-attachment-6183\" style=\"width: 268px\" class=\"wp-caption alignleft\"><img loading=\"lazy\" class=\"wp-image-6183\" src=\"http:\/\/blogs.univ-jfc.fr\/vphn\/wp-content\/uploads\/sites\/65\/2020\/01\/573px-Cathars_expelled-287x300.jpg\" alt=\"\" width=\"268\" height=\"280\" srcset=\"https:\/\/blogs.univ-jfc.fr\/vphn\/wp-content\/uploads\/sites\/65\/2020\/01\/573px-Cathars_expelled-287x300.jpg 287w, https:\/\/blogs.univ-jfc.fr\/vphn\/wp-content\/uploads\/sites\/65\/2020\/01\/573px-Cathars_expelled.jpg 573w\" sizes=\"(max-width: 268px) 100vw, 268px\" \/><figcaption id=\"caption-attachment-6183\" class=\"wp-caption-text\">Expulsion des habitants de Carcassonne par les crois\u00e9s le 15 ao\u00fbt 1209. Miniature extraite d&rsquo;un manuscrit des Grandes Chroniques de France, de ma\u00eetre de Boucicaut. Source : Wikip\u00e9dia<\/figcaption><\/figure>\n<p align=\"justify\">Le catharisme appara\u00eet dans le Midi de la France entre le Xe et XIIe si\u00e8cle. C\u2019est alors qu\u2019en juillet 1209, l\u2019arm\u00e9e de la croisade tente de combattre cette nouvelle croyance. Le premier ao\u00fbt 1209, 6000 combattants sont pr\u00eats \u00e0 piller la cit\u00e9 de Carcassonne, apr\u00e8s avoir d\u00e9truit B\u00e9ziers. Le 4 ao\u00fbt, le vicomte Raymond-Roger Trencavel tente de trouver une entente entre les deux camps, mais le 15 ao\u00fbt, les crois\u00e9s prennent possession de la cit\u00e9 en y chassant les habitants, les hommes comme les femmes. Le vicomte quant \u00e0 lui sera emprisonn\u00e9 par les ennemis et meurt trois mois plus tard, le 10 novembre 1209. Carcassonne revient plus tard au fils de Raymond-Roger Trencavel. La fin de la croisade est sign\u00e9e par l\u2019accord de Meaux en 1229.<\/p>\n<p>B. Les conflits territoriaux<\/p>\n<p align=\"justify\">Carcassonne est longtemps disput\u00e9e entre le Comt\u00e9 de Toulouse et le Comt\u00e9 de Barcelone. En 1283, sous <a href=\"https:\/\/www.herodote.net\/Le_poids_ecrasant_du_pere-synthese-617.php\">Philippe III le Hardi<\/a>, les catalans tentent d\u2019acc\u00e9der \u00e0 la M\u00e9diterran\u00e9e en r\u00e9cup\u00e9rant Carcassonne, ce que le roi refuse puisque c\u2019est un lieu \u00e9conomiquement important.<\/p>\n<p align=\"justify\">Durant la guerre de Cent Ans, le 31 octobre 1355, le <a href=\"http:\/\/www.universalis-edu.com\/encyclopedie\/edouard-d-angleterre\/\">Prince Noir<\/a>, s\u2019attaque \u00e0 la cit\u00e9 de Carcassonne. Il tente en vain une attaque contre les remparts. D\u00e9pit\u00e9 par cet \u00e9chec, le Prince Noir fait raser toute la ville basse et incendie le bourg \u00e0 sa port\u00e9e.<\/p>\n<p><span style=\"font-size: 1rem\"><strong>II. La construction<\/strong><\/span><\/p>\n<p>A. La construction d\u00e9fensive<\/p>\n<figure style=\"width: 275px\" class=\"wp-caption alignright\"><img loading=\"lazy\" src=\"https:\/\/upload.wikimedia.org\/wikipedia\/commons\/thumb\/3\/34\/La_Cit%C3%A9_de_Carcassonne_%2826422085310%29.jpg\/800px-La_Cit%C3%A9_de_Carcassonne_%2826422085310%29.jpg\" alt=\"Fichier:La Cit\u00e9 de Carcassonne (26422085310).jpg\" width=\"275\" height=\"183\" \/><figcaption class=\"wp-caption-text\">Photographie des murailles de la cit\u00e9 de Carcassonne\u00a0 \u00a0 \u00a0 \u00a0 \u00a0 \u00a0 \u00a0 \u00a0 \u00a0 \u00a0 \u00a0\u00a0 \u00a0 \u00a0 \u00a0 \u00a0 \u00a0 \u00a0 \u00a0 \u00a0 \u00a0 \u00a0 \u00a0 \u00a0 \u00a0 \u00a0 \u00a0 \u00a0 \u00a0 \u00a0 \u00a0 \u00a0 Source : Wikip\u00e9dia<\/figcaption><\/figure>\n<p align=\"justify\">Carcassonne est une cit\u00e9 dot\u00e9e d&rsquo;une fortification tr\u00e8s imposante. Elle a plusieurs moyens de d\u00e9fenses comme la muraille des Wisigoths, une poterne, des tours, des meurtri\u00e8res et des m\u00e2chicoulis. Une meurtri\u00e8re est une ouverture pratiqu\u00e9e dans une muraille pour permettre l&rsquo;observation et l&rsquo;envoi de projectiles. Un m\u00e2chicoulis est un balcon au sommet des murailles ou des tours, perc\u00e9 d&rsquo;ouvertures \u00e0 sa partie inf\u00e9rieure, il permet de laisser tomber des projectiles sur l&rsquo;ennemi. La cit\u00e9 fait \u00e9galement construire une barbacane. Gr\u00e2ce \u00e0 ses moyens de protection, la cit\u00e9 de Carcassonne est relativement bien prot\u00e9g\u00e9e. Gr\u00e2ce \u00e0 ses constructions d\u00e9fensives qui sont tr\u00e8s remarquables, la cit\u00e9 de Carcassonne \u00e9tait consid\u00e9r\u00e9e\u00a0<span style=\"font-size: 1rem\">comme imprenable durant tout le Moyen Age.<\/span><\/p>\n<p><span style=\"font-weight: 400\">B. La construction religieuse<\/span><\/p>\n<p align=\"justify\">La chapelle Guillaume Radulphe, dont la construction a d\u00e9but\u00e9 en 1259 reprend les caract\u00e9ristiques du style gothique de par la pr\u00e9sence d\u2019ogives, d\u2019arcs bris\u00e9s et d\u2019un d\u00e9cor v\u00e9g\u00e9tal. La <a href=\"https:\/\/www.carcassonne.org\/article-page\/basilique-saint-nazaire\">cath\u00e9drale Saint-Nazaire<\/a>, comprend un d\u00e9cor de style \u201cgothique rayonnant\u201d gr\u00e2ce aux monstres et aux fleurs qui sont pr\u00e9sents sur les consoles des 22 statues. Ce style a servi d\u2019exemple dans l\u2019architecture Languedocienne du XIVe si\u00e8cle.<\/p>\n<p align=\"justify\">\u00a0\u00a0\u00a0\u00a0\u00a0\u00a0\u00a0 La paix des Pyr\u00e9n\u00e9es en 1659 entre le royaume de France et celui d\u2019Aragon entra\u00eene l\u2019abandon de la cit\u00e9. Avant, elle \u00e9tait la fronti\u00e8re entre ces deux royaumes. Or elle perd son usage d\u00e9fensif et devient trop petite pour la population grandissante.<\/p>\n<p><span style=\"font-weight: 400\">\u00a0\u00a0<strong>\u00a0\u00a0<\/strong><\/span><strong>III. La r\u00e9novation de la cit\u00e9 au XIXe si\u00e8cle<\/strong><\/p>\n<p>A. Une revalorisation de Carcassonne<\/p>\n<p align=\"justify\">Carcassonne a \u00e9t\u00e9 revaloris\u00e9e par un historien et un architecte, Jean-Pierre <a href=\"https:\/\/www.carcassonne.org\/article-page\/famille-cros-mayrevieille\">Cros-Mayrevieille<\/a> et Eug\u00e8ne Viollet-le-Duc. Cros-Mayrevieille d\u00e9couvre le tombeau de l\u2019\u00e9v\u00eaque Radulphe dans une des chapelles sud de la basilique Saint-Nazaire et sollicite une protection de l\u2019\u00e9difice par l\u2019\u00c9tat. Ainsi l\u2019inspecteur g\u00e9n\u00e9ral des monuments historiques, Prosper <span style=\"font-weight: 400\">M\u00e9rim\u00e9e, classe l&rsquo;ancienne cath\u00e9drale monument historique en 1840. Elle b\u00e9n\u00e9ficie des subventions de l\u2019\u00c9tat de Napol\u00e9on III afin de mener une restauration de la basilique puis de la cit\u00e9 dans sa globalit\u00e9.<\/span><\/p>\n<p>B. L\u2019\u00e9tat des lieux de l\u2019architecte<\/p>\n<p align=\"justify\">Eug\u00e8ne Viollet-Le-Duc est charg\u00e9 de faire un rapport sur la cit\u00e9 de Carcassonne. L\u2019enceinte int\u00e9rieure est en mauvais \u00e9tat et le chemin de ronde presque impraticable. Les remparts du c\u00f4t\u00e9 de la porte de l\u2019Aude sont proches de l\u2019\u00e9tat de ruine. Le clo\u00eetre de la cath\u00e9drale est red\u00e9couvert par des fouilles, ces deux \u00e9l\u00e9ments \u00e9taient contenus dans une enceinte.<\/p>\n<p>C. Une reconstruction men\u00e9e par Eug\u00e8ne Viollet-Le-Duc<\/p>\n<figure style=\"width: 255px\" class=\"wp-caption alignleft\"><img loading=\"lazy\" src=\"https:\/\/upload.wikimedia.org\/wikipedia\/commons\/thumb\/3\/35\/France_cit%C3%A9_de_carcassonne_cathedrale_gargouille.jpg\/800px-France_cit%C3%A9_de_carcassonne_cathedrale_gargouille.jpg\" alt=\"File:France cit\u00e9 de carcassonne cathedrale gargouille.jpg\" width=\"255\" height=\"191\" \/><figcaption class=\"wp-caption-text\">Gargouille de la basilique \u00a0 \u00a0 \u00a0 \u00a0 \u00a0 \u00a0 \u00a0 \u00a0 \u00a0 \u00a0 \u00a0 \u00a0 \u00a0 \u00a0 \u00a0 Source : Wikip\u00e9dia<\/figcaption><\/figure>\n<p>&nbsp;<\/p>\n<p align=\"justify\">\u00c0 partir de la r\u00e9novation en 1844, Viollet-Le-Duc et Cros-Mayrevieille se s\u00e9parent, le second quitte m\u00eame Carcassonne \u00e0 cause de diff\u00e9rends sur la fa\u00e7on de restaurer la ville. Viollet-Le-Duc<span style=\"font-weight: 400\">\u00a0s&rsquo;entoure d&rsquo;une \u00e9quipe de ma\u00e7ons, ma\u00eetres verriers, sculpteurs. Il est parfois critiqu\u00e9 pour ses r\u00e9novations puisqu&rsquo;il prend certaines libert\u00e9s avec l\u2019architecture d\u2019origine. Ainsi les gargouilles, signe embl\u00e9matique de la basilique aujourd\u2019hui sont en fait des cr\u00e9ations de l\u2019architecte qui repr\u00e9sente des animaux fantastiques.<\/span><\/p>\n<p align=\"justify\">Pour conclure, la cit\u00e9 de Carcassonne se caract\u00e9rise par ses imposantes constructions d\u00e9fensives et religieuses et ses impressionnantes fortifications. Des historiens et architectes ont compl\u00e8tement transform\u00e9s la vision de la cit\u00e9. <span style=\"font-weight: 400\">\u00a0<\/span><span style=\"font-weight: 400\">Aujourd\u2019hui, la cit\u00e9 de Carcassonne est devenue un endroit touristique. Or ce tourisme est-il vraiment une bonne chose pour la cit\u00e9, cela permet les r\u00e9novations et son entretien ? <\/span><\/p>\n<p>Dasmara Khasanbekova (L2); Romane Masclef (L2); Daphn\u00e9 Audouy (L1); Marion Brandolin (L1)<\/p>\n<p>&nbsp;<\/p>\n","protected":false},"excerpt":{"rendered":"<p>La cit\u00e9 de Carcassonne\u00a0 &nbsp; La cit\u00e9 de Carcassonne se trouve sur une colline proche de l\u2019Aude dans la r\u00e9gion Occitanie (autrefois Languedoc). Les premiers remparts ont \u00e9t\u00e9 construits aux IIIe et IVe si\u00e8cles par les romains. Puis, les Wisigoths ont occup\u00e9 la cit\u00e9, avant d\u2019\u00eatre chass\u00e9s par Charlemagne. La cit\u00e9 a donc servi de &hellip; <\/p>\n<p class=\"link-more\"><a href=\"https:\/\/blogs.univ-jfc.fr\/vphn\/patrimoine-et-sites-remarquables\/la-cite-de-carcassonne-2020\/\" class=\"more-link\">Continuer la lecture<span class=\"screen-reader-text\"> de &laquo;&nbsp;La cit\u00e9 de Carcassonne [2020]&nbsp;&raquo;<\/span><\/a><\/p>\n","protected":false},"author":731,"featured_media":0,"parent":30,"menu_order":0,"comment_status":"closed","ping_status":"closed","template":"","meta":[],"_links":{"self":[{"href":"https:\/\/blogs.univ-jfc.fr\/vphn\/wp-json\/wp\/v2\/pages\/6024"}],"collection":[{"href":"https:\/\/blogs.univ-jfc.fr\/vphn\/wp-json\/wp\/v2\/pages"}],"about":[{"href":"https:\/\/blogs.univ-jfc.fr\/vphn\/wp-json\/wp\/v2\/types\/page"}],"author":[{"embeddable":true,"href":"https:\/\/blogs.univ-jfc.fr\/vphn\/wp-json\/wp\/v2\/users\/731"}],"replies":[{"embeddable":true,"href":"https:\/\/blogs.univ-jfc.fr\/vphn\/wp-json\/wp\/v2\/comments?post=6024"}],"version-history":[{"count":9,"href":"https:\/\/blogs.univ-jfc.fr\/vphn\/wp-json\/wp\/v2\/pages\/6024\/revisions"}],"predecessor-version":[{"id":7782,"href":"https:\/\/blogs.univ-jfc.fr\/vphn\/wp-json\/wp\/v2\/pages\/6024\/revisions\/7782"}],"up":[{"embeddable":true,"href":"https:\/\/blogs.univ-jfc.fr\/vphn\/wp-json\/wp\/v2\/pages\/30"}],"wp:attachment":[{"href":"https:\/\/blogs.univ-jfc.fr\/vphn\/wp-json\/wp\/v2\/media?parent=6024"}],"curies":[{"name":"wp","href":"https:\/\/api.w.org\/{rel}","templated":true}]}}