{"id":6030,"date":"2020-01-30T11:34:44","date_gmt":"2020-01-30T10:34:44","guid":{"rendered":"http:\/\/blogs.univ-jfc.fr\/vphn\/?page_id=6030"},"modified":"2020-05-20T17:22:49","modified_gmt":"2020-05-20T15:22:49","slug":"les-hospitaliers-a-la-couvertoirade-2020","status":"publish","type":"page","link":"https:\/\/blogs.univ-jfc.fr\/vphn\/histoire-locale\/les-hospitaliers-a-la-couvertoirade-2020\/","title":{"rendered":"Les Hospitaliers \u00e0 La Couvertoirade [2020]"},"content":{"rendered":"<p style=\"text-align: center\"><em>Les Hospitaliers : d\u00e9finition et contexte<\/em><\/p>\n<p>&nbsp;<\/p>\n<p align=\"justify\">Au XIe si\u00e8cle, la chr\u00e9tient\u00e9 occidentale rev\u00eat les nouvelles armes d&rsquo;une spiritualit\u00e9 militaire, qui christianise les images et les usages guerriers de l&rsquo;ancienne chevalerie du si\u00e8cle pour faire du service arm\u00e9 \u00e0 la cause de Dieu et \u00e0 la d\u00e9fense de l\u2019\u00c9glise un moyen l\u00e9gitime de sanctification. Les Hospitaliers de l&rsquo;Ordre de Saint-Jean de J\u00e9rusalem trouveraient leur origine de la fin du XIe si\u00e8cle \u00e0 J\u00e9rusalem, en Terre Sainte (territoire sacr\u00e9 pour le christianisme o\u00f9 aurait v\u00e9cu le Christ, qui correspondrait \u00e0 peu pr\u00e8s aujourd&rsquo;hui \u00e0 Isra\u00ebl).<\/p>\n<p align=\"justify\">Il s&rsquo;agit d&rsquo;un ordre religieux chr\u00e9tien hospitalier et militaire dont leur objectif \u00e9tait d&rsquo;accueillir, de d\u00e9fendre et de soigner les p\u00e8lerins dans des hospices (\u00e9tablissement religieux qui accueille et donne l&rsquo;hospitalit\u00e9 aux p\u00e8lerins et aux voyageurs). L&rsquo;ordre a \u00e9t\u00e9 cr\u00e9\u00e9 par Fr\u00e8re G\u00e9rard. Apr\u00e8s la Premi\u00e8re croisade (1096-1099), l&rsquo;hospice de Fr\u00e8re G\u00e9rard devint autonome vis-\u00e0-vis des couvents B\u00e9n\u00e9dictins. Il obtint cette autonomie en 1113 par le biais du Pape Pascal II. Peu \u00e0 peu, ils s&rsquo;occupent de garder certaines forteresses dans le royaume de J\u00e9rusalem. En cons\u00e9quence, ils d\u00e9veloppent une arm\u00e9e puissante. En 1182, ils re\u00e7oivent le statut d&rsquo;ordre militaire. De J\u00e9rusalem, ils sont contraints de se d\u00e9placer \u00e0 Saint-Jean d&rsquo;Acre. En 1291, ils s&rsquo;installent \u00e0 Chypre, puis \u00e0 Rhodes et Malte. L&rsquo;ordre dispara\u00eet au d\u00e9but du XIXe si\u00e8cle.<\/p>\n<p align=\"justify\">Les Hospitaliers avaient une place et un statut particulier en France. Lorsque l&rsquo;ordre hospitalier f\u00fbt cr\u00e9\u00e9, les premiers Hospitaliers venaient souvent du sud de la France. L&rsquo;H\u00f4pital avait un besoin vital du soutien des \u00c9tats occidentaux, dont la France, o\u00f9 l&rsquo;ordre acquiert de vastes domaines et de nombreux privil\u00e8ges. Les domaines servent \u00e0 g\u00e9rer leurs biens, de recruter et former leurs membres.<\/p>\n<p align=\"justify\">Ainsi, sont \u00e9tablies des commanderies (\u00e9tablissement foncier appartenant \u00e0 un ordre religieux et militaire), probablement inspir\u00e9es du mod\u00e8le des prieur\u00e9s monastiques (maison qui dirige les commanderies de sa r\u00e9gion formant une organisation administrative) . Avant 1312, tous les domaines Hospitaliers sont regroup\u00e9s au sein du prieur\u00e9 de France. Apr\u00e8s la dissolution de l&rsquo;Ordre du Temple, les prieur\u00e9s sont divis\u00e9s en trois : le prieur\u00e9 de France, d&rsquo;Aquitaine et de Champagne. La plupart des ma\u00eetres (\u00ab\u00a0chefs\u00a0\u00bb des Hospitaliers) \u00e9taient d&rsquo;origine fran\u00e7aise.<\/p>\n<p align=\"justify\">Il ne faut pas confondre l&rsquo;ordre Templier et l&rsquo;ordre Hospitalier. En effet, il y a des diff\u00e9rences importantes qu&rsquo;il faut notifier. Tout d&rsquo;abord, l&rsquo;ordre Templier \u00e9tait exclusivement guerrier, contrairement aux Hospitaliers qui soignaient les p\u00e8lerins. Au niveau de la r\u00e8gle, les Hospitaliers s&rsquo;appuient sur la r\u00e8gle de Saint-Augustin et de Saint-Beno\u00eet, alors que les Templiers s&rsquo;appuient seulement sur la r\u00e8gle de Saint-Beno\u00eet. Au niveau de la hi\u00e9rarchie, l&rsquo;Ordre de Saint-Jean de J\u00e9rusalem est organis\u00e9 de mani\u00e8re plus fonctionnelle, alors que l&rsquo;organisation des Templiers est plus sociale.<\/p>\n<p style=\"text-align: center\"><em>Les Hospitaliers dans la r\u00e9gion occitane<\/em><\/p>\n<p align=\"justify\">L&rsquo;exemple le plus notable de la pr\u00e9sence des Hospitaliers en Occitanie est la commune du <a href=\"https:\/\/www.mairie-le-burgaud.fr\/fr\/index.html\">Burgaud<\/a>, qui est situ\u00e9 dans le d\u00e9partement de la Haute-Garonne. Ce fut une commanderie des Hospitaliers \u00e0 partir de 1214, apr\u00e8s le don du seigneur Bertrand de Cobirac \u00e0 l&rsquo;ordre. Il y avait une maison forte appartenant au commandeur. Chaque ann\u00e9e, les habitants du village d\u00e9signaient quatre consuls pour les repr\u00e9senter aupr\u00e8s du commandeur. Au Burgaud, comme dans d&rsquo;autres commanderies hospitali\u00e8res, le village ne d\u00e9pend que de l&rsquo;ordre, ce qui provoqua des conflits nombreux avec l&rsquo;administration royale. Apr\u00e8s leur d\u00e9part en 1798, les Hospitaliers ont laiss\u00e9 une importante trace de leur passage : l&rsquo;\u00e9glise construite au XIIIe ou XIVe si\u00e8cle.<\/p>\n<p align=\"justify\">Nous nous rapprochons de la cit\u00e9 de La Couvertoirade en parlant des cit\u00e9s du Larzac (le sud de l&rsquo;Aveyron). En effet, dans cette r\u00e9gion, les Hospitaliers ont \u00e9t\u00e9 les continuateurs des Templiers. Ces derniers ont laiss\u00e9 une plus grande trace, notamment dans le domaine de l&rsquo;architecture civile et plus particuli\u00e8rement dans le domaine que l&rsquo;on appelle aujourd&rsquo;hui le \u00ab\u00a0g\u00e9nie rural\u00a0\u00bb. Les Hospitaliers r\u00e9cup\u00e9r\u00e8rent toutes les commanderies des Templiers en 1312, lorsque Philippe IV le Bel d\u00e9clara cet ordre h\u00e9r\u00e9tique et qu&rsquo;il fut aboli. Sur le Larzac, les Hospitaliers perp\u00e9tu\u00e8rent leur \u0153uvre\u00a0 jusqu&rsquo;\u00e0 la R\u00e9volution fran\u00e7aise de 1789.<\/p>\n<p style=\"text-align: center\"><span style=\"font-family: Times New Roman, serif\">\u00a0<\/span><em>La Couvertoirade<\/em><\/p>\n<p align=\"justify\">Parlons maintenant de La Couvertoirade, et d&rsquo;abord une br\u00e8ve histoire de ce village au Moyen-\u00c2ge. La premi\u00e8re mention du village appara\u00eet au XIe si\u00e8cle sous le nom de <strong>Cubertoirata<\/strong>. D\u00e8s la deuxi\u00e8me moiti\u00e9 du XIIe si\u00e8cle, les Templiers sont pr\u00e9sents. Leur arriv\u00e9e en ce lieu est due \u00e0 la pr\u00e9sence de terres cultivables, d&rsquo;eau pour les hommes comme pour les b\u00eates. Le village se d\u00e9veloppe au pied de l&rsquo;\u00e9glise et du ch\u00e2teau voisin, d&rsquo;un rocher convenant \u00e0 la construction d&rsquo;un ch\u00e2teau et d&rsquo;une draille venant du Languedoc pour la transhumance. Les Hospitaliers avaient comme t\u00e2che de prot\u00e9ger la ville. Ils s\u2019occupaient aussi de l\u2019administration du village. En 1328, il y a 135 feux dans la commanderie (entre 540 et 600 habitants). C&rsquo;est durant\u00a0 la deuxi\u00e8me moiti\u00e9 de la guerre de Cent Ans que le commandeur de Sainte-Eulalie d\u00e9cide de faire fortifier tous les villages de la commanderie. Les murailles enserrant le village sont construites en quatre ann\u00e9es seulement, de 1439 \u00e0 1442.<\/p>\n<figure id=\"attachment_6901\" aria-describedby=\"caption-attachment-6901\" style=\"width: 299px\" class=\"wp-caption alignnone\"><img loading=\"lazy\" class=\"wp-image-6901\" src=\"http:\/\/blogs.univ-jfc.fr\/vphn\/wp-content\/uploads\/sites\/65\/2020\/01\/nvellephotovueduciellacouvertoiradeenaveyronservicetourismeetpatrimoine-300x192.jpg\" alt=\"\" width=\"299\" height=\"191\" srcset=\"https:\/\/blogs.univ-jfc.fr\/vphn\/wp-content\/uploads\/sites\/65\/2020\/01\/nvellephotovueduciellacouvertoiradeenaveyronservicetourismeetpatrimoine-300x192.jpg 300w, https:\/\/blogs.univ-jfc.fr\/vphn\/wp-content\/uploads\/sites\/65\/2020\/01\/nvellephotovueduciellacouvertoiradeenaveyronservicetourismeetpatrimoine.jpg 593w\" sizes=\"(max-width: 299px) 100vw, 299px\" \/><figcaption id=\"caption-attachment-6901\" class=\"wp-caption-text\">La Couvertoirade vue du ciel. Source : triplancar.com<\/figcaption><\/figure>\n<p align=\"justify\">Voyons maintenant quelles sont les traces de la pr\u00e9sence des Hospitaliers dans le village. Lorsque l&rsquo;ordre Templier est dissous (au concile de Vienne en 1312), ceux-ci sont emprisonn\u00e9s au ch\u00e2teau de Najac. Les Hospitaliers deviennent alors les nouveaux ma\u00eetres de La Couvertoirade cette m\u00eame ann\u00e9e. Il est d\u00e9cid\u00e9 rapidement de construire la grande muraille qui entoure encore aujourd&rsquo;hui le village. Ils restent dans le village jusqu&rsquo;\u00e0 ce qu&rsquo;ils soient appel\u00e9s \u00e0 la d\u00e9fense de Rhodes. Ils ont entrepris plusieurs constructions comme l&rsquo;\u00e9glise, l&rsquo;enceinte fortifi\u00e9e avec les tours, les portes et murailles, un four banal. Ils ont aussi rajout\u00e9 sur le ch\u00e2teau (construit par les Templiers) une tour suppl\u00e9mentaire jouxtant le donjon (dont il ne reste aujourd&rsquo;hui que des ruines).<\/p>\n<p align=\"justify\">La place faite aux Hospitaliers aujourd&rsquo;hui au sein de la cit\u00e9 est importante. Ils ont une place dans le tourisme et ils sont reconnus dans le patrimoine de l&rsquo;Occitanie. Mais une question m\u00e9riterait d&rsquo;\u00eatre pos\u00e9e : Pourquoi les Templiers ont laiss\u00e9 une plus grande trace dans la m\u00e9moire collective, en France et \u00e0 La Couvertoirade\u00a0?<\/p>\n<p>&nbsp;<\/p>\n<p>&nbsp;<\/p>\n<p>R\u00e9alis\u00e9 par Ryan DJERMINE (L2) et Rahamaniat CHABABI (L1)<\/p>\n","protected":false},"excerpt":{"rendered":"<p>Les Hospitaliers : d\u00e9finition et contexte &nbsp; Au XIe si\u00e8cle, la chr\u00e9tient\u00e9 occidentale rev\u00eat les nouvelles armes d&rsquo;une spiritualit\u00e9 militaire, qui christianise les images et les usages guerriers de l&rsquo;ancienne chevalerie du si\u00e8cle pour faire du service arm\u00e9 \u00e0 la cause de Dieu et \u00e0 la d\u00e9fense de l\u2019\u00c9glise un moyen l\u00e9gitime de sanctification. Les &hellip; <\/p>\n<p class=\"link-more\"><a href=\"https:\/\/blogs.univ-jfc.fr\/vphn\/histoire-locale\/les-hospitaliers-a-la-couvertoirade-2020\/\" class=\"more-link\">Continuer la lecture<span class=\"screen-reader-text\"> de &laquo;&nbsp;Les Hospitaliers \u00e0 La Couvertoirade [2020]&nbsp;&raquo;<\/span><\/a><\/p>\n","protected":false},"author":568,"featured_media":0,"parent":1173,"menu_order":0,"comment_status":"closed","ping_status":"closed","template":"","meta":[],"_links":{"self":[{"href":"https:\/\/blogs.univ-jfc.fr\/vphn\/wp-json\/wp\/v2\/pages\/6030"}],"collection":[{"href":"https:\/\/blogs.univ-jfc.fr\/vphn\/wp-json\/wp\/v2\/pages"}],"about":[{"href":"https:\/\/blogs.univ-jfc.fr\/vphn\/wp-json\/wp\/v2\/types\/page"}],"author":[{"embeddable":true,"href":"https:\/\/blogs.univ-jfc.fr\/vphn\/wp-json\/wp\/v2\/users\/568"}],"replies":[{"embeddable":true,"href":"https:\/\/blogs.univ-jfc.fr\/vphn\/wp-json\/wp\/v2\/comments?post=6030"}],"version-history":[{"count":25,"href":"https:\/\/blogs.univ-jfc.fr\/vphn\/wp-json\/wp\/v2\/pages\/6030\/revisions"}],"predecessor-version":[{"id":7817,"href":"https:\/\/blogs.univ-jfc.fr\/vphn\/wp-json\/wp\/v2\/pages\/6030\/revisions\/7817"}],"up":[{"embeddable":true,"href":"https:\/\/blogs.univ-jfc.fr\/vphn\/wp-json\/wp\/v2\/pages\/1173"}],"wp:attachment":[{"href":"https:\/\/blogs.univ-jfc.fr\/vphn\/wp-json\/wp\/v2\/media?parent=6030"}],"curies":[{"name":"wp","href":"https:\/\/api.w.org\/{rel}","templated":true}]}}