{"id":6057,"date":"2020-02-10T16:31:38","date_gmt":"2020-02-10T15:31:38","guid":{"rendered":"http:\/\/blogs.univ-jfc.fr\/vphn\/?page_id=6057"},"modified":"2020-03-06T16:50:37","modified_gmt":"2020-03-06T15:50:37","slug":"grottes-et-cavernes-magdaleniennes-des-pyrenees-ariegeoises-2","status":"publish","type":"page","link":"https:\/\/blogs.univ-jfc.fr\/vphn\/grottes-et-cavernes-magdaleniennes-des-pyrenees-ariegeoises-2\/","title":{"rendered":"Grottes et cavernes magdal\u00e9niennes des Pyr\u00e9n\u00e9es-Ari\u00e9geoises"},"content":{"rendered":"<h1 style=\"text-align: center\"><strong><span style=\"text-decoration: underline\">Les techniques utilis\u00e9es<\/span><\/strong><\/h1>\n<p>Il\u00a0faut savoir que les Magdal\u00e9niens ma\u00eetrisaient l\u2019\u00e9clairage car se d\u00e9placer dans des galeries sans lumi\u00e8re restait tr\u00e8s compliqu\u00e9. Par exemple, dans le r\u00e9seau Clastres, ce sont des charbons de pin sylvestre qui ont \u00e9t\u00e9 utilis\u00e9s pour confectionner des torches \u00e0 une \u00e9poque ant\u00e9rieure \u00e0 celle des Magdal\u00e9niens.<\/p>\n<p>Ce qui nous montre bien que les hommes arrivaient \u00e0 ma\u00eetriser cette technique d\u2019\u00e9clairage bien avant les Magdal\u00e9niens. Nous savons que les torches \u00e0 charbon \u00e9taient \u00e9galement utilis\u00e9es \u00e0 Niaux durant l\u2019\u00e9poque magdal\u00e9nienne car le charbon est un composite que nous retrouvons dans certaines peintures. Ils utilisaient aussi des lampes \u00e0 graisse tr\u00e8s r\u00e9pandues dans de nombreux sites comme par exemple les grottes de Labastide en Hautes-Pyr\u00e9n\u00e9es ou encore celle du Mas d\u2019Azil en Ari\u00e8ge.Pour confectionner ces lampes ils utilisaient de l\u2019huile ou de la graisse qu\u2019ils allumaient gr\u00e2ce \u00e0 de la mousse d\u2019\u00e9corce ou du lichen.<\/p>\n<p>En ce qui concerne les outils li\u00e9s \u00e0 la chasse, les Magdal\u00e9niens utilisaient des sagaies, des baguettes demi-rondes, des propulseurs et des b\u00e2tons perfor\u00e9s. Pour la sagaie, il s\u2019agit de pointes en pierres rattach\u00e9es \u00e0 des bois de renne, les baguettes demi-rondes quant \u00e0 elles sont \u00e9galement des bois de renne refendus dans le sens de la longueur.<\/p>\n<p>Cet outil s\u2019apparente de pr\u00e8s \u00e0 la sagaie et donc servait pour la chasse. Quant aux b\u00e2tons perfor\u00e9s, il s\u2019agit \u00e9galement de bois de renne perfor\u00e9s \u00e0 leurs extr\u00e9mit\u00e9s dans le but de redresser les sagaies car les bois de renne se recourbent avec le temps. Quant au dernier outil, le propulseur, les Magdal\u00e9niens ont beaucoup utilis\u00e9 ce dernier. Le propulseur est compl\u00e9mentaire de la sagaie puisqu\u2019il agit comme un bras de levier et permettait de d\u00e9cupler la puissance du lancer. Cette arme correspond \u00e0 l\u2019anc\u00eatre de l\u2019arc.<\/p>\n<p>Enfin, le harpon \u00e9tait \u00e9galement tr\u00e8s utilis\u00e9 mais n\u2019appara\u00eet que pendant le Magdal\u00e9nien moyen. Ces harpons sont aussi construits \u00e0 base de bois de renne et ils \u00e9taient attach\u00e9s \u00e0 des hampes en bois. Ils \u00e9taient beaucoup utilis\u00e9s pour la p\u00eache qui devenait abondante \u00e0 l\u2019\u00e9poque magdal\u00e9nienne.<\/p>\n<figure id=\"attachment_6475\" aria-describedby=\"caption-attachment-6475\" style=\"width: 226px\" class=\"wp-caption alignleft\"><img loading=\"lazy\" class=\"wp-image-6475 \" src=\"http:\/\/blogs.univ-jfc.fr\/vphn\/wp-content\/uploads\/sites\/65\/2020\/02\/04-512584-248x300.jpg\" alt=\"\" width=\"226\" height=\"273\" srcset=\"https:\/\/blogs.univ-jfc.fr\/vphn\/wp-content\/uploads\/sites\/65\/2020\/02\/04-512584-248x300.jpg 248w, https:\/\/blogs.univ-jfc.fr\/vphn\/wp-content\/uploads\/sites\/65\/2020\/02\/04-512584-768x931.jpg 768w, https:\/\/blogs.univ-jfc.fr\/vphn\/wp-content\/uploads\/sites\/65\/2020\/02\/04-512584-845x1024.jpg 845w\" sizes=\"(max-width: 226px) 100vw, 226px\" \/><figcaption id=\"caption-attachment-6475\" class=\"wp-caption-text\">Pointes de sagaie<br \/> http:\/\/www.sculpture.prehistoire.culture.fr\/fr\/contenu\/la-vie-il-y-15-000-ans.html#-temps-et-espace<\/figcaption><\/figure>\n<figure id=\"attachment_6474\" aria-describedby=\"caption-attachment-6474\" style=\"width: 300px\" class=\"wp-caption alignright\"><img loading=\"lazy\" class=\"wp-image-6474 size-medium\" src=\"http:\/\/blogs.univ-jfc.fr\/vphn\/wp-content\/uploads\/sites\/65\/2020\/02\/propulseur-300x198.jpg\" alt=\"\" width=\"300\" height=\"198\" srcset=\"https:\/\/blogs.univ-jfc.fr\/vphn\/wp-content\/uploads\/sites\/65\/2020\/02\/propulseur-300x198.jpg 300w, https:\/\/blogs.univ-jfc.fr\/vphn\/wp-content\/uploads\/sites\/65\/2020\/02\/propulseur.jpg 316w\" sizes=\"(max-width: 300px) 100vw, 300px\" \/><figcaption id=\"caption-attachment-6474\" class=\"wp-caption-text\">Propulseur<br \/> http:\/\/www.sculpture.prehistoire.culture.fr\/fr\/contenu\/la-vie-il-y-15-000-ans.html#-arme<\/figcaption><\/figure>\n<p>&nbsp;<\/p>\n<p>&nbsp;<\/p>\n<p>&nbsp;<\/p>\n<p>&nbsp;<\/p>\n<p>&nbsp;<\/p>\n<p>&nbsp;<\/p>\n<figure id=\"attachment_6472\" aria-describedby=\"caption-attachment-6472\" style=\"width: 300px\" class=\"wp-caption alignright\"><img loading=\"lazy\" class=\"wp-image-6472 size-medium\" src=\"http:\/\/blogs.univ-jfc.fr\/vphn\/wp-content\/uploads\/sites\/65\/2020\/02\/lamelles-de-silex-300x200.jpg\" alt=\"\" width=\"300\" height=\"200\" srcset=\"https:\/\/blogs.univ-jfc.fr\/vphn\/wp-content\/uploads\/sites\/65\/2020\/02\/lamelles-de-silex-300x200.jpg 300w, https:\/\/blogs.univ-jfc.fr\/vphn\/wp-content\/uploads\/sites\/65\/2020\/02\/lamelles-de-silex.jpg 316w\" sizes=\"(max-width: 300px) 100vw, 300px\" \/><figcaption id=\"caption-attachment-6472\" class=\"wp-caption-text\">Lamelles de silex<br \/> http:\/\/www.sculpture.prehistoire.culture.fr\/fr\/contenu\/la-vie-il-y-15-000-ans.html#-techniques<\/figcaption><\/figure>\n<figure id=\"attachment_6471\" aria-describedby=\"caption-attachment-6471\" style=\"width: 252px\" class=\"wp-caption alignleft\"><img loading=\"lazy\" class=\" wp-image-6471\" src=\"http:\/\/blogs.univ-jfc.fr\/vphn\/wp-content\/uploads\/sites\/65\/2020\/02\/harpons-300x195.jpg\" alt=\"\" width=\"252\" height=\"164\" srcset=\"https:\/\/blogs.univ-jfc.fr\/vphn\/wp-content\/uploads\/sites\/65\/2020\/02\/harpons-300x195.jpg 300w, https:\/\/blogs.univ-jfc.fr\/vphn\/wp-content\/uploads\/sites\/65\/2020\/02\/harpons.jpg 323w\" sizes=\"(max-width: 252px) 100vw, 252px\" \/><figcaption id=\"caption-attachment-6471\" class=\"wp-caption-text\">Lames d&rsquo;harpons<br \/>http:\/\/www.sculpture.prehistoire.culture.fr\/fr\/contenu\/la-vie-il-y-15-000-ans.html#-techniques<\/figcaption><\/figure>\n<p>&nbsp;<\/p>\n<p>&nbsp;<\/p>\n<p>&nbsp;<\/p>\n<p>&nbsp;<\/p>\n<p>&nbsp;<\/p>\n<p>&nbsp;<\/p>\n<p>&nbsp;<\/p>\n<p>&nbsp;<\/p>\n<p>&nbsp;<\/p>\n<p>Pour finir, dans la confection de leurs armes, les magdal\u00e9niens utilisaient le silex qui se caract\u00e9rise dans les Pyr\u00e9n\u00e9es-Ari\u00e9geoises par ses petites dimensions, \u00e0 cause d\u2019un manque de la disponibilit\u00e9 de la mati\u00e8re premi\u00e8re.<\/p>\n<p>Ce large panel d\u2019outils et d\u2019armes nous montre que les Magdal\u00e9niens ont su s\u2019approprier des techniques sophistiqu\u00e9es de chasse et du quotidien.<\/p>\n","protected":false},"excerpt":{"rendered":"<p>Les techniques utilis\u00e9es Il\u00a0faut savoir que les Magdal\u00e9niens ma\u00eetrisaient l\u2019\u00e9clairage car se d\u00e9placer dans des galeries sans lumi\u00e8re restait tr\u00e8s compliqu\u00e9. Par exemple, dans le r\u00e9seau Clastres, ce sont des charbons de pin sylvestre qui ont \u00e9t\u00e9 utilis\u00e9s pour confectionner des torches \u00e0 une \u00e9poque ant\u00e9rieure \u00e0 celle des Magdal\u00e9niens. Ce qui nous montre bien &hellip; <\/p>\n<p class=\"link-more\"><a href=\"https:\/\/blogs.univ-jfc.fr\/vphn\/grottes-et-cavernes-magdaleniennes-des-pyrenees-ariegeoises-2\/\" class=\"more-link\">Continuer la lecture<span class=\"screen-reader-text\"> de &laquo;&nbsp;Grottes et cavernes magdal\u00e9niennes des Pyr\u00e9n\u00e9es-Ari\u00e9geoises&nbsp;&raquo;<\/span><\/a><\/p>\n","protected":false},"author":707,"featured_media":0,"parent":0,"menu_order":0,"comment_status":"closed","ping_status":"closed","template":"","meta":[],"_links":{"self":[{"href":"https:\/\/blogs.univ-jfc.fr\/vphn\/wp-json\/wp\/v2\/pages\/6057"}],"collection":[{"href":"https:\/\/blogs.univ-jfc.fr\/vphn\/wp-json\/wp\/v2\/pages"}],"about":[{"href":"https:\/\/blogs.univ-jfc.fr\/vphn\/wp-json\/wp\/v2\/types\/page"}],"author":[{"embeddable":true,"href":"https:\/\/blogs.univ-jfc.fr\/vphn\/wp-json\/wp\/v2\/users\/707"}],"replies":[{"embeddable":true,"href":"https:\/\/blogs.univ-jfc.fr\/vphn\/wp-json\/wp\/v2\/comments?post=6057"}],"version-history":[{"count":13,"href":"https:\/\/blogs.univ-jfc.fr\/vphn\/wp-json\/wp\/v2\/pages\/6057\/revisions"}],"predecessor-version":[{"id":7730,"href":"https:\/\/blogs.univ-jfc.fr\/vphn\/wp-json\/wp\/v2\/pages\/6057\/revisions\/7730"}],"wp:attachment":[{"href":"https:\/\/blogs.univ-jfc.fr\/vphn\/wp-json\/wp\/v2\/media?parent=6057"}],"curies":[{"name":"wp","href":"https:\/\/api.w.org\/{rel}","templated":true}]}}