{"id":6104,"date":"2020-02-10T16:31:08","date_gmt":"2020-02-10T15:31:08","guid":{"rendered":"http:\/\/blogs.univ-jfc.fr\/vphn\/?page_id=6104"},"modified":"2020-02-10T16:31:11","modified_gmt":"2020-02-10T15:31:11","slug":"grottes-et-cavernes-magdaleniennes-des-pyrenees-ariegeoises","status":"publish","type":"page","link":"https:\/\/blogs.univ-jfc.fr\/vphn\/grottes-et-cavernes-magdaleniennes-des-pyrenees-ariegeoises\/","title":{"rendered":"Grottes et cavernes magdal\u00e9niennes des Pyr\u00e9n\u00e9es-Ari\u00e9geoises"},"content":{"rendered":"<h1 style=\"text-align: center\"><strong><span style=\"text-decoration: underline\">OUVRAGES<\/span><\/strong><\/h1>\n<p>&nbsp;<\/p>\n<p>\u2022 BARRIERE C., <em>L\u2019art pari\u00e9tal du Ker de Massat<\/em>, Toulouse, 1990.<\/p>\n<p>\u2022 BON F., <em>Pr\u00e9histoire. La fabrique de l\u2019homme<\/em>, Paris, 2009.<\/p>\n<p>\u2022 BREUIL H., <em>400 si\u00e8cles d\u2019art pari\u00e9tal<\/em>, Paris, 1952.<\/p>\n<p>\u2022 CARALP E., <em>L\u2019art pr\u00e9historique d\u2019Ari\u00e8ge<\/em>, Foix, 1976.<\/p>\n<p>\u2022 CLOTTES J.,<em> Les cavernes de Niaux : art pr\u00e9historique en Ari\u00e8ge<\/em>, Paris, 1995.<\/p>\n<p>\u2022 CLOTTES J., <em>Voyage en pr\u00e9histoire<\/em>, Paris, 1998.<\/p>\n<p>\u2022 DEPAEPE P., <em>La France du pal\u00e9olithique<\/em>, Paris, 2009.<\/p>\n<p>\u2022 GAILLI R., <em>Ari\u00e8ge : pays des cavernes<\/em>, Loubati\u00e8re, 1986.<\/p>\n<p>\u2022 LORBLANCHET M., <em>Les grottes orn\u00e9es de la Pr\u00e9histoire. Nouveaux regards<\/em>, Paris, 1995.<\/p>\n<p>\u2022 POZZI E., <em>Les Magdal\u00e9niens : art, civilisations, modes de vie, environnements<\/em>, Grenoble, 2003.<\/p>\n<h1 style=\"text-align: center\"><\/h1>\n<h1 style=\"text-align: center\"><strong><span style=\"text-decoration: underline\">ARTICLES DE REVUE<\/span><\/strong><\/h1>\n<p>&nbsp;<\/p>\n<p>\u2022 ANDRIEUX C., \u00ab Etude du climat des cavit\u00e9s naturelles dans les roches calcaires \u00bb, dans <em>Gallia pr\u00e9histoire<\/em>, 1977, 20\/1, pp. 301-322.<\/p>\n<p>\u2022 BUISSON D., MENU M., PIN\u00c7ON G., WALTER PH., \u00ab Les objets color\u00e9s du Pal\u00e9olithique sup\u00e9rieur : cas de la grotte de La Vache (Ari\u00e8ge) \u00bb, dans <em>Bull. Soc. pr\u00e9hist. fr.<\/em>, 1989, 86\/6, pp. 183-191.<\/p>\n<p>\u2022 CHALINE J., VIALLOU D., \u00ab L\u2019art des grottes en Ari\u00e8ge Magdal\u00e9nienne. XXII suppl\u00e9ment Gallia Pr\u00e9histoire \u00bb, dans <em>Bull. Soc. pr\u00e9hist. fr. pour l\u2019\u00e9tude du quaternaire<\/em>, 1988, 25\/2\/3, p. 157.<\/p>\n<p>\u2022 CLOTTES J., MENU M., WALTER PH., \u00ab La pr\u00e9paration des peintures magdal\u00e9niennes des cavernes ari\u00e9geoises \u00bb, dans B<em>ull. Soc. pr\u00e9hist. fr.<\/em>, 1990, 87\/6, pp. 170-192.<\/p>\n<p>\u2022 DELLUC B., DELLUC G., \u00ab Art pal\u00e9olithique, saisons et climats \u00bb, dans <em>Comptes rendus Palevol<\/em>, 2006, 5\/1\/2, pp. 203-211.<\/p>\n<p>\u2022 MENU M., \u00ab L\u2019analyse de l\u2019art pr\u00e9historique \u00bb dans <em>l\u2019Anthropologie<\/em>, 2009, 113\/2\/3, pp. 547-558.<\/p>\n<p>\u2022 ROBERT E., \u00ab L\u2019utilisation des reliefs pari\u00e9taux dans la r\u00e9alisation des signes au Pal\u00e9olithique sup\u00e9rieur \u00bb, dans <em>l\u2019Anthropologie<\/em>, 2007, 111\/4, pp. 467-500.<\/p>\n<p>\u2022 STERLING K., \u00ab De la g\u00e9ographie sociale en arch\u00e9ologie pal\u00e9olithique : concepts et apports du Magdal\u00e9nien des Pyr\u00e9n\u00e9es \u00bb, dans <em>l\u2019Anthropologie<\/em>, 2016, 120\/5, pp. 441-463.<\/p>\n<p>\u2022 TABORIN Y., \u00ab Les grandes \u00e9tapes de la difficile \u00e9tude de l\u2019art pal\u00e9olithique \u00bb, dans <em>Bull. Soc. pr\u00e9hist. fr.<\/em>, 2005, 102\/4, pp. 829-834.<\/p>\n","protected":false},"excerpt":{"rendered":"<p>OUVRAGES &nbsp; \u2022 BARRIERE C., L\u2019art pari\u00e9tal du Ker de Massat, Toulouse, 1990. \u2022 BON F., Pr\u00e9histoire. La fabrique de l\u2019homme, Paris, 2009. \u2022 BREUIL H., 400 si\u00e8cles d\u2019art pari\u00e9tal, Paris, 1952. \u2022 CARALP E., L\u2019art pr\u00e9historique d\u2019Ari\u00e8ge, Foix, 1976. \u2022 CLOTTES J., Les cavernes de Niaux : art pr\u00e9historique en Ari\u00e8ge, Paris, 1995. \u2022 &hellip; <\/p>\n<p class=\"link-more\"><a href=\"https:\/\/blogs.univ-jfc.fr\/vphn\/grottes-et-cavernes-magdaleniennes-des-pyrenees-ariegeoises\/\" class=\"more-link\">Continuer la lecture<span class=\"screen-reader-text\"> de &laquo;&nbsp;Grottes et cavernes magdal\u00e9niennes des Pyr\u00e9n\u00e9es-Ari\u00e9geoises&nbsp;&raquo;<\/span><\/a><\/p>\n","protected":false},"author":707,"featured_media":0,"parent":0,"menu_order":0,"comment_status":"closed","ping_status":"closed","template":"","meta":[],"_links":{"self":[{"href":"https:\/\/blogs.univ-jfc.fr\/vphn\/wp-json\/wp\/v2\/pages\/6104"}],"collection":[{"href":"https:\/\/blogs.univ-jfc.fr\/vphn\/wp-json\/wp\/v2\/pages"}],"about":[{"href":"https:\/\/blogs.univ-jfc.fr\/vphn\/wp-json\/wp\/v2\/types\/page"}],"author":[{"embeddable":true,"href":"https:\/\/blogs.univ-jfc.fr\/vphn\/wp-json\/wp\/v2\/users\/707"}],"replies":[{"embeddable":true,"href":"https:\/\/blogs.univ-jfc.fr\/vphn\/wp-json\/wp\/v2\/comments?post=6104"}],"version-history":[{"count":8,"href":"https:\/\/blogs.univ-jfc.fr\/vphn\/wp-json\/wp\/v2\/pages\/6104\/revisions"}],"predecessor-version":[{"id":6812,"href":"https:\/\/blogs.univ-jfc.fr\/vphn\/wp-json\/wp\/v2\/pages\/6104\/revisions\/6812"}],"wp:attachment":[{"href":"https:\/\/blogs.univ-jfc.fr\/vphn\/wp-json\/wp\/v2\/media?parent=6104"}],"curies":[{"name":"wp","href":"https:\/\/api.w.org\/{rel}","templated":true}]}}