{"id":6169,"date":"2020-01-30T12:08:55","date_gmt":"2020-01-30T11:08:55","guid":{"rendered":"http:\/\/blogs.univ-jfc.fr\/vphn\/?page_id=6169"},"modified":"2020-03-04T14:39:07","modified_gmt":"2020-03-04T13:39:07","slug":"__trashed","status":"publish","type":"page","link":"https:\/\/blogs.univ-jfc.fr\/vphn\/patrimoine-et-sites-remarquables\/les-hotels-particuliers-albigeois-du-xiie-siecle-a-nos-jours-2020\/__trashed\/","title":{"rendered":"Processus de fabrication des briques au XIIe si\u00e8cle"},"content":{"rendered":"<p>Avec l&rsquo;augmentation d\u00e9mographique d&rsquo;Albi, l&rsquo;argile se d\u00e9veloppe rapidement car le processus de fabrication est plus rapide et moins co\u00fbteux que l&rsquo;ancienne pierre albigeoise. Ce processus se r\u00e9alise en plusieurs \u00e9tapes :<\/p>\n<ul>\n<li>Les paysans se sp\u00e9cialisent et ils extraient l\u2019argile du Tarn.<\/li>\n<li>Apr\u00e8s un processus rapide d\u2019\u00e9miettement, la poudre est humidifi\u00e9e permettant son \u00e9lasticit\u00e9.<\/li>\n<li>Apr\u00e8s, l\u2019argile est pass\u00e9 au four : c\u2019est un processus de cuisson qui permet de durcir l\u2019argile et d\u2019en faire des briques.<\/li>\n<li>Une fois ce processus fini, l\u2019installation de ces briques est relativement facile,\u00a0cela permet de\u00a0r\u00e9aliser\u00a0des b\u00e2timents plus rapidement et de faire baisser le co\u00fbt de construction.<\/li>\n<\/ul>\n","protected":false},"excerpt":{"rendered":"<p>Avec l&rsquo;augmentation d\u00e9mographique d&rsquo;Albi, l&rsquo;argile se d\u00e9veloppe rapidement car le processus de fabrication est plus rapide et moins co\u00fbteux que l&rsquo;ancienne pierre albigeoise. Ce processus se r\u00e9alise en plusieurs \u00e9tapes : Les paysans se sp\u00e9cialisent et ils extraient l\u2019argile du Tarn. Apr\u00e8s un processus rapide d\u2019\u00e9miettement, la poudre est humidifi\u00e9e permettant son \u00e9lasticit\u00e9. Apr\u00e8s, l\u2019argile &hellip; <\/p>\n<p class=\"link-more\"><a href=\"https:\/\/blogs.univ-jfc.fr\/vphn\/patrimoine-et-sites-remarquables\/les-hotels-particuliers-albigeois-du-xiie-siecle-a-nos-jours-2020\/__trashed\/\" class=\"more-link\">Continuer la lecture<span class=\"screen-reader-text\"> de &laquo;&nbsp;Processus de fabrication des briques au XIIe si\u00e8cle&nbsp;&raquo;<\/span><\/a><\/p>\n","protected":false},"author":712,"featured_media":0,"parent":5341,"menu_order":0,"comment_status":"closed","ping_status":"closed","template":"","meta":[],"_links":{"self":[{"href":"https:\/\/blogs.univ-jfc.fr\/vphn\/wp-json\/wp\/v2\/pages\/6169"}],"collection":[{"href":"https:\/\/blogs.univ-jfc.fr\/vphn\/wp-json\/wp\/v2\/pages"}],"about":[{"href":"https:\/\/blogs.univ-jfc.fr\/vphn\/wp-json\/wp\/v2\/types\/page"}],"author":[{"embeddable":true,"href":"https:\/\/blogs.univ-jfc.fr\/vphn\/wp-json\/wp\/v2\/users\/712"}],"replies":[{"embeddable":true,"href":"https:\/\/blogs.univ-jfc.fr\/vphn\/wp-json\/wp\/v2\/comments?post=6169"}],"version-history":[{"count":3,"href":"https:\/\/blogs.univ-jfc.fr\/vphn\/wp-json\/wp\/v2\/pages\/6169\/revisions"}],"predecessor-version":[{"id":7448,"href":"https:\/\/blogs.univ-jfc.fr\/vphn\/wp-json\/wp\/v2\/pages\/6169\/revisions\/7448"}],"up":[{"embeddable":true,"href":"https:\/\/blogs.univ-jfc.fr\/vphn\/wp-json\/wp\/v2\/pages\/5341"}],"wp:attachment":[{"href":"https:\/\/blogs.univ-jfc.fr\/vphn\/wp-json\/wp\/v2\/media?parent=6169"}],"curies":[{"name":"wp","href":"https:\/\/api.w.org\/{rel}","templated":true}]}}