{"id":6219,"date":"2020-01-30T12:13:29","date_gmt":"2020-01-30T11:13:29","guid":{"rendered":"http:\/\/blogs.univ-jfc.fr\/vphn\/?page_id=6219"},"modified":"2020-02-04T09:46:52","modified_gmt":"2020-02-04T08:46:52","slug":"bibliographie-les-troubadours-en-occitanie-2020","status":"publish","type":"page","link":"https:\/\/blogs.univ-jfc.fr\/vphn\/patrimoine-immateriel\/les-troubadours-en-occitanie-2020\/bibliographie-les-troubadours-en-occitanie-2020\/","title":{"rendered":"Bibliographie : Les troubadours en Occitanie [2020]"},"content":{"rendered":"<h1>Ouvrages g\u00e9n\u00e9raux sur la France m\u00e9di\u00e9vale :<\/h1>\n<ul>\n<li>Destemberg A., Le Goff F., <em>Atlas de la France m\u00e9di\u00e9vale Hommes, pouvoirs et espaces, du Ve au XVe si\u00e8cle<\/em>, Paris, Autrement, 2017.<\/li>\n<li>Gauvard C., <em>La France au Moyen Age du Ve au XVe si\u00e8cle<\/em>, Paris, Presses Universitaires de France, 2019.<\/li>\n<\/ul>\n<h2>Ouvrage sur la civilisation \u00e0 l&rsquo;\u00e9poque m\u00e9di\u00e9vale :<\/h2>\n<ul>\n<li>Le Goff J., Bloch R., <em>La civilisation de l&rsquo;occident m\u00e9di\u00e9val<\/em>, Paris, Arthaud, 1964.<\/li>\n<\/ul>\n<h2>Ouvrages sur l&rsquo;histoire m\u00e9di\u00e9vale en Occitanie :<\/h2>\n<ul>\n<li>Dupuy A., <em>Encyclop\u00e9die Occitane<\/em>, Gen\u00e8ve, Slatkine, 1997.<\/li>\n<li>Wolff P., <em>Histoire du Languedoc<\/em>, Toulouse, Privat, 1967.<\/li>\n<\/ul>\n<h2>Ouvrages sp\u00e9cialis\u00e9s sur les troubadours :<\/h2>\n<ul>\n<li><span style=\"font-weight: 400\">Anglade J., <em>Les troubadours leurs vies, leurs \u0153uvres, leur influence<\/em>, Paris, Armand Colin, 1908.\u00a0<\/span><\/li>\n<li><span style=\"font-weight: 400\"> Baret E.,<em> Les troubadours et leur influence sur la litt\u00e9rature du Midi de l&rsquo;Europe avec des extraits et des pi\u00e8ces rares ou in\u00e9dites<\/em>, Paris, Didier et Cie, 1991.<\/span><\/li>\n<li><span style=\"font-weight: 400\"> Brunel-Lobrichon G., Duhamel-Amado C., <em>Au Temps Des Troubadours XIIe-XIIIe Si\u00e8cles<\/em>, Paris, Hachette, 1997.<\/span><\/li>\n<li>Davenson H., <em>Les Troubadours<\/em>, Paris, Le Seuil, 1961.<\/li>\n<li><span style=\"font-weight: 400\"> Hoepffner E., <em>Les troubadours dans leur vie et dans leurs \u0153uvres<\/em>, Paris, Armand Colin, 1955.\u00a0<\/span><\/li>\n<li><span style=\"font-weight: 400\"> Luquet-Juillet J., <em>Occitanie terre de fatalit\u00e9 : fondements de l&rsquo;Occitanie<\/em>, <em>Tome 3 Troubadours et spiritualit\u00e9<\/em>, Paris, Dervy, 2000.\u00a0<\/span><\/li>\n<li><span style=\"font-weight: 400\"> Marrou H-I., <em>Les troubadours<\/em>, Paris, E\u0301ditions du Seuil, 1971.<\/span><\/li>\n<li>Paterson L-M., Chaleil M., Gouiran G., Martel P., <em>Le monde des troubadours la soci\u00e9t\u00e9 m\u00e9di\u00e9vale occitane De 1100 \u00e0 1300<\/em>, Montpellier, Les presses du Languedoc, 1999.<\/li>\n<li>Zink M., <em>Les troubadours une histoire po\u00e9tique<\/em>, Paris, Perrin, 2017.<\/li>\n<\/ul>\n<h2>Articles sur l&rsquo;art des troubadours :<\/h2>\n<ul>\n<li>Billy D., \u00ab L&rsquo;art des troubadours con\u00e7u comme un artisanat \u00bb, dans <em>Langue fran\u00e7aise<\/em>, Vol. 99, N\u00b01, 1993, p. 5-25.<\/li>\n<li>Jeanroy A., \u00ab La langue des troubadours \u00bb, dans <em>Comptes rendus des s\u00e9ances de l&rsquo;Acad\u00e9mie des Inscriptions et Belles-Lettres<\/em>, Vol. 78, N\u00b01, 1934, p. 75-76.<\/li>\n<li>Lacroix D.-W., \u00ab\u00a0L\u2019autorit\u00e9 moral des troubadours dans la culture m\u00e9di\u00e9vale occitane\u00a0\u00bb, dans <em>Au temps de la Croisade. Soci\u00e9t\u00e9s et pouvoirs en Languedoc au XIIIe si\u00e8cle<\/em>, Actes des conf\u00e9rences et tables rondes tenues dans l\u2019Aude, 3 avril &#8211; 20 octobre 2009, Carcassonne, 2010, p. 85-92.<\/li>\n<li>Paterson L., \u00ab\u00a0Une culture du verbe\u00a0: \u00e9loquence et traditions \u00a0\u00bb jongleuresques \u00a0\u00bb chez les troubadours\u00a0\u00bb, dans <em>Au temps de la Croisade. Soci\u00e9t\u00e9s et pouvoirs en Languedoc au XIIIe si\u00e8cle<\/em>. Actes des conf\u00e9rences et tables rondes tenues dans l\u2019Aude, 3 avril &#8211; 20 octobre 2009. Carcassonne, 2010, p. 107-116.<\/li>\n<\/ul>\n<h2>Zoom sur quelques troubadours :<\/h2>\n<p>Ouvrage :<\/p>\n<ul>\n<li>Gourc J., Ravier X., Zink M., <em>La vie et l\u2019\u0153uvre d&rsquo;Azemar Lo Negre : Troubadour albigeois du XIIIe Si\u00e8cle<\/em>, Paris, E\u0301dition Critique, 1986.<\/li>\n<\/ul>\n<p>Articles :<\/p>\n<ul>\n<li>Brunel C., \u00ab Sur l&rsquo;identit\u00e9 de quelques troubadours \u00bb, dans <em>Annales du Midi<\/em>, Vol. 66, N\u00b027, 1954, p. 243-254.<\/li>\n<li>Causse-Sigg M.-F., \u00ab Bernat, le troubadour d&rsquo;Auriac en Rouergue \u00bb, dans Lauriere R., Lancon P., Labbe M., <em>Etudes Aveyronnaises, Recueil des travaux de la soci\u00e9t\u00e9 des Lettres, Sciences et Arts de l&rsquo;Aveyron<\/em>, 2001, p. 77-96.<\/li>\n<li>Huchet J-C., \u00ab Les femmes troubadours ou la voix critique \u00bb, dans <em>Litt\u00e9rature<\/em>, Vol. 51, N\u00b03, 1983, p. 59-90.<\/li>\n<li>Laux C., \u00ab Les troubadours dans l&rsquo;Albigeois \u00bb, dans <em>Revue du Tarn<\/em>, Vol. 106, 1982.<\/li>\n<\/ul>\n","protected":false},"excerpt":{"rendered":"<p>Ouvrages g\u00e9n\u00e9raux sur la France m\u00e9di\u00e9vale : Destemberg A., Le Goff F., Atlas de la France m\u00e9di\u00e9vale Hommes, pouvoirs et espaces, du Ve au XVe si\u00e8cle, Paris, Autrement, 2017. Gauvard C., La France au Moyen Age du Ve au XVe si\u00e8cle, Paris, Presses Universitaires de France, 2019. Ouvrage sur la civilisation \u00e0 l&rsquo;\u00e9poque m\u00e9di\u00e9vale : &hellip; <\/p>\n<p class=\"link-more\"><a href=\"https:\/\/blogs.univ-jfc.fr\/vphn\/patrimoine-immateriel\/les-troubadours-en-occitanie-2020\/bibliographie-les-troubadours-en-occitanie-2020\/\" class=\"more-link\">Continuer la lecture<span class=\"screen-reader-text\"> de &laquo;&nbsp;Bibliographie : Les troubadours en Occitanie [2020]&nbsp;&raquo;<\/span><\/a><\/p>\n","protected":false},"author":730,"featured_media":0,"parent":6026,"menu_order":0,"comment_status":"closed","ping_status":"closed","template":"","meta":[],"_links":{"self":[{"href":"https:\/\/blogs.univ-jfc.fr\/vphn\/wp-json\/wp\/v2\/pages\/6219"}],"collection":[{"href":"https:\/\/blogs.univ-jfc.fr\/vphn\/wp-json\/wp\/v2\/pages"}],"about":[{"href":"https:\/\/blogs.univ-jfc.fr\/vphn\/wp-json\/wp\/v2\/types\/page"}],"author":[{"embeddable":true,"href":"https:\/\/blogs.univ-jfc.fr\/vphn\/wp-json\/wp\/v2\/users\/730"}],"replies":[{"embeddable":true,"href":"https:\/\/blogs.univ-jfc.fr\/vphn\/wp-json\/wp\/v2\/comments?post=6219"}],"version-history":[{"count":11,"href":"https:\/\/blogs.univ-jfc.fr\/vphn\/wp-json\/wp\/v2\/pages\/6219\/revisions"}],"predecessor-version":[{"id":6297,"href":"https:\/\/blogs.univ-jfc.fr\/vphn\/wp-json\/wp\/v2\/pages\/6219\/revisions\/6297"}],"up":[{"embeddable":true,"href":"https:\/\/blogs.univ-jfc.fr\/vphn\/wp-json\/wp\/v2\/pages\/6026"}],"wp:attachment":[{"href":"https:\/\/blogs.univ-jfc.fr\/vphn\/wp-json\/wp\/v2\/media?parent=6219"}],"curies":[{"name":"wp","href":"https:\/\/api.w.org\/{rel}","templated":true}]}}